{"id":7491,"date":"2020-03-24T09:20:02","date_gmt":"2020-03-24T09:20:02","guid":{"rendered":"https:\/\/pornmate.com\/?page_id=7491"},"modified":"2020-03-24T09:20:02","modified_gmt":"2020-03-24T09:20:02","slug":"keezmovies","status":"publish","type":"page","link":"https:\/\/pornmate.com\/de\/keezmovies","title":{"rendered":"Keezmovies"},"content":{"rendered":"<p>Keezmovies ist eine dieser Blowjob-Pornoseiten, die die G\u00f6ttin in ihrer Einfachheit ist. Das Projekt dieser Seite f\u00fcr Erwachsene ist auf alles andere als das Wesentliche reduziert. Der minimalistische Pfad bietet Benutzern eine angenehme, schnelle und schmerzlose Erfahrung, wenn Pornos belagert werden.<br \/>\nDas erste Ziel sind reservierte Inhalte, die am beliebtesten sind. Sie k\u00f6nnen einige angesagte Pornostars und einen Namen kennen, den Sie nicht sehen und den Sie bald sch\u00e4tzen werden. Nat\u00fcrlich bietet Keezmovies.com auch eine Gruppe der beliebtesten Pornostars wie Aletta Ocean, Dani Daniels und Mia Malkova.<br \/>\nAbgesehen von Pornostars k\u00f6nnen Sie sich jetzt auch die hei\u00dfesten Videos ansehen, und wenn Sie ein bestimmtes M\u00e4dchen oder eine bestimmte Kategorie ben\u00f6tigen, sind viele davon verlinkt, und es gibt auch eine Leiste f\u00fcr andere informierte Verbraucher. Die Website geh\u00f6rt zu einem gr\u00f6\u00dferen \u00e4hnlichen Netzwerk wie SpankWire, ExtremeTube oder Mofosex, daher k\u00f6nnen Sie sowohl die Menge als auch das Ausma\u00df vorhersehen.<\/p>\n","protected":false},"excerpt":{"rendered":"<p>Keezmovies ist eine dieser Blowjob-Pornoseiten, die die G\u00f6ttin in ihrer Einfachheit ist. Das Projekt dieser Seite f\u00fcr Erwachsene ist auf alles andere als das Wesentliche reduziert. Der minimalistische Pfad bietet Benutzern eine angenehme, schnelle und schmerzlose Erfahrung, wenn Pornos belagert werden. Das erste Ziel sind reservierte Inhalte, die am beliebtesten sind. Sie k\u00f6nnen einige angesagte [&hellip;]<\/p>\n","protected":false},"author":1,"featured_media":0,"parent":0,"menu_order":0,"comment_status":"closed","ping_status":"closed","template":"page-star-stil.php","meta":{"footnotes":""},"class_list":["post-7491","page","type-page","status-publish","hentry"],"yoast_head":"<!-- This site is optimized with the Yoast SEO plugin v27.2 - https:\/\/yoast.com\/product\/yoast-seo-wordpress\/ -->\n<title>Keezmovies und Liste der besten Pornoseiten | PornMate<\/title>\n<meta name=\"description\" content=\"Keezmovies ist eine dieser Blowjob-Pornoseiten, die die G\u00f6ttin in ihrer Einfachheit ist. Das Projekt dieser Seite f\u00fcr Erwachsene ist auf alles andere als das Wesentliche reduziert.\" \/>\n<meta name=\"robots\" content=\"index, follow, max-snippet:-1, max-image-preview:large, max-video-preview:-1\" \/>\n<link rel=\"canonical\" href=\"https:\/\/pornmate.com\/de\/keezmovies\" \/>\n<meta property=\"og:locale\" content=\"de_DE\" \/>\n<meta property=\"og:type\" content=\"article\" \/>\n<meta property=\"og:title\" content=\"Keezmovies und Liste der besten Pornoseiten | PornMate\" \/>\n<meta property=\"og:description\" content=\"Keezmovies ist eine dieser Blowjob-Pornoseiten, die die G\u00f6ttin in ihrer Einfachheit ist. Das Projekt dieser Seite f\u00fcr Erwachsene ist auf alles andere als das Wesentliche reduziert.\" \/>\n<meta property=\"og:url\" content=\"https:\/\/pornmate.com\/de\/keezmovies\" \/>\n<meta property=\"og:site_name\" content=\"Besten Pornoseiten - Kostenlose Deutsche Pornos | PornMate.com\" \/>\n<meta name=\"twitter:card\" content=\"summary_large_image\" \/>\n<meta name=\"twitter:label1\" content=\"Gesch\u00e4tzte Lesezeit\" \/>\n\t<meta name=\"twitter:data1\" content=\"1\u00a0Minute\" \/>\n<script type=\"application\/ld+json\" class=\"yoast-schema-graph\">{\"@context\":\"https:\/\/schema.org\",\"@graph\":[{\"@type\":\"WebPage\",\"@id\":\"https:\/\/pornmate.com\/de\/keezmovies\",\"url\":\"https:\/\/pornmate.com\/de\/keezmovies\",\"name\":\"Keezmovies und Liste der besten Pornoseiten | PornMate\",\"isPartOf\":{\"@id\":\"https:\/\/pornmate.com\/de\/#website\"},\"datePublished\":\"2020-03-24T09:20:02+00:00\",\"description\":\"Keezmovies ist eine dieser Blowjob-Pornoseiten, die die G\u00f6ttin in ihrer Einfachheit ist. Das Projekt dieser Seite f\u00fcr Erwachsene ist auf alles andere als das Wesentliche reduziert.\",\"breadcrumb\":{\"@id\":\"https:\/\/pornmate.com\/de\/keezmovies#breadcrumb\"},\"inLanguage\":\"de\",\"potentialAction\":[{\"@type\":\"ReadAction\",\"target\":[\"https:\/\/pornmate.com\/de\/keezmovies\"]}]},{\"@type\":\"BreadcrumbList\",\"@id\":\"https:\/\/pornmate.com\/de\/keezmovies#breadcrumb\",\"itemListElement\":[{\"@type\":\"ListItem\",\"position\":1,\"name\":\"Startseite\",\"item\":\"https:\/\/pornmate.com\/de\"},{\"@type\":\"ListItem\",\"position\":2,\"name\":\"Keezmovies\"}]},{\"@type\":\"WebSite\",\"@id\":\"https:\/\/pornmate.com\/de\/#website\",\"url\":\"https:\/\/pornmate.com\/de\/\",\"name\":\"Besten Pornoseiten - Kostenlose Deutsche Pornos | PornMate.com\",\"description\":\"Kostenlose Pornos, ist Ihr Combo-Verzeichnis der besten gratis Pornoseiten, die Sie finden k\u00f6nnen, und das fantastische Seitenbewertungen, Kostenlose Deutsche sex Biografien von Pornostars und ihre xxx Freie Porno videos unter einem Dach pr\u00e4sentiert.\",\"publisher\":{\"@id\":\"https:\/\/pornmate.com\/de\/#organization\"},\"potentialAction\":[{\"@type\":\"SearchAction\",\"target\":{\"@type\":\"EntryPoint\",\"urlTemplate\":\"https:\/\/pornmate.com\/de\/?s={search_term_string}\"},\"query-input\":{\"@type\":\"PropertyValueSpecification\",\"valueRequired\":true,\"valueName\":\"search_term_string\"}}],\"inLanguage\":\"de\"},{\"@type\":\"Organization\",\"@id\":\"https:\/\/pornmate.com\/de\/#organization\",\"name\":\"Besten Pornoseiten - Kostenlose Deutsche Pornos | PornMate.com\",\"url\":\"https:\/\/pornmate.com\/de\/\",\"logo\":{\"@type\":\"ImageObject\",\"inLanguage\":\"de\",\"@id\":\"https:\/\/pornmate.com\/de\/#\/schema\/logo\/image\/\",\"url\":\"https:\/\/pornmate.com\/de\/wp-content\/uploads\/2022\/11\/pornmate-1.png\",\"contentUrl\":\"https:\/\/pornmate.com\/de\/wp-content\/uploads\/2022\/11\/pornmate-1.png\",\"width\":203,\"height\":200,\"caption\":\"Besten Pornoseiten - Kostenlose Deutsche Pornos | PornMate.com\"},\"image\":{\"@id\":\"https:\/\/pornmate.com\/de\/#\/schema\/logo\/image\/\"}}]}<\/script>\n<!-- \/ Yoast SEO plugin. -->","yoast_head_json":{"title":"Keezmovies und Liste der besten Pornoseiten | PornMate","description":"Keezmovies ist eine dieser Blowjob-Pornoseiten, die die G\u00f6ttin in ihrer Einfachheit ist. Das Projekt dieser Seite f\u00fcr Erwachsene ist auf alles andere als das Wesentliche reduziert.","robots":{"index":"index","follow":"follow","max-snippet":"max-snippet:-1","max-image-preview":"max-image-preview:large","max-video-preview":"max-video-preview:-1"},"canonical":"https:\/\/pornmate.com\/de\/keezmovies","og_locale":"de_DE","og_type":"article","og_title":"Keezmovies und Liste der besten Pornoseiten | PornMate","og_description":"Keezmovies ist eine dieser Blowjob-Pornoseiten, die die G\u00f6ttin in ihrer Einfachheit ist. Das Projekt dieser Seite f\u00fcr Erwachsene ist auf alles andere als das Wesentliche reduziert.","og_url":"https:\/\/pornmate.com\/de\/keezmovies","og_site_name":"Besten Pornoseiten - Kostenlose Deutsche Pornos | PornMate.com","twitter_card":"summary_large_image","twitter_misc":{"Gesch\u00e4tzte Lesezeit":"1\u00a0Minute"},"schema":{"@context":"https:\/\/schema.org","@graph":[{"@type":"WebPage","@id":"https:\/\/pornmate.com\/de\/keezmovies","url":"https:\/\/pornmate.com\/de\/keezmovies","name":"Keezmovies und Liste der besten Pornoseiten | PornMate","isPartOf":{"@id":"https:\/\/pornmate.com\/de\/#website"},"datePublished":"2020-03-24T09:20:02+00:00","description":"Keezmovies ist eine dieser Blowjob-Pornoseiten, die die G\u00f6ttin in ihrer Einfachheit ist. Das Projekt dieser Seite f\u00fcr Erwachsene ist auf alles andere als das Wesentliche reduziert.","breadcrumb":{"@id":"https:\/\/pornmate.com\/de\/keezmovies#breadcrumb"},"inLanguage":"de","potentialAction":[{"@type":"ReadAction","target":["https:\/\/pornmate.com\/de\/keezmovies"]}]},{"@type":"BreadcrumbList","@id":"https:\/\/pornmate.com\/de\/keezmovies#breadcrumb","itemListElement":[{"@type":"ListItem","position":1,"name":"Startseite","item":"https:\/\/pornmate.com\/de"},{"@type":"ListItem","position":2,"name":"Keezmovies"}]},{"@type":"WebSite","@id":"https:\/\/pornmate.com\/de\/#website","url":"https:\/\/pornmate.com\/de\/","name":"Besten Pornoseiten - Kostenlose Deutsche Pornos | PornMate.com","description":"Kostenlose Pornos, ist Ihr Combo-Verzeichnis der besten gratis Pornoseiten, die Sie finden k\u00f6nnen, und das fantastische Seitenbewertungen, Kostenlose Deutsche sex Biografien von Pornostars und ihre xxx Freie Porno videos unter einem Dach pr\u00e4sentiert.","publisher":{"@id":"https:\/\/pornmate.com\/de\/#organization"},"potentialAction":[{"@type":"SearchAction","target":{"@type":"EntryPoint","urlTemplate":"https:\/\/pornmate.com\/de\/?s={search_term_string}"},"query-input":{"@type":"PropertyValueSpecification","valueRequired":true,"valueName":"search_term_string"}}],"inLanguage":"de"},{"@type":"Organization","@id":"https:\/\/pornmate.com\/de\/#organization","name":"Besten Pornoseiten - Kostenlose Deutsche Pornos | PornMate.com","url":"https:\/\/pornmate.com\/de\/","logo":{"@type":"ImageObject","inLanguage":"de","@id":"https:\/\/pornmate.com\/de\/#\/schema\/logo\/image\/","url":"https:\/\/pornmate.com\/de\/wp-content\/uploads\/2022\/11\/pornmate-1.png","contentUrl":"https:\/\/pornmate.com\/de\/wp-content\/uploads\/2022\/11\/pornmate-1.png","width":203,"height":200,"caption":"Besten Pornoseiten - Kostenlose Deutsche Pornos | PornMate.com"},"image":{"@id":"https:\/\/pornmate.com\/de\/#\/schema\/logo\/image\/"}}]}},"_links":{"self":[{"href":"https:\/\/pornmate.com\/de\/wp-json\/wp\/v2\/pages\/7491","targetHints":{"allow":["GET"]}}],"collection":[{"href":"https:\/\/pornmate.com\/de\/wp-json\/wp\/v2\/pages"}],"about":[{"href":"https:\/\/pornmate.com\/de\/wp-json\/wp\/v2\/types\/page"}],"author":[{"embeddable":true,"href":"https:\/\/pornmate.com\/de\/wp-json\/wp\/v2\/users\/1"}],"replies":[{"embeddable":true,"href":"https:\/\/pornmate.com\/de\/wp-json\/wp\/v2\/comments?post=7491"}],"version-history":[{"count":0,"href":"https:\/\/pornmate.com\/de\/wp-json\/wp\/v2\/pages\/7491\/revisions"}],"wp:attachment":[{"href":"https:\/\/pornmate.com\/de\/wp-json\/wp\/v2\/media?parent=7491"}],"curies":[{"name":"wp","href":"https:\/\/api.w.org\/{rel}","templated":true}]}}