{"id":7493,"date":"2020-03-24T09:24:47","date_gmt":"2020-03-24T09:24:47","guid":{"rendered":"https:\/\/pornmate.com\/?page_id=7493"},"modified":"2022-11-23T15:59:44","modified_gmt":"2022-11-23T14:59:44","slug":"porn300","status":"publish","type":"page","link":"https:\/\/pornmate.com\/de\/porn300","title":{"rendered":"Porn300"},"content":{"rendered":"<p>Porn300.com ist eine der kostenlosen Pornoseiten, auf denen Sie sich Pornovideos ansehen k\u00f6nnen.<br \/>\nGleichzeitig k\u00f6nnen Benutzer neben dem Betrachten von Videos ihr Konto erstellen, damit sie die Videos, die ihnen gefallen, herunterladen k\u00f6nnen, und dies folglich in zahlreichen nicht identischen Formaten.<br \/>\nF\u00fcr jedes hochgeladene Video dauert es bis zu f\u00fcnf Tage, bis es auf einer Website ver\u00f6ffentlicht wird.<br \/>\nBenutzer d\u00fcrfen Porn300-Videos auch \u00fcber Einbettungscode auf anderen Websites teilen<br \/>\nZus\u00e4tzlich zum Beobachten von Weltpornostars wie Audrey Bitoni k\u00f6nnen Sie auf dieser Website auch exklusive Pornofilme finden, die von gemacht wurden<br \/>\nNat\u00fcrlich gibt es auch zahlreiche andere Pornokategorien, \u00e4hnlich wie monumentaler Arsch, golden, br\u00fcnett, Amateurpornos, Freundin usw.<br \/>\nF\u00fcr diejenigen, die etwas Nichtidentisches bevorzugen, freuen sie sich zu sehen, dass sie dann auch schwule und transsexuelle Pornovideos erkennen k\u00f6nnen, die in entsprechenden Abschnitten zu finden sind. Das Stylische ist, dass Sie sich alle Videos v\u00f6llig kostenlos ansehen und jeden Tag zahlreiche neue Videos auf dieser Seite finden.<\/p>\n","protected":false},"excerpt":{"rendered":"<p>Porn300.com ist eine der kostenlosen Pornoseiten, auf denen Sie sich Pornovideos ansehen k\u00f6nnen. Gleichzeitig k\u00f6nnen Benutzer neben dem Betrachten von Videos ihr Konto erstellen, damit sie die Videos, die ihnen gefallen, herunterladen k\u00f6nnen, und dies folglich in zahlreichen nicht identischen Formaten. F\u00fcr jedes hochgeladene Video dauert es bis zu f\u00fcnf Tage, bis es auf einer [&hellip;]<\/p>\n","protected":false},"author":1,"featured_media":0,"parent":0,"menu_order":0,"comment_status":"closed","ping_status":"closed","template":"page-star-stil.php","meta":{"footnotes":""},"class_list":["post-7493","page","type-page","status-publish","hentry"],"yoast_head":"<!-- This site is optimized with the Yoast SEO plugin v27.4 - https:\/\/yoast.com\/product\/yoast-seo-wordpress\/ -->\n<title>Porn300 und Liste der besten Pornoseiten | PornMate<\/title>\n<meta name=\"description\" content=\"Porn300.com ist eine der kostenlosen Pornoseiten, auf denen Sie sich Pornovideos ansehen k\u00f6nnen.\" \/>\n<meta name=\"robots\" content=\"index, follow, max-snippet:-1, max-image-preview:large, max-video-preview:-1\" \/>\n<link rel=\"canonical\" href=\"https:\/\/pornmate.com\/de\/porn300\" \/>\n<meta property=\"og:locale\" content=\"de_DE\" \/>\n<meta property=\"og:type\" content=\"article\" \/>\n<meta property=\"og:title\" content=\"Porn300 und Liste der besten Pornoseiten | PornMate\" \/>\n<meta property=\"og:description\" content=\"Porn300.com ist eine der kostenlosen Pornoseiten, auf denen Sie sich Pornovideos ansehen k\u00f6nnen.\" \/>\n<meta property=\"og:url\" content=\"https:\/\/pornmate.com\/de\/porn300\" \/>\n<meta property=\"og:site_name\" content=\"Besten Pornoseiten - Kostenlose Deutsche Pornos | PornMate.com\" \/>\n<meta property=\"article:modified_time\" content=\"2022-11-23T14:59:44+00:00\" \/>\n<meta name=\"twitter:card\" content=\"summary_large_image\" \/>\n<meta name=\"twitter:label1\" content=\"Gesch\u00e4tzte Lesezeit\" \/>\n\t<meta name=\"twitter:data1\" content=\"1\u00a0Minute\" \/>\n<script type=\"application\/ld+json\" class=\"yoast-schema-graph\">{\"@context\":\"https:\\\/\\\/schema.org\",\"@graph\":[{\"@type\":\"WebPage\",\"@id\":\"https:\\\/\\\/pornmate.com\\\/de\\\/porn300\",\"url\":\"https:\\\/\\\/pornmate.com\\\/de\\\/porn300\",\"name\":\"Porn300 und Liste der besten Pornoseiten | PornMate\",\"isPartOf\":{\"@id\":\"https:\\\/\\\/pornmate.com\\\/de\\\/#website\"},\"datePublished\":\"2020-03-24T09:24:47+00:00\",\"dateModified\":\"2022-11-23T14:59:44+00:00\",\"description\":\"Porn300.com ist eine der kostenlosen Pornoseiten, auf denen Sie sich Pornovideos ansehen k\u00f6nnen.\",\"breadcrumb\":{\"@id\":\"https:\\\/\\\/pornmate.com\\\/de\\\/porn300#breadcrumb\"},\"inLanguage\":\"de\",\"potentialAction\":[{\"@type\":\"ReadAction\",\"target\":[\"https:\\\/\\\/pornmate.com\\\/de\\\/porn300\"]}]},{\"@type\":\"BreadcrumbList\",\"@id\":\"https:\\\/\\\/pornmate.com\\\/de\\\/porn300#breadcrumb\",\"itemListElement\":[{\"@type\":\"ListItem\",\"position\":1,\"name\":\"Startseite\",\"item\":\"https:\\\/\\\/pornmate.com\\\/de\"},{\"@type\":\"ListItem\",\"position\":2,\"name\":\"Porn300\"}]},{\"@type\":\"WebSite\",\"@id\":\"https:\\\/\\\/pornmate.com\\\/de\\\/#website\",\"url\":\"https:\\\/\\\/pornmate.com\\\/de\\\/\",\"name\":\"Besten Pornoseiten - Kostenlose Deutsche Pornos | PornMate.com\",\"description\":\"Kostenlose Pornos, ist Ihr Combo-Verzeichnis der besten gratis Pornoseiten, die Sie finden k\u00f6nnen, und das fantastische Seitenbewertungen, Kostenlose Deutsche sex Biografien von Pornostars und ihre xxx Freie Porno videos unter einem Dach pr\u00e4sentiert.\",\"publisher\":{\"@id\":\"https:\\\/\\\/pornmate.com\\\/de\\\/#organization\"},\"potentialAction\":[{\"@type\":\"SearchAction\",\"target\":{\"@type\":\"EntryPoint\",\"urlTemplate\":\"https:\\\/\\\/pornmate.com\\\/de\\\/?s={search_term_string}\"},\"query-input\":{\"@type\":\"PropertyValueSpecification\",\"valueRequired\":true,\"valueName\":\"search_term_string\"}}],\"inLanguage\":\"de\"},{\"@type\":\"Organization\",\"@id\":\"https:\\\/\\\/pornmate.com\\\/de\\\/#organization\",\"name\":\"Besten Pornoseiten - Kostenlose Deutsche Pornos | PornMate.com\",\"url\":\"https:\\\/\\\/pornmate.com\\\/de\\\/\",\"logo\":{\"@type\":\"ImageObject\",\"inLanguage\":\"de\",\"@id\":\"https:\\\/\\\/pornmate.com\\\/de\\\/#\\\/schema\\\/logo\\\/image\\\/\",\"url\":\"https:\\\/\\\/pornmate.com\\\/de\\\/wp-content\\\/uploads\\\/2022\\\/11\\\/pornmate-1.png\",\"contentUrl\":\"https:\\\/\\\/pornmate.com\\\/de\\\/wp-content\\\/uploads\\\/2022\\\/11\\\/pornmate-1.png\",\"width\":203,\"height\":200,\"caption\":\"Besten Pornoseiten - Kostenlose Deutsche Pornos | PornMate.com\"},\"image\":{\"@id\":\"https:\\\/\\\/pornmate.com\\\/de\\\/#\\\/schema\\\/logo\\\/image\\\/\"}}]}<\/script>\n<!-- \/ Yoast SEO plugin. -->","yoast_head_json":{"title":"Porn300 und Liste der besten Pornoseiten | PornMate","description":"Porn300.com ist eine der kostenlosen Pornoseiten, auf denen Sie sich Pornovideos ansehen k\u00f6nnen.","robots":{"index":"index","follow":"follow","max-snippet":"max-snippet:-1","max-image-preview":"max-image-preview:large","max-video-preview":"max-video-preview:-1"},"canonical":"https:\/\/pornmate.com\/de\/porn300","og_locale":"de_DE","og_type":"article","og_title":"Porn300 und Liste der besten Pornoseiten | PornMate","og_description":"Porn300.com ist eine der kostenlosen Pornoseiten, auf denen Sie sich Pornovideos ansehen k\u00f6nnen.","og_url":"https:\/\/pornmate.com\/de\/porn300","og_site_name":"Besten Pornoseiten - Kostenlose Deutsche Pornos | PornMate.com","article_modified_time":"2022-11-23T14:59:44+00:00","twitter_card":"summary_large_image","twitter_misc":{"Gesch\u00e4tzte Lesezeit":"1\u00a0Minute"},"schema":{"@context":"https:\/\/schema.org","@graph":[{"@type":"WebPage","@id":"https:\/\/pornmate.com\/de\/porn300","url":"https:\/\/pornmate.com\/de\/porn300","name":"Porn300 und Liste der besten Pornoseiten | PornMate","isPartOf":{"@id":"https:\/\/pornmate.com\/de\/#website"},"datePublished":"2020-03-24T09:24:47+00:00","dateModified":"2022-11-23T14:59:44+00:00","description":"Porn300.com ist eine der kostenlosen Pornoseiten, auf denen Sie sich Pornovideos ansehen k\u00f6nnen.","breadcrumb":{"@id":"https:\/\/pornmate.com\/de\/porn300#breadcrumb"},"inLanguage":"de","potentialAction":[{"@type":"ReadAction","target":["https:\/\/pornmate.com\/de\/porn300"]}]},{"@type":"BreadcrumbList","@id":"https:\/\/pornmate.com\/de\/porn300#breadcrumb","itemListElement":[{"@type":"ListItem","position":1,"name":"Startseite","item":"https:\/\/pornmate.com\/de"},{"@type":"ListItem","position":2,"name":"Porn300"}]},{"@type":"WebSite","@id":"https:\/\/pornmate.com\/de\/#website","url":"https:\/\/pornmate.com\/de\/","name":"Besten Pornoseiten - Kostenlose Deutsche Pornos | PornMate.com","description":"Kostenlose Pornos, ist Ihr Combo-Verzeichnis der besten gratis Pornoseiten, die Sie finden k\u00f6nnen, und das fantastische Seitenbewertungen, Kostenlose Deutsche sex Biografien von Pornostars und ihre xxx Freie Porno videos unter einem Dach pr\u00e4sentiert.","publisher":{"@id":"https:\/\/pornmate.com\/de\/#organization"},"potentialAction":[{"@type":"SearchAction","target":{"@type":"EntryPoint","urlTemplate":"https:\/\/pornmate.com\/de\/?s={search_term_string}"},"query-input":{"@type":"PropertyValueSpecification","valueRequired":true,"valueName":"search_term_string"}}],"inLanguage":"de"},{"@type":"Organization","@id":"https:\/\/pornmate.com\/de\/#organization","name":"Besten Pornoseiten - Kostenlose Deutsche Pornos | PornMate.com","url":"https:\/\/pornmate.com\/de\/","logo":{"@type":"ImageObject","inLanguage":"de","@id":"https:\/\/pornmate.com\/de\/#\/schema\/logo\/image\/","url":"https:\/\/pornmate.com\/de\/wp-content\/uploads\/2022\/11\/pornmate-1.png","contentUrl":"https:\/\/pornmate.com\/de\/wp-content\/uploads\/2022\/11\/pornmate-1.png","width":203,"height":200,"caption":"Besten Pornoseiten - Kostenlose Deutsche Pornos | PornMate.com"},"image":{"@id":"https:\/\/pornmate.com\/de\/#\/schema\/logo\/image\/"}}]}},"_links":{"self":[{"href":"https:\/\/pornmate.com\/de\/wp-json\/wp\/v2\/pages\/7493","targetHints":{"allow":["GET"]}}],"collection":[{"href":"https:\/\/pornmate.com\/de\/wp-json\/wp\/v2\/pages"}],"about":[{"href":"https:\/\/pornmate.com\/de\/wp-json\/wp\/v2\/types\/page"}],"author":[{"embeddable":true,"href":"https:\/\/pornmate.com\/de\/wp-json\/wp\/v2\/users\/1"}],"replies":[{"embeddable":true,"href":"https:\/\/pornmate.com\/de\/wp-json\/wp\/v2\/comments?post=7493"}],"version-history":[{"count":0,"href":"https:\/\/pornmate.com\/de\/wp-json\/wp\/v2\/pages\/7493\/revisions"}],"wp:attachment":[{"href":"https:\/\/pornmate.com\/de\/wp-json\/wp\/v2\/media?parent=7493"}],"curies":[{"name":"wp","href":"https:\/\/api.w.org\/{rel}","templated":true}]}}