{"id":7495,"date":"2020-03-24T09:27:09","date_gmt":"2020-03-24T09:27:09","guid":{"rendered":"https:\/\/pornmate.com\/?page_id=7495"},"modified":"2022-11-29T14:35:54","modified_gmt":"2022-11-29T13:35:54","slug":"porndoe","status":"publish","type":"page","link":"https:\/\/pornmate.com\/de\/porndoe","title":{"rendered":"PornDoe"},"content":{"rendered":"<p>Porndoe.com ist die beste unter den kostenlosen Porno-Tube-Sites, auf denen Sie fantastische Pornovideos in High Definition mit \u00fcber hunderttausend Inhalten ansehen und herunterladen k\u00f6nnen. und die Tatsache, dass die Videos in 65 verschiedene Kategorien unterteilt sind, bedeutet, dass jeder etwas nach seinem Geschmack finden kann. Sie k\u00f6nnen ganz einfach nach Ihrem eigenen Geschmack und Ihren Vorlieben suchen. PornDoe ist die praktische Navigationsleiste und das fortschrittliche Suchsystem, die diese Website benutzerfreundlich machen und es den Besuchern leicht machen, den gew\u00fcnschten Inhalt in der riesigen Sammlung von Clips zu finden. Die Registerkarte M\u00e4dchen oben auf der ersten Seite ist ein eingegrenzter Suchbereich, in dem Sie die beliebtesten weiblichen Pornostars der Zuschauer finden k\u00f6nnen. Leah Gotti, Little Caprice und Aletta Ocean sind nur einige von ihnen. Die besten Filme aller Zeiten usw. Wie auf jeder Film-Streaming-Site, die Sie finden k\u00f6nnen, finden Sie auf porndoe.com die besten Pornoclips, die je nach Meinung der Zuschauer gedreht wurden. Dar\u00fcber hinaus k\u00f6nnen Sie die meistgesehenen Pornoclips dieses Monats oder dieser Woche finden. Auf jeden Fall hat PornDoe alles, was ein echter Pornofan auf einer Pornoseite erwarten w\u00fcrde.<\/p>\n","protected":false},"excerpt":{"rendered":"<p>Porndoe.com ist die beste unter den kostenlosen Porno-Tube-Sites, auf denen Sie fantastische Pornovideos in High Definition mit \u00fcber hunderttausend Inhalten ansehen und herunterladen k\u00f6nnen. und die Tatsache, dass die Videos in 65 verschiedene Kategorien unterteilt sind, bedeutet, dass jeder etwas nach seinem Geschmack finden kann. Sie k\u00f6nnen ganz einfach nach Ihrem eigenen Geschmack und Ihren [&hellip;]<\/p>\n","protected":false},"author":1,"featured_media":0,"parent":0,"menu_order":0,"comment_status":"closed","ping_status":"closed","template":"page-star-stil.php","meta":{"footnotes":""},"class_list":["post-7495","page","type-page","status-publish","hentry"],"yoast_head":"<!-- This site is optimized with the Yoast SEO plugin v27.2 - https:\/\/yoast.com\/product\/yoast-seo-wordpress\/ -->\n<title>PornDoe Kostenlose Pornos | PornMate.com<\/title>\n<meta name=\"description\" content=\"HQPorner.com ist die beste unter den kostenlosen Porno-Tube-Sites, auf denen Sie fantastische Pornovideos in High Definition mit \u00fcber hunderttausend Inhalten ansehen und herunterladen k\u00f6nnen. und die Tatsache,\" \/>\n<meta name=\"robots\" content=\"index, follow, max-snippet:-1, max-image-preview:large, max-video-preview:-1\" \/>\n<link rel=\"canonical\" href=\"https:\/\/pornmate.com\/de\/porndoe\" \/>\n<meta property=\"og:locale\" content=\"de_DE\" \/>\n<meta property=\"og:type\" content=\"article\" \/>\n<meta property=\"og:title\" content=\"PornDoe Kostenlose Pornos | PornMate.com\" \/>\n<meta property=\"og:description\" content=\"HQPorner.com ist die beste unter den kostenlosen Porno-Tube-Sites, auf denen Sie fantastische Pornovideos in High Definition mit \u00fcber hunderttausend Inhalten ansehen und herunterladen k\u00f6nnen. und die Tatsache,\" \/>\n<meta property=\"og:url\" content=\"https:\/\/pornmate.com\/de\/porndoe\" \/>\n<meta property=\"og:site_name\" content=\"Besten Pornoseiten - Kostenlose Deutsche Pornos | PornMate.com\" \/>\n<meta property=\"article:modified_time\" content=\"2022-11-29T13:35:54+00:00\" \/>\n<meta name=\"twitter:card\" content=\"summary_large_image\" \/>\n<meta name=\"twitter:label1\" content=\"Gesch\u00e4tzte Lesezeit\" \/>\n\t<meta name=\"twitter:data1\" content=\"2\u00a0Minuten\" \/>\n<script type=\"application\/ld+json\" class=\"yoast-schema-graph\">{\"@context\":\"https:\/\/schema.org\",\"@graph\":[{\"@type\":\"WebPage\",\"@id\":\"https:\/\/pornmate.com\/de\/porndoe\",\"url\":\"https:\/\/pornmate.com\/de\/porndoe\",\"name\":\"PornDoe Kostenlose Pornos | PornMate.com\",\"isPartOf\":{\"@id\":\"https:\/\/pornmate.com\/de\/#website\"},\"datePublished\":\"2020-03-24T09:27:09+00:00\",\"dateModified\":\"2022-11-29T13:35:54+00:00\",\"description\":\"HQPorner.com ist die beste unter den kostenlosen Porno-Tube-Sites, auf denen Sie fantastische Pornovideos in High Definition mit \u00fcber hunderttausend Inhalten ansehen und herunterladen k\u00f6nnen. und die Tatsache,\",\"breadcrumb\":{\"@id\":\"https:\/\/pornmate.com\/de\/porndoe#breadcrumb\"},\"inLanguage\":\"de\",\"potentialAction\":[{\"@type\":\"ReadAction\",\"target\":[\"https:\/\/pornmate.com\/de\/porndoe\"]}]},{\"@type\":\"BreadcrumbList\",\"@id\":\"https:\/\/pornmate.com\/de\/porndoe#breadcrumb\",\"itemListElement\":[{\"@type\":\"ListItem\",\"position\":1,\"name\":\"Startseite\",\"item\":\"https:\/\/pornmate.com\/de\"},{\"@type\":\"ListItem\",\"position\":2,\"name\":\"PornDoe\"}]},{\"@type\":\"WebSite\",\"@id\":\"https:\/\/pornmate.com\/de\/#website\",\"url\":\"https:\/\/pornmate.com\/de\/\",\"name\":\"Besten Pornoseiten - Kostenlose Deutsche Pornos | PornMate.com\",\"description\":\"Kostenlose Pornos, ist Ihr Combo-Verzeichnis der besten gratis Pornoseiten, die Sie finden k\u00f6nnen, und das fantastische Seitenbewertungen, Kostenlose Deutsche sex Biografien von Pornostars und ihre xxx Freie Porno videos unter einem Dach pr\u00e4sentiert.\",\"publisher\":{\"@id\":\"https:\/\/pornmate.com\/de\/#organization\"},\"potentialAction\":[{\"@type\":\"SearchAction\",\"target\":{\"@type\":\"EntryPoint\",\"urlTemplate\":\"https:\/\/pornmate.com\/de\/?s={search_term_string}\"},\"query-input\":{\"@type\":\"PropertyValueSpecification\",\"valueRequired\":true,\"valueName\":\"search_term_string\"}}],\"inLanguage\":\"de\"},{\"@type\":\"Organization\",\"@id\":\"https:\/\/pornmate.com\/de\/#organization\",\"name\":\"Besten Pornoseiten - Kostenlose Deutsche Pornos | PornMate.com\",\"url\":\"https:\/\/pornmate.com\/de\/\",\"logo\":{\"@type\":\"ImageObject\",\"inLanguage\":\"de\",\"@id\":\"https:\/\/pornmate.com\/de\/#\/schema\/logo\/image\/\",\"url\":\"https:\/\/pornmate.com\/de\/wp-content\/uploads\/2022\/11\/pornmate-1.png\",\"contentUrl\":\"https:\/\/pornmate.com\/de\/wp-content\/uploads\/2022\/11\/pornmate-1.png\",\"width\":203,\"height\":200,\"caption\":\"Besten Pornoseiten - Kostenlose Deutsche Pornos | PornMate.com\"},\"image\":{\"@id\":\"https:\/\/pornmate.com\/de\/#\/schema\/logo\/image\/\"}}]}<\/script>\n<!-- \/ Yoast SEO plugin. -->","yoast_head_json":{"title":"PornDoe Kostenlose Pornos | PornMate.com","description":"HQPorner.com ist die beste unter den kostenlosen Porno-Tube-Sites, auf denen Sie fantastische Pornovideos in High Definition mit \u00fcber hunderttausend Inhalten ansehen und herunterladen k\u00f6nnen. und die Tatsache,","robots":{"index":"index","follow":"follow","max-snippet":"max-snippet:-1","max-image-preview":"max-image-preview:large","max-video-preview":"max-video-preview:-1"},"canonical":"https:\/\/pornmate.com\/de\/porndoe","og_locale":"de_DE","og_type":"article","og_title":"PornDoe Kostenlose Pornos | PornMate.com","og_description":"HQPorner.com ist die beste unter den kostenlosen Porno-Tube-Sites, auf denen Sie fantastische Pornovideos in High Definition mit \u00fcber hunderttausend Inhalten ansehen und herunterladen k\u00f6nnen. und die Tatsache,","og_url":"https:\/\/pornmate.com\/de\/porndoe","og_site_name":"Besten Pornoseiten - Kostenlose Deutsche Pornos | PornMate.com","article_modified_time":"2022-11-29T13:35:54+00:00","twitter_card":"summary_large_image","twitter_misc":{"Gesch\u00e4tzte Lesezeit":"2\u00a0Minuten"},"schema":{"@context":"https:\/\/schema.org","@graph":[{"@type":"WebPage","@id":"https:\/\/pornmate.com\/de\/porndoe","url":"https:\/\/pornmate.com\/de\/porndoe","name":"PornDoe Kostenlose Pornos | PornMate.com","isPartOf":{"@id":"https:\/\/pornmate.com\/de\/#website"},"datePublished":"2020-03-24T09:27:09+00:00","dateModified":"2022-11-29T13:35:54+00:00","description":"HQPorner.com ist die beste unter den kostenlosen Porno-Tube-Sites, auf denen Sie fantastische Pornovideos in High Definition mit \u00fcber hunderttausend Inhalten ansehen und herunterladen k\u00f6nnen. und die Tatsache,","breadcrumb":{"@id":"https:\/\/pornmate.com\/de\/porndoe#breadcrumb"},"inLanguage":"de","potentialAction":[{"@type":"ReadAction","target":["https:\/\/pornmate.com\/de\/porndoe"]}]},{"@type":"BreadcrumbList","@id":"https:\/\/pornmate.com\/de\/porndoe#breadcrumb","itemListElement":[{"@type":"ListItem","position":1,"name":"Startseite","item":"https:\/\/pornmate.com\/de"},{"@type":"ListItem","position":2,"name":"PornDoe"}]},{"@type":"WebSite","@id":"https:\/\/pornmate.com\/de\/#website","url":"https:\/\/pornmate.com\/de\/","name":"Besten Pornoseiten - Kostenlose Deutsche Pornos | PornMate.com","description":"Kostenlose Pornos, ist Ihr Combo-Verzeichnis der besten gratis Pornoseiten, die Sie finden k\u00f6nnen, und das fantastische Seitenbewertungen, Kostenlose Deutsche sex Biografien von Pornostars und ihre xxx Freie Porno videos unter einem Dach pr\u00e4sentiert.","publisher":{"@id":"https:\/\/pornmate.com\/de\/#organization"},"potentialAction":[{"@type":"SearchAction","target":{"@type":"EntryPoint","urlTemplate":"https:\/\/pornmate.com\/de\/?s={search_term_string}"},"query-input":{"@type":"PropertyValueSpecification","valueRequired":true,"valueName":"search_term_string"}}],"inLanguage":"de"},{"@type":"Organization","@id":"https:\/\/pornmate.com\/de\/#organization","name":"Besten Pornoseiten - Kostenlose Deutsche Pornos | PornMate.com","url":"https:\/\/pornmate.com\/de\/","logo":{"@type":"ImageObject","inLanguage":"de","@id":"https:\/\/pornmate.com\/de\/#\/schema\/logo\/image\/","url":"https:\/\/pornmate.com\/de\/wp-content\/uploads\/2022\/11\/pornmate-1.png","contentUrl":"https:\/\/pornmate.com\/de\/wp-content\/uploads\/2022\/11\/pornmate-1.png","width":203,"height":200,"caption":"Besten Pornoseiten - Kostenlose Deutsche Pornos | PornMate.com"},"image":{"@id":"https:\/\/pornmate.com\/de\/#\/schema\/logo\/image\/"}}]}},"_links":{"self":[{"href":"https:\/\/pornmate.com\/de\/wp-json\/wp\/v2\/pages\/7495","targetHints":{"allow":["GET"]}}],"collection":[{"href":"https:\/\/pornmate.com\/de\/wp-json\/wp\/v2\/pages"}],"about":[{"href":"https:\/\/pornmate.com\/de\/wp-json\/wp\/v2\/types\/page"}],"author":[{"embeddable":true,"href":"https:\/\/pornmate.com\/de\/wp-json\/wp\/v2\/users\/1"}],"replies":[{"embeddable":true,"href":"https:\/\/pornmate.com\/de\/wp-json\/wp\/v2\/comments?post=7495"}],"version-history":[{"count":0,"href":"https:\/\/pornmate.com\/de\/wp-json\/wp\/v2\/pages\/7495\/revisions"}],"wp:attachment":[{"href":"https:\/\/pornmate.com\/de\/wp-json\/wp\/v2\/media?parent=7495"}],"curies":[{"name":"wp","href":"https:\/\/api.w.org\/{rel}","templated":true}]}}