{"id":7497,"date":"2020-03-24T09:28:49","date_gmt":"2020-03-24T09:28:49","guid":{"rendered":"https:\/\/pornmate.com\/?page_id=7497"},"modified":"2022-11-23T15:51:32","modified_gmt":"2022-11-23T14:51:32","slug":"porntrex","status":"publish","type":"page","link":"https:\/\/pornmate.com\/de\/porntrex","title":{"rendered":"Porntrex"},"content":{"rendered":"<p>PornTrex.com ist eine der stilvollsten Pornoseiten in der exklusiven Pornoindustrie.<br \/>\nAuf dieser Website d\u00fcrfen Beobachter bunte versaute Inhalte f\u00fcr Erwachsene und schelmische MILFs zeigen, wie \u00fcppige und undruckbare schelmische Teenager sich Sorgen machen, ihre Sexualit\u00e4t auf praktikable Weise auszudr\u00fccken.<br \/>\nAmateurpornos, Analsex, Blowjobs, asiatische oder schwarze Girls, Hardcore oder \u00fcppige Kopplung \u2013 was auch immer sie anmacht, PornTrex hat es. In einem Inhalt, der in 67 verschiedene Kategorien unterteilt ist, die eine Sammlung von \u00fcber.000 HD-Videos enthalten, k\u00f6nnen Sie Ihre Lieblingspornostars wie Reid, Mia Khalifa, Nadia Ali und zahlreiche weitere ansehen.<br \/>\nObwohl PornTrex viel Inhalt hat, bedeutet das nicht, dass alles, was auf dieser Seite ver\u00f6ffentlicht wird, denn dann hat Qualit\u00e4t einen Vorteil gegen\u00fcber Quantit\u00e4t.<br \/>\nAu\u00dferdem gibt es im Gegensatz zu zahlreichen anderen Websites keine kurzen Videoclips, Sie k\u00f6nnen kaum ein Video erkennen, das k\u00fcrzer als 15 Minuten ist. Alle diese Videos k\u00f6nnen kostenlos angesehen werden, und tats\u00e4chlich kostet ein Website-Mitglied niemanden.<\/p>\n","protected":false},"excerpt":{"rendered":"<p>PornTrex.com ist eine der stilvollsten Pornoseiten in der exklusiven Pornoindustrie. Auf dieser Website d\u00fcrfen Beobachter bunte versaute Inhalte f\u00fcr Erwachsene und schelmische MILFs zeigen, wie \u00fcppige und undruckbare schelmische Teenager sich Sorgen machen, ihre Sexualit\u00e4t auf praktikable Weise auszudr\u00fccken. Amateurpornos, Analsex, Blowjobs, asiatische oder schwarze Girls, Hardcore oder \u00fcppige Kopplung \u2013 was auch immer sie [&hellip;]<\/p>\n","protected":false},"author":1,"featured_media":0,"parent":0,"menu_order":0,"comment_status":"closed","ping_status":"closed","template":"page-star-stil.php","meta":{"footnotes":""},"class_list":["post-7497","page","type-page","status-publish","hentry"],"yoast_head":"<!-- This site is optimized with the Yoast SEO plugin v27.4 - https:\/\/yoast.com\/product\/yoast-seo-wordpress\/ -->\n<title>Porntrex und Liste der besten Pornoseiten | PornMate<\/title>\n<meta name=\"description\" content=\"PornTrex.com ist eine der stilvollsten Pornoseiten in der exklusiven Pornoindustrie.\" \/>\n<meta name=\"robots\" content=\"index, follow, max-snippet:-1, max-image-preview:large, max-video-preview:-1\" \/>\n<link rel=\"canonical\" href=\"https:\/\/pornmate.com\/de\/porntrex\" \/>\n<meta property=\"og:locale\" content=\"de_DE\" \/>\n<meta property=\"og:type\" content=\"article\" \/>\n<meta property=\"og:title\" content=\"Porntrex und Liste der besten Pornoseiten | PornMate\" \/>\n<meta property=\"og:description\" content=\"PornTrex.com ist eine der stilvollsten Pornoseiten in der exklusiven Pornoindustrie.\" \/>\n<meta property=\"og:url\" content=\"https:\/\/pornmate.com\/de\/porntrex\" \/>\n<meta property=\"og:site_name\" content=\"Besten Pornoseiten - Kostenlose Deutsche Pornos | PornMate.com\" \/>\n<meta property=\"article:modified_time\" content=\"2022-11-23T14:51:32+00:00\" \/>\n<meta name=\"twitter:card\" content=\"summary_large_image\" \/>\n<meta name=\"twitter:label1\" content=\"Gesch\u00e4tzte Lesezeit\" \/>\n\t<meta name=\"twitter:data1\" content=\"1\u00a0Minute\" \/>\n<script type=\"application\/ld+json\" class=\"yoast-schema-graph\">{\"@context\":\"https:\\\/\\\/schema.org\",\"@graph\":[{\"@type\":\"WebPage\",\"@id\":\"https:\\\/\\\/pornmate.com\\\/de\\\/porntrex\",\"url\":\"https:\\\/\\\/pornmate.com\\\/de\\\/porntrex\",\"name\":\"Porntrex und Liste der besten Pornoseiten | PornMate\",\"isPartOf\":{\"@id\":\"https:\\\/\\\/pornmate.com\\\/de\\\/#website\"},\"datePublished\":\"2020-03-24T09:28:49+00:00\",\"dateModified\":\"2022-11-23T14:51:32+00:00\",\"description\":\"PornTrex.com ist eine der stilvollsten Pornoseiten in der exklusiven Pornoindustrie.\",\"breadcrumb\":{\"@id\":\"https:\\\/\\\/pornmate.com\\\/de\\\/porntrex#breadcrumb\"},\"inLanguage\":\"de\",\"potentialAction\":[{\"@type\":\"ReadAction\",\"target\":[\"https:\\\/\\\/pornmate.com\\\/de\\\/porntrex\"]}]},{\"@type\":\"BreadcrumbList\",\"@id\":\"https:\\\/\\\/pornmate.com\\\/de\\\/porntrex#breadcrumb\",\"itemListElement\":[{\"@type\":\"ListItem\",\"position\":1,\"name\":\"Startseite\",\"item\":\"https:\\\/\\\/pornmate.com\\\/de\"},{\"@type\":\"ListItem\",\"position\":2,\"name\":\"Porntrex\"}]},{\"@type\":\"WebSite\",\"@id\":\"https:\\\/\\\/pornmate.com\\\/de\\\/#website\",\"url\":\"https:\\\/\\\/pornmate.com\\\/de\\\/\",\"name\":\"Besten Pornoseiten - Kostenlose Deutsche Pornos | PornMate.com\",\"description\":\"Kostenlose Pornos, ist Ihr Combo-Verzeichnis der besten gratis Pornoseiten, die Sie finden k\u00f6nnen, und das fantastische Seitenbewertungen, Kostenlose Deutsche sex Biografien von Pornostars und ihre xxx Freie Porno videos unter einem Dach pr\u00e4sentiert.\",\"publisher\":{\"@id\":\"https:\\\/\\\/pornmate.com\\\/de\\\/#organization\"},\"potentialAction\":[{\"@type\":\"SearchAction\",\"target\":{\"@type\":\"EntryPoint\",\"urlTemplate\":\"https:\\\/\\\/pornmate.com\\\/de\\\/?s={search_term_string}\"},\"query-input\":{\"@type\":\"PropertyValueSpecification\",\"valueRequired\":true,\"valueName\":\"search_term_string\"}}],\"inLanguage\":\"de\"},{\"@type\":\"Organization\",\"@id\":\"https:\\\/\\\/pornmate.com\\\/de\\\/#organization\",\"name\":\"Besten Pornoseiten - Kostenlose Deutsche Pornos | PornMate.com\",\"url\":\"https:\\\/\\\/pornmate.com\\\/de\\\/\",\"logo\":{\"@type\":\"ImageObject\",\"inLanguage\":\"de\",\"@id\":\"https:\\\/\\\/pornmate.com\\\/de\\\/#\\\/schema\\\/logo\\\/image\\\/\",\"url\":\"https:\\\/\\\/pornmate.com\\\/de\\\/wp-content\\\/uploads\\\/2022\\\/11\\\/pornmate-1.png\",\"contentUrl\":\"https:\\\/\\\/pornmate.com\\\/de\\\/wp-content\\\/uploads\\\/2022\\\/11\\\/pornmate-1.png\",\"width\":203,\"height\":200,\"caption\":\"Besten Pornoseiten - Kostenlose Deutsche Pornos | PornMate.com\"},\"image\":{\"@id\":\"https:\\\/\\\/pornmate.com\\\/de\\\/#\\\/schema\\\/logo\\\/image\\\/\"}}]}<\/script>\n<!-- \/ Yoast SEO plugin. -->","yoast_head_json":{"title":"Porntrex und Liste der besten Pornoseiten | PornMate","description":"PornTrex.com ist eine der stilvollsten Pornoseiten in der exklusiven Pornoindustrie.","robots":{"index":"index","follow":"follow","max-snippet":"max-snippet:-1","max-image-preview":"max-image-preview:large","max-video-preview":"max-video-preview:-1"},"canonical":"https:\/\/pornmate.com\/de\/porntrex","og_locale":"de_DE","og_type":"article","og_title":"Porntrex und Liste der besten Pornoseiten | PornMate","og_description":"PornTrex.com ist eine der stilvollsten Pornoseiten in der exklusiven Pornoindustrie.","og_url":"https:\/\/pornmate.com\/de\/porntrex","og_site_name":"Besten Pornoseiten - Kostenlose Deutsche Pornos | PornMate.com","article_modified_time":"2022-11-23T14:51:32+00:00","twitter_card":"summary_large_image","twitter_misc":{"Gesch\u00e4tzte Lesezeit":"1\u00a0Minute"},"schema":{"@context":"https:\/\/schema.org","@graph":[{"@type":"WebPage","@id":"https:\/\/pornmate.com\/de\/porntrex","url":"https:\/\/pornmate.com\/de\/porntrex","name":"Porntrex und Liste der besten Pornoseiten | PornMate","isPartOf":{"@id":"https:\/\/pornmate.com\/de\/#website"},"datePublished":"2020-03-24T09:28:49+00:00","dateModified":"2022-11-23T14:51:32+00:00","description":"PornTrex.com ist eine der stilvollsten Pornoseiten in der exklusiven Pornoindustrie.","breadcrumb":{"@id":"https:\/\/pornmate.com\/de\/porntrex#breadcrumb"},"inLanguage":"de","potentialAction":[{"@type":"ReadAction","target":["https:\/\/pornmate.com\/de\/porntrex"]}]},{"@type":"BreadcrumbList","@id":"https:\/\/pornmate.com\/de\/porntrex#breadcrumb","itemListElement":[{"@type":"ListItem","position":1,"name":"Startseite","item":"https:\/\/pornmate.com\/de"},{"@type":"ListItem","position":2,"name":"Porntrex"}]},{"@type":"WebSite","@id":"https:\/\/pornmate.com\/de\/#website","url":"https:\/\/pornmate.com\/de\/","name":"Besten Pornoseiten - Kostenlose Deutsche Pornos | PornMate.com","description":"Kostenlose Pornos, ist Ihr Combo-Verzeichnis der besten gratis Pornoseiten, die Sie finden k\u00f6nnen, und das fantastische Seitenbewertungen, Kostenlose Deutsche sex Biografien von Pornostars und ihre xxx Freie Porno videos unter einem Dach pr\u00e4sentiert.","publisher":{"@id":"https:\/\/pornmate.com\/de\/#organization"},"potentialAction":[{"@type":"SearchAction","target":{"@type":"EntryPoint","urlTemplate":"https:\/\/pornmate.com\/de\/?s={search_term_string}"},"query-input":{"@type":"PropertyValueSpecification","valueRequired":true,"valueName":"search_term_string"}}],"inLanguage":"de"},{"@type":"Organization","@id":"https:\/\/pornmate.com\/de\/#organization","name":"Besten Pornoseiten - Kostenlose Deutsche Pornos | PornMate.com","url":"https:\/\/pornmate.com\/de\/","logo":{"@type":"ImageObject","inLanguage":"de","@id":"https:\/\/pornmate.com\/de\/#\/schema\/logo\/image\/","url":"https:\/\/pornmate.com\/de\/wp-content\/uploads\/2022\/11\/pornmate-1.png","contentUrl":"https:\/\/pornmate.com\/de\/wp-content\/uploads\/2022\/11\/pornmate-1.png","width":203,"height":200,"caption":"Besten Pornoseiten - Kostenlose Deutsche Pornos | PornMate.com"},"image":{"@id":"https:\/\/pornmate.com\/de\/#\/schema\/logo\/image\/"}}]}},"_links":{"self":[{"href":"https:\/\/pornmate.com\/de\/wp-json\/wp\/v2\/pages\/7497","targetHints":{"allow":["GET"]}}],"collection":[{"href":"https:\/\/pornmate.com\/de\/wp-json\/wp\/v2\/pages"}],"about":[{"href":"https:\/\/pornmate.com\/de\/wp-json\/wp\/v2\/types\/page"}],"author":[{"embeddable":true,"href":"https:\/\/pornmate.com\/de\/wp-json\/wp\/v2\/users\/1"}],"replies":[{"embeddable":true,"href":"https:\/\/pornmate.com\/de\/wp-json\/wp\/v2\/comments?post=7497"}],"version-history":[{"count":0,"href":"https:\/\/pornmate.com\/de\/wp-json\/wp\/v2\/pages\/7497\/revisions"}],"wp:attachment":[{"href":"https:\/\/pornmate.com\/de\/wp-json\/wp\/v2\/media?parent=7497"}],"curies":[{"name":"wp","href":"https:\/\/api.w.org\/{rel}","templated":true}]}}