{"id":7499,"date":"2020-03-24T09:30:22","date_gmt":"2020-03-24T09:30:22","guid":{"rendered":"https:\/\/pornmate.com\/?page_id=7499"},"modified":"2022-11-23T15:48:25","modified_gmt":"2022-11-23T14:48:25","slug":"iceporn","status":"publish","type":"page","link":"https:\/\/pornmate.com\/de\/iceporn","title":{"rendered":"Iceporn"},"content":{"rendered":"<p>Auf IcePorn.com, einer kostenlosen Sex-Tube-Pornoseite f\u00fcr Erwachsene, finden Sie alle m\u00f6glichen ungezogenen und perversen Inhalte oder wenn Sie sich einfach nur zur\u00fccklehnen und genie\u00dfen m\u00f6chten, wie ein paar ungezogene Babes bei hartem Analsex in den Arsch gefickt werden, ist IcePorn der richtige Ort. Auch wenn diese Seite nur 102 verschiedene Kategorien (einschlie\u00dflich heterosexueller Videos!) beherbergt Die besten Pornofilme k\u00f6nnen gepostet werden, da ihre Qualit\u00e4t nur durch das Posten der hei\u00dfesten Filme erhalten bleibt. Diese Website ver\u00f6ffentlicht t\u00e4glich Clips von Babes wie Lela Star und anderen zu Ihrem Vergn\u00fcgen. Sie k\u00f6nnen Live-Sex-Cams auf unserer Website genie\u00dfen, wenn Sie zuvor produzierte Filme ansehen befriedige dich nicht. Dutzende sch\u00f6ner M\u00e4dchen und Paare warten darauf, Sie mit nur einem Klick auf eine Schaltfl\u00e4che anzumachen.<\/p>\n","protected":false},"excerpt":{"rendered":"<p>Auf IcePorn.com, einer kostenlosen Sex-Tube-Pornoseite f\u00fcr Erwachsene, finden Sie alle m\u00f6glichen ungezogenen und perversen Inhalte oder wenn Sie sich einfach nur zur\u00fccklehnen und genie\u00dfen m\u00f6chten, wie ein paar ungezogene Babes bei hartem Analsex in den Arsch gefickt werden, ist IcePorn der richtige Ort. Auch wenn diese Seite nur 102 verschiedene Kategorien (einschlie\u00dflich heterosexueller Videos!) beherbergt [&hellip;]<\/p>\n","protected":false},"author":1,"featured_media":0,"parent":0,"menu_order":0,"comment_status":"closed","ping_status":"closed","template":"page-star-stil.php","meta":{"footnotes":""},"class_list":["post-7499","page","type-page","status-publish","hentry"],"yoast_head":"<!-- This site is optimized with the Yoast SEO plugin v27.2 - https:\/\/yoast.com\/product\/yoast-seo-wordpress\/ -->\n<title>Iceporn und Liste der besten Pornoseiten | PornMate<\/title>\n<meta name=\"description\" content=\"Auf IcePorn.com, einer kostenlosen Sex-Tube-Pornoseite f\u00fcr Erwachsene, finden Sie alle m\u00f6glichen ungezogenen und perversen Inhalte oder wenn Sie sich einfach nur zur\u00fccklehnen und genie\u00dfen m\u00f6chten, wie ein paar ungezogene\" \/>\n<meta name=\"robots\" content=\"index, follow, max-snippet:-1, max-image-preview:large, max-video-preview:-1\" \/>\n<link rel=\"canonical\" href=\"https:\/\/pornmate.com\/de\/iceporn\" \/>\n<meta property=\"og:locale\" content=\"de_DE\" \/>\n<meta property=\"og:type\" content=\"article\" \/>\n<meta property=\"og:title\" content=\"Iceporn und Liste der besten Pornoseiten | PornMate\" \/>\n<meta property=\"og:description\" content=\"Auf IcePorn.com, einer kostenlosen Sex-Tube-Pornoseite f\u00fcr Erwachsene, finden Sie alle m\u00f6glichen ungezogenen und perversen Inhalte oder wenn Sie sich einfach nur zur\u00fccklehnen und genie\u00dfen m\u00f6chten, wie ein paar ungezogene\" \/>\n<meta property=\"og:url\" content=\"https:\/\/pornmate.com\/de\/iceporn\" \/>\n<meta property=\"og:site_name\" content=\"Besten Pornoseiten - Kostenlose Deutsche Pornos | PornMate.com\" \/>\n<meta property=\"article:modified_time\" content=\"2022-11-23T14:48:25+00:00\" \/>\n<meta name=\"twitter:card\" content=\"summary_large_image\" \/>\n<meta name=\"twitter:label1\" content=\"Gesch\u00e4tzte Lesezeit\" \/>\n\t<meta name=\"twitter:data1\" content=\"1\u00a0Minute\" \/>\n<script type=\"application\/ld+json\" class=\"yoast-schema-graph\">{\"@context\":\"https:\/\/schema.org\",\"@graph\":[{\"@type\":\"WebPage\",\"@id\":\"https:\/\/pornmate.com\/de\/iceporn\",\"url\":\"https:\/\/pornmate.com\/de\/iceporn\",\"name\":\"Iceporn und Liste der besten Pornoseiten | PornMate\",\"isPartOf\":{\"@id\":\"https:\/\/pornmate.com\/de\/#website\"},\"datePublished\":\"2020-03-24T09:30:22+00:00\",\"dateModified\":\"2022-11-23T14:48:25+00:00\",\"description\":\"Auf IcePorn.com, einer kostenlosen Sex-Tube-Pornoseite f\u00fcr Erwachsene, finden Sie alle m\u00f6glichen ungezogenen und perversen Inhalte oder wenn Sie sich einfach nur zur\u00fccklehnen und genie\u00dfen m\u00f6chten, wie ein paar ungezogene\",\"breadcrumb\":{\"@id\":\"https:\/\/pornmate.com\/de\/iceporn#breadcrumb\"},\"inLanguage\":\"de\",\"potentialAction\":[{\"@type\":\"ReadAction\",\"target\":[\"https:\/\/pornmate.com\/de\/iceporn\"]}]},{\"@type\":\"BreadcrumbList\",\"@id\":\"https:\/\/pornmate.com\/de\/iceporn#breadcrumb\",\"itemListElement\":[{\"@type\":\"ListItem\",\"position\":1,\"name\":\"Startseite\",\"item\":\"https:\/\/pornmate.com\/de\"},{\"@type\":\"ListItem\",\"position\":2,\"name\":\"Iceporn\"}]},{\"@type\":\"WebSite\",\"@id\":\"https:\/\/pornmate.com\/de\/#website\",\"url\":\"https:\/\/pornmate.com\/de\/\",\"name\":\"Besten Pornoseiten - Kostenlose Deutsche Pornos | PornMate.com\",\"description\":\"Kostenlose Pornos, ist Ihr Combo-Verzeichnis der besten gratis Pornoseiten, die Sie finden k\u00f6nnen, und das fantastische Seitenbewertungen, Kostenlose Deutsche sex Biografien von Pornostars und ihre xxx Freie Porno videos unter einem Dach pr\u00e4sentiert.\",\"publisher\":{\"@id\":\"https:\/\/pornmate.com\/de\/#organization\"},\"potentialAction\":[{\"@type\":\"SearchAction\",\"target\":{\"@type\":\"EntryPoint\",\"urlTemplate\":\"https:\/\/pornmate.com\/de\/?s={search_term_string}\"},\"query-input\":{\"@type\":\"PropertyValueSpecification\",\"valueRequired\":true,\"valueName\":\"search_term_string\"}}],\"inLanguage\":\"de\"},{\"@type\":\"Organization\",\"@id\":\"https:\/\/pornmate.com\/de\/#organization\",\"name\":\"Besten Pornoseiten - Kostenlose Deutsche Pornos | PornMate.com\",\"url\":\"https:\/\/pornmate.com\/de\/\",\"logo\":{\"@type\":\"ImageObject\",\"inLanguage\":\"de\",\"@id\":\"https:\/\/pornmate.com\/de\/#\/schema\/logo\/image\/\",\"url\":\"https:\/\/pornmate.com\/de\/wp-content\/uploads\/2022\/11\/pornmate-1.png\",\"contentUrl\":\"https:\/\/pornmate.com\/de\/wp-content\/uploads\/2022\/11\/pornmate-1.png\",\"width\":203,\"height\":200,\"caption\":\"Besten Pornoseiten - Kostenlose Deutsche Pornos | PornMate.com\"},\"image\":{\"@id\":\"https:\/\/pornmate.com\/de\/#\/schema\/logo\/image\/\"}}]}<\/script>\n<!-- \/ Yoast SEO plugin. -->","yoast_head_json":{"title":"Iceporn und Liste der besten Pornoseiten | PornMate","description":"Auf IcePorn.com, einer kostenlosen Sex-Tube-Pornoseite f\u00fcr Erwachsene, finden Sie alle m\u00f6glichen ungezogenen und perversen Inhalte oder wenn Sie sich einfach nur zur\u00fccklehnen und genie\u00dfen m\u00f6chten, wie ein paar ungezogene","robots":{"index":"index","follow":"follow","max-snippet":"max-snippet:-1","max-image-preview":"max-image-preview:large","max-video-preview":"max-video-preview:-1"},"canonical":"https:\/\/pornmate.com\/de\/iceporn","og_locale":"de_DE","og_type":"article","og_title":"Iceporn und Liste der besten Pornoseiten | PornMate","og_description":"Auf IcePorn.com, einer kostenlosen Sex-Tube-Pornoseite f\u00fcr Erwachsene, finden Sie alle m\u00f6glichen ungezogenen und perversen Inhalte oder wenn Sie sich einfach nur zur\u00fccklehnen und genie\u00dfen m\u00f6chten, wie ein paar ungezogene","og_url":"https:\/\/pornmate.com\/de\/iceporn","og_site_name":"Besten Pornoseiten - Kostenlose Deutsche Pornos | PornMate.com","article_modified_time":"2022-11-23T14:48:25+00:00","twitter_card":"summary_large_image","twitter_misc":{"Gesch\u00e4tzte Lesezeit":"1\u00a0Minute"},"schema":{"@context":"https:\/\/schema.org","@graph":[{"@type":"WebPage","@id":"https:\/\/pornmate.com\/de\/iceporn","url":"https:\/\/pornmate.com\/de\/iceporn","name":"Iceporn und Liste der besten Pornoseiten | PornMate","isPartOf":{"@id":"https:\/\/pornmate.com\/de\/#website"},"datePublished":"2020-03-24T09:30:22+00:00","dateModified":"2022-11-23T14:48:25+00:00","description":"Auf IcePorn.com, einer kostenlosen Sex-Tube-Pornoseite f\u00fcr Erwachsene, finden Sie alle m\u00f6glichen ungezogenen und perversen Inhalte oder wenn Sie sich einfach nur zur\u00fccklehnen und genie\u00dfen m\u00f6chten, wie ein paar ungezogene","breadcrumb":{"@id":"https:\/\/pornmate.com\/de\/iceporn#breadcrumb"},"inLanguage":"de","potentialAction":[{"@type":"ReadAction","target":["https:\/\/pornmate.com\/de\/iceporn"]}]},{"@type":"BreadcrumbList","@id":"https:\/\/pornmate.com\/de\/iceporn#breadcrumb","itemListElement":[{"@type":"ListItem","position":1,"name":"Startseite","item":"https:\/\/pornmate.com\/de"},{"@type":"ListItem","position":2,"name":"Iceporn"}]},{"@type":"WebSite","@id":"https:\/\/pornmate.com\/de\/#website","url":"https:\/\/pornmate.com\/de\/","name":"Besten Pornoseiten - Kostenlose Deutsche Pornos | PornMate.com","description":"Kostenlose Pornos, ist Ihr Combo-Verzeichnis der besten gratis Pornoseiten, die Sie finden k\u00f6nnen, und das fantastische Seitenbewertungen, Kostenlose Deutsche sex Biografien von Pornostars und ihre xxx Freie Porno videos unter einem Dach pr\u00e4sentiert.","publisher":{"@id":"https:\/\/pornmate.com\/de\/#organization"},"potentialAction":[{"@type":"SearchAction","target":{"@type":"EntryPoint","urlTemplate":"https:\/\/pornmate.com\/de\/?s={search_term_string}"},"query-input":{"@type":"PropertyValueSpecification","valueRequired":true,"valueName":"search_term_string"}}],"inLanguage":"de"},{"@type":"Organization","@id":"https:\/\/pornmate.com\/de\/#organization","name":"Besten Pornoseiten - Kostenlose Deutsche Pornos | PornMate.com","url":"https:\/\/pornmate.com\/de\/","logo":{"@type":"ImageObject","inLanguage":"de","@id":"https:\/\/pornmate.com\/de\/#\/schema\/logo\/image\/","url":"https:\/\/pornmate.com\/de\/wp-content\/uploads\/2022\/11\/pornmate-1.png","contentUrl":"https:\/\/pornmate.com\/de\/wp-content\/uploads\/2022\/11\/pornmate-1.png","width":203,"height":200,"caption":"Besten Pornoseiten - Kostenlose Deutsche Pornos | PornMate.com"},"image":{"@id":"https:\/\/pornmate.com\/de\/#\/schema\/logo\/image\/"}}]}},"_links":{"self":[{"href":"https:\/\/pornmate.com\/de\/wp-json\/wp\/v2\/pages\/7499","targetHints":{"allow":["GET"]}}],"collection":[{"href":"https:\/\/pornmate.com\/de\/wp-json\/wp\/v2\/pages"}],"about":[{"href":"https:\/\/pornmate.com\/de\/wp-json\/wp\/v2\/types\/page"}],"author":[{"embeddable":true,"href":"https:\/\/pornmate.com\/de\/wp-json\/wp\/v2\/users\/1"}],"replies":[{"embeddable":true,"href":"https:\/\/pornmate.com\/de\/wp-json\/wp\/v2\/comments?post=7499"}],"version-history":[{"count":0,"href":"https:\/\/pornmate.com\/de\/wp-json\/wp\/v2\/pages\/7499\/revisions"}],"wp:attachment":[{"href":"https:\/\/pornmate.com\/de\/wp-json\/wp\/v2\/media?parent=7499"}],"curies":[{"name":"wp","href":"https:\/\/api.w.org\/{rel}","templated":true}]}}