{"id":7501,"date":"2020-03-24T09:32:41","date_gmt":"2020-03-24T09:32:41","guid":{"rendered":"https:\/\/pornmate.com\/?page_id=7501"},"modified":"2020-03-24T09:32:41","modified_gmt":"2020-03-24T09:32:41","slug":"spankwire","status":"publish","type":"page","link":"https:\/\/pornmate.com\/de\/spankwire","title":{"rendered":"Spankwire"},"content":{"rendered":"<p>SpankWire.com ist eine der kostenlosen Pornoseiten, die nur mit den hei\u00dfesten Pornoclips im Internet gef\u00fcllt ist und nur existiert, um all Ihre sexuellen W\u00fcnsche zu befriedigen. Mit 1.600 (1600!) verschiedenen Kategorien ist es einfacher als je zuvor, das gew\u00fcnschte Video auszuw\u00e4hlen. Von einem 18-j\u00e4hrigen Teenager, der davon besessen ist, die wilde Natur zu erkunden und ihre versaute Sexualit\u00e4t in Filmen auszudr\u00fccken, bis hin zu extrem versauten Videos, die darauf basieren, an ihrem H\u00f6schen zu schn\u00fcffeln und Sperma zu k\u00fcssen. Diese Seite hat alles. Pornostars wie Lana Rhoades, Elsa Jean, Lisa Ann und mehr werden dich begeistern. Sie k\u00f6nnen jedes Video mit \u201eGef\u00e4llt mir\u201c markieren. Wenn Sie also das n\u00e4chste Mal zur\u00fcckkehren, sehen Sie eine erstellte Liste Ihrer Lieblingsvideos. Die meisten Videos sind heterosexuell, aber es gibt auch viele Inhalte, die ausschlie\u00dflich f\u00fcr Liebhaber und Bewunderer von Schwulen und Shemales erstellt wurden. Auf dieser Seite k\u00f6nnen Sie sich auch Camgirls ansehen, sodass SpankWire all Ihr Verlangen nach Pornos erf\u00fcllt. Bitte best\u00e4tigen Sie das.<\/p>\n","protected":false},"excerpt":{"rendered":"<p>SpankWire.com ist eine der kostenlosen Pornoseiten, die nur mit den hei\u00dfesten Pornoclips im Internet gef\u00fcllt ist und nur existiert, um all Ihre sexuellen W\u00fcnsche zu befriedigen. Mit 1.600 (1600!) verschiedenen Kategorien ist es einfacher als je zuvor, das gew\u00fcnschte Video auszuw\u00e4hlen. Von einem 18-j\u00e4hrigen Teenager, der davon besessen ist, die wilde Natur zu erkunden und [&hellip;]<\/p>\n","protected":false},"author":1,"featured_media":0,"parent":0,"menu_order":0,"comment_status":"closed","ping_status":"closed","template":"page-star-stil.php","meta":{"footnotes":""},"class_list":["post-7501","page","type-page","status-publish","hentry"],"yoast_head":"<!-- This site is optimized with the Yoast SEO plugin v27.2 - https:\/\/yoast.com\/product\/yoast-seo-wordpress\/ -->\n<title>Spankwire und Liste der besten Pornoseiten | PornMate<\/title>\n<meta name=\"description\" content=\"SpankWire.com is one of the free porn tube sites which is filled with only the hottest porn clips\" \/>\n<meta name=\"robots\" content=\"index, follow, max-snippet:-1, max-image-preview:large, max-video-preview:-1\" \/>\n<link rel=\"canonical\" href=\"https:\/\/pornmate.com\/de\/spankwire\" \/>\n<meta property=\"og:locale\" content=\"de_DE\" \/>\n<meta property=\"og:type\" content=\"article\" \/>\n<meta property=\"og:title\" content=\"Spankwire und Liste der besten Pornoseiten | PornMate\" \/>\n<meta property=\"og:description\" content=\"SpankWire.com is one of the free porn tube sites which is filled with only the hottest porn clips\" \/>\n<meta property=\"og:url\" content=\"https:\/\/pornmate.com\/de\/spankwire\" \/>\n<meta property=\"og:site_name\" content=\"Besten Pornoseiten - Kostenlose Deutsche Pornos | PornMate.com\" \/>\n<meta name=\"twitter:card\" content=\"summary_large_image\" \/>\n<meta name=\"twitter:label1\" content=\"Gesch\u00e4tzte Lesezeit\" \/>\n\t<meta name=\"twitter:data1\" content=\"2\u00a0Minuten\" \/>\n<script type=\"application\/ld+json\" class=\"yoast-schema-graph\">{\"@context\":\"https:\/\/schema.org\",\"@graph\":[{\"@type\":\"WebPage\",\"@id\":\"https:\/\/pornmate.com\/de\/spankwire\",\"url\":\"https:\/\/pornmate.com\/de\/spankwire\",\"name\":\"Spankwire und Liste der besten Pornoseiten | PornMate\",\"isPartOf\":{\"@id\":\"https:\/\/pornmate.com\/de\/#website\"},\"datePublished\":\"2020-03-24T09:32:41+00:00\",\"description\":\"SpankWire.com is one of the free porn tube sites which is filled with only the hottest porn clips\",\"breadcrumb\":{\"@id\":\"https:\/\/pornmate.com\/de\/spankwire#breadcrumb\"},\"inLanguage\":\"de\",\"potentialAction\":[{\"@type\":\"ReadAction\",\"target\":[\"https:\/\/pornmate.com\/de\/spankwire\"]}]},{\"@type\":\"BreadcrumbList\",\"@id\":\"https:\/\/pornmate.com\/de\/spankwire#breadcrumb\",\"itemListElement\":[{\"@type\":\"ListItem\",\"position\":1,\"name\":\"Startseite\",\"item\":\"https:\/\/pornmate.com\/de\"},{\"@type\":\"ListItem\",\"position\":2,\"name\":\"Spankwire\"}]},{\"@type\":\"WebSite\",\"@id\":\"https:\/\/pornmate.com\/de\/#website\",\"url\":\"https:\/\/pornmate.com\/de\/\",\"name\":\"Besten Pornoseiten - Kostenlose Deutsche Pornos | PornMate.com\",\"description\":\"Kostenlose Pornos, ist Ihr Combo-Verzeichnis der besten gratis Pornoseiten, die Sie finden k\u00f6nnen, und das fantastische Seitenbewertungen, Kostenlose Deutsche sex Biografien von Pornostars und ihre xxx Freie Porno videos unter einem Dach pr\u00e4sentiert.\",\"publisher\":{\"@id\":\"https:\/\/pornmate.com\/de\/#organization\"},\"potentialAction\":[{\"@type\":\"SearchAction\",\"target\":{\"@type\":\"EntryPoint\",\"urlTemplate\":\"https:\/\/pornmate.com\/de\/?s={search_term_string}\"},\"query-input\":{\"@type\":\"PropertyValueSpecification\",\"valueRequired\":true,\"valueName\":\"search_term_string\"}}],\"inLanguage\":\"de\"},{\"@type\":\"Organization\",\"@id\":\"https:\/\/pornmate.com\/de\/#organization\",\"name\":\"Besten Pornoseiten - Kostenlose Deutsche Pornos | PornMate.com\",\"url\":\"https:\/\/pornmate.com\/de\/\",\"logo\":{\"@type\":\"ImageObject\",\"inLanguage\":\"de\",\"@id\":\"https:\/\/pornmate.com\/de\/#\/schema\/logo\/image\/\",\"url\":\"https:\/\/pornmate.com\/de\/wp-content\/uploads\/2022\/11\/pornmate-1.png\",\"contentUrl\":\"https:\/\/pornmate.com\/de\/wp-content\/uploads\/2022\/11\/pornmate-1.png\",\"width\":203,\"height\":200,\"caption\":\"Besten Pornoseiten - Kostenlose Deutsche Pornos | PornMate.com\"},\"image\":{\"@id\":\"https:\/\/pornmate.com\/de\/#\/schema\/logo\/image\/\"}}]}<\/script>\n<!-- \/ Yoast SEO plugin. -->","yoast_head_json":{"title":"Spankwire und Liste der besten Pornoseiten | PornMate","description":"SpankWire.com is one of the free porn tube sites which is filled with only the hottest porn clips","robots":{"index":"index","follow":"follow","max-snippet":"max-snippet:-1","max-image-preview":"max-image-preview:large","max-video-preview":"max-video-preview:-1"},"canonical":"https:\/\/pornmate.com\/de\/spankwire","og_locale":"de_DE","og_type":"article","og_title":"Spankwire und Liste der besten Pornoseiten | PornMate","og_description":"SpankWire.com is one of the free porn tube sites which is filled with only the hottest porn clips","og_url":"https:\/\/pornmate.com\/de\/spankwire","og_site_name":"Besten Pornoseiten - Kostenlose Deutsche Pornos | PornMate.com","twitter_card":"summary_large_image","twitter_misc":{"Gesch\u00e4tzte Lesezeit":"2\u00a0Minuten"},"schema":{"@context":"https:\/\/schema.org","@graph":[{"@type":"WebPage","@id":"https:\/\/pornmate.com\/de\/spankwire","url":"https:\/\/pornmate.com\/de\/spankwire","name":"Spankwire und Liste der besten Pornoseiten | PornMate","isPartOf":{"@id":"https:\/\/pornmate.com\/de\/#website"},"datePublished":"2020-03-24T09:32:41+00:00","description":"SpankWire.com is one of the free porn tube sites which is filled with only the hottest porn clips","breadcrumb":{"@id":"https:\/\/pornmate.com\/de\/spankwire#breadcrumb"},"inLanguage":"de","potentialAction":[{"@type":"ReadAction","target":["https:\/\/pornmate.com\/de\/spankwire"]}]},{"@type":"BreadcrumbList","@id":"https:\/\/pornmate.com\/de\/spankwire#breadcrumb","itemListElement":[{"@type":"ListItem","position":1,"name":"Startseite","item":"https:\/\/pornmate.com\/de"},{"@type":"ListItem","position":2,"name":"Spankwire"}]},{"@type":"WebSite","@id":"https:\/\/pornmate.com\/de\/#website","url":"https:\/\/pornmate.com\/de\/","name":"Besten Pornoseiten - Kostenlose Deutsche Pornos | PornMate.com","description":"Kostenlose Pornos, ist Ihr Combo-Verzeichnis der besten gratis Pornoseiten, die Sie finden k\u00f6nnen, und das fantastische Seitenbewertungen, Kostenlose Deutsche sex Biografien von Pornostars und ihre xxx Freie Porno videos unter einem Dach pr\u00e4sentiert.","publisher":{"@id":"https:\/\/pornmate.com\/de\/#organization"},"potentialAction":[{"@type":"SearchAction","target":{"@type":"EntryPoint","urlTemplate":"https:\/\/pornmate.com\/de\/?s={search_term_string}"},"query-input":{"@type":"PropertyValueSpecification","valueRequired":true,"valueName":"search_term_string"}}],"inLanguage":"de"},{"@type":"Organization","@id":"https:\/\/pornmate.com\/de\/#organization","name":"Besten Pornoseiten - Kostenlose Deutsche Pornos | PornMate.com","url":"https:\/\/pornmate.com\/de\/","logo":{"@type":"ImageObject","inLanguage":"de","@id":"https:\/\/pornmate.com\/de\/#\/schema\/logo\/image\/","url":"https:\/\/pornmate.com\/de\/wp-content\/uploads\/2022\/11\/pornmate-1.png","contentUrl":"https:\/\/pornmate.com\/de\/wp-content\/uploads\/2022\/11\/pornmate-1.png","width":203,"height":200,"caption":"Besten Pornoseiten - Kostenlose Deutsche Pornos | PornMate.com"},"image":{"@id":"https:\/\/pornmate.com\/de\/#\/schema\/logo\/image\/"}}]}},"_links":{"self":[{"href":"https:\/\/pornmate.com\/de\/wp-json\/wp\/v2\/pages\/7501","targetHints":{"allow":["GET"]}}],"collection":[{"href":"https:\/\/pornmate.com\/de\/wp-json\/wp\/v2\/pages"}],"about":[{"href":"https:\/\/pornmate.com\/de\/wp-json\/wp\/v2\/types\/page"}],"author":[{"embeddable":true,"href":"https:\/\/pornmate.com\/de\/wp-json\/wp\/v2\/users\/1"}],"replies":[{"embeddable":true,"href":"https:\/\/pornmate.com\/de\/wp-json\/wp\/v2\/comments?post=7501"}],"version-history":[{"count":0,"href":"https:\/\/pornmate.com\/de\/wp-json\/wp\/v2\/pages\/7501\/revisions"}],"wp:attachment":[{"href":"https:\/\/pornmate.com\/de\/wp-json\/wp\/v2\/media?parent=7501"}],"curies":[{"name":"wp","href":"https:\/\/api.w.org\/{rel}","templated":true}]}}