{"id":7503,"date":"2020-03-24T09:35:29","date_gmt":"2020-03-24T09:35:29","guid":{"rendered":"https:\/\/pornmate.com\/?page_id=7503"},"modified":"2022-11-23T15:18:52","modified_gmt":"2022-11-23T14:18:52","slug":"pornhd","status":"publish","type":"page","link":"https:\/\/pornmate.com\/de\/pornhd","title":{"rendered":"Pornhd"},"content":{"rendered":"<p>PornHD.com ist eine der stilvollsten Porno-Pipe-Sites auf der Falle, wenn es um High-Definition-Pornos geht.<br \/>\nAbgesehen von der Tatsache, dass das Ansehen aller Videos auf der Website kostenlos ist, werden Sie aufgrund der unterschiedlichen Inhalte und des Browsens auf PornHD nie wieder zu einer anderen Porno-Pipe-Site zur\u00fcckkehren wollen. Egal, ob Sie Pornos lieber auf einem Filmfernseher, Tablet oder Mietcomputer ansehen oder sicher sein m\u00f6chten, dass jedes Video auf PornHD fl\u00fcssig gestreamt wird.<br \/>\nChristy Mack, Abella Danger, Ariella Ferrera und zahlreiche weitere Pornos sollen Ihr Erlebnis dann aufw\u00fchlend machen. Beobachten Sie gerne, wie schelmische Teenager ihren Stiefv\u00e4tern gehorchen?<br \/>\nKein Fall. Vielleicht magst du es, Jungs dabei zu beobachten, wie sie hinterh\u00e4ltigen kleinen Dienstm\u00e4dchen einen blasen? Es ist da.<br \/>\nOder geh\u00f6ren Sie vielleicht zu denen, die von kleinen hinterh\u00e4ltigen thail\u00e4ndischen Dienstm\u00e4dchen erledigt werden, wenn sie zeigen, wie schelmisch und schelmisch sie sein k\u00f6nnen?<br \/>\nNun, entweder auf der Schnellstra\u00dfe, Sie k\u00f6nnen sein, dass PornHD alles hat. Diese Website bietet eine neue Schnellstra\u00dfe zum Streamen von Videos unter Verwendung modernster Technologie, nur um Ihnen das volle Porno-Erlebnis zu bieten, das Sie sich jemals vorstellen k\u00f6nnen.<\/p>\n","protected":false},"excerpt":{"rendered":"<p>PornHD.com ist eine der stilvollsten Porno-Pipe-Sites auf der Falle, wenn es um High-Definition-Pornos geht. Abgesehen von der Tatsache, dass das Ansehen aller Videos auf der Website kostenlos ist, werden Sie aufgrund der unterschiedlichen Inhalte und des Browsens auf PornHD nie wieder zu einer anderen Porno-Pipe-Site zur\u00fcckkehren wollen. Egal, ob Sie Pornos lieber auf einem Filmfernseher, [&hellip;]<\/p>\n","protected":false},"author":1,"featured_media":0,"parent":0,"menu_order":0,"comment_status":"closed","ping_status":"closed","template":"page-star-stil.php","meta":{"footnotes":""},"class_list":["post-7503","page","type-page","status-publish","hentry"],"yoast_head":"<!-- This site is optimized with the Yoast SEO plugin v27.4 - https:\/\/yoast.com\/product\/yoast-seo-wordpress\/ -->\n<title>Pornhd und Liste der besten Pornoseiten | PornMate<\/title>\n<meta name=\"description\" content=\"PornHD.com ist eine der stilvollsten Porno-Pipe-Sites auf der Falle, wenn es um High-Definition-Pornos geht.\" \/>\n<meta name=\"robots\" content=\"index, follow, max-snippet:-1, max-image-preview:large, max-video-preview:-1\" \/>\n<link rel=\"canonical\" href=\"https:\/\/pornmate.com\/de\/pornhd\" \/>\n<meta property=\"og:locale\" content=\"de_DE\" \/>\n<meta property=\"og:type\" content=\"article\" \/>\n<meta property=\"og:title\" content=\"Pornhd und Liste der besten Pornoseiten | PornMate\" \/>\n<meta property=\"og:description\" content=\"PornHD.com ist eine der stilvollsten Porno-Pipe-Sites auf der Falle, wenn es um High-Definition-Pornos geht.\" \/>\n<meta property=\"og:url\" content=\"https:\/\/pornmate.com\/de\/pornhd\" \/>\n<meta property=\"og:site_name\" content=\"Besten Pornoseiten - Kostenlose Deutsche Pornos | PornMate.com\" \/>\n<meta property=\"article:modified_time\" content=\"2022-11-23T14:18:52+00:00\" \/>\n<meta name=\"twitter:card\" content=\"summary_large_image\" \/>\n<meta name=\"twitter:label1\" content=\"Gesch\u00e4tzte Lesezeit\" \/>\n\t<meta name=\"twitter:data1\" content=\"1\u00a0Minute\" \/>\n<script type=\"application\/ld+json\" class=\"yoast-schema-graph\">{\"@context\":\"https:\\\/\\\/schema.org\",\"@graph\":[{\"@type\":\"WebPage\",\"@id\":\"https:\\\/\\\/pornmate.com\\\/de\\\/pornhd\",\"url\":\"https:\\\/\\\/pornmate.com\\\/de\\\/pornhd\",\"name\":\"Pornhd und Liste der besten Pornoseiten | PornMate\",\"isPartOf\":{\"@id\":\"https:\\\/\\\/pornmate.com\\\/de\\\/#website\"},\"datePublished\":\"2020-03-24T09:35:29+00:00\",\"dateModified\":\"2022-11-23T14:18:52+00:00\",\"description\":\"PornHD.com ist eine der stilvollsten Porno-Pipe-Sites auf der Falle, wenn es um High-Definition-Pornos geht.\",\"breadcrumb\":{\"@id\":\"https:\\\/\\\/pornmate.com\\\/de\\\/pornhd#breadcrumb\"},\"inLanguage\":\"de\",\"potentialAction\":[{\"@type\":\"ReadAction\",\"target\":[\"https:\\\/\\\/pornmate.com\\\/de\\\/pornhd\"]}]},{\"@type\":\"BreadcrumbList\",\"@id\":\"https:\\\/\\\/pornmate.com\\\/de\\\/pornhd#breadcrumb\",\"itemListElement\":[{\"@type\":\"ListItem\",\"position\":1,\"name\":\"Startseite\",\"item\":\"https:\\\/\\\/pornmate.com\\\/de\"},{\"@type\":\"ListItem\",\"position\":2,\"name\":\"Pornhd\"}]},{\"@type\":\"WebSite\",\"@id\":\"https:\\\/\\\/pornmate.com\\\/de\\\/#website\",\"url\":\"https:\\\/\\\/pornmate.com\\\/de\\\/\",\"name\":\"Besten Pornoseiten - Kostenlose Deutsche Pornos | PornMate.com\",\"description\":\"Kostenlose Pornos, ist Ihr Combo-Verzeichnis der besten gratis Pornoseiten, die Sie finden k\u00f6nnen, und das fantastische Seitenbewertungen, Kostenlose Deutsche sex Biografien von Pornostars und ihre xxx Freie Porno videos unter einem Dach pr\u00e4sentiert.\",\"publisher\":{\"@id\":\"https:\\\/\\\/pornmate.com\\\/de\\\/#organization\"},\"potentialAction\":[{\"@type\":\"SearchAction\",\"target\":{\"@type\":\"EntryPoint\",\"urlTemplate\":\"https:\\\/\\\/pornmate.com\\\/de\\\/?s={search_term_string}\"},\"query-input\":{\"@type\":\"PropertyValueSpecification\",\"valueRequired\":true,\"valueName\":\"search_term_string\"}}],\"inLanguage\":\"de\"},{\"@type\":\"Organization\",\"@id\":\"https:\\\/\\\/pornmate.com\\\/de\\\/#organization\",\"name\":\"Besten Pornoseiten - Kostenlose Deutsche Pornos | PornMate.com\",\"url\":\"https:\\\/\\\/pornmate.com\\\/de\\\/\",\"logo\":{\"@type\":\"ImageObject\",\"inLanguage\":\"de\",\"@id\":\"https:\\\/\\\/pornmate.com\\\/de\\\/#\\\/schema\\\/logo\\\/image\\\/\",\"url\":\"https:\\\/\\\/pornmate.com\\\/de\\\/wp-content\\\/uploads\\\/2022\\\/11\\\/pornmate-1.png\",\"contentUrl\":\"https:\\\/\\\/pornmate.com\\\/de\\\/wp-content\\\/uploads\\\/2022\\\/11\\\/pornmate-1.png\",\"width\":203,\"height\":200,\"caption\":\"Besten Pornoseiten - Kostenlose Deutsche Pornos | PornMate.com\"},\"image\":{\"@id\":\"https:\\\/\\\/pornmate.com\\\/de\\\/#\\\/schema\\\/logo\\\/image\\\/\"}}]}<\/script>\n<!-- \/ Yoast SEO plugin. -->","yoast_head_json":{"title":"Pornhd und Liste der besten Pornoseiten | PornMate","description":"PornHD.com ist eine der stilvollsten Porno-Pipe-Sites auf der Falle, wenn es um High-Definition-Pornos geht.","robots":{"index":"index","follow":"follow","max-snippet":"max-snippet:-1","max-image-preview":"max-image-preview:large","max-video-preview":"max-video-preview:-1"},"canonical":"https:\/\/pornmate.com\/de\/pornhd","og_locale":"de_DE","og_type":"article","og_title":"Pornhd und Liste der besten Pornoseiten | PornMate","og_description":"PornHD.com ist eine der stilvollsten Porno-Pipe-Sites auf der Falle, wenn es um High-Definition-Pornos geht.","og_url":"https:\/\/pornmate.com\/de\/pornhd","og_site_name":"Besten Pornoseiten - Kostenlose Deutsche Pornos | PornMate.com","article_modified_time":"2022-11-23T14:18:52+00:00","twitter_card":"summary_large_image","twitter_misc":{"Gesch\u00e4tzte Lesezeit":"1\u00a0Minute"},"schema":{"@context":"https:\/\/schema.org","@graph":[{"@type":"WebPage","@id":"https:\/\/pornmate.com\/de\/pornhd","url":"https:\/\/pornmate.com\/de\/pornhd","name":"Pornhd und Liste der besten Pornoseiten | PornMate","isPartOf":{"@id":"https:\/\/pornmate.com\/de\/#website"},"datePublished":"2020-03-24T09:35:29+00:00","dateModified":"2022-11-23T14:18:52+00:00","description":"PornHD.com ist eine der stilvollsten Porno-Pipe-Sites auf der Falle, wenn es um High-Definition-Pornos geht.","breadcrumb":{"@id":"https:\/\/pornmate.com\/de\/pornhd#breadcrumb"},"inLanguage":"de","potentialAction":[{"@type":"ReadAction","target":["https:\/\/pornmate.com\/de\/pornhd"]}]},{"@type":"BreadcrumbList","@id":"https:\/\/pornmate.com\/de\/pornhd#breadcrumb","itemListElement":[{"@type":"ListItem","position":1,"name":"Startseite","item":"https:\/\/pornmate.com\/de"},{"@type":"ListItem","position":2,"name":"Pornhd"}]},{"@type":"WebSite","@id":"https:\/\/pornmate.com\/de\/#website","url":"https:\/\/pornmate.com\/de\/","name":"Besten Pornoseiten - Kostenlose Deutsche Pornos | PornMate.com","description":"Kostenlose Pornos, ist Ihr Combo-Verzeichnis der besten gratis Pornoseiten, die Sie finden k\u00f6nnen, und das fantastische Seitenbewertungen, Kostenlose Deutsche sex Biografien von Pornostars und ihre xxx Freie Porno videos unter einem Dach pr\u00e4sentiert.","publisher":{"@id":"https:\/\/pornmate.com\/de\/#organization"},"potentialAction":[{"@type":"SearchAction","target":{"@type":"EntryPoint","urlTemplate":"https:\/\/pornmate.com\/de\/?s={search_term_string}"},"query-input":{"@type":"PropertyValueSpecification","valueRequired":true,"valueName":"search_term_string"}}],"inLanguage":"de"},{"@type":"Organization","@id":"https:\/\/pornmate.com\/de\/#organization","name":"Besten Pornoseiten - Kostenlose Deutsche Pornos | PornMate.com","url":"https:\/\/pornmate.com\/de\/","logo":{"@type":"ImageObject","inLanguage":"de","@id":"https:\/\/pornmate.com\/de\/#\/schema\/logo\/image\/","url":"https:\/\/pornmate.com\/de\/wp-content\/uploads\/2022\/11\/pornmate-1.png","contentUrl":"https:\/\/pornmate.com\/de\/wp-content\/uploads\/2022\/11\/pornmate-1.png","width":203,"height":200,"caption":"Besten Pornoseiten - Kostenlose Deutsche Pornos | PornMate.com"},"image":{"@id":"https:\/\/pornmate.com\/de\/#\/schema\/logo\/image\/"}}]}},"_links":{"self":[{"href":"https:\/\/pornmate.com\/de\/wp-json\/wp\/v2\/pages\/7503","targetHints":{"allow":["GET"]}}],"collection":[{"href":"https:\/\/pornmate.com\/de\/wp-json\/wp\/v2\/pages"}],"about":[{"href":"https:\/\/pornmate.com\/de\/wp-json\/wp\/v2\/types\/page"}],"author":[{"embeddable":true,"href":"https:\/\/pornmate.com\/de\/wp-json\/wp\/v2\/users\/1"}],"replies":[{"embeddable":true,"href":"https:\/\/pornmate.com\/de\/wp-json\/wp\/v2\/comments?post=7503"}],"version-history":[{"count":0,"href":"https:\/\/pornmate.com\/de\/wp-json\/wp\/v2\/pages\/7503\/revisions"}],"wp:attachment":[{"href":"https:\/\/pornmate.com\/de\/wp-json\/wp\/v2\/media?parent=7503"}],"curies":[{"name":"wp","href":"https:\/\/api.w.org\/{rel}","templated":true}]}}