{"id":7506,"date":"2020-03-24T09:38:40","date_gmt":"2020-03-24T09:38:40","guid":{"rendered":"https:\/\/pornmate.com\/?page_id=7506"},"modified":"2022-11-23T14:54:02","modified_gmt":"2022-11-23T13:54:02","slug":"tnaflix","status":"publish","type":"page","link":"https:\/\/pornmate.com\/de\/tnaflix","title":{"rendered":"Tnaflix"},"content":{"rendered":"<p>TNAFlix.com ist eine der stylischen Pornoseiten auf der Falle, die 2008 gestartet wurde.<br \/>\nZus\u00e4tzlich zum Angebot des ultimativen kostenlosen Porno-Erlebnisses mit Live-Streaming rund um die Uhr bietet es auch einige der am meisten verbesserten Porno-Funktionen, die Benutzer dieser Website lieben und t\u00e4glich aus\u00fcben. TNAFlix ist ausnahmslos frisch mit aufr\u00fcttelnden neuen Pornoinhalten, da es jeden Tag vollst\u00e4ndige DVDs aktualisiert, genau zum Vergn\u00fcgen seiner verdammter Porno, VR-Porno und Sendungen von Wann immer Sie sich entscheiden, TNAFlix zu besuchen, k\u00f6nnen Sie sicher sein, dass Pornostars wie Abella Keisha Grey, Alexis Ford und andere bereit sind und Ihnen zeigen, wie die Dienstm\u00e4dchen erb\u00e4rmlich sein k\u00f6nnen. Neben Tausenden von Videos sehen Sie sich auf dieser Seite auch Tausende von schmutzigen Bildern an, und kaufen Sie uns einige davon, die so hei\u00df sind, dass sie Sie noch mehr anmachen als die Clips.<\/p>\n","protected":false},"excerpt":{"rendered":"<p>TNAFlix.com ist eine der stylischen Pornoseiten auf der Falle, die 2008 gestartet wurde. Zus\u00e4tzlich zum Angebot des ultimativen kostenlosen Porno-Erlebnisses mit Live-Streaming rund um die Uhr bietet es auch einige der am meisten verbesserten Porno-Funktionen, die Benutzer dieser Website lieben und t\u00e4glich aus\u00fcben. TNAFlix ist ausnahmslos frisch mit aufr\u00fcttelnden neuen Pornoinhalten, da es jeden Tag [&hellip;]<\/p>\n","protected":false},"author":1,"featured_media":0,"parent":0,"menu_order":0,"comment_status":"closed","ping_status":"closed","template":"page-star-stil.php","meta":{"footnotes":""},"class_list":["post-7506","page","type-page","status-publish","hentry"],"yoast_head":"<!-- This site is optimized with the Yoast SEO plugin v27.4 - https:\/\/yoast.com\/product\/yoast-seo-wordpress\/ -->\n<title>Tnaflix und Liste der besten Pornoseiten | PornMate<\/title>\n<meta name=\"description\" content=\"TNAFlix.com ist eine der stylischen Pornoseiten auf der Falle, die 2008 gestartet wurde.\" \/>\n<meta name=\"robots\" content=\"index, follow, max-snippet:-1, max-image-preview:large, max-video-preview:-1\" \/>\n<link rel=\"canonical\" href=\"https:\/\/pornmate.com\/de\/tnaflix\" \/>\n<meta property=\"og:locale\" content=\"de_DE\" \/>\n<meta property=\"og:type\" content=\"article\" \/>\n<meta property=\"og:title\" content=\"Tnaflix und Liste der besten Pornoseiten | PornMate\" \/>\n<meta property=\"og:description\" content=\"TNAFlix.com ist eine der stylischen Pornoseiten auf der Falle, die 2008 gestartet wurde.\" \/>\n<meta property=\"og:url\" content=\"https:\/\/pornmate.com\/de\/tnaflix\" \/>\n<meta property=\"og:site_name\" content=\"Besten Pornoseiten - Kostenlose Deutsche Pornos | PornMate.com\" \/>\n<meta property=\"article:modified_time\" content=\"2022-11-23T13:54:02+00:00\" \/>\n<meta name=\"twitter:card\" content=\"summary_large_image\" \/>\n<meta name=\"twitter:label1\" content=\"Gesch\u00e4tzte Lesezeit\" \/>\n\t<meta name=\"twitter:data1\" content=\"1\u00a0Minute\" \/>\n<script type=\"application\/ld+json\" class=\"yoast-schema-graph\">{\"@context\":\"https:\\\/\\\/schema.org\",\"@graph\":[{\"@type\":\"WebPage\",\"@id\":\"https:\\\/\\\/pornmate.com\\\/de\\\/tnaflix\",\"url\":\"https:\\\/\\\/pornmate.com\\\/de\\\/tnaflix\",\"name\":\"Tnaflix und Liste der besten Pornoseiten | PornMate\",\"isPartOf\":{\"@id\":\"https:\\\/\\\/pornmate.com\\\/de\\\/#website\"},\"datePublished\":\"2020-03-24T09:38:40+00:00\",\"dateModified\":\"2022-11-23T13:54:02+00:00\",\"description\":\"TNAFlix.com ist eine der stylischen Pornoseiten auf der Falle, die 2008 gestartet wurde.\",\"breadcrumb\":{\"@id\":\"https:\\\/\\\/pornmate.com\\\/de\\\/tnaflix#breadcrumb\"},\"inLanguage\":\"de\",\"potentialAction\":[{\"@type\":\"ReadAction\",\"target\":[\"https:\\\/\\\/pornmate.com\\\/de\\\/tnaflix\"]}]},{\"@type\":\"BreadcrumbList\",\"@id\":\"https:\\\/\\\/pornmate.com\\\/de\\\/tnaflix#breadcrumb\",\"itemListElement\":[{\"@type\":\"ListItem\",\"position\":1,\"name\":\"Startseite\",\"item\":\"https:\\\/\\\/pornmate.com\\\/de\"},{\"@type\":\"ListItem\",\"position\":2,\"name\":\"Tnaflix\"}]},{\"@type\":\"WebSite\",\"@id\":\"https:\\\/\\\/pornmate.com\\\/de\\\/#website\",\"url\":\"https:\\\/\\\/pornmate.com\\\/de\\\/\",\"name\":\"Besten Pornoseiten - Kostenlose Deutsche Pornos | PornMate.com\",\"description\":\"Kostenlose Pornos, ist Ihr Combo-Verzeichnis der besten gratis Pornoseiten, die Sie finden k\u00f6nnen, und das fantastische Seitenbewertungen, Kostenlose Deutsche sex Biografien von Pornostars und ihre xxx Freie Porno videos unter einem Dach pr\u00e4sentiert.\",\"publisher\":{\"@id\":\"https:\\\/\\\/pornmate.com\\\/de\\\/#organization\"},\"potentialAction\":[{\"@type\":\"SearchAction\",\"target\":{\"@type\":\"EntryPoint\",\"urlTemplate\":\"https:\\\/\\\/pornmate.com\\\/de\\\/?s={search_term_string}\"},\"query-input\":{\"@type\":\"PropertyValueSpecification\",\"valueRequired\":true,\"valueName\":\"search_term_string\"}}],\"inLanguage\":\"de\"},{\"@type\":\"Organization\",\"@id\":\"https:\\\/\\\/pornmate.com\\\/de\\\/#organization\",\"name\":\"Besten Pornoseiten - Kostenlose Deutsche Pornos | PornMate.com\",\"url\":\"https:\\\/\\\/pornmate.com\\\/de\\\/\",\"logo\":{\"@type\":\"ImageObject\",\"inLanguage\":\"de\",\"@id\":\"https:\\\/\\\/pornmate.com\\\/de\\\/#\\\/schema\\\/logo\\\/image\\\/\",\"url\":\"https:\\\/\\\/pornmate.com\\\/de\\\/wp-content\\\/uploads\\\/2022\\\/11\\\/pornmate-1.png\",\"contentUrl\":\"https:\\\/\\\/pornmate.com\\\/de\\\/wp-content\\\/uploads\\\/2022\\\/11\\\/pornmate-1.png\",\"width\":203,\"height\":200,\"caption\":\"Besten Pornoseiten - Kostenlose Deutsche Pornos | PornMate.com\"},\"image\":{\"@id\":\"https:\\\/\\\/pornmate.com\\\/de\\\/#\\\/schema\\\/logo\\\/image\\\/\"}}]}<\/script>\n<!-- \/ Yoast SEO plugin. -->","yoast_head_json":{"title":"Tnaflix und Liste der besten Pornoseiten | PornMate","description":"TNAFlix.com ist eine der stylischen Pornoseiten auf der Falle, die 2008 gestartet wurde.","robots":{"index":"index","follow":"follow","max-snippet":"max-snippet:-1","max-image-preview":"max-image-preview:large","max-video-preview":"max-video-preview:-1"},"canonical":"https:\/\/pornmate.com\/de\/tnaflix","og_locale":"de_DE","og_type":"article","og_title":"Tnaflix und Liste der besten Pornoseiten | PornMate","og_description":"TNAFlix.com ist eine der stylischen Pornoseiten auf der Falle, die 2008 gestartet wurde.","og_url":"https:\/\/pornmate.com\/de\/tnaflix","og_site_name":"Besten Pornoseiten - Kostenlose Deutsche Pornos | PornMate.com","article_modified_time":"2022-11-23T13:54:02+00:00","twitter_card":"summary_large_image","twitter_misc":{"Gesch\u00e4tzte Lesezeit":"1\u00a0Minute"},"schema":{"@context":"https:\/\/schema.org","@graph":[{"@type":"WebPage","@id":"https:\/\/pornmate.com\/de\/tnaflix","url":"https:\/\/pornmate.com\/de\/tnaflix","name":"Tnaflix und Liste der besten Pornoseiten | PornMate","isPartOf":{"@id":"https:\/\/pornmate.com\/de\/#website"},"datePublished":"2020-03-24T09:38:40+00:00","dateModified":"2022-11-23T13:54:02+00:00","description":"TNAFlix.com ist eine der stylischen Pornoseiten auf der Falle, die 2008 gestartet wurde.","breadcrumb":{"@id":"https:\/\/pornmate.com\/de\/tnaflix#breadcrumb"},"inLanguage":"de","potentialAction":[{"@type":"ReadAction","target":["https:\/\/pornmate.com\/de\/tnaflix"]}]},{"@type":"BreadcrumbList","@id":"https:\/\/pornmate.com\/de\/tnaflix#breadcrumb","itemListElement":[{"@type":"ListItem","position":1,"name":"Startseite","item":"https:\/\/pornmate.com\/de"},{"@type":"ListItem","position":2,"name":"Tnaflix"}]},{"@type":"WebSite","@id":"https:\/\/pornmate.com\/de\/#website","url":"https:\/\/pornmate.com\/de\/","name":"Besten Pornoseiten - Kostenlose Deutsche Pornos | PornMate.com","description":"Kostenlose Pornos, ist Ihr Combo-Verzeichnis der besten gratis Pornoseiten, die Sie finden k\u00f6nnen, und das fantastische Seitenbewertungen, Kostenlose Deutsche sex Biografien von Pornostars und ihre xxx Freie Porno videos unter einem Dach pr\u00e4sentiert.","publisher":{"@id":"https:\/\/pornmate.com\/de\/#organization"},"potentialAction":[{"@type":"SearchAction","target":{"@type":"EntryPoint","urlTemplate":"https:\/\/pornmate.com\/de\/?s={search_term_string}"},"query-input":{"@type":"PropertyValueSpecification","valueRequired":true,"valueName":"search_term_string"}}],"inLanguage":"de"},{"@type":"Organization","@id":"https:\/\/pornmate.com\/de\/#organization","name":"Besten Pornoseiten - Kostenlose Deutsche Pornos | PornMate.com","url":"https:\/\/pornmate.com\/de\/","logo":{"@type":"ImageObject","inLanguage":"de","@id":"https:\/\/pornmate.com\/de\/#\/schema\/logo\/image\/","url":"https:\/\/pornmate.com\/de\/wp-content\/uploads\/2022\/11\/pornmate-1.png","contentUrl":"https:\/\/pornmate.com\/de\/wp-content\/uploads\/2022\/11\/pornmate-1.png","width":203,"height":200,"caption":"Besten Pornoseiten - Kostenlose Deutsche Pornos | PornMate.com"},"image":{"@id":"https:\/\/pornmate.com\/de\/#\/schema\/logo\/image\/"}}]}},"_links":{"self":[{"href":"https:\/\/pornmate.com\/de\/wp-json\/wp\/v2\/pages\/7506","targetHints":{"allow":["GET"]}}],"collection":[{"href":"https:\/\/pornmate.com\/de\/wp-json\/wp\/v2\/pages"}],"about":[{"href":"https:\/\/pornmate.com\/de\/wp-json\/wp\/v2\/types\/page"}],"author":[{"embeddable":true,"href":"https:\/\/pornmate.com\/de\/wp-json\/wp\/v2\/users\/1"}],"replies":[{"embeddable":true,"href":"https:\/\/pornmate.com\/de\/wp-json\/wp\/v2\/comments?post=7506"}],"version-history":[{"count":0,"href":"https:\/\/pornmate.com\/de\/wp-json\/wp\/v2\/pages\/7506\/revisions"}],"wp:attachment":[{"href":"https:\/\/pornmate.com\/de\/wp-json\/wp\/v2\/media?parent=7506"}],"curies":[{"name":"wp","href":"https:\/\/api.w.org\/{rel}","templated":true}]}}