{"id":7508,"date":"2020-03-24T09:42:53","date_gmt":"2020-03-24T09:42:53","guid":{"rendered":"https:\/\/pornmate.com\/?page_id=7508"},"modified":"2022-11-23T14:49:41","modified_gmt":"2022-11-23T13:49:41","slug":"porn-com","status":"publish","type":"page","link":"https:\/\/pornmate.com\/de\/porn-com","title":{"rendered":"Porn.com"},"content":{"rendered":"<p>Porn.com ist eine Website, die 2008 gestartet wurde und sich in den letzten 12 Jahren den Ruf erworben hat, unter allen kostenlosen Pornoseiten, die auf der Falle eingerichtet werden k\u00f6nnen, die denkbar gr\u00f6\u00dfte Sammlung von XXX-Videos f\u00fcr Erwachsene zu sein.<br \/>\nAva Addams, Brandi Love, Kendra Lust und zahlreiche Pornostars sind dann ein einziges Argument und es ist Ihr Gl\u00fcck und Ihre Erfahrung. Jeden Tag kommen Tausende und Abertausende zum Porno, aber es ist wirklich zweifelhaft, dass einer von ihnen gehen wird, ohne zu rauschen oder eine monumentale, massive Ladung zu schie\u00dfen. AufPorn.com gibt es Hunderte und Aberhunderte von nicht identischen Kategorien, und da sie alle alphabetisch sortiert sind, ist es bereit, den Inhalt zu erkennen, der am meisten anregt. Egal, ob Sie es lieben, einer hei\u00dfen Frau zuzusehen, wie sie bei einem Dreier mit zwei M\u00e4nnern total schelmisch wird, oder ob Sie es lieben, jugendlichen japanischen Dienstm\u00e4dchen mit haarigen Haaren und zerbrechlichen Titten einen runterzuholen, stellen Sie sicher, dass es Videos wie dieses gibt, die Sie jedes Mal besuchen werden Sie beschlie\u00dfen zu kommen und sich zu entspannen.<\/p>\n","protected":false},"excerpt":{"rendered":"<p>Porn.com ist eine Website, die 2008 gestartet wurde und sich in den letzten 12 Jahren den Ruf erworben hat, unter allen kostenlosen Pornoseiten, die auf der Falle eingerichtet werden k\u00f6nnen, die denkbar gr\u00f6\u00dfte Sammlung von XXX-Videos f\u00fcr Erwachsene zu sein. Ava Addams, Brandi Love, Kendra Lust und zahlreiche Pornostars sind dann ein einziges Argument und [&hellip;]<\/p>\n","protected":false},"author":1,"featured_media":0,"parent":0,"menu_order":0,"comment_status":"closed","ping_status":"closed","template":"page-star-stil.php","meta":{"footnotes":""},"class_list":["post-7508","page","type-page","status-publish","hentry"],"yoast_head":"<!-- This site is optimized with the Yoast SEO plugin v27.4 - https:\/\/yoast.com\/product\/yoast-seo-wordpress\/ -->\n<title>Porn.com und Liste der besten Pornoseiten | PornMate<\/title>\n<meta name=\"description\" content=\"Porn.com ist eine Website, die 2008 gestartet wurde und sich in den letzten 12 Jahren den Ruf erworben hat, unter allen kostenlosen Pornoseiten, die auf der Falle eingerichtet werden k\u00f6nnen, die denkbar gr\u00f6\u00dfte Sammlung von XXX-Videos f\u00fcr Erwachsene zu sein.\" \/>\n<meta name=\"robots\" content=\"index, follow, max-snippet:-1, max-image-preview:large, max-video-preview:-1\" \/>\n<link rel=\"canonical\" href=\"https:\/\/pornmate.com\/de\/porn-com\" \/>\n<meta property=\"og:locale\" content=\"de_DE\" \/>\n<meta property=\"og:type\" content=\"article\" \/>\n<meta property=\"og:title\" content=\"Porn.com und Liste der besten Pornoseiten | PornMate\" \/>\n<meta property=\"og:description\" content=\"Porn.com ist eine Website, die 2008 gestartet wurde und sich in den letzten 12 Jahren den Ruf erworben hat, unter allen kostenlosen Pornoseiten, die auf der Falle eingerichtet werden k\u00f6nnen, die denkbar gr\u00f6\u00dfte Sammlung von XXX-Videos f\u00fcr Erwachsene zu sein.\" \/>\n<meta property=\"og:url\" content=\"https:\/\/pornmate.com\/de\/porn-com\" \/>\n<meta property=\"og:site_name\" content=\"Besten Pornoseiten - Kostenlose Deutsche Pornos | PornMate.com\" \/>\n<meta property=\"article:modified_time\" content=\"2022-11-23T13:49:41+00:00\" \/>\n<meta name=\"twitter:card\" content=\"summary_large_image\" \/>\n<meta name=\"twitter:label1\" content=\"Gesch\u00e4tzte Lesezeit\" \/>\n\t<meta name=\"twitter:data1\" content=\"1\u00a0Minute\" \/>\n<script type=\"application\/ld+json\" class=\"yoast-schema-graph\">{\"@context\":\"https:\\\/\\\/schema.org\",\"@graph\":[{\"@type\":\"WebPage\",\"@id\":\"https:\\\/\\\/pornmate.com\\\/de\\\/porn-com\",\"url\":\"https:\\\/\\\/pornmate.com\\\/de\\\/porn-com\",\"name\":\"Porn.com und Liste der besten Pornoseiten | PornMate\",\"isPartOf\":{\"@id\":\"https:\\\/\\\/pornmate.com\\\/de\\\/#website\"},\"datePublished\":\"2020-03-24T09:42:53+00:00\",\"dateModified\":\"2022-11-23T13:49:41+00:00\",\"description\":\"Porn.com ist eine Website, die 2008 gestartet wurde und sich in den letzten 12 Jahren den Ruf erworben hat, unter allen kostenlosen Pornoseiten, die auf der Falle eingerichtet werden k\u00f6nnen, die denkbar gr\u00f6\u00dfte Sammlung von XXX-Videos f\u00fcr Erwachsene zu sein.\",\"breadcrumb\":{\"@id\":\"https:\\\/\\\/pornmate.com\\\/de\\\/porn-com#breadcrumb\"},\"inLanguage\":\"de\",\"potentialAction\":[{\"@type\":\"ReadAction\",\"target\":[\"https:\\\/\\\/pornmate.com\\\/de\\\/porn-com\"]}]},{\"@type\":\"BreadcrumbList\",\"@id\":\"https:\\\/\\\/pornmate.com\\\/de\\\/porn-com#breadcrumb\",\"itemListElement\":[{\"@type\":\"ListItem\",\"position\":1,\"name\":\"Startseite\",\"item\":\"https:\\\/\\\/pornmate.com\\\/de\"},{\"@type\":\"ListItem\",\"position\":2,\"name\":\"Porn.com\"}]},{\"@type\":\"WebSite\",\"@id\":\"https:\\\/\\\/pornmate.com\\\/de\\\/#website\",\"url\":\"https:\\\/\\\/pornmate.com\\\/de\\\/\",\"name\":\"Besten Pornoseiten - Kostenlose Deutsche Pornos | PornMate.com\",\"description\":\"Kostenlose Pornos, ist Ihr Combo-Verzeichnis der besten gratis Pornoseiten, die Sie finden k\u00f6nnen, und das fantastische Seitenbewertungen, Kostenlose Deutsche sex Biografien von Pornostars und ihre xxx Freie Porno videos unter einem Dach pr\u00e4sentiert.\",\"publisher\":{\"@id\":\"https:\\\/\\\/pornmate.com\\\/de\\\/#organization\"},\"potentialAction\":[{\"@type\":\"SearchAction\",\"target\":{\"@type\":\"EntryPoint\",\"urlTemplate\":\"https:\\\/\\\/pornmate.com\\\/de\\\/?s={search_term_string}\"},\"query-input\":{\"@type\":\"PropertyValueSpecification\",\"valueRequired\":true,\"valueName\":\"search_term_string\"}}],\"inLanguage\":\"de\"},{\"@type\":\"Organization\",\"@id\":\"https:\\\/\\\/pornmate.com\\\/de\\\/#organization\",\"name\":\"Besten Pornoseiten - Kostenlose Deutsche Pornos | PornMate.com\",\"url\":\"https:\\\/\\\/pornmate.com\\\/de\\\/\",\"logo\":{\"@type\":\"ImageObject\",\"inLanguage\":\"de\",\"@id\":\"https:\\\/\\\/pornmate.com\\\/de\\\/#\\\/schema\\\/logo\\\/image\\\/\",\"url\":\"https:\\\/\\\/pornmate.com\\\/de\\\/wp-content\\\/uploads\\\/2022\\\/11\\\/pornmate-1.png\",\"contentUrl\":\"https:\\\/\\\/pornmate.com\\\/de\\\/wp-content\\\/uploads\\\/2022\\\/11\\\/pornmate-1.png\",\"width\":203,\"height\":200,\"caption\":\"Besten Pornoseiten - Kostenlose Deutsche Pornos | PornMate.com\"},\"image\":{\"@id\":\"https:\\\/\\\/pornmate.com\\\/de\\\/#\\\/schema\\\/logo\\\/image\\\/\"}}]}<\/script>\n<!-- \/ Yoast SEO plugin. -->","yoast_head_json":{"title":"Porn.com und Liste der besten Pornoseiten | PornMate","description":"Porn.com ist eine Website, die 2008 gestartet wurde und sich in den letzten 12 Jahren den Ruf erworben hat, unter allen kostenlosen Pornoseiten, die auf der Falle eingerichtet werden k\u00f6nnen, die denkbar gr\u00f6\u00dfte Sammlung von XXX-Videos f\u00fcr Erwachsene zu sein.","robots":{"index":"index","follow":"follow","max-snippet":"max-snippet:-1","max-image-preview":"max-image-preview:large","max-video-preview":"max-video-preview:-1"},"canonical":"https:\/\/pornmate.com\/de\/porn-com","og_locale":"de_DE","og_type":"article","og_title":"Porn.com und Liste der besten Pornoseiten | PornMate","og_description":"Porn.com ist eine Website, die 2008 gestartet wurde und sich in den letzten 12 Jahren den Ruf erworben hat, unter allen kostenlosen Pornoseiten, die auf der Falle eingerichtet werden k\u00f6nnen, die denkbar gr\u00f6\u00dfte Sammlung von XXX-Videos f\u00fcr Erwachsene zu sein.","og_url":"https:\/\/pornmate.com\/de\/porn-com","og_site_name":"Besten Pornoseiten - Kostenlose Deutsche Pornos | PornMate.com","article_modified_time":"2022-11-23T13:49:41+00:00","twitter_card":"summary_large_image","twitter_misc":{"Gesch\u00e4tzte Lesezeit":"1\u00a0Minute"},"schema":{"@context":"https:\/\/schema.org","@graph":[{"@type":"WebPage","@id":"https:\/\/pornmate.com\/de\/porn-com","url":"https:\/\/pornmate.com\/de\/porn-com","name":"Porn.com und Liste der besten Pornoseiten | PornMate","isPartOf":{"@id":"https:\/\/pornmate.com\/de\/#website"},"datePublished":"2020-03-24T09:42:53+00:00","dateModified":"2022-11-23T13:49:41+00:00","description":"Porn.com ist eine Website, die 2008 gestartet wurde und sich in den letzten 12 Jahren den Ruf erworben hat, unter allen kostenlosen Pornoseiten, die auf der Falle eingerichtet werden k\u00f6nnen, die denkbar gr\u00f6\u00dfte Sammlung von XXX-Videos f\u00fcr Erwachsene zu sein.","breadcrumb":{"@id":"https:\/\/pornmate.com\/de\/porn-com#breadcrumb"},"inLanguage":"de","potentialAction":[{"@type":"ReadAction","target":["https:\/\/pornmate.com\/de\/porn-com"]}]},{"@type":"BreadcrumbList","@id":"https:\/\/pornmate.com\/de\/porn-com#breadcrumb","itemListElement":[{"@type":"ListItem","position":1,"name":"Startseite","item":"https:\/\/pornmate.com\/de"},{"@type":"ListItem","position":2,"name":"Porn.com"}]},{"@type":"WebSite","@id":"https:\/\/pornmate.com\/de\/#website","url":"https:\/\/pornmate.com\/de\/","name":"Besten Pornoseiten - Kostenlose Deutsche Pornos | PornMate.com","description":"Kostenlose Pornos, ist Ihr Combo-Verzeichnis der besten gratis Pornoseiten, die Sie finden k\u00f6nnen, und das fantastische Seitenbewertungen, Kostenlose Deutsche sex Biografien von Pornostars und ihre xxx Freie Porno videos unter einem Dach pr\u00e4sentiert.","publisher":{"@id":"https:\/\/pornmate.com\/de\/#organization"},"potentialAction":[{"@type":"SearchAction","target":{"@type":"EntryPoint","urlTemplate":"https:\/\/pornmate.com\/de\/?s={search_term_string}"},"query-input":{"@type":"PropertyValueSpecification","valueRequired":true,"valueName":"search_term_string"}}],"inLanguage":"de"},{"@type":"Organization","@id":"https:\/\/pornmate.com\/de\/#organization","name":"Besten Pornoseiten - Kostenlose Deutsche Pornos | PornMate.com","url":"https:\/\/pornmate.com\/de\/","logo":{"@type":"ImageObject","inLanguage":"de","@id":"https:\/\/pornmate.com\/de\/#\/schema\/logo\/image\/","url":"https:\/\/pornmate.com\/de\/wp-content\/uploads\/2022\/11\/pornmate-1.png","contentUrl":"https:\/\/pornmate.com\/de\/wp-content\/uploads\/2022\/11\/pornmate-1.png","width":203,"height":200,"caption":"Besten Pornoseiten - Kostenlose Deutsche Pornos | PornMate.com"},"image":{"@id":"https:\/\/pornmate.com\/de\/#\/schema\/logo\/image\/"}}]}},"_links":{"self":[{"href":"https:\/\/pornmate.com\/de\/wp-json\/wp\/v2\/pages\/7508","targetHints":{"allow":["GET"]}}],"collection":[{"href":"https:\/\/pornmate.com\/de\/wp-json\/wp\/v2\/pages"}],"about":[{"href":"https:\/\/pornmate.com\/de\/wp-json\/wp\/v2\/types\/page"}],"author":[{"embeddable":true,"href":"https:\/\/pornmate.com\/de\/wp-json\/wp\/v2\/users\/1"}],"replies":[{"embeddable":true,"href":"https:\/\/pornmate.com\/de\/wp-json\/wp\/v2\/comments?post=7508"}],"version-history":[{"count":0,"href":"https:\/\/pornmate.com\/de\/wp-json\/wp\/v2\/pages\/7508\/revisions"}],"wp:attachment":[{"href":"https:\/\/pornmate.com\/de\/wp-json\/wp\/v2\/media?parent=7508"}],"curies":[{"name":"wp","href":"https:\/\/api.w.org\/{rel}","templated":true}]}}