{"id":7510,"date":"2020-03-24T09:46:55","date_gmt":"2020-03-24T09:46:55","guid":{"rendered":"https:\/\/pornmate.com\/?page_id=7510"},"modified":"2022-11-23T14:48:07","modified_gmt":"2022-11-23T13:48:07","slug":"xnxx","status":"publish","type":"page","link":"https:\/\/pornmate.com\/de\/xnxx","title":{"rendered":"Xnxx"},"content":{"rendered":"<p>XNXX.com ist bei weitem die inhaltsreichste kostenlose Porno-Tube-Site im Internet. Denn es stehen \u00fcber zehn Millionen Videos zur Verf\u00fcgung. Wenn Sie zum Beispiel Filme sehen m\u00f6chten, die von einem ber\u00fchmten Pornostar Dani Daniels gedreht wurden, gibt es bis zu 9.122 verschiedene Videos dieser leckeren Puppe, die die b\u00f6sen Dinge tut, die uns alle dazu bringen, sie so sehr zu lieben. Nat\u00fcrlich ist sie nicht der einzige Star in XNXX, denn es gibt \u00fcber 7400 b\u00f6se M\u00e4dchen, die gerne sehen w\u00fcrden, wie b\u00f6se und b\u00f6se sie sind. Es gibt jede Menge gro\u00dfartiger Bilder f\u00fcr diejenigen, die gerne einen Moment in Pornos festhalten, und diejenigen unter Ihnen, die gerne schmutzige Geschichten lesen, werden davon profitieren, dass es einen speziellen Tab f\u00fcr Sexgeschichten gibt. Da XNXX eine gro\u00dfe Community von Pornofans aufgebaut hat, verf\u00fcgt die Website sogar \u00fcber ein Forum, in dem Website-Besucher chatten und \u00fcber eine Vielzahl von Themen kommunizieren, die sie interessieren. Abgesehen davon gibt es auch die Registerkarte Spiele f\u00fcr diejenigen, die gerne ungezogene Pornospiele bequem von ihrem Zimmer aus spielen.<\/p>\n","protected":false},"excerpt":{"rendered":"<p>XNXX.com ist bei weitem die inhaltsreichste kostenlose Porno-Tube-Site im Internet. Denn es stehen \u00fcber zehn Millionen Videos zur Verf\u00fcgung. Wenn Sie zum Beispiel Filme sehen m\u00f6chten, die von einem ber\u00fchmten Pornostar Dani Daniels gedreht wurden, gibt es bis zu 9.122 verschiedene Videos dieser leckeren Puppe, die die b\u00f6sen Dinge tut, die uns alle dazu bringen, [&hellip;]<\/p>\n","protected":false},"author":1,"featured_media":0,"parent":0,"menu_order":0,"comment_status":"closed","ping_status":"closed","template":"page-star-stil.php","meta":{"footnotes":""},"class_list":["post-7510","page","type-page","status-publish","hentry"],"yoast_head":"<!-- This site is optimized with the Yoast SEO plugin v27.2 - https:\/\/yoast.com\/product\/yoast-seo-wordpress\/ -->\n<title>Xnxx und Liste der besten Pornoseiten | PornMate<\/title>\n<meta name=\"description\" content=\"XNXX.com ist bei weitem die inhaltsreichste kostenlose Porno-Tube-Site im Internet. Denn es stehen \u00fcber zehn Millionen Videos zur Verf\u00fcgung. Wenn Sie zum Beispiel Filme sehen m\u00f6chten, die von einem ber\u00fchmten Pornostar Dani Daniels gedreht wurden, gibt es bis zu 9.122 verschiedene Videos dieser leckeren Puppe, die die b\u00f6sen Dinge tut, die uns alle dazu bringen, sie so sehr zu lieben.\" \/>\n<meta name=\"robots\" content=\"index, follow, max-snippet:-1, max-image-preview:large, max-video-preview:-1\" \/>\n<link rel=\"canonical\" href=\"https:\/\/pornmate.com\/de\/xnxx\" \/>\n<meta property=\"og:locale\" content=\"de_DE\" \/>\n<meta property=\"og:type\" content=\"article\" \/>\n<meta property=\"og:title\" content=\"Xnxx und Liste der besten Pornoseiten | PornMate\" \/>\n<meta property=\"og:description\" content=\"XNXX.com ist bei weitem die inhaltsreichste kostenlose Porno-Tube-Site im Internet. Denn es stehen \u00fcber zehn Millionen Videos zur Verf\u00fcgung. Wenn Sie zum Beispiel Filme sehen m\u00f6chten, die von einem ber\u00fchmten Pornostar Dani Daniels gedreht wurden, gibt es bis zu 9.122 verschiedene Videos dieser leckeren Puppe, die die b\u00f6sen Dinge tut, die uns alle dazu bringen, sie so sehr zu lieben.\" \/>\n<meta property=\"og:url\" content=\"https:\/\/pornmate.com\/de\/xnxx\" \/>\n<meta property=\"og:site_name\" content=\"Besten Pornoseiten - Kostenlose Deutsche Pornos | PornMate.com\" \/>\n<meta property=\"article:modified_time\" content=\"2022-11-23T13:48:07+00:00\" \/>\n<meta name=\"twitter:card\" content=\"summary_large_image\" \/>\n<meta name=\"twitter:label1\" content=\"Gesch\u00e4tzte Lesezeit\" \/>\n\t<meta name=\"twitter:data1\" content=\"1\u00a0Minute\" \/>\n<script type=\"application\/ld+json\" class=\"yoast-schema-graph\">{\"@context\":\"https:\/\/schema.org\",\"@graph\":[{\"@type\":\"WebPage\",\"@id\":\"https:\/\/pornmate.com\/de\/xnxx\",\"url\":\"https:\/\/pornmate.com\/de\/xnxx\",\"name\":\"Xnxx und Liste der besten Pornoseiten | PornMate\",\"isPartOf\":{\"@id\":\"https:\/\/pornmate.com\/de\/#website\"},\"datePublished\":\"2020-03-24T09:46:55+00:00\",\"dateModified\":\"2022-11-23T13:48:07+00:00\",\"description\":\"XNXX.com ist bei weitem die inhaltsreichste kostenlose Porno-Tube-Site im Internet. Denn es stehen \u00fcber zehn Millionen Videos zur Verf\u00fcgung. Wenn Sie zum Beispiel Filme sehen m\u00f6chten, die von einem ber\u00fchmten Pornostar Dani Daniels gedreht wurden, gibt es bis zu 9.122 verschiedene Videos dieser leckeren Puppe, die die b\u00f6sen Dinge tut, die uns alle dazu bringen, sie so sehr zu lieben.\",\"breadcrumb\":{\"@id\":\"https:\/\/pornmate.com\/de\/xnxx#breadcrumb\"},\"inLanguage\":\"de\",\"potentialAction\":[{\"@type\":\"ReadAction\",\"target\":[\"https:\/\/pornmate.com\/de\/xnxx\"]}]},{\"@type\":\"BreadcrumbList\",\"@id\":\"https:\/\/pornmate.com\/de\/xnxx#breadcrumb\",\"itemListElement\":[{\"@type\":\"ListItem\",\"position\":1,\"name\":\"Startseite\",\"item\":\"https:\/\/pornmate.com\/de\"},{\"@type\":\"ListItem\",\"position\":2,\"name\":\"Xnxx\"}]},{\"@type\":\"WebSite\",\"@id\":\"https:\/\/pornmate.com\/de\/#website\",\"url\":\"https:\/\/pornmate.com\/de\/\",\"name\":\"Besten Pornoseiten - Kostenlose Deutsche Pornos | PornMate.com\",\"description\":\"Kostenlose Pornos, ist Ihr Combo-Verzeichnis der besten gratis Pornoseiten, die Sie finden k\u00f6nnen, und das fantastische Seitenbewertungen, Kostenlose Deutsche sex Biografien von Pornostars und ihre xxx Freie Porno videos unter einem Dach pr\u00e4sentiert.\",\"publisher\":{\"@id\":\"https:\/\/pornmate.com\/de\/#organization\"},\"potentialAction\":[{\"@type\":\"SearchAction\",\"target\":{\"@type\":\"EntryPoint\",\"urlTemplate\":\"https:\/\/pornmate.com\/de\/?s={search_term_string}\"},\"query-input\":{\"@type\":\"PropertyValueSpecification\",\"valueRequired\":true,\"valueName\":\"search_term_string\"}}],\"inLanguage\":\"de\"},{\"@type\":\"Organization\",\"@id\":\"https:\/\/pornmate.com\/de\/#organization\",\"name\":\"Besten Pornoseiten - Kostenlose Deutsche Pornos | PornMate.com\",\"url\":\"https:\/\/pornmate.com\/de\/\",\"logo\":{\"@type\":\"ImageObject\",\"inLanguage\":\"de\",\"@id\":\"https:\/\/pornmate.com\/de\/#\/schema\/logo\/image\/\",\"url\":\"https:\/\/pornmate.com\/de\/wp-content\/uploads\/2022\/11\/pornmate-1.png\",\"contentUrl\":\"https:\/\/pornmate.com\/de\/wp-content\/uploads\/2022\/11\/pornmate-1.png\",\"width\":203,\"height\":200,\"caption\":\"Besten Pornoseiten - Kostenlose Deutsche Pornos | PornMate.com\"},\"image\":{\"@id\":\"https:\/\/pornmate.com\/de\/#\/schema\/logo\/image\/\"}}]}<\/script>\n<!-- \/ Yoast SEO plugin. -->","yoast_head_json":{"title":"Xnxx und Liste der besten Pornoseiten | PornMate","description":"XNXX.com ist bei weitem die inhaltsreichste kostenlose Porno-Tube-Site im Internet. Denn es stehen \u00fcber zehn Millionen Videos zur Verf\u00fcgung. Wenn Sie zum Beispiel Filme sehen m\u00f6chten, die von einem ber\u00fchmten Pornostar Dani Daniels gedreht wurden, gibt es bis zu 9.122 verschiedene Videos dieser leckeren Puppe, die die b\u00f6sen Dinge tut, die uns alle dazu bringen, sie so sehr zu lieben.","robots":{"index":"index","follow":"follow","max-snippet":"max-snippet:-1","max-image-preview":"max-image-preview:large","max-video-preview":"max-video-preview:-1"},"canonical":"https:\/\/pornmate.com\/de\/xnxx","og_locale":"de_DE","og_type":"article","og_title":"Xnxx und Liste der besten Pornoseiten | PornMate","og_description":"XNXX.com ist bei weitem die inhaltsreichste kostenlose Porno-Tube-Site im Internet. Denn es stehen \u00fcber zehn Millionen Videos zur Verf\u00fcgung. Wenn Sie zum Beispiel Filme sehen m\u00f6chten, die von einem ber\u00fchmten Pornostar Dani Daniels gedreht wurden, gibt es bis zu 9.122 verschiedene Videos dieser leckeren Puppe, die die b\u00f6sen Dinge tut, die uns alle dazu bringen, sie so sehr zu lieben.","og_url":"https:\/\/pornmate.com\/de\/xnxx","og_site_name":"Besten Pornoseiten - Kostenlose Deutsche Pornos | PornMate.com","article_modified_time":"2022-11-23T13:48:07+00:00","twitter_card":"summary_large_image","twitter_misc":{"Gesch\u00e4tzte Lesezeit":"1\u00a0Minute"},"schema":{"@context":"https:\/\/schema.org","@graph":[{"@type":"WebPage","@id":"https:\/\/pornmate.com\/de\/xnxx","url":"https:\/\/pornmate.com\/de\/xnxx","name":"Xnxx und Liste der besten Pornoseiten | PornMate","isPartOf":{"@id":"https:\/\/pornmate.com\/de\/#website"},"datePublished":"2020-03-24T09:46:55+00:00","dateModified":"2022-11-23T13:48:07+00:00","description":"XNXX.com ist bei weitem die inhaltsreichste kostenlose Porno-Tube-Site im Internet. Denn es stehen \u00fcber zehn Millionen Videos zur Verf\u00fcgung. Wenn Sie zum Beispiel Filme sehen m\u00f6chten, die von einem ber\u00fchmten Pornostar Dani Daniels gedreht wurden, gibt es bis zu 9.122 verschiedene Videos dieser leckeren Puppe, die die b\u00f6sen Dinge tut, die uns alle dazu bringen, sie so sehr zu lieben.","breadcrumb":{"@id":"https:\/\/pornmate.com\/de\/xnxx#breadcrumb"},"inLanguage":"de","potentialAction":[{"@type":"ReadAction","target":["https:\/\/pornmate.com\/de\/xnxx"]}]},{"@type":"BreadcrumbList","@id":"https:\/\/pornmate.com\/de\/xnxx#breadcrumb","itemListElement":[{"@type":"ListItem","position":1,"name":"Startseite","item":"https:\/\/pornmate.com\/de"},{"@type":"ListItem","position":2,"name":"Xnxx"}]},{"@type":"WebSite","@id":"https:\/\/pornmate.com\/de\/#website","url":"https:\/\/pornmate.com\/de\/","name":"Besten Pornoseiten - Kostenlose Deutsche Pornos | PornMate.com","description":"Kostenlose Pornos, ist Ihr Combo-Verzeichnis der besten gratis Pornoseiten, die Sie finden k\u00f6nnen, und das fantastische Seitenbewertungen, Kostenlose Deutsche sex Biografien von Pornostars und ihre xxx Freie Porno videos unter einem Dach pr\u00e4sentiert.","publisher":{"@id":"https:\/\/pornmate.com\/de\/#organization"},"potentialAction":[{"@type":"SearchAction","target":{"@type":"EntryPoint","urlTemplate":"https:\/\/pornmate.com\/de\/?s={search_term_string}"},"query-input":{"@type":"PropertyValueSpecification","valueRequired":true,"valueName":"search_term_string"}}],"inLanguage":"de"},{"@type":"Organization","@id":"https:\/\/pornmate.com\/de\/#organization","name":"Besten Pornoseiten - Kostenlose Deutsche Pornos | PornMate.com","url":"https:\/\/pornmate.com\/de\/","logo":{"@type":"ImageObject","inLanguage":"de","@id":"https:\/\/pornmate.com\/de\/#\/schema\/logo\/image\/","url":"https:\/\/pornmate.com\/de\/wp-content\/uploads\/2022\/11\/pornmate-1.png","contentUrl":"https:\/\/pornmate.com\/de\/wp-content\/uploads\/2022\/11\/pornmate-1.png","width":203,"height":200,"caption":"Besten Pornoseiten - Kostenlose Deutsche Pornos | PornMate.com"},"image":{"@id":"https:\/\/pornmate.com\/de\/#\/schema\/logo\/image\/"}}]}},"_links":{"self":[{"href":"https:\/\/pornmate.com\/de\/wp-json\/wp\/v2\/pages\/7510","targetHints":{"allow":["GET"]}}],"collection":[{"href":"https:\/\/pornmate.com\/de\/wp-json\/wp\/v2\/pages"}],"about":[{"href":"https:\/\/pornmate.com\/de\/wp-json\/wp\/v2\/types\/page"}],"author":[{"embeddable":true,"href":"https:\/\/pornmate.com\/de\/wp-json\/wp\/v2\/users\/1"}],"replies":[{"embeddable":true,"href":"https:\/\/pornmate.com\/de\/wp-json\/wp\/v2\/comments?post=7510"}],"version-history":[{"count":0,"href":"https:\/\/pornmate.com\/de\/wp-json\/wp\/v2\/pages\/7510\/revisions"}],"wp:attachment":[{"href":"https:\/\/pornmate.com\/de\/wp-json\/wp\/v2\/media?parent=7510"}],"curies":[{"name":"wp","href":"https:\/\/api.w.org\/{rel}","templated":true}]}}