{"id":7517,"date":"2020-03-24T10:27:31","date_gmt":"2020-03-24T10:27:31","guid":{"rendered":"https:\/\/pornmate.com\/?page_id=7517"},"modified":"2020-03-24T10:27:31","modified_gmt":"2020-03-24T10:27:31","slug":"gfleaks","status":"publish","type":"page","link":"https:\/\/pornmate.com\/de\/gfleaks","title":{"rendered":"GfLeaks.com"},"content":{"rendered":"<p>Da das Design dieser Seite f\u00fcr die Navigation ausgelegt ist, k\u00f6nnen Sie ganz einfach navigieren, sodass Sie bequemer nach Inhalten suchen k\u00f6nnen. Es gibt Registerkarten f\u00fcr einige Titel auf der Seite. Zun\u00e4chst einmal haben wir eine Homepage voller Zeug. Wenn Sie beispielsweise zum Ende der Seite scrollen, sehen Sie die beliebtesten weiblichen Stars ganz unten, und wenn Sie nach oben scrollen, sehen Sie auch die derzeit beliebtesten Filme, was gro\u00dfartig ist. Weil einige Benutzer viel Zeit damit verbringen, was sie sich ansehen sollen, wenn sie eine neue Website betreten. Mit dieser Funktion k\u00f6nnen Sie ganz einfach zwischen beliebten Videos w\u00e4hlen und Zeit sparen. Ich meine, das zuf\u00e4llige Durchsuchen der Homepage ist wahrscheinlich das Beste, was sie tun k\u00f6nnen, oder? Was Sie unter jedem dieser Filme sehen werden, ist der Name des Films, die Namen der Schauspieler im Film und die Upload-Daten der Filme. Sie erhalten jedoch nicht wirklich eine kurze Vorschau des Films oder \u00e4hnliches, sondern vorerst ein einzelnes statisches Miniaturbild. Au\u00dferdem sieht es nicht so aus, als w\u00fcrde diese Seite in absehbarer Zeit aktualisiert, da der letzte Upload vor etwa einem Jahr stattfand. Dann, wenn Sie wirklich neugierig auf die Namen der M\u00e4dchen auf dieser Seite sind, dann sollten Sie zum Abschnitt &#8222;M\u00e4dchen&#8220; gehen und sehen, was los ist.<\/p>\n","protected":false},"excerpt":{"rendered":"<p>Da das Design dieser Seite f\u00fcr die Navigation ausgelegt ist, k\u00f6nnen Sie ganz einfach navigieren, sodass Sie bequemer nach Inhalten suchen k\u00f6nnen. Es gibt Registerkarten f\u00fcr einige Titel auf der Seite. Zun\u00e4chst einmal haben wir eine Homepage voller Zeug. Wenn Sie beispielsweise zum Ende der Seite scrollen, sehen Sie die beliebtesten weiblichen Stars ganz unten, [&hellip;]<\/p>\n","protected":false},"author":1,"featured_media":0,"parent":0,"menu_order":0,"comment_status":"closed","ping_status":"closed","template":"page-star-stil.php","meta":{"footnotes":""},"class_list":["post-7517","page","type-page","status-publish","hentry"],"yoast_head":"<!-- This site is optimized with the Yoast SEO plugin v27.4 - https:\/\/yoast.com\/product\/yoast-seo-wordpress\/ -->\n<title>GfLeaks.com und Liste der besten Pornoseiten | PornMate<\/title>\n<meta name=\"description\" content=\"Da das Design dieser Seite f\u00fcr die Navigation ausgelegt ist, k\u00f6nnen Sie ganz einfach navigieren, sodass Sie bequemer nach Inhalten suchen k\u00f6nnen. Es gibt Registerkarten f\u00fcr einige Titel auf der Seite.\" \/>\n<meta name=\"robots\" content=\"index, follow, max-snippet:-1, max-image-preview:large, max-video-preview:-1\" \/>\n<link rel=\"canonical\" href=\"https:\/\/pornmate.com\/de\/gfleaks\" \/>\n<meta property=\"og:locale\" content=\"de_DE\" \/>\n<meta property=\"og:type\" content=\"article\" \/>\n<meta property=\"og:title\" content=\"GfLeaks.com und Liste der besten Pornoseiten | PornMate\" \/>\n<meta property=\"og:description\" content=\"Da das Design dieser Seite f\u00fcr die Navigation ausgelegt ist, k\u00f6nnen Sie ganz einfach navigieren, sodass Sie bequemer nach Inhalten suchen k\u00f6nnen. Es gibt Registerkarten f\u00fcr einige Titel auf der Seite.\" \/>\n<meta property=\"og:url\" content=\"https:\/\/pornmate.com\/de\/gfleaks\" \/>\n<meta property=\"og:site_name\" content=\"Besten Pornoseiten - Kostenlose Deutsche Pornos | PornMate.com\" \/>\n<meta name=\"twitter:card\" content=\"summary_large_image\" \/>\n<meta name=\"twitter:label1\" content=\"Gesch\u00e4tzte Lesezeit\" \/>\n\t<meta name=\"twitter:data1\" content=\"2\u00a0Minuten\" \/>\n<script type=\"application\/ld+json\" class=\"yoast-schema-graph\">{\"@context\":\"https:\\\/\\\/schema.org\",\"@graph\":[{\"@type\":\"WebPage\",\"@id\":\"https:\\\/\\\/pornmate.com\\\/de\\\/gfleaks\",\"url\":\"https:\\\/\\\/pornmate.com\\\/de\\\/gfleaks\",\"name\":\"GfLeaks.com und Liste der besten Pornoseiten | PornMate\",\"isPartOf\":{\"@id\":\"https:\\\/\\\/pornmate.com\\\/de\\\/#website\"},\"datePublished\":\"2020-03-24T10:27:31+00:00\",\"description\":\"Da das Design dieser Seite f\u00fcr die Navigation ausgelegt ist, k\u00f6nnen Sie ganz einfach navigieren, sodass Sie bequemer nach Inhalten suchen k\u00f6nnen. Es gibt Registerkarten f\u00fcr einige Titel auf der Seite.\",\"breadcrumb\":{\"@id\":\"https:\\\/\\\/pornmate.com\\\/de\\\/gfleaks#breadcrumb\"},\"inLanguage\":\"de\",\"potentialAction\":[{\"@type\":\"ReadAction\",\"target\":[\"https:\\\/\\\/pornmate.com\\\/de\\\/gfleaks\"]}]},{\"@type\":\"BreadcrumbList\",\"@id\":\"https:\\\/\\\/pornmate.com\\\/de\\\/gfleaks#breadcrumb\",\"itemListElement\":[{\"@type\":\"ListItem\",\"position\":1,\"name\":\"Startseite\",\"item\":\"https:\\\/\\\/pornmate.com\\\/de\"},{\"@type\":\"ListItem\",\"position\":2,\"name\":\"GfLeaks.com\"}]},{\"@type\":\"WebSite\",\"@id\":\"https:\\\/\\\/pornmate.com\\\/de\\\/#website\",\"url\":\"https:\\\/\\\/pornmate.com\\\/de\\\/\",\"name\":\"Besten Pornoseiten - Kostenlose Deutsche Pornos | PornMate.com\",\"description\":\"Kostenlose Pornos, ist Ihr Combo-Verzeichnis der besten gratis Pornoseiten, die Sie finden k\u00f6nnen, und das fantastische Seitenbewertungen, Kostenlose Deutsche sex Biografien von Pornostars und ihre xxx Freie Porno videos unter einem Dach pr\u00e4sentiert.\",\"publisher\":{\"@id\":\"https:\\\/\\\/pornmate.com\\\/de\\\/#organization\"},\"potentialAction\":[{\"@type\":\"SearchAction\",\"target\":{\"@type\":\"EntryPoint\",\"urlTemplate\":\"https:\\\/\\\/pornmate.com\\\/de\\\/?s={search_term_string}\"},\"query-input\":{\"@type\":\"PropertyValueSpecification\",\"valueRequired\":true,\"valueName\":\"search_term_string\"}}],\"inLanguage\":\"de\"},{\"@type\":\"Organization\",\"@id\":\"https:\\\/\\\/pornmate.com\\\/de\\\/#organization\",\"name\":\"Besten Pornoseiten - Kostenlose Deutsche Pornos | PornMate.com\",\"url\":\"https:\\\/\\\/pornmate.com\\\/de\\\/\",\"logo\":{\"@type\":\"ImageObject\",\"inLanguage\":\"de\",\"@id\":\"https:\\\/\\\/pornmate.com\\\/de\\\/#\\\/schema\\\/logo\\\/image\\\/\",\"url\":\"https:\\\/\\\/pornmate.com\\\/de\\\/wp-content\\\/uploads\\\/2022\\\/11\\\/pornmate-1.png\",\"contentUrl\":\"https:\\\/\\\/pornmate.com\\\/de\\\/wp-content\\\/uploads\\\/2022\\\/11\\\/pornmate-1.png\",\"width\":203,\"height\":200,\"caption\":\"Besten Pornoseiten - Kostenlose Deutsche Pornos | PornMate.com\"},\"image\":{\"@id\":\"https:\\\/\\\/pornmate.com\\\/de\\\/#\\\/schema\\\/logo\\\/image\\\/\"}}]}<\/script>\n<!-- \/ Yoast SEO plugin. -->","yoast_head_json":{"title":"GfLeaks.com und Liste der besten Pornoseiten | PornMate","description":"Da das Design dieser Seite f\u00fcr die Navigation ausgelegt ist, k\u00f6nnen Sie ganz einfach navigieren, sodass Sie bequemer nach Inhalten suchen k\u00f6nnen. Es gibt Registerkarten f\u00fcr einige Titel auf der Seite.","robots":{"index":"index","follow":"follow","max-snippet":"max-snippet:-1","max-image-preview":"max-image-preview:large","max-video-preview":"max-video-preview:-1"},"canonical":"https:\/\/pornmate.com\/de\/gfleaks","og_locale":"de_DE","og_type":"article","og_title":"GfLeaks.com und Liste der besten Pornoseiten | PornMate","og_description":"Da das Design dieser Seite f\u00fcr die Navigation ausgelegt ist, k\u00f6nnen Sie ganz einfach navigieren, sodass Sie bequemer nach Inhalten suchen k\u00f6nnen. Es gibt Registerkarten f\u00fcr einige Titel auf der Seite.","og_url":"https:\/\/pornmate.com\/de\/gfleaks","og_site_name":"Besten Pornoseiten - Kostenlose Deutsche Pornos | PornMate.com","twitter_card":"summary_large_image","twitter_misc":{"Gesch\u00e4tzte Lesezeit":"2\u00a0Minuten"},"schema":{"@context":"https:\/\/schema.org","@graph":[{"@type":"WebPage","@id":"https:\/\/pornmate.com\/de\/gfleaks","url":"https:\/\/pornmate.com\/de\/gfleaks","name":"GfLeaks.com und Liste der besten Pornoseiten | PornMate","isPartOf":{"@id":"https:\/\/pornmate.com\/de\/#website"},"datePublished":"2020-03-24T10:27:31+00:00","description":"Da das Design dieser Seite f\u00fcr die Navigation ausgelegt ist, k\u00f6nnen Sie ganz einfach navigieren, sodass Sie bequemer nach Inhalten suchen k\u00f6nnen. Es gibt Registerkarten f\u00fcr einige Titel auf der Seite.","breadcrumb":{"@id":"https:\/\/pornmate.com\/de\/gfleaks#breadcrumb"},"inLanguage":"de","potentialAction":[{"@type":"ReadAction","target":["https:\/\/pornmate.com\/de\/gfleaks"]}]},{"@type":"BreadcrumbList","@id":"https:\/\/pornmate.com\/de\/gfleaks#breadcrumb","itemListElement":[{"@type":"ListItem","position":1,"name":"Startseite","item":"https:\/\/pornmate.com\/de"},{"@type":"ListItem","position":2,"name":"GfLeaks.com"}]},{"@type":"WebSite","@id":"https:\/\/pornmate.com\/de\/#website","url":"https:\/\/pornmate.com\/de\/","name":"Besten Pornoseiten - Kostenlose Deutsche Pornos | PornMate.com","description":"Kostenlose Pornos, ist Ihr Combo-Verzeichnis der besten gratis Pornoseiten, die Sie finden k\u00f6nnen, und das fantastische Seitenbewertungen, Kostenlose Deutsche sex Biografien von Pornostars und ihre xxx Freie Porno videos unter einem Dach pr\u00e4sentiert.","publisher":{"@id":"https:\/\/pornmate.com\/de\/#organization"},"potentialAction":[{"@type":"SearchAction","target":{"@type":"EntryPoint","urlTemplate":"https:\/\/pornmate.com\/de\/?s={search_term_string}"},"query-input":{"@type":"PropertyValueSpecification","valueRequired":true,"valueName":"search_term_string"}}],"inLanguage":"de"},{"@type":"Organization","@id":"https:\/\/pornmate.com\/de\/#organization","name":"Besten Pornoseiten - Kostenlose Deutsche Pornos | PornMate.com","url":"https:\/\/pornmate.com\/de\/","logo":{"@type":"ImageObject","inLanguage":"de","@id":"https:\/\/pornmate.com\/de\/#\/schema\/logo\/image\/","url":"https:\/\/pornmate.com\/de\/wp-content\/uploads\/2022\/11\/pornmate-1.png","contentUrl":"https:\/\/pornmate.com\/de\/wp-content\/uploads\/2022\/11\/pornmate-1.png","width":203,"height":200,"caption":"Besten Pornoseiten - Kostenlose Deutsche Pornos | PornMate.com"},"image":{"@id":"https:\/\/pornmate.com\/de\/#\/schema\/logo\/image\/"}}]}},"_links":{"self":[{"href":"https:\/\/pornmate.com\/de\/wp-json\/wp\/v2\/pages\/7517","targetHints":{"allow":["GET"]}}],"collection":[{"href":"https:\/\/pornmate.com\/de\/wp-json\/wp\/v2\/pages"}],"about":[{"href":"https:\/\/pornmate.com\/de\/wp-json\/wp\/v2\/types\/page"}],"author":[{"embeddable":true,"href":"https:\/\/pornmate.com\/de\/wp-json\/wp\/v2\/users\/1"}],"replies":[{"embeddable":true,"href":"https:\/\/pornmate.com\/de\/wp-json\/wp\/v2\/comments?post=7517"}],"version-history":[{"count":0,"href":"https:\/\/pornmate.com\/de\/wp-json\/wp\/v2\/pages\/7517\/revisions"}],"wp:attachment":[{"href":"https:\/\/pornmate.com\/de\/wp-json\/wp\/v2\/media?parent=7517"}],"curies":[{"name":"wp","href":"https:\/\/api.w.org\/{rel}","templated":true}]}}