{"id":7519,"date":"2020-03-24T10:30:30","date_gmt":"2020-03-24T10:30:30","guid":{"rendered":"https:\/\/pornmate.com\/?page_id=7519"},"modified":"2022-11-23T17:03:09","modified_gmt":"2022-11-23T16:03:09","slug":"evilangel","status":"publish","type":"page","link":"https:\/\/pornmate.com\/de\/evilangel","title":{"rendered":"EvilAngel.com"},"content":{"rendered":"<p>Durch Dr\u00fccken der roten Taste in der Mitte des Bildschirms gelangen Sie zur Hauptseite, die zeigt, was auf der Website passiert. Es gibt wirklich keinen Grund zu erkl\u00e4ren, was auf dieser Seite vor sich geht, da die erste Textzeile, die EvilAngel.com Ihnen zeigt, mehr als genug ist. Auf dieser Seite gibt es Videos, die komplett Hardcore-Pornos enthalten und Ihnen Vergn\u00fcgen auf hohem Niveau bieten. Die m\u00e4nnlichen Models dieser Website haben einige gro\u00dfe, fette Schw\u00e4nze und die M\u00e4dchen haben enorme Anal- und Schwanzlutschf\u00e4higkeiten, was gro\u00dfartig ist. Ber\u00fchmte Stars wie Jessa Rhodes, Jane Wilde, Kira Noir, Karma Rx und Angela White und mehr sind auf dieser Seite. Wenn Sie diese nicht in Schwung bringen, dann haben Sie ein Problem. Auf der Homepage dieser Website finden Sie jetzt oben auf der Seite eine Reihe von vorgestellten Videos. Wenn Sie zum Ende der Seite scrollen, finden Sie beliebte weibliche und m\u00e4nnliche Spieler, die auf der Seite verf\u00fcgbar sind. Konzentrieren wir uns nun noch einmal auf den oberen Teil der Website und sehen, dass es hier viele Header-Tabs gibt. Der erste ist den Videos gewidmet und der n\u00e4chste ist allen Pornostars auf dieser Website gewidmet. Dann gibt es sogar einen Abschnitt von EvilAngel, der Kan\u00e4len gewidmet ist, und einen Abschnitt \u00fcber Bilder, also erwarten Sie dort keine Videos. Zu guter Letzt gibt es dort auch einen Abschnitt &#8222;Live-Cams&#8220;. Hier sehen Sie die Personen, die live \u00fcbertragen.<\/p>\n","protected":false},"excerpt":{"rendered":"<p>Durch Dr\u00fccken der roten Taste in der Mitte des Bildschirms gelangen Sie zur Hauptseite, die zeigt, was auf der Website passiert. Es gibt wirklich keinen Grund zu erkl\u00e4ren, was auf dieser Seite vor sich geht, da die erste Textzeile, die EvilAngel.com Ihnen zeigt, mehr als genug ist. Auf dieser Seite gibt es Videos, die komplett [&hellip;]<\/p>\n","protected":false},"author":1,"featured_media":0,"parent":0,"menu_order":0,"comment_status":"closed","ping_status":"closed","template":"page-star-stil.php","meta":{"footnotes":""},"class_list":["post-7519","page","type-page","status-publish","hentry"],"yoast_head":"<!-- This site is optimized with the Yoast SEO plugin v27.4 - https:\/\/yoast.com\/product\/yoast-seo-wordpress\/ -->\n<title>EvilAngel.com und Liste der besten Pornoseiten | PornMate<\/title>\n<meta name=\"description\" content=\"Durch Dr\u00fccken der roten Taste in der Mitte des Bildschirms gelangen Sie zur Hauptseite, die zeigt, was auf der Website passiert. Es gibt wirklich keinen Grund zu erkl\u00e4ren, was auf dieser Seite vor sich geht, da die erste Textzeile, die EvilAngel.com Ihnen zeigt, mehr als genug ist. Auf dieser Seite gibt es Videos, die komplett Hardcore-Pornos enthalten und Ihnen Vergn\u00fcgen auf hohem Niveau bieten.\" \/>\n<meta name=\"robots\" content=\"index, follow, max-snippet:-1, max-image-preview:large, max-video-preview:-1\" \/>\n<link rel=\"canonical\" href=\"https:\/\/pornmate.com\/de\/evilangel\" \/>\n<meta property=\"og:locale\" content=\"de_DE\" \/>\n<meta property=\"og:type\" content=\"article\" \/>\n<meta property=\"og:title\" content=\"EvilAngel.com und Liste der besten Pornoseiten | PornMate\" \/>\n<meta property=\"og:description\" content=\"Durch Dr\u00fccken der roten Taste in der Mitte des Bildschirms gelangen Sie zur Hauptseite, die zeigt, was auf der Website passiert. Es gibt wirklich keinen Grund zu erkl\u00e4ren, was auf dieser Seite vor sich geht, da die erste Textzeile, die EvilAngel.com Ihnen zeigt, mehr als genug ist. Auf dieser Seite gibt es Videos, die komplett Hardcore-Pornos enthalten und Ihnen Vergn\u00fcgen auf hohem Niveau bieten.\" \/>\n<meta property=\"og:url\" content=\"https:\/\/pornmate.com\/de\/evilangel\" \/>\n<meta property=\"og:site_name\" content=\"Besten Pornoseiten - Kostenlose Deutsche Pornos | PornMate.com\" \/>\n<meta property=\"article:modified_time\" content=\"2022-11-23T16:03:09+00:00\" \/>\n<meta name=\"twitter:card\" content=\"summary_large_image\" \/>\n<meta name=\"twitter:label1\" content=\"Gesch\u00e4tzte Lesezeit\" \/>\n\t<meta name=\"twitter:data1\" content=\"2\u00a0Minuten\" \/>\n<script type=\"application\/ld+json\" class=\"yoast-schema-graph\">{\"@context\":\"https:\\\/\\\/schema.org\",\"@graph\":[{\"@type\":\"WebPage\",\"@id\":\"https:\\\/\\\/pornmate.com\\\/de\\\/evilangel\",\"url\":\"https:\\\/\\\/pornmate.com\\\/de\\\/evilangel\",\"name\":\"EvilAngel.com und Liste der besten Pornoseiten | PornMate\",\"isPartOf\":{\"@id\":\"https:\\\/\\\/pornmate.com\\\/de\\\/#website\"},\"datePublished\":\"2020-03-24T10:30:30+00:00\",\"dateModified\":\"2022-11-23T16:03:09+00:00\",\"description\":\"Durch Dr\u00fccken der roten Taste in der Mitte des Bildschirms gelangen Sie zur Hauptseite, die zeigt, was auf der Website passiert. Es gibt wirklich keinen Grund zu erkl\u00e4ren, was auf dieser Seite vor sich geht, da die erste Textzeile, die EvilAngel.com Ihnen zeigt, mehr als genug ist. Auf dieser Seite gibt es Videos, die komplett Hardcore-Pornos enthalten und Ihnen Vergn\u00fcgen auf hohem Niveau bieten.\",\"breadcrumb\":{\"@id\":\"https:\\\/\\\/pornmate.com\\\/de\\\/evilangel#breadcrumb\"},\"inLanguage\":\"de\",\"potentialAction\":[{\"@type\":\"ReadAction\",\"target\":[\"https:\\\/\\\/pornmate.com\\\/de\\\/evilangel\"]}]},{\"@type\":\"BreadcrumbList\",\"@id\":\"https:\\\/\\\/pornmate.com\\\/de\\\/evilangel#breadcrumb\",\"itemListElement\":[{\"@type\":\"ListItem\",\"position\":1,\"name\":\"Startseite\",\"item\":\"https:\\\/\\\/pornmate.com\\\/de\"},{\"@type\":\"ListItem\",\"position\":2,\"name\":\"EvilAngel.com\"}]},{\"@type\":\"WebSite\",\"@id\":\"https:\\\/\\\/pornmate.com\\\/de\\\/#website\",\"url\":\"https:\\\/\\\/pornmate.com\\\/de\\\/\",\"name\":\"Besten Pornoseiten - Kostenlose Deutsche Pornos | PornMate.com\",\"description\":\"Kostenlose Pornos, ist Ihr Combo-Verzeichnis der besten gratis Pornoseiten, die Sie finden k\u00f6nnen, und das fantastische Seitenbewertungen, Kostenlose Deutsche sex Biografien von Pornostars und ihre xxx Freie Porno videos unter einem Dach pr\u00e4sentiert.\",\"publisher\":{\"@id\":\"https:\\\/\\\/pornmate.com\\\/de\\\/#organization\"},\"potentialAction\":[{\"@type\":\"SearchAction\",\"target\":{\"@type\":\"EntryPoint\",\"urlTemplate\":\"https:\\\/\\\/pornmate.com\\\/de\\\/?s={search_term_string}\"},\"query-input\":{\"@type\":\"PropertyValueSpecification\",\"valueRequired\":true,\"valueName\":\"search_term_string\"}}],\"inLanguage\":\"de\"},{\"@type\":\"Organization\",\"@id\":\"https:\\\/\\\/pornmate.com\\\/de\\\/#organization\",\"name\":\"Besten Pornoseiten - Kostenlose Deutsche Pornos | PornMate.com\",\"url\":\"https:\\\/\\\/pornmate.com\\\/de\\\/\",\"logo\":{\"@type\":\"ImageObject\",\"inLanguage\":\"de\",\"@id\":\"https:\\\/\\\/pornmate.com\\\/de\\\/#\\\/schema\\\/logo\\\/image\\\/\",\"url\":\"https:\\\/\\\/pornmate.com\\\/de\\\/wp-content\\\/uploads\\\/2022\\\/11\\\/pornmate-1.png\",\"contentUrl\":\"https:\\\/\\\/pornmate.com\\\/de\\\/wp-content\\\/uploads\\\/2022\\\/11\\\/pornmate-1.png\",\"width\":203,\"height\":200,\"caption\":\"Besten Pornoseiten - Kostenlose Deutsche Pornos | PornMate.com\"},\"image\":{\"@id\":\"https:\\\/\\\/pornmate.com\\\/de\\\/#\\\/schema\\\/logo\\\/image\\\/\"}}]}<\/script>\n<!-- \/ Yoast SEO plugin. -->","yoast_head_json":{"title":"EvilAngel.com und Liste der besten Pornoseiten | PornMate","description":"Durch Dr\u00fccken der roten Taste in der Mitte des Bildschirms gelangen Sie zur Hauptseite, die zeigt, was auf der Website passiert. Es gibt wirklich keinen Grund zu erkl\u00e4ren, was auf dieser Seite vor sich geht, da die erste Textzeile, die EvilAngel.com Ihnen zeigt, mehr als genug ist. Auf dieser Seite gibt es Videos, die komplett Hardcore-Pornos enthalten und Ihnen Vergn\u00fcgen auf hohem Niveau bieten.","robots":{"index":"index","follow":"follow","max-snippet":"max-snippet:-1","max-image-preview":"max-image-preview:large","max-video-preview":"max-video-preview:-1"},"canonical":"https:\/\/pornmate.com\/de\/evilangel","og_locale":"de_DE","og_type":"article","og_title":"EvilAngel.com und Liste der besten Pornoseiten | PornMate","og_description":"Durch Dr\u00fccken der roten Taste in der Mitte des Bildschirms gelangen Sie zur Hauptseite, die zeigt, was auf der Website passiert. Es gibt wirklich keinen Grund zu erkl\u00e4ren, was auf dieser Seite vor sich geht, da die erste Textzeile, die EvilAngel.com Ihnen zeigt, mehr als genug ist. Auf dieser Seite gibt es Videos, die komplett Hardcore-Pornos enthalten und Ihnen Vergn\u00fcgen auf hohem Niveau bieten.","og_url":"https:\/\/pornmate.com\/de\/evilangel","og_site_name":"Besten Pornoseiten - Kostenlose Deutsche Pornos | PornMate.com","article_modified_time":"2022-11-23T16:03:09+00:00","twitter_card":"summary_large_image","twitter_misc":{"Gesch\u00e4tzte Lesezeit":"2\u00a0Minuten"},"schema":{"@context":"https:\/\/schema.org","@graph":[{"@type":"WebPage","@id":"https:\/\/pornmate.com\/de\/evilangel","url":"https:\/\/pornmate.com\/de\/evilangel","name":"EvilAngel.com und Liste der besten Pornoseiten | PornMate","isPartOf":{"@id":"https:\/\/pornmate.com\/de\/#website"},"datePublished":"2020-03-24T10:30:30+00:00","dateModified":"2022-11-23T16:03:09+00:00","description":"Durch Dr\u00fccken der roten Taste in der Mitte des Bildschirms gelangen Sie zur Hauptseite, die zeigt, was auf der Website passiert. Es gibt wirklich keinen Grund zu erkl\u00e4ren, was auf dieser Seite vor sich geht, da die erste Textzeile, die EvilAngel.com Ihnen zeigt, mehr als genug ist. Auf dieser Seite gibt es Videos, die komplett Hardcore-Pornos enthalten und Ihnen Vergn\u00fcgen auf hohem Niveau bieten.","breadcrumb":{"@id":"https:\/\/pornmate.com\/de\/evilangel#breadcrumb"},"inLanguage":"de","potentialAction":[{"@type":"ReadAction","target":["https:\/\/pornmate.com\/de\/evilangel"]}]},{"@type":"BreadcrumbList","@id":"https:\/\/pornmate.com\/de\/evilangel#breadcrumb","itemListElement":[{"@type":"ListItem","position":1,"name":"Startseite","item":"https:\/\/pornmate.com\/de"},{"@type":"ListItem","position":2,"name":"EvilAngel.com"}]},{"@type":"WebSite","@id":"https:\/\/pornmate.com\/de\/#website","url":"https:\/\/pornmate.com\/de\/","name":"Besten Pornoseiten - Kostenlose Deutsche Pornos | PornMate.com","description":"Kostenlose Pornos, ist Ihr Combo-Verzeichnis der besten gratis Pornoseiten, die Sie finden k\u00f6nnen, und das fantastische Seitenbewertungen, Kostenlose Deutsche sex Biografien von Pornostars und ihre xxx Freie Porno videos unter einem Dach pr\u00e4sentiert.","publisher":{"@id":"https:\/\/pornmate.com\/de\/#organization"},"potentialAction":[{"@type":"SearchAction","target":{"@type":"EntryPoint","urlTemplate":"https:\/\/pornmate.com\/de\/?s={search_term_string}"},"query-input":{"@type":"PropertyValueSpecification","valueRequired":true,"valueName":"search_term_string"}}],"inLanguage":"de"},{"@type":"Organization","@id":"https:\/\/pornmate.com\/de\/#organization","name":"Besten Pornoseiten - Kostenlose Deutsche Pornos | PornMate.com","url":"https:\/\/pornmate.com\/de\/","logo":{"@type":"ImageObject","inLanguage":"de","@id":"https:\/\/pornmate.com\/de\/#\/schema\/logo\/image\/","url":"https:\/\/pornmate.com\/de\/wp-content\/uploads\/2022\/11\/pornmate-1.png","contentUrl":"https:\/\/pornmate.com\/de\/wp-content\/uploads\/2022\/11\/pornmate-1.png","width":203,"height":200,"caption":"Besten Pornoseiten - Kostenlose Deutsche Pornos | PornMate.com"},"image":{"@id":"https:\/\/pornmate.com\/de\/#\/schema\/logo\/image\/"}}]}},"_links":{"self":[{"href":"https:\/\/pornmate.com\/de\/wp-json\/wp\/v2\/pages\/7519","targetHints":{"allow":["GET"]}}],"collection":[{"href":"https:\/\/pornmate.com\/de\/wp-json\/wp\/v2\/pages"}],"about":[{"href":"https:\/\/pornmate.com\/de\/wp-json\/wp\/v2\/types\/page"}],"author":[{"embeddable":true,"href":"https:\/\/pornmate.com\/de\/wp-json\/wp\/v2\/users\/1"}],"replies":[{"embeddable":true,"href":"https:\/\/pornmate.com\/de\/wp-json\/wp\/v2\/comments?post=7519"}],"version-history":[{"count":0,"href":"https:\/\/pornmate.com\/de\/wp-json\/wp\/v2\/pages\/7519\/revisions"}],"wp:attachment":[{"href":"https:\/\/pornmate.com\/de\/wp-json\/wp\/v2\/media?parent=7519"}],"curies":[{"name":"wp","href":"https:\/\/api.w.org\/{rel}","templated":true}]}}