{"id":7521,"date":"2020-03-24T10:33:52","date_gmt":"2020-03-24T10:33:52","guid":{"rendered":"https:\/\/pornmate.com\/?page_id=7521"},"modified":"2022-11-24T13:49:41","modified_gmt":"2022-11-24T12:49:41","slug":"live-jasmin","status":"publish","type":"page","link":"https:\/\/pornmate.com\/de\/live-jasmin","title":{"rendered":"Live Jasmin"},"content":{"rendered":"<p>Zun\u00e4chst einmal m\u00fcssen Sie \u00fcber diesen Ort wissen, dass es hier zwei Teile gibt. Es ist zwei Hauptjungen und -m\u00e4dchen gewidmet. Nat\u00fcrlich gibt es auch einige Header-Tabs oben auf der Website, die in jedem Fall gleich bleiben.Der erste Platz zeigt Ihnen alle Live-Cams auf der Website, w\u00e4hrend der rechts daneben Ihnen alle zeigt Aktionen, die LiveJasmin.com zu bieten hat. Dort gibt es auch einen \u201eStory\u201c-Tab, und wenn Sie wirklich neugierig sind, k\u00f6nnen Sie auch den \u201eBelohnungen\u201c-Tab ansehen und nachsehen, ob dort etwas Interessantes zu finden ist. Au\u00dferdem ist die Registerkarte \u201eJasmin Elite\u201c ein geheimer Ort, der die schmutzigsten Schlampen da drau\u00dfen versteckt. Wenn Sie also wirklich s\u00fcchtig nach diesen Cam-Shows sind, k\u00f6nnen Sie es sich auch ansehen. Das mag sich jetzt ein bisschen viel f\u00fcr Sie anh\u00f6ren, aber das ist es wirklich nicht. Schauen wir uns nun auf der linken Seite der Seite an, was uns erwartet: Unter dem Reiter \u201eKategorie\u201c gibt es viele Kategorien, so viel steht fest. Manche hei\u00dfen \u201eAnf\u00e4nger\u201c, manche hei\u00dfen \u201eM\u00e4dchen\u201c. Diese Kategorienamen sagen uns nicht wirklich viel, aber wenn wir \u00fcber Namen sprechen, die nicht schwer zu verstehen sind, gibt es hier reife, Fetisch-, Lesben-, Transgirl- und Dual-Cams, was sch\u00f6n ist. Dann sind auch mehrere Showtypen verf\u00fcgbar. Es gibt Videoanrufe, kostenlose Shows und mehr.<\/p>\n","protected":false},"excerpt":{"rendered":"<p>Zun\u00e4chst einmal m\u00fcssen Sie \u00fcber diesen Ort wissen, dass es hier zwei Teile gibt. Es ist zwei Hauptjungen und -m\u00e4dchen gewidmet. Nat\u00fcrlich gibt es auch einige Header-Tabs oben auf der Website, die in jedem Fall gleich bleiben.Der erste Platz zeigt Ihnen alle Live-Cams auf der Website, w\u00e4hrend der rechts daneben Ihnen alle zeigt Aktionen, die [&hellip;]<\/p>\n","protected":false},"author":1,"featured_media":0,"parent":0,"menu_order":0,"comment_status":"closed","ping_status":"closed","template":"page-star-stil.php","meta":{"footnotes":""},"class_list":["post-7521","page","type-page","status-publish","hentry"],"yoast_head":"<!-- This site is optimized with the Yoast SEO plugin v27.4 - https:\/\/yoast.com\/product\/yoast-seo-wordpress\/ -->\n<title>Live Jasmin und Liste der besten Pornoseiten | PornMate<\/title>\n<meta name=\"description\" content=\"Zun\u00e4chst einmal m\u00fcssen Sie \u00fcber diesen Ort wissen, dass es hier zwei Teile gibt. Es ist zwei Hauptjungen und -m\u00e4dchen gewidmet. Nat\u00fcrlich gibt es auch einige Header-Tabs oben auf der Website, die in jedem Fall gleich bleiben.Der erste Platz zeigt Ihnen alle Live-Cams auf der Website, w\u00e4hrend der rechts daneben Ihnen alle zeigt Aktionen, die LiveJasmin.com zu bieten hat.\" \/>\n<meta name=\"robots\" content=\"index, follow, max-snippet:-1, max-image-preview:large, max-video-preview:-1\" \/>\n<link rel=\"canonical\" href=\"https:\/\/pornmate.com\/de\/live-jasmin\" \/>\n<meta property=\"og:locale\" content=\"de_DE\" \/>\n<meta property=\"og:type\" content=\"article\" \/>\n<meta property=\"og:title\" content=\"Live Jasmin und Liste der besten Pornoseiten | PornMate\" \/>\n<meta property=\"og:description\" content=\"Zun\u00e4chst einmal m\u00fcssen Sie \u00fcber diesen Ort wissen, dass es hier zwei Teile gibt. Es ist zwei Hauptjungen und -m\u00e4dchen gewidmet. Nat\u00fcrlich gibt es auch einige Header-Tabs oben auf der Website, die in jedem Fall gleich bleiben.Der erste Platz zeigt Ihnen alle Live-Cams auf der Website, w\u00e4hrend der rechts daneben Ihnen alle zeigt Aktionen, die LiveJasmin.com zu bieten hat.\" \/>\n<meta property=\"og:url\" content=\"https:\/\/pornmate.com\/de\/live-jasmin\" \/>\n<meta property=\"og:site_name\" content=\"Besten Pornoseiten - Kostenlose Deutsche Pornos | PornMate.com\" \/>\n<meta property=\"article:modified_time\" content=\"2022-11-24T12:49:41+00:00\" \/>\n<meta name=\"twitter:card\" content=\"summary_large_image\" \/>\n<meta name=\"twitter:label1\" content=\"Gesch\u00e4tzte Lesezeit\" \/>\n\t<meta name=\"twitter:data1\" content=\"2\u00a0Minuten\" \/>\n<script type=\"application\/ld+json\" class=\"yoast-schema-graph\">{\"@context\":\"https:\\\/\\\/schema.org\",\"@graph\":[{\"@type\":\"WebPage\",\"@id\":\"https:\\\/\\\/pornmate.com\\\/de\\\/live-jasmin\",\"url\":\"https:\\\/\\\/pornmate.com\\\/de\\\/live-jasmin\",\"name\":\"Live Jasmin und Liste der besten Pornoseiten | PornMate\",\"isPartOf\":{\"@id\":\"https:\\\/\\\/pornmate.com\\\/de\\\/#website\"},\"datePublished\":\"2020-03-24T10:33:52+00:00\",\"dateModified\":\"2022-11-24T12:49:41+00:00\",\"description\":\"Zun\u00e4chst einmal m\u00fcssen Sie \u00fcber diesen Ort wissen, dass es hier zwei Teile gibt. Es ist zwei Hauptjungen und -m\u00e4dchen gewidmet. Nat\u00fcrlich gibt es auch einige Header-Tabs oben auf der Website, die in jedem Fall gleich bleiben.Der erste Platz zeigt Ihnen alle Live-Cams auf der Website, w\u00e4hrend der rechts daneben Ihnen alle zeigt Aktionen, die LiveJasmin.com zu bieten hat.\",\"breadcrumb\":{\"@id\":\"https:\\\/\\\/pornmate.com\\\/de\\\/live-jasmin#breadcrumb\"},\"inLanguage\":\"de\",\"potentialAction\":[{\"@type\":\"ReadAction\",\"target\":[\"https:\\\/\\\/pornmate.com\\\/de\\\/live-jasmin\"]}]},{\"@type\":\"BreadcrumbList\",\"@id\":\"https:\\\/\\\/pornmate.com\\\/de\\\/live-jasmin#breadcrumb\",\"itemListElement\":[{\"@type\":\"ListItem\",\"position\":1,\"name\":\"Startseite\",\"item\":\"https:\\\/\\\/pornmate.com\\\/de\"},{\"@type\":\"ListItem\",\"position\":2,\"name\":\"Live Jasmin\"}]},{\"@type\":\"WebSite\",\"@id\":\"https:\\\/\\\/pornmate.com\\\/de\\\/#website\",\"url\":\"https:\\\/\\\/pornmate.com\\\/de\\\/\",\"name\":\"Besten Pornoseiten - Kostenlose Deutsche Pornos | PornMate.com\",\"description\":\"Kostenlose Pornos, ist Ihr Combo-Verzeichnis der besten gratis Pornoseiten, die Sie finden k\u00f6nnen, und das fantastische Seitenbewertungen, Kostenlose Deutsche sex Biografien von Pornostars und ihre xxx Freie Porno videos unter einem Dach pr\u00e4sentiert.\",\"publisher\":{\"@id\":\"https:\\\/\\\/pornmate.com\\\/de\\\/#organization\"},\"potentialAction\":[{\"@type\":\"SearchAction\",\"target\":{\"@type\":\"EntryPoint\",\"urlTemplate\":\"https:\\\/\\\/pornmate.com\\\/de\\\/?s={search_term_string}\"},\"query-input\":{\"@type\":\"PropertyValueSpecification\",\"valueRequired\":true,\"valueName\":\"search_term_string\"}}],\"inLanguage\":\"de\"},{\"@type\":\"Organization\",\"@id\":\"https:\\\/\\\/pornmate.com\\\/de\\\/#organization\",\"name\":\"Besten Pornoseiten - Kostenlose Deutsche Pornos | PornMate.com\",\"url\":\"https:\\\/\\\/pornmate.com\\\/de\\\/\",\"logo\":{\"@type\":\"ImageObject\",\"inLanguage\":\"de\",\"@id\":\"https:\\\/\\\/pornmate.com\\\/de\\\/#\\\/schema\\\/logo\\\/image\\\/\",\"url\":\"https:\\\/\\\/pornmate.com\\\/de\\\/wp-content\\\/uploads\\\/2022\\\/11\\\/pornmate-1.png\",\"contentUrl\":\"https:\\\/\\\/pornmate.com\\\/de\\\/wp-content\\\/uploads\\\/2022\\\/11\\\/pornmate-1.png\",\"width\":203,\"height\":200,\"caption\":\"Besten Pornoseiten - Kostenlose Deutsche Pornos | PornMate.com\"},\"image\":{\"@id\":\"https:\\\/\\\/pornmate.com\\\/de\\\/#\\\/schema\\\/logo\\\/image\\\/\"}}]}<\/script>\n<!-- \/ Yoast SEO plugin. -->","yoast_head_json":{"title":"Live Jasmin und Liste der besten Pornoseiten | PornMate","description":"Zun\u00e4chst einmal m\u00fcssen Sie \u00fcber diesen Ort wissen, dass es hier zwei Teile gibt. Es ist zwei Hauptjungen und -m\u00e4dchen gewidmet. Nat\u00fcrlich gibt es auch einige Header-Tabs oben auf der Website, die in jedem Fall gleich bleiben.Der erste Platz zeigt Ihnen alle Live-Cams auf der Website, w\u00e4hrend der rechts daneben Ihnen alle zeigt Aktionen, die LiveJasmin.com zu bieten hat.","robots":{"index":"index","follow":"follow","max-snippet":"max-snippet:-1","max-image-preview":"max-image-preview:large","max-video-preview":"max-video-preview:-1"},"canonical":"https:\/\/pornmate.com\/de\/live-jasmin","og_locale":"de_DE","og_type":"article","og_title":"Live Jasmin und Liste der besten Pornoseiten | PornMate","og_description":"Zun\u00e4chst einmal m\u00fcssen Sie \u00fcber diesen Ort wissen, dass es hier zwei Teile gibt. Es ist zwei Hauptjungen und -m\u00e4dchen gewidmet. Nat\u00fcrlich gibt es auch einige Header-Tabs oben auf der Website, die in jedem Fall gleich bleiben.Der erste Platz zeigt Ihnen alle Live-Cams auf der Website, w\u00e4hrend der rechts daneben Ihnen alle zeigt Aktionen, die LiveJasmin.com zu bieten hat.","og_url":"https:\/\/pornmate.com\/de\/live-jasmin","og_site_name":"Besten Pornoseiten - Kostenlose Deutsche Pornos | PornMate.com","article_modified_time":"2022-11-24T12:49:41+00:00","twitter_card":"summary_large_image","twitter_misc":{"Gesch\u00e4tzte Lesezeit":"2\u00a0Minuten"},"schema":{"@context":"https:\/\/schema.org","@graph":[{"@type":"WebPage","@id":"https:\/\/pornmate.com\/de\/live-jasmin","url":"https:\/\/pornmate.com\/de\/live-jasmin","name":"Live Jasmin und Liste der besten Pornoseiten | PornMate","isPartOf":{"@id":"https:\/\/pornmate.com\/de\/#website"},"datePublished":"2020-03-24T10:33:52+00:00","dateModified":"2022-11-24T12:49:41+00:00","description":"Zun\u00e4chst einmal m\u00fcssen Sie \u00fcber diesen Ort wissen, dass es hier zwei Teile gibt. Es ist zwei Hauptjungen und -m\u00e4dchen gewidmet. Nat\u00fcrlich gibt es auch einige Header-Tabs oben auf der Website, die in jedem Fall gleich bleiben.Der erste Platz zeigt Ihnen alle Live-Cams auf der Website, w\u00e4hrend der rechts daneben Ihnen alle zeigt Aktionen, die LiveJasmin.com zu bieten hat.","breadcrumb":{"@id":"https:\/\/pornmate.com\/de\/live-jasmin#breadcrumb"},"inLanguage":"de","potentialAction":[{"@type":"ReadAction","target":["https:\/\/pornmate.com\/de\/live-jasmin"]}]},{"@type":"BreadcrumbList","@id":"https:\/\/pornmate.com\/de\/live-jasmin#breadcrumb","itemListElement":[{"@type":"ListItem","position":1,"name":"Startseite","item":"https:\/\/pornmate.com\/de"},{"@type":"ListItem","position":2,"name":"Live Jasmin"}]},{"@type":"WebSite","@id":"https:\/\/pornmate.com\/de\/#website","url":"https:\/\/pornmate.com\/de\/","name":"Besten Pornoseiten - Kostenlose Deutsche Pornos | PornMate.com","description":"Kostenlose Pornos, ist Ihr Combo-Verzeichnis der besten gratis Pornoseiten, die Sie finden k\u00f6nnen, und das fantastische Seitenbewertungen, Kostenlose Deutsche sex Biografien von Pornostars und ihre xxx Freie Porno videos unter einem Dach pr\u00e4sentiert.","publisher":{"@id":"https:\/\/pornmate.com\/de\/#organization"},"potentialAction":[{"@type":"SearchAction","target":{"@type":"EntryPoint","urlTemplate":"https:\/\/pornmate.com\/de\/?s={search_term_string}"},"query-input":{"@type":"PropertyValueSpecification","valueRequired":true,"valueName":"search_term_string"}}],"inLanguage":"de"},{"@type":"Organization","@id":"https:\/\/pornmate.com\/de\/#organization","name":"Besten Pornoseiten - Kostenlose Deutsche Pornos | PornMate.com","url":"https:\/\/pornmate.com\/de\/","logo":{"@type":"ImageObject","inLanguage":"de","@id":"https:\/\/pornmate.com\/de\/#\/schema\/logo\/image\/","url":"https:\/\/pornmate.com\/de\/wp-content\/uploads\/2022\/11\/pornmate-1.png","contentUrl":"https:\/\/pornmate.com\/de\/wp-content\/uploads\/2022\/11\/pornmate-1.png","width":203,"height":200,"caption":"Besten Pornoseiten - Kostenlose Deutsche Pornos | PornMate.com"},"image":{"@id":"https:\/\/pornmate.com\/de\/#\/schema\/logo\/image\/"}}]}},"_links":{"self":[{"href":"https:\/\/pornmate.com\/de\/wp-json\/wp\/v2\/pages\/7521","targetHints":{"allow":["GET"]}}],"collection":[{"href":"https:\/\/pornmate.com\/de\/wp-json\/wp\/v2\/pages"}],"about":[{"href":"https:\/\/pornmate.com\/de\/wp-json\/wp\/v2\/types\/page"}],"author":[{"embeddable":true,"href":"https:\/\/pornmate.com\/de\/wp-json\/wp\/v2\/users\/1"}],"replies":[{"embeddable":true,"href":"https:\/\/pornmate.com\/de\/wp-json\/wp\/v2\/comments?post=7521"}],"version-history":[{"count":0,"href":"https:\/\/pornmate.com\/de\/wp-json\/wp\/v2\/pages\/7521\/revisions"}],"wp:attachment":[{"href":"https:\/\/pornmate.com\/de\/wp-json\/wp\/v2\/media?parent=7521"}],"curies":[{"name":"wp","href":"https:\/\/api.w.org\/{rel}","templated":true}]}}