{"id":7523,"date":"2020-03-24T10:37:17","date_gmt":"2020-03-24T10:37:17","guid":{"rendered":"https:\/\/pornmate.com\/?page_id=7523"},"modified":"2022-11-24T14:29:12","modified_gmt":"2022-11-24T13:29:12","slug":"chaturbate","status":"publish","type":"page","link":"https:\/\/pornmate.com\/de\/chaturbate","title":{"rendered":"Chaturbate"},"content":{"rendered":"<p>In dem Moment, in dem Sie Chaturbate.com \u00f6ffnen, lassen Sie sich nicht von der Meldung \u201eSind Sie mindestens 18 Jahre alt\u201c entmutigen, was in Ordnung ist, Sie sehen, bis jetzt interessieren sich die Leute nicht wirklich f\u00fcr diese Dinge, Nun, das Zuhause Die Seite direkt vor Ihnen ist ziemlich ordentlich, zuerst sehen Sie den Abschnitt &#8222;Empfohlene&#8220; der Seite, in dem Hunderte von M\u00e4dchen, Trans-M\u00e4dchen und Jungen angezeigt werden. Eine Reihe von Hashtags schweben \u00fcber ihren Bildern und Namen, und wenn Sie darauf klicken, k\u00f6nnen Sie die Kameras durch sie filtern. Wenn Sie beispielsweise auf die Schaltfl\u00e4che \u201e#french\u201c klicken, sehen Sie franz\u00f6sische Erdn\u00fcsse. Wenn Sie auf dieser Website nichts anderes als nur Frauen sehen m\u00f6chten, k\u00f6nnen Sie nat\u00fcrlich auf die Schaltfl\u00e4che &#8222;Frauen&#8220; klicken. Nat\u00fcrlich gibt es sogar einen Tab voller hei\u00dfer Typen und einen dritten \u00fcber geile Paare, die nicht anders k\u00f6nnen, als der Welt ihre Liebe zu zeigen. Schlie\u00dflich gibt es noch einen Abschnitt, der Transfrauen gewidmet ist, die gerne an ihren Schw\u00e4nzen ziehen und gro\u00dfe Dildos reiten. Nachdem Sie dies alles verstanden haben, sollten Sie besser ein Konto erstellen und die Website selbst \u00fcberpr\u00fcfen. Nat\u00fcrlich k\u00f6nnen Sie auch einige Token kaufen, um diese Cam-Shows f\u00fcr alle Zuschauer, einschlie\u00dflich Sie selbst, ein wenig interessanter zu machen. Du kannst dich auch verstecken, das geht auch.<\/p>\n","protected":false},"excerpt":{"rendered":"<p>In dem Moment, in dem Sie Chaturbate.com \u00f6ffnen, lassen Sie sich nicht von der Meldung \u201eSind Sie mindestens 18 Jahre alt\u201c entmutigen, was in Ordnung ist, Sie sehen, bis jetzt interessieren sich die Leute nicht wirklich f\u00fcr diese Dinge, Nun, das Zuhause Die Seite direkt vor Ihnen ist ziemlich ordentlich, zuerst sehen Sie den Abschnitt [&hellip;]<\/p>\n","protected":false},"author":1,"featured_media":0,"parent":0,"menu_order":0,"comment_status":"closed","ping_status":"closed","template":"page-star-stil.php","meta":{"footnotes":""},"class_list":["post-7523","page","type-page","status-publish","hentry"],"yoast_head":"<!-- This site is optimized with the Yoast SEO plugin v27.2 - https:\/\/yoast.com\/product\/yoast-seo-wordpress\/ -->\n<title>Chaturbate und Liste der besten Pornoseiten | PornMate<\/title>\n<meta name=\"description\" content=\"In dem Moment, in dem Sie Chaturbate.com \u00f6ffnen, lassen Sie sich nicht von der Meldung \u201eSind Sie mindestens 18 Jahre alt\u201c entmutigen, was in Ordnung ist, Sie sehen, bis jetzt interessieren sich die Leute nicht wirklich f\u00fcr diese Dinge,\" \/>\n<meta name=\"robots\" content=\"index, follow, max-snippet:-1, max-image-preview:large, max-video-preview:-1\" \/>\n<link rel=\"canonical\" href=\"https:\/\/pornmate.com\/de\/chaturbate\" \/>\n<meta property=\"og:locale\" content=\"de_DE\" \/>\n<meta property=\"og:type\" content=\"article\" \/>\n<meta property=\"og:title\" content=\"Chaturbate und Liste der besten Pornoseiten | PornMate\" \/>\n<meta property=\"og:description\" content=\"In dem Moment, in dem Sie Chaturbate.com \u00f6ffnen, lassen Sie sich nicht von der Meldung \u201eSind Sie mindestens 18 Jahre alt\u201c entmutigen, was in Ordnung ist, Sie sehen, bis jetzt interessieren sich die Leute nicht wirklich f\u00fcr diese Dinge,\" \/>\n<meta property=\"og:url\" content=\"https:\/\/pornmate.com\/de\/chaturbate\" \/>\n<meta property=\"og:site_name\" content=\"Besten Pornoseiten - Kostenlose Deutsche Pornos | PornMate.com\" \/>\n<meta property=\"article:modified_time\" content=\"2022-11-24T13:29:12+00:00\" \/>\n<meta name=\"twitter:card\" content=\"summary_large_image\" \/>\n<meta name=\"twitter:label1\" content=\"Gesch\u00e4tzte Lesezeit\" \/>\n\t<meta name=\"twitter:data1\" content=\"2\u00a0Minuten\" \/>\n<script type=\"application\/ld+json\" class=\"yoast-schema-graph\">{\"@context\":\"https:\/\/schema.org\",\"@graph\":[{\"@type\":\"WebPage\",\"@id\":\"https:\/\/pornmate.com\/de\/chaturbate\",\"url\":\"https:\/\/pornmate.com\/de\/chaturbate\",\"name\":\"Chaturbate und Liste der besten Pornoseiten | PornMate\",\"isPartOf\":{\"@id\":\"https:\/\/pornmate.com\/de\/#website\"},\"datePublished\":\"2020-03-24T10:37:17+00:00\",\"dateModified\":\"2022-11-24T13:29:12+00:00\",\"description\":\"In dem Moment, in dem Sie Chaturbate.com \u00f6ffnen, lassen Sie sich nicht von der Meldung \u201eSind Sie mindestens 18 Jahre alt\u201c entmutigen, was in Ordnung ist, Sie sehen, bis jetzt interessieren sich die Leute nicht wirklich f\u00fcr diese Dinge,\",\"breadcrumb\":{\"@id\":\"https:\/\/pornmate.com\/de\/chaturbate#breadcrumb\"},\"inLanguage\":\"de\",\"potentialAction\":[{\"@type\":\"ReadAction\",\"target\":[\"https:\/\/pornmate.com\/de\/chaturbate\"]}]},{\"@type\":\"BreadcrumbList\",\"@id\":\"https:\/\/pornmate.com\/de\/chaturbate#breadcrumb\",\"itemListElement\":[{\"@type\":\"ListItem\",\"position\":1,\"name\":\"Startseite\",\"item\":\"https:\/\/pornmate.com\/de\"},{\"@type\":\"ListItem\",\"position\":2,\"name\":\"Chaturbate\"}]},{\"@type\":\"WebSite\",\"@id\":\"https:\/\/pornmate.com\/de\/#website\",\"url\":\"https:\/\/pornmate.com\/de\/\",\"name\":\"Besten Pornoseiten - Kostenlose Deutsche Pornos | PornMate.com\",\"description\":\"Kostenlose Pornos, ist Ihr Combo-Verzeichnis der besten gratis Pornoseiten, die Sie finden k\u00f6nnen, und das fantastische Seitenbewertungen, Kostenlose Deutsche sex Biografien von Pornostars und ihre xxx Freie Porno videos unter einem Dach pr\u00e4sentiert.\",\"publisher\":{\"@id\":\"https:\/\/pornmate.com\/de\/#organization\"},\"potentialAction\":[{\"@type\":\"SearchAction\",\"target\":{\"@type\":\"EntryPoint\",\"urlTemplate\":\"https:\/\/pornmate.com\/de\/?s={search_term_string}\"},\"query-input\":{\"@type\":\"PropertyValueSpecification\",\"valueRequired\":true,\"valueName\":\"search_term_string\"}}],\"inLanguage\":\"de\"},{\"@type\":\"Organization\",\"@id\":\"https:\/\/pornmate.com\/de\/#organization\",\"name\":\"Besten Pornoseiten - Kostenlose Deutsche Pornos | PornMate.com\",\"url\":\"https:\/\/pornmate.com\/de\/\",\"logo\":{\"@type\":\"ImageObject\",\"inLanguage\":\"de\",\"@id\":\"https:\/\/pornmate.com\/de\/#\/schema\/logo\/image\/\",\"url\":\"https:\/\/pornmate.com\/de\/wp-content\/uploads\/2022\/11\/pornmate-1.png\",\"contentUrl\":\"https:\/\/pornmate.com\/de\/wp-content\/uploads\/2022\/11\/pornmate-1.png\",\"width\":203,\"height\":200,\"caption\":\"Besten Pornoseiten - Kostenlose Deutsche Pornos | PornMate.com\"},\"image\":{\"@id\":\"https:\/\/pornmate.com\/de\/#\/schema\/logo\/image\/\"}}]}<\/script>\n<!-- \/ Yoast SEO plugin. -->","yoast_head_json":{"title":"Chaturbate und Liste der besten Pornoseiten | PornMate","description":"In dem Moment, in dem Sie Chaturbate.com \u00f6ffnen, lassen Sie sich nicht von der Meldung \u201eSind Sie mindestens 18 Jahre alt\u201c entmutigen, was in Ordnung ist, Sie sehen, bis jetzt interessieren sich die Leute nicht wirklich f\u00fcr diese Dinge,","robots":{"index":"index","follow":"follow","max-snippet":"max-snippet:-1","max-image-preview":"max-image-preview:large","max-video-preview":"max-video-preview:-1"},"canonical":"https:\/\/pornmate.com\/de\/chaturbate","og_locale":"de_DE","og_type":"article","og_title":"Chaturbate und Liste der besten Pornoseiten | PornMate","og_description":"In dem Moment, in dem Sie Chaturbate.com \u00f6ffnen, lassen Sie sich nicht von der Meldung \u201eSind Sie mindestens 18 Jahre alt\u201c entmutigen, was in Ordnung ist, Sie sehen, bis jetzt interessieren sich die Leute nicht wirklich f\u00fcr diese Dinge,","og_url":"https:\/\/pornmate.com\/de\/chaturbate","og_site_name":"Besten Pornoseiten - Kostenlose Deutsche Pornos | PornMate.com","article_modified_time":"2022-11-24T13:29:12+00:00","twitter_card":"summary_large_image","twitter_misc":{"Gesch\u00e4tzte Lesezeit":"2\u00a0Minuten"},"schema":{"@context":"https:\/\/schema.org","@graph":[{"@type":"WebPage","@id":"https:\/\/pornmate.com\/de\/chaturbate","url":"https:\/\/pornmate.com\/de\/chaturbate","name":"Chaturbate und Liste der besten Pornoseiten | PornMate","isPartOf":{"@id":"https:\/\/pornmate.com\/de\/#website"},"datePublished":"2020-03-24T10:37:17+00:00","dateModified":"2022-11-24T13:29:12+00:00","description":"In dem Moment, in dem Sie Chaturbate.com \u00f6ffnen, lassen Sie sich nicht von der Meldung \u201eSind Sie mindestens 18 Jahre alt\u201c entmutigen, was in Ordnung ist, Sie sehen, bis jetzt interessieren sich die Leute nicht wirklich f\u00fcr diese Dinge,","breadcrumb":{"@id":"https:\/\/pornmate.com\/de\/chaturbate#breadcrumb"},"inLanguage":"de","potentialAction":[{"@type":"ReadAction","target":["https:\/\/pornmate.com\/de\/chaturbate"]}]},{"@type":"BreadcrumbList","@id":"https:\/\/pornmate.com\/de\/chaturbate#breadcrumb","itemListElement":[{"@type":"ListItem","position":1,"name":"Startseite","item":"https:\/\/pornmate.com\/de"},{"@type":"ListItem","position":2,"name":"Chaturbate"}]},{"@type":"WebSite","@id":"https:\/\/pornmate.com\/de\/#website","url":"https:\/\/pornmate.com\/de\/","name":"Besten Pornoseiten - Kostenlose Deutsche Pornos | PornMate.com","description":"Kostenlose Pornos, ist Ihr Combo-Verzeichnis der besten gratis Pornoseiten, die Sie finden k\u00f6nnen, und das fantastische Seitenbewertungen, Kostenlose Deutsche sex Biografien von Pornostars und ihre xxx Freie Porno videos unter einem Dach pr\u00e4sentiert.","publisher":{"@id":"https:\/\/pornmate.com\/de\/#organization"},"potentialAction":[{"@type":"SearchAction","target":{"@type":"EntryPoint","urlTemplate":"https:\/\/pornmate.com\/de\/?s={search_term_string}"},"query-input":{"@type":"PropertyValueSpecification","valueRequired":true,"valueName":"search_term_string"}}],"inLanguage":"de"},{"@type":"Organization","@id":"https:\/\/pornmate.com\/de\/#organization","name":"Besten Pornoseiten - Kostenlose Deutsche Pornos | PornMate.com","url":"https:\/\/pornmate.com\/de\/","logo":{"@type":"ImageObject","inLanguage":"de","@id":"https:\/\/pornmate.com\/de\/#\/schema\/logo\/image\/","url":"https:\/\/pornmate.com\/de\/wp-content\/uploads\/2022\/11\/pornmate-1.png","contentUrl":"https:\/\/pornmate.com\/de\/wp-content\/uploads\/2022\/11\/pornmate-1.png","width":203,"height":200,"caption":"Besten Pornoseiten - Kostenlose Deutsche Pornos | PornMate.com"},"image":{"@id":"https:\/\/pornmate.com\/de\/#\/schema\/logo\/image\/"}}]}},"_links":{"self":[{"href":"https:\/\/pornmate.com\/de\/wp-json\/wp\/v2\/pages\/7523","targetHints":{"allow":["GET"]}}],"collection":[{"href":"https:\/\/pornmate.com\/de\/wp-json\/wp\/v2\/pages"}],"about":[{"href":"https:\/\/pornmate.com\/de\/wp-json\/wp\/v2\/types\/page"}],"author":[{"embeddable":true,"href":"https:\/\/pornmate.com\/de\/wp-json\/wp\/v2\/users\/1"}],"replies":[{"embeddable":true,"href":"https:\/\/pornmate.com\/de\/wp-json\/wp\/v2\/comments?post=7523"}],"version-history":[{"count":0,"href":"https:\/\/pornmate.com\/de\/wp-json\/wp\/v2\/pages\/7523\/revisions"}],"wp:attachment":[{"href":"https:\/\/pornmate.com\/de\/wp-json\/wp\/v2\/media?parent=7523"}],"curies":[{"name":"wp","href":"https:\/\/api.w.org\/{rel}","templated":true}]}}