{"id":7527,"date":"2020-03-24T10:45:31","date_gmt":"2020-03-24T10:45:31","guid":{"rendered":"https:\/\/pornmate.com\/?page_id=7527"},"modified":"2022-11-24T14:35:56","modified_gmt":"2022-11-24T13:35:56","slug":"stripchat","status":"publish","type":"page","link":"https:\/\/pornmate.com\/de\/stripchat","title":{"rendered":"StripChat"},"content":{"rendered":"<p>Allerdings wirkt diese Vorwarnung dann relativ \u00fcberfl\u00fcssig, wenn man davon absieht, dass alle eindeutigen Elemente fr\u00fcher durch den Splashmovie sichtbar waren, also was bringt es am Ende \u00fcberhaupt, so etwas zu servieren? Nun, es ist nicht so, dass wir schlie\u00dflich \u00fcbergro\u00dfe M\u00e4nner sind, die nur froh sind, diese Seite zu erkunden und sie f\u00fcr das zu sch\u00e4tzen, was sie ist. Folglich ist es ohne weitere Verz\u00f6gerung an der Zeit, in die \u00fcberraschende Welt von StripChat einzutauchen und zu wissen, was sie zu bieten hat. Nat\u00fcrlich neigen diese Frauen dazu, sich vor der Kamera regelrecht sch\u00e4big zu benehmen, und die Videos, die ich ausfindig gemacht habe, treiben dieses Verhalten konsequent auf die Spitze. Ich meine, sagen wir mal, sicher, dass du noch nie bemerkt hast, dass ein M\u00e4dchen im wirklichen Leben die ganze Fu\u00dfballmannschaft in ihre L\u00f6cher nimmt, oder? Nun, das ist genau das, was Sie auf der Website wissen, also schnallen Sie sich eher an und setzen Sie diesen Sicherheitshelm auf das Auto, was wir vor uns haben, ist m\u00f6rderische Pornografie. Sie werden auch feststellen, dass das einzige, was Sie von Cam-Maids sehen lassen, die Tatsache ist, dass sie Frauen sind und in einem bestimmten Land leben. Es gibt dann Dienstm\u00e4dchen aus ganz Europa, was cool genug ist. Einige von ihnen sind Deutsche, andere aus dem Osten, und einige dieser Dienstm\u00e4dchen sind tats\u00e4chlich aus Brasilien, und das war es auch schon. Nat\u00fcrlich gibt es auch Bereiche der Website, die Sie beim Herausfiltern von Spam unterst\u00fctzen. Sie k\u00f6nnen einen K\u00f6rper und einen Typ nehmen<\/p>\n","protected":false},"excerpt":{"rendered":"<p>Allerdings wirkt diese Vorwarnung dann relativ \u00fcberfl\u00fcssig, wenn man davon absieht, dass alle eindeutigen Elemente fr\u00fcher durch den Splashmovie sichtbar waren, also was bringt es am Ende \u00fcberhaupt, so etwas zu servieren? Nun, es ist nicht so, dass wir schlie\u00dflich \u00fcbergro\u00dfe M\u00e4nner sind, die nur froh sind, diese Seite zu erkunden und sie f\u00fcr das [&hellip;]<\/p>\n","protected":false},"author":1,"featured_media":0,"parent":0,"menu_order":0,"comment_status":"closed","ping_status":"closed","template":"page-star-stil.php","meta":{"footnotes":""},"class_list":["post-7527","page","type-page","status-publish","hentry"],"yoast_head":"<!-- This site is optimized with the Yoast SEO plugin v27.2 - https:\/\/yoast.com\/product\/yoast-seo-wordpress\/ -->\n<title>StripChat und Liste der besten Pornoseiten | PornMate<\/title>\n<meta name=\"description\" content=\"Nun, es ist nicht so, dass wir schlie\u00dflich \u00fcbergro\u00dfe M\u00e4nner sind, die nur froh sind, diese Seite zu erkunden und sie f\u00fcr das zu sch\u00e4tzen, was sie ist.\" \/>\n<meta name=\"robots\" content=\"index, follow, max-snippet:-1, max-image-preview:large, max-video-preview:-1\" \/>\n<link rel=\"canonical\" href=\"https:\/\/pornmate.com\/de\/stripchat\" \/>\n<meta property=\"og:locale\" content=\"de_DE\" \/>\n<meta property=\"og:type\" content=\"article\" \/>\n<meta property=\"og:title\" content=\"StripChat und Liste der besten Pornoseiten | PornMate\" \/>\n<meta property=\"og:description\" content=\"Nun, es ist nicht so, dass wir schlie\u00dflich \u00fcbergro\u00dfe M\u00e4nner sind, die nur froh sind, diese Seite zu erkunden und sie f\u00fcr das zu sch\u00e4tzen, was sie ist.\" \/>\n<meta property=\"og:url\" content=\"https:\/\/pornmate.com\/de\/stripchat\" \/>\n<meta property=\"og:site_name\" content=\"Besten Pornoseiten - Kostenlose Deutsche Pornos | PornMate.com\" \/>\n<meta property=\"article:modified_time\" content=\"2022-11-24T13:35:56+00:00\" \/>\n<meta name=\"twitter:card\" content=\"summary_large_image\" \/>\n<meta name=\"twitter:label1\" content=\"Gesch\u00e4tzte Lesezeit\" \/>\n\t<meta name=\"twitter:data1\" content=\"2\u00a0Minuten\" \/>\n<script type=\"application\/ld+json\" class=\"yoast-schema-graph\">{\"@context\":\"https:\/\/schema.org\",\"@graph\":[{\"@type\":\"WebPage\",\"@id\":\"https:\/\/pornmate.com\/de\/stripchat\",\"url\":\"https:\/\/pornmate.com\/de\/stripchat\",\"name\":\"StripChat und Liste der besten Pornoseiten | PornMate\",\"isPartOf\":{\"@id\":\"https:\/\/pornmate.com\/de\/#website\"},\"datePublished\":\"2020-03-24T10:45:31+00:00\",\"dateModified\":\"2022-11-24T13:35:56+00:00\",\"description\":\"Nun, es ist nicht so, dass wir schlie\u00dflich \u00fcbergro\u00dfe M\u00e4nner sind, die nur froh sind, diese Seite zu erkunden und sie f\u00fcr das zu sch\u00e4tzen, was sie ist.\",\"breadcrumb\":{\"@id\":\"https:\/\/pornmate.com\/de\/stripchat#breadcrumb\"},\"inLanguage\":\"de\",\"potentialAction\":[{\"@type\":\"ReadAction\",\"target\":[\"https:\/\/pornmate.com\/de\/stripchat\"]}]},{\"@type\":\"BreadcrumbList\",\"@id\":\"https:\/\/pornmate.com\/de\/stripchat#breadcrumb\",\"itemListElement\":[{\"@type\":\"ListItem\",\"position\":1,\"name\":\"Startseite\",\"item\":\"https:\/\/pornmate.com\/de\"},{\"@type\":\"ListItem\",\"position\":2,\"name\":\"StripChat\"}]},{\"@type\":\"WebSite\",\"@id\":\"https:\/\/pornmate.com\/de\/#website\",\"url\":\"https:\/\/pornmate.com\/de\/\",\"name\":\"Besten Pornoseiten - Kostenlose Deutsche Pornos | PornMate.com\",\"description\":\"Kostenlose Pornos, ist Ihr Combo-Verzeichnis der besten gratis Pornoseiten, die Sie finden k\u00f6nnen, und das fantastische Seitenbewertungen, Kostenlose Deutsche sex Biografien von Pornostars und ihre xxx Freie Porno videos unter einem Dach pr\u00e4sentiert.\",\"publisher\":{\"@id\":\"https:\/\/pornmate.com\/de\/#organization\"},\"potentialAction\":[{\"@type\":\"SearchAction\",\"target\":{\"@type\":\"EntryPoint\",\"urlTemplate\":\"https:\/\/pornmate.com\/de\/?s={search_term_string}\"},\"query-input\":{\"@type\":\"PropertyValueSpecification\",\"valueRequired\":true,\"valueName\":\"search_term_string\"}}],\"inLanguage\":\"de\"},{\"@type\":\"Organization\",\"@id\":\"https:\/\/pornmate.com\/de\/#organization\",\"name\":\"Besten Pornoseiten - Kostenlose Deutsche Pornos | PornMate.com\",\"url\":\"https:\/\/pornmate.com\/de\/\",\"logo\":{\"@type\":\"ImageObject\",\"inLanguage\":\"de\",\"@id\":\"https:\/\/pornmate.com\/de\/#\/schema\/logo\/image\/\",\"url\":\"https:\/\/pornmate.com\/de\/wp-content\/uploads\/2022\/11\/pornmate-1.png\",\"contentUrl\":\"https:\/\/pornmate.com\/de\/wp-content\/uploads\/2022\/11\/pornmate-1.png\",\"width\":203,\"height\":200,\"caption\":\"Besten Pornoseiten - Kostenlose Deutsche Pornos | PornMate.com\"},\"image\":{\"@id\":\"https:\/\/pornmate.com\/de\/#\/schema\/logo\/image\/\"}}]}<\/script>\n<!-- \/ Yoast SEO plugin. -->","yoast_head_json":{"title":"StripChat und Liste der besten Pornoseiten | PornMate","description":"Nun, es ist nicht so, dass wir schlie\u00dflich \u00fcbergro\u00dfe M\u00e4nner sind, die nur froh sind, diese Seite zu erkunden und sie f\u00fcr das zu sch\u00e4tzen, was sie ist.","robots":{"index":"index","follow":"follow","max-snippet":"max-snippet:-1","max-image-preview":"max-image-preview:large","max-video-preview":"max-video-preview:-1"},"canonical":"https:\/\/pornmate.com\/de\/stripchat","og_locale":"de_DE","og_type":"article","og_title":"StripChat und Liste der besten Pornoseiten | PornMate","og_description":"Nun, es ist nicht so, dass wir schlie\u00dflich \u00fcbergro\u00dfe M\u00e4nner sind, die nur froh sind, diese Seite zu erkunden und sie f\u00fcr das zu sch\u00e4tzen, was sie ist.","og_url":"https:\/\/pornmate.com\/de\/stripchat","og_site_name":"Besten Pornoseiten - Kostenlose Deutsche Pornos | PornMate.com","article_modified_time":"2022-11-24T13:35:56+00:00","twitter_card":"summary_large_image","twitter_misc":{"Gesch\u00e4tzte Lesezeit":"2\u00a0Minuten"},"schema":{"@context":"https:\/\/schema.org","@graph":[{"@type":"WebPage","@id":"https:\/\/pornmate.com\/de\/stripchat","url":"https:\/\/pornmate.com\/de\/stripchat","name":"StripChat und Liste der besten Pornoseiten | PornMate","isPartOf":{"@id":"https:\/\/pornmate.com\/de\/#website"},"datePublished":"2020-03-24T10:45:31+00:00","dateModified":"2022-11-24T13:35:56+00:00","description":"Nun, es ist nicht so, dass wir schlie\u00dflich \u00fcbergro\u00dfe M\u00e4nner sind, die nur froh sind, diese Seite zu erkunden und sie f\u00fcr das zu sch\u00e4tzen, was sie ist.","breadcrumb":{"@id":"https:\/\/pornmate.com\/de\/stripchat#breadcrumb"},"inLanguage":"de","potentialAction":[{"@type":"ReadAction","target":["https:\/\/pornmate.com\/de\/stripchat"]}]},{"@type":"BreadcrumbList","@id":"https:\/\/pornmate.com\/de\/stripchat#breadcrumb","itemListElement":[{"@type":"ListItem","position":1,"name":"Startseite","item":"https:\/\/pornmate.com\/de"},{"@type":"ListItem","position":2,"name":"StripChat"}]},{"@type":"WebSite","@id":"https:\/\/pornmate.com\/de\/#website","url":"https:\/\/pornmate.com\/de\/","name":"Besten Pornoseiten - Kostenlose Deutsche Pornos | PornMate.com","description":"Kostenlose Pornos, ist Ihr Combo-Verzeichnis der besten gratis Pornoseiten, die Sie finden k\u00f6nnen, und das fantastische Seitenbewertungen, Kostenlose Deutsche sex Biografien von Pornostars und ihre xxx Freie Porno videos unter einem Dach pr\u00e4sentiert.","publisher":{"@id":"https:\/\/pornmate.com\/de\/#organization"},"potentialAction":[{"@type":"SearchAction","target":{"@type":"EntryPoint","urlTemplate":"https:\/\/pornmate.com\/de\/?s={search_term_string}"},"query-input":{"@type":"PropertyValueSpecification","valueRequired":true,"valueName":"search_term_string"}}],"inLanguage":"de"},{"@type":"Organization","@id":"https:\/\/pornmate.com\/de\/#organization","name":"Besten Pornoseiten - Kostenlose Deutsche Pornos | PornMate.com","url":"https:\/\/pornmate.com\/de\/","logo":{"@type":"ImageObject","inLanguage":"de","@id":"https:\/\/pornmate.com\/de\/#\/schema\/logo\/image\/","url":"https:\/\/pornmate.com\/de\/wp-content\/uploads\/2022\/11\/pornmate-1.png","contentUrl":"https:\/\/pornmate.com\/de\/wp-content\/uploads\/2022\/11\/pornmate-1.png","width":203,"height":200,"caption":"Besten Pornoseiten - Kostenlose Deutsche Pornos | PornMate.com"},"image":{"@id":"https:\/\/pornmate.com\/de\/#\/schema\/logo\/image\/"}}]}},"_links":{"self":[{"href":"https:\/\/pornmate.com\/de\/wp-json\/wp\/v2\/pages\/7527","targetHints":{"allow":["GET"]}}],"collection":[{"href":"https:\/\/pornmate.com\/de\/wp-json\/wp\/v2\/pages"}],"about":[{"href":"https:\/\/pornmate.com\/de\/wp-json\/wp\/v2\/types\/page"}],"author":[{"embeddable":true,"href":"https:\/\/pornmate.com\/de\/wp-json\/wp\/v2\/users\/1"}],"replies":[{"embeddable":true,"href":"https:\/\/pornmate.com\/de\/wp-json\/wp\/v2\/comments?post=7527"}],"version-history":[{"count":0,"href":"https:\/\/pornmate.com\/de\/wp-json\/wp\/v2\/pages\/7527\/revisions"}],"wp:attachment":[{"href":"https:\/\/pornmate.com\/de\/wp-json\/wp\/v2\/media?parent=7527"}],"curies":[{"name":"wp","href":"https:\/\/api.w.org\/{rel}","templated":true}]}}