{"id":7531,"date":"2020-03-24T10:54:42","date_gmt":"2020-03-24T10:54:42","guid":{"rendered":"https:\/\/pornmate.com\/?page_id=7531"},"modified":"2022-11-24T14:24:59","modified_gmt":"2022-11-24T13:24:59","slug":"cam4","status":"publish","type":"page","link":"https:\/\/pornmate.com\/de\/cam4","title":{"rendered":"Oral Sex Cam"},"content":{"rendered":"<p>Oral Sex Cam Bevor Sie diese Seite betreten, m\u00fcssen Sie die Alterswarnung von 18 Jahren bestehen. Dann fragt es, ob Sie alle Arten von Kameravideos sehen m\u00f6chten, oder eher, ob Sie f\u00fcr solche Inhalte bereit sind. Der erste Kategorietyp ist die Kategorie &#8222;Junge&#8220;, aber nat\u00fcrlich k\u00f6nnen Sie sich auch sch\u00f6ne M\u00e4dchen ansehen. Dann gibt es eine weitere Option, die fast sofort auftaucht, und das ist die &#8222;Trans&#8220;-Cam-Show und das war&#8217;s. Dann kannst du zum Abschnitt &#8222;Jetzt ansehen&#8220; des Hauptbildschirms wechseln und dir die Shows ansehen, die auf dich warten. M\u00e4nner und Frauen dabei Die Seite kann nach vielen Faktoren sortiert werden. Sie w\u00e4hlt m\u00e4nnlich oder weiblich aus, aber Sie k\u00f6nnen auch die sexuelle Orientierung der Person, die Sie ansehen, steuern. Dies unterscheidet sich insbesondere von anderen Websites. Sie k\u00f6nnen auch zwischen K\u00f6rpertypen w\u00e4hlen, dies jedoch nicht &#8222;Es funktioniert nicht immer so gut, es sei denn, die Leute da drau\u00dfen entscheiden pl\u00f6tzlich, dass Sch\u00f6nheit rein subjektiv ist. Uhr. Sie k\u00f6nnen bis zur ethnischen Zugeh\u00f6rigkeit der Frau w\u00e4hlen. Alles in allem gibt es auf dieser Website wirklich nichts zu bef\u00fcrchten, weil Sie finden, was Sie finden suchen, wird ein Kinderspiel, das ist sicher. Ihr idealer Kamerapartner ist nur ein paar Klicks entfernt und Sie m\u00fcssen sich wirklich um nichts k\u00fcmmern. Sie m\u00fcssen nicht einmal ein bisschen davon verschwenden.<\/p>\n","protected":false},"excerpt":{"rendered":"<p>Oral Sex Cam Bevor Sie diese Seite betreten, m\u00fcssen Sie die Alterswarnung von 18 Jahren bestehen. Dann fragt es, ob Sie alle Arten von Kameravideos sehen m\u00f6chten, oder eher, ob Sie f\u00fcr solche Inhalte bereit sind. Der erste Kategorietyp ist die Kategorie &#8222;Junge&#8220;, aber nat\u00fcrlich k\u00f6nnen Sie sich auch sch\u00f6ne M\u00e4dchen ansehen. Dann gibt es [&hellip;]<\/p>\n","protected":false},"author":1,"featured_media":0,"parent":0,"menu_order":0,"comment_status":"closed","ping_status":"closed","template":"page-star-stil.php","meta":{"footnotes":""},"class_list":["post-7531","page","type-page","status-publish","hentry"],"yoast_head":"<!-- This site is optimized with the Yoast SEO plugin v27.2 - https:\/\/yoast.com\/product\/yoast-seo-wordpress\/ -->\n<title>Oral Sex Cam und Liste der besten Pornoseiten | PornMate<\/title>\n<meta name=\"description\" content=\"Oral Sex Cam Bevor Sie diese Seite betreten, m\u00fcssen Sie die Alterswarnung von 18 Jahren bestehen. Dann fragt es, ob Sie alle Arten von Kameravideos sehen m\u00f6chten, oder eher, ob Sie f\u00fcr solche Inhalte bereit sind.\" \/>\n<meta name=\"robots\" content=\"index, follow, max-snippet:-1, max-image-preview:large, max-video-preview:-1\" \/>\n<link rel=\"canonical\" href=\"https:\/\/pornmate.com\/de\/cam4\" \/>\n<meta property=\"og:locale\" content=\"de_DE\" \/>\n<meta property=\"og:type\" content=\"article\" \/>\n<meta property=\"og:title\" content=\"Oral Sex Cam und Liste der besten Pornoseiten | PornMate\" \/>\n<meta property=\"og:description\" content=\"Oral Sex Cam Bevor Sie diese Seite betreten, m\u00fcssen Sie die Alterswarnung von 18 Jahren bestehen. Dann fragt es, ob Sie alle Arten von Kameravideos sehen m\u00f6chten, oder eher, ob Sie f\u00fcr solche Inhalte bereit sind.\" \/>\n<meta property=\"og:url\" content=\"https:\/\/pornmate.com\/de\/cam4\" \/>\n<meta property=\"og:site_name\" content=\"Besten Pornoseiten - Kostenlose Deutsche Pornos | PornMate.com\" \/>\n<meta property=\"article:modified_time\" content=\"2022-11-24T13:24:59+00:00\" \/>\n<meta name=\"twitter:card\" content=\"summary_large_image\" \/>\n<meta name=\"twitter:label1\" content=\"Gesch\u00e4tzte Lesezeit\" \/>\n\t<meta name=\"twitter:data1\" content=\"2\u00a0Minuten\" \/>\n<script type=\"application\/ld+json\" class=\"yoast-schema-graph\">{\"@context\":\"https:\/\/schema.org\",\"@graph\":[{\"@type\":\"WebPage\",\"@id\":\"https:\/\/pornmate.com\/de\/cam4\",\"url\":\"https:\/\/pornmate.com\/de\/cam4\",\"name\":\"Oral Sex Cam und Liste der besten Pornoseiten | PornMate\",\"isPartOf\":{\"@id\":\"https:\/\/pornmate.com\/de\/#website\"},\"datePublished\":\"2020-03-24T10:54:42+00:00\",\"dateModified\":\"2022-11-24T13:24:59+00:00\",\"description\":\"Oral Sex Cam Bevor Sie diese Seite betreten, m\u00fcssen Sie die Alterswarnung von 18 Jahren bestehen. Dann fragt es, ob Sie alle Arten von Kameravideos sehen m\u00f6chten, oder eher, ob Sie f\u00fcr solche Inhalte bereit sind.\",\"breadcrumb\":{\"@id\":\"https:\/\/pornmate.com\/de\/cam4#breadcrumb\"},\"inLanguage\":\"de\",\"potentialAction\":[{\"@type\":\"ReadAction\",\"target\":[\"https:\/\/pornmate.com\/de\/cam4\"]}]},{\"@type\":\"BreadcrumbList\",\"@id\":\"https:\/\/pornmate.com\/de\/cam4#breadcrumb\",\"itemListElement\":[{\"@type\":\"ListItem\",\"position\":1,\"name\":\"Startseite\",\"item\":\"https:\/\/pornmate.com\/de\"},{\"@type\":\"ListItem\",\"position\":2,\"name\":\"Oral Sex Cam\"}]},{\"@type\":\"WebSite\",\"@id\":\"https:\/\/pornmate.com\/de\/#website\",\"url\":\"https:\/\/pornmate.com\/de\/\",\"name\":\"Besten Pornoseiten - Kostenlose Deutsche Pornos | PornMate.com\",\"description\":\"Kostenlose Pornos, ist Ihr Combo-Verzeichnis der besten gratis Pornoseiten, die Sie finden k\u00f6nnen, und das fantastische Seitenbewertungen, Kostenlose Deutsche sex Biografien von Pornostars und ihre xxx Freie Porno videos unter einem Dach pr\u00e4sentiert.\",\"publisher\":{\"@id\":\"https:\/\/pornmate.com\/de\/#organization\"},\"potentialAction\":[{\"@type\":\"SearchAction\",\"target\":{\"@type\":\"EntryPoint\",\"urlTemplate\":\"https:\/\/pornmate.com\/de\/?s={search_term_string}\"},\"query-input\":{\"@type\":\"PropertyValueSpecification\",\"valueRequired\":true,\"valueName\":\"search_term_string\"}}],\"inLanguage\":\"de\"},{\"@type\":\"Organization\",\"@id\":\"https:\/\/pornmate.com\/de\/#organization\",\"name\":\"Besten Pornoseiten - Kostenlose Deutsche Pornos | PornMate.com\",\"url\":\"https:\/\/pornmate.com\/de\/\",\"logo\":{\"@type\":\"ImageObject\",\"inLanguage\":\"de\",\"@id\":\"https:\/\/pornmate.com\/de\/#\/schema\/logo\/image\/\",\"url\":\"https:\/\/pornmate.com\/de\/wp-content\/uploads\/2022\/11\/pornmate-1.png\",\"contentUrl\":\"https:\/\/pornmate.com\/de\/wp-content\/uploads\/2022\/11\/pornmate-1.png\",\"width\":203,\"height\":200,\"caption\":\"Besten Pornoseiten - Kostenlose Deutsche Pornos | PornMate.com\"},\"image\":{\"@id\":\"https:\/\/pornmate.com\/de\/#\/schema\/logo\/image\/\"}}]}<\/script>\n<!-- \/ Yoast SEO plugin. -->","yoast_head_json":{"title":"Oral Sex Cam und Liste der besten Pornoseiten | PornMate","description":"Oral Sex Cam Bevor Sie diese Seite betreten, m\u00fcssen Sie die Alterswarnung von 18 Jahren bestehen. Dann fragt es, ob Sie alle Arten von Kameravideos sehen m\u00f6chten, oder eher, ob Sie f\u00fcr solche Inhalte bereit sind.","robots":{"index":"index","follow":"follow","max-snippet":"max-snippet:-1","max-image-preview":"max-image-preview:large","max-video-preview":"max-video-preview:-1"},"canonical":"https:\/\/pornmate.com\/de\/cam4","og_locale":"de_DE","og_type":"article","og_title":"Oral Sex Cam und Liste der besten Pornoseiten | PornMate","og_description":"Oral Sex Cam Bevor Sie diese Seite betreten, m\u00fcssen Sie die Alterswarnung von 18 Jahren bestehen. Dann fragt es, ob Sie alle Arten von Kameravideos sehen m\u00f6chten, oder eher, ob Sie f\u00fcr solche Inhalte bereit sind.","og_url":"https:\/\/pornmate.com\/de\/cam4","og_site_name":"Besten Pornoseiten - Kostenlose Deutsche Pornos | PornMate.com","article_modified_time":"2022-11-24T13:24:59+00:00","twitter_card":"summary_large_image","twitter_misc":{"Gesch\u00e4tzte Lesezeit":"2\u00a0Minuten"},"schema":{"@context":"https:\/\/schema.org","@graph":[{"@type":"WebPage","@id":"https:\/\/pornmate.com\/de\/cam4","url":"https:\/\/pornmate.com\/de\/cam4","name":"Oral Sex Cam und Liste der besten Pornoseiten | PornMate","isPartOf":{"@id":"https:\/\/pornmate.com\/de\/#website"},"datePublished":"2020-03-24T10:54:42+00:00","dateModified":"2022-11-24T13:24:59+00:00","description":"Oral Sex Cam Bevor Sie diese Seite betreten, m\u00fcssen Sie die Alterswarnung von 18 Jahren bestehen. Dann fragt es, ob Sie alle Arten von Kameravideos sehen m\u00f6chten, oder eher, ob Sie f\u00fcr solche Inhalte bereit sind.","breadcrumb":{"@id":"https:\/\/pornmate.com\/de\/cam4#breadcrumb"},"inLanguage":"de","potentialAction":[{"@type":"ReadAction","target":["https:\/\/pornmate.com\/de\/cam4"]}]},{"@type":"BreadcrumbList","@id":"https:\/\/pornmate.com\/de\/cam4#breadcrumb","itemListElement":[{"@type":"ListItem","position":1,"name":"Startseite","item":"https:\/\/pornmate.com\/de"},{"@type":"ListItem","position":2,"name":"Oral Sex Cam"}]},{"@type":"WebSite","@id":"https:\/\/pornmate.com\/de\/#website","url":"https:\/\/pornmate.com\/de\/","name":"Besten Pornoseiten - Kostenlose Deutsche Pornos | PornMate.com","description":"Kostenlose Pornos, ist Ihr Combo-Verzeichnis der besten gratis Pornoseiten, die Sie finden k\u00f6nnen, und das fantastische Seitenbewertungen, Kostenlose Deutsche sex Biografien von Pornostars und ihre xxx Freie Porno videos unter einem Dach pr\u00e4sentiert.","publisher":{"@id":"https:\/\/pornmate.com\/de\/#organization"},"potentialAction":[{"@type":"SearchAction","target":{"@type":"EntryPoint","urlTemplate":"https:\/\/pornmate.com\/de\/?s={search_term_string}"},"query-input":{"@type":"PropertyValueSpecification","valueRequired":true,"valueName":"search_term_string"}}],"inLanguage":"de"},{"@type":"Organization","@id":"https:\/\/pornmate.com\/de\/#organization","name":"Besten Pornoseiten - Kostenlose Deutsche Pornos | PornMate.com","url":"https:\/\/pornmate.com\/de\/","logo":{"@type":"ImageObject","inLanguage":"de","@id":"https:\/\/pornmate.com\/de\/#\/schema\/logo\/image\/","url":"https:\/\/pornmate.com\/de\/wp-content\/uploads\/2022\/11\/pornmate-1.png","contentUrl":"https:\/\/pornmate.com\/de\/wp-content\/uploads\/2022\/11\/pornmate-1.png","width":203,"height":200,"caption":"Besten Pornoseiten - Kostenlose Deutsche Pornos | PornMate.com"},"image":{"@id":"https:\/\/pornmate.com\/de\/#\/schema\/logo\/image\/"}}]}},"_links":{"self":[{"href":"https:\/\/pornmate.com\/de\/wp-json\/wp\/v2\/pages\/7531","targetHints":{"allow":["GET"]}}],"collection":[{"href":"https:\/\/pornmate.com\/de\/wp-json\/wp\/v2\/pages"}],"about":[{"href":"https:\/\/pornmate.com\/de\/wp-json\/wp\/v2\/types\/page"}],"author":[{"embeddable":true,"href":"https:\/\/pornmate.com\/de\/wp-json\/wp\/v2\/users\/1"}],"replies":[{"embeddable":true,"href":"https:\/\/pornmate.com\/de\/wp-json\/wp\/v2\/comments?post=7531"}],"version-history":[{"count":0,"href":"https:\/\/pornmate.com\/de\/wp-json\/wp\/v2\/pages\/7531\/revisions"}],"wp:attachment":[{"href":"https:\/\/pornmate.com\/de\/wp-json\/wp\/v2\/media?parent=7531"}],"curies":[{"name":"wp","href":"https:\/\/api.w.org\/{rel}","templated":true}]}}