{"id":7533,"date":"2020-03-24T10:59:10","date_gmt":"2020-03-24T10:59:10","guid":{"rendered":"https:\/\/pornmate.com\/?page_id=7533"},"modified":"2020-03-24T10:59:10","modified_gmt":"2020-03-24T10:59:10","slug":"camsoda","status":"publish","type":"page","link":"https:\/\/pornmate.com\/de\/camsoda","title":{"rendered":"CamSoda"},"content":{"rendered":"<p>Verbinden Sie sich mit Cam-Modellen<\/p>\n<p>&nbsp;<\/p>\n<p>Die BB-Site von CamSoda ist eine kostenlose Website, auf der M\u00e4dchen mit sehr ungezogenen Taten angeben k\u00f6nnen. Es ist wie ein internes Reddit f\u00fcr CamSoda-Fans und Models. Zuschauer k\u00f6nnen sich ihre Lieblings-CamSoda-Frau ansehen, Kan\u00e4le f\u00fcr eine bestimmte Kategorie erstellen oder mit anderen Mitgliedern und den Personen vor der Kamera selbst chatten.<\/p>\n<p>Im Gegensatz zu anderen Websites f\u00fcr Erwachsene, auf denen Models riskante Fotos und Videos posten, muss CamSoda BB nicht bezahlen, um Beitr\u00e4ge anzusehen oder einen Kanal zu erstellen. Zahlungen wurden f\u00fcr Sie auf CamSoda BB entfernt, sodass Sie kostenlos und kostenlos auf alle Beitr\u00e4ge oder Kan\u00e4le zugreifen k\u00f6nnen.<\/p>\n<p>Au\u00dferdem sehen wir, dass die Erdn\u00fcsse auf dieser Website gro\u00dfartig aussehen. Sie haben tolle Gesichter, dicke \u00c4rsche und vor allem riesige Br\u00fcste. Sie k\u00f6nnen die Anzahl der Zuschauer sehen, die diese K\u00fcken haben, und auch ein paar Tags verwenden, aber es gibt dort keine geeigneten Kategorien. Auf der Website k\u00f6nnen Sie die neuesten Videos und die am h\u00e4ufigsten verwendeten Tags in Ihrer Region markieren. Nat\u00fcrlich ist das Klicken auf zuf\u00e4llige Shows der einzige Weg, um auf eine wirklich gute Show zu sto\u00dfen, und es gibt keinen anderen Weg, das ist sicher. Mit der Suchleiste oben rechts k\u00f6nnen Sie jedoch sehen, was Sie in den Tiefen der Website erwartet. Bitte beachten Sie, dass die Kontoerstellung hier v\u00f6llig kostenlos ist. Sie w\u00e4hlen Ihren Benutzernamen, Ihre E-Mail-Adresse muss ebenfalls angegeben werden. Schlie\u00dflich m\u00fcssen Sie sich ein Passwort ausdenken. Auch hier ist es wieder einmal erw\u00e4hnenswert, wie toll diese Seite ist, denn die Navigation ist dank des tollen Website-Designs sehr, sehr einfach. Hier gibt es nat\u00fcrlich viel Luft nach oben, wer sich also nicht ein bisschen frustrieren m\u00f6chte, darf diese Seite auch nicht zu ernst nehmen! Die Seite verwendet auch nicht Ihre Kreditkarte, um sich anzumelden, was ziemlich cool ist. Dies ist eine weitere M\u00f6glichkeit, die bestm\u00f6glichen realen pornografischen Inhalte im Internet zu finden, das ist sicher, diese Seite scheint einen Blick wert zu sein.<\/p>\n","protected":false},"excerpt":{"rendered":"<p>Verbinden Sie sich mit Cam-Modellen &nbsp; Die BB-Site von CamSoda ist eine kostenlose Website, auf der M\u00e4dchen mit sehr ungezogenen Taten angeben k\u00f6nnen. Es ist wie ein internes Reddit f\u00fcr CamSoda-Fans und Models. Zuschauer k\u00f6nnen sich ihre Lieblings-CamSoda-Frau ansehen, Kan\u00e4le f\u00fcr eine bestimmte Kategorie erstellen oder mit anderen Mitgliedern und den Personen vor der Kamera [&hellip;]<\/p>\n","protected":false},"author":1,"featured_media":0,"parent":0,"menu_order":0,"comment_status":"closed","ping_status":"closed","template":"page-star-stil.php","meta":{"footnotes":""},"class_list":["post-7533","page","type-page","status-publish","hentry"],"yoast_head":"<!-- This site is optimized with the Yoast SEO plugin v27.5 - https:\/\/yoast.com\/product\/yoast-seo-wordpress\/ -->\n<title>CamSoda und Liste der besten Pornoseiten | PornMate<\/title>\n<meta name=\"description\" content=\"Verbinden Sie sich mit Cam-ModellenDie BB-Site von CamSoda ist eine kostenlose Website, auf der M\u00e4dchen mit sehr ungezogenen Taten angeben k\u00f6nnen. Es ist wie ein internes Reddit f\u00fcr CamSoda-Fans und Models. Zuschauer k\u00f6nnen sich ihre Lieblings-CamSoda-Frau ansehen, Kan\u00e4le f\u00fcr eine bestimmte Kategorie erstellen oder mit anderen Mitgliedern und den Personen vor der Kamera selbst chatten.Im Gegensatz zu anderen Websites f\u00fcr Erwachsene, auf denen Models riskante Fotos und Videos posten, muss CamSoda BB nicht bezahlen, um Beitr\u00e4ge anzusehen oder einen Kanal zu erstellen.\" \/>\n<meta name=\"robots\" content=\"index, follow, max-snippet:-1, max-image-preview:large, max-video-preview:-1\" \/>\n<link rel=\"canonical\" href=\"https:\/\/pornmate.com\/de\/camsoda\" \/>\n<meta property=\"og:locale\" content=\"de_DE\" \/>\n<meta property=\"og:type\" content=\"article\" \/>\n<meta property=\"og:title\" content=\"CamSoda und Liste der besten Pornoseiten | PornMate\" \/>\n<meta property=\"og:description\" content=\"Verbinden Sie sich mit Cam-ModellenDie BB-Site von CamSoda ist eine kostenlose Website, auf der M\u00e4dchen mit sehr ungezogenen Taten angeben k\u00f6nnen. Es ist wie ein internes Reddit f\u00fcr CamSoda-Fans und Models. Zuschauer k\u00f6nnen sich ihre Lieblings-CamSoda-Frau ansehen, Kan\u00e4le f\u00fcr eine bestimmte Kategorie erstellen oder mit anderen Mitgliedern und den Personen vor der Kamera selbst chatten.Im Gegensatz zu anderen Websites f\u00fcr Erwachsene, auf denen Models riskante Fotos und Videos posten, muss CamSoda BB nicht bezahlen, um Beitr\u00e4ge anzusehen oder einen Kanal zu erstellen.\" \/>\n<meta property=\"og:url\" content=\"https:\/\/pornmate.com\/de\/camsoda\" \/>\n<meta property=\"og:site_name\" content=\"Besten Pornoseiten - Kostenlose Deutsche Pornos | PornMate.com\" \/>\n<meta name=\"twitter:card\" content=\"summary_large_image\" \/>\n<meta name=\"twitter:label1\" content=\"Gesch\u00e4tzte Lesezeit\" \/>\n\t<meta name=\"twitter:data1\" content=\"2\u00a0Minuten\" \/>\n<script type=\"application\/ld+json\" class=\"yoast-schema-graph\">{\"@context\":\"https:\\\/\\\/schema.org\",\"@graph\":[{\"@type\":\"WebPage\",\"@id\":\"https:\\\/\\\/pornmate.com\\\/de\\\/camsoda\",\"url\":\"https:\\\/\\\/pornmate.com\\\/de\\\/camsoda\",\"name\":\"CamSoda und Liste der besten Pornoseiten | PornMate\",\"isPartOf\":{\"@id\":\"https:\\\/\\\/pornmate.com\\\/de\\\/#website\"},\"datePublished\":\"2020-03-24T10:59:10+00:00\",\"description\":\"Verbinden Sie sich mit Cam-ModellenDie BB-Site von CamSoda ist eine kostenlose Website, auf der M\u00e4dchen mit sehr ungezogenen Taten angeben k\u00f6nnen. Es ist wie ein internes Reddit f\u00fcr CamSoda-Fans und Models. Zuschauer k\u00f6nnen sich ihre Lieblings-CamSoda-Frau ansehen, Kan\u00e4le f\u00fcr eine bestimmte Kategorie erstellen oder mit anderen Mitgliedern und den Personen vor der Kamera selbst chatten.Im Gegensatz zu anderen Websites f\u00fcr Erwachsene, auf denen Models riskante Fotos und Videos posten, muss CamSoda BB nicht bezahlen, um Beitr\u00e4ge anzusehen oder einen Kanal zu erstellen.\",\"breadcrumb\":{\"@id\":\"https:\\\/\\\/pornmate.com\\\/de\\\/camsoda#breadcrumb\"},\"inLanguage\":\"de\",\"potentialAction\":[{\"@type\":\"ReadAction\",\"target\":[\"https:\\\/\\\/pornmate.com\\\/de\\\/camsoda\"]}]},{\"@type\":\"BreadcrumbList\",\"@id\":\"https:\\\/\\\/pornmate.com\\\/de\\\/camsoda#breadcrumb\",\"itemListElement\":[{\"@type\":\"ListItem\",\"position\":1,\"name\":\"Startseite\",\"item\":\"https:\\\/\\\/pornmate.com\\\/de\"},{\"@type\":\"ListItem\",\"position\":2,\"name\":\"CamSoda\"}]},{\"@type\":\"WebSite\",\"@id\":\"https:\\\/\\\/pornmate.com\\\/de\\\/#website\",\"url\":\"https:\\\/\\\/pornmate.com\\\/de\\\/\",\"name\":\"Besten Pornoseiten - Kostenlose Deutsche Pornos | PornMate.com\",\"description\":\"Kostenlose Pornos, ist Ihr Combo-Verzeichnis der besten gratis Pornoseiten, die Sie finden k\u00f6nnen, und das fantastische Seitenbewertungen, Kostenlose Deutsche sex Biografien von Pornostars und ihre xxx Freie Porno videos unter einem Dach pr\u00e4sentiert.\",\"publisher\":{\"@id\":\"https:\\\/\\\/pornmate.com\\\/de\\\/#organization\"},\"potentialAction\":[{\"@type\":\"SearchAction\",\"target\":{\"@type\":\"EntryPoint\",\"urlTemplate\":\"https:\\\/\\\/pornmate.com\\\/de\\\/?s={search_term_string}\"},\"query-input\":{\"@type\":\"PropertyValueSpecification\",\"valueRequired\":true,\"valueName\":\"search_term_string\"}}],\"inLanguage\":\"de\"},{\"@type\":\"Organization\",\"@id\":\"https:\\\/\\\/pornmate.com\\\/de\\\/#organization\",\"name\":\"Besten Pornoseiten - Kostenlose Deutsche Pornos | PornMate.com\",\"url\":\"https:\\\/\\\/pornmate.com\\\/de\\\/\",\"logo\":{\"@type\":\"ImageObject\",\"inLanguage\":\"de\",\"@id\":\"https:\\\/\\\/pornmate.com\\\/de\\\/#\\\/schema\\\/logo\\\/image\\\/\",\"url\":\"https:\\\/\\\/pornmate.com\\\/de\\\/wp-content\\\/uploads\\\/2022\\\/11\\\/pornmate-1.png\",\"contentUrl\":\"https:\\\/\\\/pornmate.com\\\/de\\\/wp-content\\\/uploads\\\/2022\\\/11\\\/pornmate-1.png\",\"width\":203,\"height\":200,\"caption\":\"Besten Pornoseiten - Kostenlose Deutsche Pornos | PornMate.com\"},\"image\":{\"@id\":\"https:\\\/\\\/pornmate.com\\\/de\\\/#\\\/schema\\\/logo\\\/image\\\/\"}}]}<\/script>\n<!-- \/ Yoast SEO plugin. -->","yoast_head_json":{"title":"CamSoda und Liste der besten Pornoseiten | PornMate","description":"Verbinden Sie sich mit Cam-ModellenDie BB-Site von CamSoda ist eine kostenlose Website, auf der M\u00e4dchen mit sehr ungezogenen Taten angeben k\u00f6nnen. Es ist wie ein internes Reddit f\u00fcr CamSoda-Fans und Models. Zuschauer k\u00f6nnen sich ihre Lieblings-CamSoda-Frau ansehen, Kan\u00e4le f\u00fcr eine bestimmte Kategorie erstellen oder mit anderen Mitgliedern und den Personen vor der Kamera selbst chatten.Im Gegensatz zu anderen Websites f\u00fcr Erwachsene, auf denen Models riskante Fotos und Videos posten, muss CamSoda BB nicht bezahlen, um Beitr\u00e4ge anzusehen oder einen Kanal zu erstellen.","robots":{"index":"index","follow":"follow","max-snippet":"max-snippet:-1","max-image-preview":"max-image-preview:large","max-video-preview":"max-video-preview:-1"},"canonical":"https:\/\/pornmate.com\/de\/camsoda","og_locale":"de_DE","og_type":"article","og_title":"CamSoda und Liste der besten Pornoseiten | PornMate","og_description":"Verbinden Sie sich mit Cam-ModellenDie BB-Site von CamSoda ist eine kostenlose Website, auf der M\u00e4dchen mit sehr ungezogenen Taten angeben k\u00f6nnen. Es ist wie ein internes Reddit f\u00fcr CamSoda-Fans und Models. Zuschauer k\u00f6nnen sich ihre Lieblings-CamSoda-Frau ansehen, Kan\u00e4le f\u00fcr eine bestimmte Kategorie erstellen oder mit anderen Mitgliedern und den Personen vor der Kamera selbst chatten.Im Gegensatz zu anderen Websites f\u00fcr Erwachsene, auf denen Models riskante Fotos und Videos posten, muss CamSoda BB nicht bezahlen, um Beitr\u00e4ge anzusehen oder einen Kanal zu erstellen.","og_url":"https:\/\/pornmate.com\/de\/camsoda","og_site_name":"Besten Pornoseiten - Kostenlose Deutsche Pornos | PornMate.com","twitter_card":"summary_large_image","twitter_misc":{"Gesch\u00e4tzte Lesezeit":"2\u00a0Minuten"},"schema":{"@context":"https:\/\/schema.org","@graph":[{"@type":"WebPage","@id":"https:\/\/pornmate.com\/de\/camsoda","url":"https:\/\/pornmate.com\/de\/camsoda","name":"CamSoda und Liste der besten Pornoseiten | PornMate","isPartOf":{"@id":"https:\/\/pornmate.com\/de\/#website"},"datePublished":"2020-03-24T10:59:10+00:00","description":"Verbinden Sie sich mit Cam-ModellenDie BB-Site von CamSoda ist eine kostenlose Website, auf der M\u00e4dchen mit sehr ungezogenen Taten angeben k\u00f6nnen. Es ist wie ein internes Reddit f\u00fcr CamSoda-Fans und Models. Zuschauer k\u00f6nnen sich ihre Lieblings-CamSoda-Frau ansehen, Kan\u00e4le f\u00fcr eine bestimmte Kategorie erstellen oder mit anderen Mitgliedern und den Personen vor der Kamera selbst chatten.Im Gegensatz zu anderen Websites f\u00fcr Erwachsene, auf denen Models riskante Fotos und Videos posten, muss CamSoda BB nicht bezahlen, um Beitr\u00e4ge anzusehen oder einen Kanal zu erstellen.","breadcrumb":{"@id":"https:\/\/pornmate.com\/de\/camsoda#breadcrumb"},"inLanguage":"de","potentialAction":[{"@type":"ReadAction","target":["https:\/\/pornmate.com\/de\/camsoda"]}]},{"@type":"BreadcrumbList","@id":"https:\/\/pornmate.com\/de\/camsoda#breadcrumb","itemListElement":[{"@type":"ListItem","position":1,"name":"Startseite","item":"https:\/\/pornmate.com\/de"},{"@type":"ListItem","position":2,"name":"CamSoda"}]},{"@type":"WebSite","@id":"https:\/\/pornmate.com\/de\/#website","url":"https:\/\/pornmate.com\/de\/","name":"Besten Pornoseiten - Kostenlose Deutsche Pornos | PornMate.com","description":"Kostenlose Pornos, ist Ihr Combo-Verzeichnis der besten gratis Pornoseiten, die Sie finden k\u00f6nnen, und das fantastische Seitenbewertungen, Kostenlose Deutsche sex Biografien von Pornostars und ihre xxx Freie Porno videos unter einem Dach pr\u00e4sentiert.","publisher":{"@id":"https:\/\/pornmate.com\/de\/#organization"},"potentialAction":[{"@type":"SearchAction","target":{"@type":"EntryPoint","urlTemplate":"https:\/\/pornmate.com\/de\/?s={search_term_string}"},"query-input":{"@type":"PropertyValueSpecification","valueRequired":true,"valueName":"search_term_string"}}],"inLanguage":"de"},{"@type":"Organization","@id":"https:\/\/pornmate.com\/de\/#organization","name":"Besten Pornoseiten - Kostenlose Deutsche Pornos | PornMate.com","url":"https:\/\/pornmate.com\/de\/","logo":{"@type":"ImageObject","inLanguage":"de","@id":"https:\/\/pornmate.com\/de\/#\/schema\/logo\/image\/","url":"https:\/\/pornmate.com\/de\/wp-content\/uploads\/2022\/11\/pornmate-1.png","contentUrl":"https:\/\/pornmate.com\/de\/wp-content\/uploads\/2022\/11\/pornmate-1.png","width":203,"height":200,"caption":"Besten Pornoseiten - Kostenlose Deutsche Pornos | PornMate.com"},"image":{"@id":"https:\/\/pornmate.com\/de\/#\/schema\/logo\/image\/"}}]}},"_links":{"self":[{"href":"https:\/\/pornmate.com\/de\/wp-json\/wp\/v2\/pages\/7533","targetHints":{"allow":["GET"]}}],"collection":[{"href":"https:\/\/pornmate.com\/de\/wp-json\/wp\/v2\/pages"}],"about":[{"href":"https:\/\/pornmate.com\/de\/wp-json\/wp\/v2\/types\/page"}],"author":[{"embeddable":true,"href":"https:\/\/pornmate.com\/de\/wp-json\/wp\/v2\/users\/1"}],"replies":[{"embeddable":true,"href":"https:\/\/pornmate.com\/de\/wp-json\/wp\/v2\/comments?post=7533"}],"version-history":[{"count":0,"href":"https:\/\/pornmate.com\/de\/wp-json\/wp\/v2\/pages\/7533\/revisions"}],"wp:attachment":[{"href":"https:\/\/pornmate.com\/de\/wp-json\/wp\/v2\/media?parent=7533"}],"curies":[{"name":"wp","href":"https:\/\/api.w.org\/{rel}","templated":true}]}}