{"id":7535,"date":"2020-03-24T11:07:35","date_gmt":"2020-03-24T11:07:35","guid":{"rendered":"https:\/\/pornmate.com\/?page_id=7535"},"modified":"2020-03-24T11:07:35","modified_gmt":"2020-03-24T11:07:35","slug":"niceporn","status":"publish","type":"page","link":"https:\/\/pornmate.com\/de\/niceporn","title":{"rendered":"NicePorn.xxx"},"content":{"rendered":"<p>Niceporn.xxx Willst du jetzt die hei\u00dfesten XXX-Videos sehen? Willst du Fickclips finden, die deine Zeit wirklich wert sind? Keine Sorge, NicePorn.XXX hat dich abgedeckt. Sie haben die Seite mit den besten Inhalten im Internet betreten. Vom ersten Tag an sind hier die besten Erdnuss-Momente, die Sie im Internet finden k\u00f6nnen. Zum Beispiel deckt Nice Porn eine Vielzahl von pornografischen Genres ab, die kein anderer Porno-Tube-Kanal so effektiv umgesetzt hat. Egal, an welcher Art von Xrated-Inhalten Sie interessiert sind, harter Sex mit minderj\u00e4hrigen Teenagern, Outdoor-Sex mit gro\u00dfbr\u00fcstigen europ\u00e4ischen Schlampen, Stieft\u00f6chterkorruption, Stiefmutterverf\u00fchrung oder jede Kombination, die oben erw\u00e4hnt und nicht erw\u00e4hnt wird, Sie k\u00f6nnen leicht auf Nice Porn finden . Diese Website bietet auch KOSTENLOS Premium-Pornos auf kostenpflichtigen Websites an. Ja, Sie haben richtig gelesen. Sie k\u00f6nnen die neuesten Videos von Marken wie Brazzers und Mofos v\u00f6llig kostenlos ansehen und genie\u00dfen. Keine Teaser oder kostenlose Vorschauen, nur gro\u00dfartige Pornos ber\u00fchmter Stars. Es gen\u00fcgt zu sagen, dass Nice Porn auch eine gro\u00dfe Sammlung kostenloser Amateurpornografie hat. Die Leute dahinter arbeiten daran, Ihnen die besten von Benutzern eingereichten Sextapes, hausgemachte Videos von durchgesickerten Prominenten und alles dazwischen zu bringen. Sie k\u00f6nnen ganz einfach genau die Art von Porno finden, nach der Sie suchen, ohne stundenlang zu suchen. Eine der besten Funktionen, die von den kreativen Genies hinter Nice Porn implementiert wurden, ist, dass Sie auf t\u00e4gliche Updates zugreifen k\u00f6nnen. St\u00fcndlich werden neue XXX-Videos hinzugef\u00fcgt, sodass Sie so viele Hardcore-Pornos in hoher Qualit\u00e4t ansehen k\u00f6nnen, wie Sie m\u00f6chten. Sie m\u00fcssen sich keine Sorgen machen, dass Ihnen die Videos ausgehen. Bist du schon \u00fcberzeugt? Probieren Sie diese Website einfach aus, Sie werden begeistert sein!<\/p>\n","protected":false},"excerpt":{"rendered":"<p>Niceporn.xxx Willst du jetzt die hei\u00dfesten XXX-Videos sehen? Willst du Fickclips finden, die deine Zeit wirklich wert sind? Keine Sorge, NicePorn.XXX hat dich abgedeckt. Sie haben die Seite mit den besten Inhalten im Internet betreten. Vom ersten Tag an sind hier die besten Erdnuss-Momente, die Sie im Internet finden k\u00f6nnen. Zum Beispiel deckt Nice Porn [&hellip;]<\/p>\n","protected":false},"author":1,"featured_media":0,"parent":0,"menu_order":0,"comment_status":"closed","ping_status":"closed","template":"page-star-stil.php","meta":{"footnotes":""},"class_list":["post-7535","page","type-page","status-publish","hentry"],"yoast_head":"<!-- This site is optimized with the Yoast SEO plugin v27.4 - https:\/\/yoast.com\/product\/yoast-seo-wordpress\/ -->\n<title>NicePorn.xxx and free porn tube sites - PornMate.com<\/title>\n<meta name=\"description\" content=\"Niceporn.xxx Willst du jetzt die hei\u00dfesten XXX-Videos sehen? Willst du Fickclips finden, die deine Zeit wirklich wert sind? Keine Sorge, NicePorn.XXX hat dich abgedeckt. Sie haben die Seite mit den besten Inhalten im Internet betreten. Vom ersten Tag an sind hier die besten Erdnuss-Momente, die Sie im Internet finden k\u00f6nnen.\" \/>\n<meta name=\"robots\" content=\"index, follow, max-snippet:-1, max-image-preview:large, max-video-preview:-1\" \/>\n<link rel=\"canonical\" href=\"https:\/\/pornmate.com\/de\/niceporn\" \/>\n<meta property=\"og:locale\" content=\"de_DE\" \/>\n<meta property=\"og:type\" content=\"article\" \/>\n<meta property=\"og:title\" content=\"NicePorn.xxx and free porn tube sites - PornMate.com\" \/>\n<meta property=\"og:description\" content=\"Niceporn.xxx Willst du jetzt die hei\u00dfesten XXX-Videos sehen? Willst du Fickclips finden, die deine Zeit wirklich wert sind? Keine Sorge, NicePorn.XXX hat dich abgedeckt. Sie haben die Seite mit den besten Inhalten im Internet betreten. Vom ersten Tag an sind hier die besten Erdnuss-Momente, die Sie im Internet finden k\u00f6nnen.\" \/>\n<meta property=\"og:url\" content=\"https:\/\/pornmate.com\/de\/niceporn\" \/>\n<meta property=\"og:site_name\" content=\"Besten Pornoseiten - Kostenlose Deutsche Pornos | PornMate.com\" \/>\n<meta name=\"twitter:card\" content=\"summary_large_image\" \/>\n<meta name=\"twitter:label1\" content=\"Gesch\u00e4tzte Lesezeit\" \/>\n\t<meta name=\"twitter:data1\" content=\"2\u00a0Minuten\" \/>\n<script type=\"application\/ld+json\" class=\"yoast-schema-graph\">{\"@context\":\"https:\\\/\\\/schema.org\",\"@graph\":[{\"@type\":\"WebPage\",\"@id\":\"https:\\\/\\\/pornmate.com\\\/de\\\/niceporn\",\"url\":\"https:\\\/\\\/pornmate.com\\\/de\\\/niceporn\",\"name\":\"NicePorn.xxx and free porn tube sites - PornMate.com\",\"isPartOf\":{\"@id\":\"https:\\\/\\\/pornmate.com\\\/de\\\/#website\"},\"datePublished\":\"2020-03-24T11:07:35+00:00\",\"description\":\"Niceporn.xxx Willst du jetzt die hei\u00dfesten XXX-Videos sehen? Willst du Fickclips finden, die deine Zeit wirklich wert sind? Keine Sorge, NicePorn.XXX hat dich abgedeckt. Sie haben die Seite mit den besten Inhalten im Internet betreten. Vom ersten Tag an sind hier die besten Erdnuss-Momente, die Sie im Internet finden k\u00f6nnen.\",\"breadcrumb\":{\"@id\":\"https:\\\/\\\/pornmate.com\\\/de\\\/niceporn#breadcrumb\"},\"inLanguage\":\"de\",\"potentialAction\":[{\"@type\":\"ReadAction\",\"target\":[\"https:\\\/\\\/pornmate.com\\\/de\\\/niceporn\"]}]},{\"@type\":\"BreadcrumbList\",\"@id\":\"https:\\\/\\\/pornmate.com\\\/de\\\/niceporn#breadcrumb\",\"itemListElement\":[{\"@type\":\"ListItem\",\"position\":1,\"name\":\"Startseite\",\"item\":\"https:\\\/\\\/pornmate.com\\\/de\"},{\"@type\":\"ListItem\",\"position\":2,\"name\":\"NicePorn.xxx\"}]},{\"@type\":\"WebSite\",\"@id\":\"https:\\\/\\\/pornmate.com\\\/de\\\/#website\",\"url\":\"https:\\\/\\\/pornmate.com\\\/de\\\/\",\"name\":\"Besten Pornoseiten - Kostenlose Deutsche Pornos | PornMate.com\",\"description\":\"Kostenlose Pornos, ist Ihr Combo-Verzeichnis der besten gratis Pornoseiten, die Sie finden k\u00f6nnen, und das fantastische Seitenbewertungen, Kostenlose Deutsche sex Biografien von Pornostars und ihre xxx Freie Porno videos unter einem Dach pr\u00e4sentiert.\",\"publisher\":{\"@id\":\"https:\\\/\\\/pornmate.com\\\/de\\\/#organization\"},\"potentialAction\":[{\"@type\":\"SearchAction\",\"target\":{\"@type\":\"EntryPoint\",\"urlTemplate\":\"https:\\\/\\\/pornmate.com\\\/de\\\/?s={search_term_string}\"},\"query-input\":{\"@type\":\"PropertyValueSpecification\",\"valueRequired\":true,\"valueName\":\"search_term_string\"}}],\"inLanguage\":\"de\"},{\"@type\":\"Organization\",\"@id\":\"https:\\\/\\\/pornmate.com\\\/de\\\/#organization\",\"name\":\"Besten Pornoseiten - Kostenlose Deutsche Pornos | PornMate.com\",\"url\":\"https:\\\/\\\/pornmate.com\\\/de\\\/\",\"logo\":{\"@type\":\"ImageObject\",\"inLanguage\":\"de\",\"@id\":\"https:\\\/\\\/pornmate.com\\\/de\\\/#\\\/schema\\\/logo\\\/image\\\/\",\"url\":\"https:\\\/\\\/pornmate.com\\\/de\\\/wp-content\\\/uploads\\\/2022\\\/11\\\/pornmate-1.png\",\"contentUrl\":\"https:\\\/\\\/pornmate.com\\\/de\\\/wp-content\\\/uploads\\\/2022\\\/11\\\/pornmate-1.png\",\"width\":203,\"height\":200,\"caption\":\"Besten Pornoseiten - Kostenlose Deutsche Pornos | PornMate.com\"},\"image\":{\"@id\":\"https:\\\/\\\/pornmate.com\\\/de\\\/#\\\/schema\\\/logo\\\/image\\\/\"}}]}<\/script>\n<!-- \/ Yoast SEO plugin. -->","yoast_head_json":{"title":"NicePorn.xxx and free porn tube sites - PornMate.com","description":"Niceporn.xxx Willst du jetzt die hei\u00dfesten XXX-Videos sehen? Willst du Fickclips finden, die deine Zeit wirklich wert sind? Keine Sorge, NicePorn.XXX hat dich abgedeckt. Sie haben die Seite mit den besten Inhalten im Internet betreten. Vom ersten Tag an sind hier die besten Erdnuss-Momente, die Sie im Internet finden k\u00f6nnen.","robots":{"index":"index","follow":"follow","max-snippet":"max-snippet:-1","max-image-preview":"max-image-preview:large","max-video-preview":"max-video-preview:-1"},"canonical":"https:\/\/pornmate.com\/de\/niceporn","og_locale":"de_DE","og_type":"article","og_title":"NicePorn.xxx and free porn tube sites - PornMate.com","og_description":"Niceporn.xxx Willst du jetzt die hei\u00dfesten XXX-Videos sehen? Willst du Fickclips finden, die deine Zeit wirklich wert sind? Keine Sorge, NicePorn.XXX hat dich abgedeckt. Sie haben die Seite mit den besten Inhalten im Internet betreten. Vom ersten Tag an sind hier die besten Erdnuss-Momente, die Sie im Internet finden k\u00f6nnen.","og_url":"https:\/\/pornmate.com\/de\/niceporn","og_site_name":"Besten Pornoseiten - Kostenlose Deutsche Pornos | PornMate.com","twitter_card":"summary_large_image","twitter_misc":{"Gesch\u00e4tzte Lesezeit":"2\u00a0Minuten"},"schema":{"@context":"https:\/\/schema.org","@graph":[{"@type":"WebPage","@id":"https:\/\/pornmate.com\/de\/niceporn","url":"https:\/\/pornmate.com\/de\/niceporn","name":"NicePorn.xxx and free porn tube sites - PornMate.com","isPartOf":{"@id":"https:\/\/pornmate.com\/de\/#website"},"datePublished":"2020-03-24T11:07:35+00:00","description":"Niceporn.xxx Willst du jetzt die hei\u00dfesten XXX-Videos sehen? Willst du Fickclips finden, die deine Zeit wirklich wert sind? Keine Sorge, NicePorn.XXX hat dich abgedeckt. Sie haben die Seite mit den besten Inhalten im Internet betreten. Vom ersten Tag an sind hier die besten Erdnuss-Momente, die Sie im Internet finden k\u00f6nnen.","breadcrumb":{"@id":"https:\/\/pornmate.com\/de\/niceporn#breadcrumb"},"inLanguage":"de","potentialAction":[{"@type":"ReadAction","target":["https:\/\/pornmate.com\/de\/niceporn"]}]},{"@type":"BreadcrumbList","@id":"https:\/\/pornmate.com\/de\/niceporn#breadcrumb","itemListElement":[{"@type":"ListItem","position":1,"name":"Startseite","item":"https:\/\/pornmate.com\/de"},{"@type":"ListItem","position":2,"name":"NicePorn.xxx"}]},{"@type":"WebSite","@id":"https:\/\/pornmate.com\/de\/#website","url":"https:\/\/pornmate.com\/de\/","name":"Besten Pornoseiten - Kostenlose Deutsche Pornos | PornMate.com","description":"Kostenlose Pornos, ist Ihr Combo-Verzeichnis der besten gratis Pornoseiten, die Sie finden k\u00f6nnen, und das fantastische Seitenbewertungen, Kostenlose Deutsche sex Biografien von Pornostars und ihre xxx Freie Porno videos unter einem Dach pr\u00e4sentiert.","publisher":{"@id":"https:\/\/pornmate.com\/de\/#organization"},"potentialAction":[{"@type":"SearchAction","target":{"@type":"EntryPoint","urlTemplate":"https:\/\/pornmate.com\/de\/?s={search_term_string}"},"query-input":{"@type":"PropertyValueSpecification","valueRequired":true,"valueName":"search_term_string"}}],"inLanguage":"de"},{"@type":"Organization","@id":"https:\/\/pornmate.com\/de\/#organization","name":"Besten Pornoseiten - Kostenlose Deutsche Pornos | PornMate.com","url":"https:\/\/pornmate.com\/de\/","logo":{"@type":"ImageObject","inLanguage":"de","@id":"https:\/\/pornmate.com\/de\/#\/schema\/logo\/image\/","url":"https:\/\/pornmate.com\/de\/wp-content\/uploads\/2022\/11\/pornmate-1.png","contentUrl":"https:\/\/pornmate.com\/de\/wp-content\/uploads\/2022\/11\/pornmate-1.png","width":203,"height":200,"caption":"Besten Pornoseiten - Kostenlose Deutsche Pornos | PornMate.com"},"image":{"@id":"https:\/\/pornmate.com\/de\/#\/schema\/logo\/image\/"}}]}},"_links":{"self":[{"href":"https:\/\/pornmate.com\/de\/wp-json\/wp\/v2\/pages\/7535","targetHints":{"allow":["GET"]}}],"collection":[{"href":"https:\/\/pornmate.com\/de\/wp-json\/wp\/v2\/pages"}],"about":[{"href":"https:\/\/pornmate.com\/de\/wp-json\/wp\/v2\/types\/page"}],"author":[{"embeddable":true,"href":"https:\/\/pornmate.com\/de\/wp-json\/wp\/v2\/users\/1"}],"replies":[{"embeddable":true,"href":"https:\/\/pornmate.com\/de\/wp-json\/wp\/v2\/comments?post=7535"}],"version-history":[{"count":0,"href":"https:\/\/pornmate.com\/de\/wp-json\/wp\/v2\/pages\/7535\/revisions"}],"wp:attachment":[{"href":"https:\/\/pornmate.com\/de\/wp-json\/wp\/v2\/media?parent=7535"}],"curies":[{"name":"wp","href":"https:\/\/api.w.org\/{rel}","templated":true}]}}