{"id":7556,"date":"2020-03-24T12:20:51","date_gmt":"2020-03-24T12:20:51","guid":{"rendered":"https:\/\/pornmate.com\/?page_id=7556"},"modified":"2020-03-24T12:20:51","modified_gmt":"2020-03-24T12:20:51","slug":"sextop1","status":"publish","type":"page","link":"https:\/\/pornmate.com\/de\/sextop1","title":{"rendered":"sextop1.net"},"content":{"rendered":"<p>Es kommt nicht oft vor, dass Sie auf eine kostenlose Porno-Tube-Website sto\u00dfen, die tats\u00e4chlich den gew\u00fcnschten Inhalt bietet. Wenn es um SexTop1.net geht, scheint es immer viele Videos zu geben, die man genie\u00dfen und ansehen kann. Und er ist eines der Zuschauer, die hier am wenigsten den gr\u00f6\u00dften Nutzen ziehen werden. Ja, wir suchen Vietnamesen, die sich kostenlose Pornos ansehen m\u00f6chten, und wir geben ihnen endlich die Chance. Holen Sie sich mindestens ein paar Videos und k\u00f6nnen Sie darauf springen. SexTop1.net ist bestrebt, die besten Pornos anzubieten und gleichzeitig die Website zu 100% kostenlos zu halten. Keine versteckten Geb\u00fchren, keine Registrierung erforderlich. Alles, was Sie tun m\u00fcssen, ist, wann immer Sie sich gro\u00dfartige asiatische Pornos ansehen m\u00f6chten, auf die Website zu kommen und auf das erste Video zu klicken, das Sie irgendwie anspricht. Es gibt gefickte, japanische Hausfrauen, die ihren Mann betr\u00fcgen, und Inzestpornos mit Br\u00fcdern und Schwestern, die sich wohlf\u00fchlen. Hier scheint es Pornovideos f\u00fcr jeden Geschmack zu geben. Verpassen Sie diese Gelegenheit nicht und sehen Sie sich alle personalisierten Pornoinhalte an, die SexTop1.net zu bieten hat. Sie werden es definitiv nicht bereuen, wenn Sie anfangen, sich diese Videos anzusehen.<\/p>\n","protected":false},"excerpt":{"rendered":"<p>Es kommt nicht oft vor, dass Sie auf eine kostenlose Porno-Tube-Website sto\u00dfen, die tats\u00e4chlich den gew\u00fcnschten Inhalt bietet. Wenn es um SexTop1.net geht, scheint es immer viele Videos zu geben, die man genie\u00dfen und ansehen kann. Und er ist eines der Zuschauer, die hier am wenigsten den gr\u00f6\u00dften Nutzen ziehen werden. Ja, wir suchen Vietnamesen, [&hellip;]<\/p>\n","protected":false},"author":1,"featured_media":0,"parent":0,"menu_order":0,"comment_status":"closed","ping_status":"closed","template":"page-star-stil.php","meta":{"footnotes":""},"class_list":["post-7556","page","type-page","status-publish","hentry"],"yoast_head":"<!-- This site is optimized with the Yoast SEO plugin v27.2 - https:\/\/yoast.com\/product\/yoast-seo-wordpress\/ -->\n<title>sextop1.net und Liste der besten Pornoseiten | PornMate<\/title>\n<meta name=\"description\" content=\"It&#039;s not every day that you come across a free porn tube website that actually gives you the content you want from it.\" \/>\n<meta name=\"robots\" content=\"index, follow, max-snippet:-1, max-image-preview:large, max-video-preview:-1\" \/>\n<link rel=\"canonical\" href=\"https:\/\/pornmate.com\/de\/sextop1\" \/>\n<meta property=\"og:locale\" content=\"de_DE\" \/>\n<meta property=\"og:type\" content=\"article\" \/>\n<meta property=\"og:title\" content=\"sextop1.net und Liste der besten Pornoseiten | PornMate\" \/>\n<meta property=\"og:description\" content=\"It&#039;s not every day that you come across a free porn tube website that actually gives you the content you want from it.\" \/>\n<meta property=\"og:url\" content=\"https:\/\/pornmate.com\/de\/sextop1\" \/>\n<meta property=\"og:site_name\" content=\"Besten Pornoseiten - Kostenlose Deutsche Pornos | PornMate.com\" \/>\n<meta name=\"twitter:card\" content=\"summary_large_image\" \/>\n<meta name=\"twitter:label1\" content=\"Gesch\u00e4tzte Lesezeit\" \/>\n\t<meta name=\"twitter:data1\" content=\"2\u00a0Minuten\" \/>\n<script type=\"application\/ld+json\" class=\"yoast-schema-graph\">{\"@context\":\"https:\/\/schema.org\",\"@graph\":[{\"@type\":\"WebPage\",\"@id\":\"https:\/\/pornmate.com\/de\/sextop1\",\"url\":\"https:\/\/pornmate.com\/de\/sextop1\",\"name\":\"sextop1.net und Liste der besten Pornoseiten | PornMate\",\"isPartOf\":{\"@id\":\"https:\/\/pornmate.com\/de\/#website\"},\"datePublished\":\"2020-03-24T12:20:51+00:00\",\"description\":\"It's not every day that you come across a free porn tube website that actually gives you the content you want from it.\",\"breadcrumb\":{\"@id\":\"https:\/\/pornmate.com\/de\/sextop1#breadcrumb\"},\"inLanguage\":\"de\",\"potentialAction\":[{\"@type\":\"ReadAction\",\"target\":[\"https:\/\/pornmate.com\/de\/sextop1\"]}]},{\"@type\":\"BreadcrumbList\",\"@id\":\"https:\/\/pornmate.com\/de\/sextop1#breadcrumb\",\"itemListElement\":[{\"@type\":\"ListItem\",\"position\":1,\"name\":\"Startseite\",\"item\":\"https:\/\/pornmate.com\/de\"},{\"@type\":\"ListItem\",\"position\":2,\"name\":\"sextop1.net\"}]},{\"@type\":\"WebSite\",\"@id\":\"https:\/\/pornmate.com\/de\/#website\",\"url\":\"https:\/\/pornmate.com\/de\/\",\"name\":\"Besten Pornoseiten - Kostenlose Deutsche Pornos | PornMate.com\",\"description\":\"Kostenlose Pornos, ist Ihr Combo-Verzeichnis der besten gratis Pornoseiten, die Sie finden k\u00f6nnen, und das fantastische Seitenbewertungen, Kostenlose Deutsche sex Biografien von Pornostars und ihre xxx Freie Porno videos unter einem Dach pr\u00e4sentiert.\",\"publisher\":{\"@id\":\"https:\/\/pornmate.com\/de\/#organization\"},\"potentialAction\":[{\"@type\":\"SearchAction\",\"target\":{\"@type\":\"EntryPoint\",\"urlTemplate\":\"https:\/\/pornmate.com\/de\/?s={search_term_string}\"},\"query-input\":{\"@type\":\"PropertyValueSpecification\",\"valueRequired\":true,\"valueName\":\"search_term_string\"}}],\"inLanguage\":\"de\"},{\"@type\":\"Organization\",\"@id\":\"https:\/\/pornmate.com\/de\/#organization\",\"name\":\"Besten Pornoseiten - Kostenlose Deutsche Pornos | PornMate.com\",\"url\":\"https:\/\/pornmate.com\/de\/\",\"logo\":{\"@type\":\"ImageObject\",\"inLanguage\":\"de\",\"@id\":\"https:\/\/pornmate.com\/de\/#\/schema\/logo\/image\/\",\"url\":\"https:\/\/pornmate.com\/de\/wp-content\/uploads\/2022\/11\/pornmate-1.png\",\"contentUrl\":\"https:\/\/pornmate.com\/de\/wp-content\/uploads\/2022\/11\/pornmate-1.png\",\"width\":203,\"height\":200,\"caption\":\"Besten Pornoseiten - Kostenlose Deutsche Pornos | PornMate.com\"},\"image\":{\"@id\":\"https:\/\/pornmate.com\/de\/#\/schema\/logo\/image\/\"}}]}<\/script>\n<!-- \/ Yoast SEO plugin. -->","yoast_head_json":{"title":"sextop1.net und Liste der besten Pornoseiten | PornMate","description":"It's not every day that you come across a free porn tube website that actually gives you the content you want from it.","robots":{"index":"index","follow":"follow","max-snippet":"max-snippet:-1","max-image-preview":"max-image-preview:large","max-video-preview":"max-video-preview:-1"},"canonical":"https:\/\/pornmate.com\/de\/sextop1","og_locale":"de_DE","og_type":"article","og_title":"sextop1.net und Liste der besten Pornoseiten | PornMate","og_description":"It's not every day that you come across a free porn tube website that actually gives you the content you want from it.","og_url":"https:\/\/pornmate.com\/de\/sextop1","og_site_name":"Besten Pornoseiten - Kostenlose Deutsche Pornos | PornMate.com","twitter_card":"summary_large_image","twitter_misc":{"Gesch\u00e4tzte Lesezeit":"2\u00a0Minuten"},"schema":{"@context":"https:\/\/schema.org","@graph":[{"@type":"WebPage","@id":"https:\/\/pornmate.com\/de\/sextop1","url":"https:\/\/pornmate.com\/de\/sextop1","name":"sextop1.net und Liste der besten Pornoseiten | PornMate","isPartOf":{"@id":"https:\/\/pornmate.com\/de\/#website"},"datePublished":"2020-03-24T12:20:51+00:00","description":"It's not every day that you come across a free porn tube website that actually gives you the content you want from it.","breadcrumb":{"@id":"https:\/\/pornmate.com\/de\/sextop1#breadcrumb"},"inLanguage":"de","potentialAction":[{"@type":"ReadAction","target":["https:\/\/pornmate.com\/de\/sextop1"]}]},{"@type":"BreadcrumbList","@id":"https:\/\/pornmate.com\/de\/sextop1#breadcrumb","itemListElement":[{"@type":"ListItem","position":1,"name":"Startseite","item":"https:\/\/pornmate.com\/de"},{"@type":"ListItem","position":2,"name":"sextop1.net"}]},{"@type":"WebSite","@id":"https:\/\/pornmate.com\/de\/#website","url":"https:\/\/pornmate.com\/de\/","name":"Besten Pornoseiten - Kostenlose Deutsche Pornos | PornMate.com","description":"Kostenlose Pornos, ist Ihr Combo-Verzeichnis der besten gratis Pornoseiten, die Sie finden k\u00f6nnen, und das fantastische Seitenbewertungen, Kostenlose Deutsche sex Biografien von Pornostars und ihre xxx Freie Porno videos unter einem Dach pr\u00e4sentiert.","publisher":{"@id":"https:\/\/pornmate.com\/de\/#organization"},"potentialAction":[{"@type":"SearchAction","target":{"@type":"EntryPoint","urlTemplate":"https:\/\/pornmate.com\/de\/?s={search_term_string}"},"query-input":{"@type":"PropertyValueSpecification","valueRequired":true,"valueName":"search_term_string"}}],"inLanguage":"de"},{"@type":"Organization","@id":"https:\/\/pornmate.com\/de\/#organization","name":"Besten Pornoseiten - Kostenlose Deutsche Pornos | PornMate.com","url":"https:\/\/pornmate.com\/de\/","logo":{"@type":"ImageObject","inLanguage":"de","@id":"https:\/\/pornmate.com\/de\/#\/schema\/logo\/image\/","url":"https:\/\/pornmate.com\/de\/wp-content\/uploads\/2022\/11\/pornmate-1.png","contentUrl":"https:\/\/pornmate.com\/de\/wp-content\/uploads\/2022\/11\/pornmate-1.png","width":203,"height":200,"caption":"Besten Pornoseiten - Kostenlose Deutsche Pornos | PornMate.com"},"image":{"@id":"https:\/\/pornmate.com\/de\/#\/schema\/logo\/image\/"}}]}},"_links":{"self":[{"href":"https:\/\/pornmate.com\/de\/wp-json\/wp\/v2\/pages\/7556","targetHints":{"allow":["GET"]}}],"collection":[{"href":"https:\/\/pornmate.com\/de\/wp-json\/wp\/v2\/pages"}],"about":[{"href":"https:\/\/pornmate.com\/de\/wp-json\/wp\/v2\/types\/page"}],"author":[{"embeddable":true,"href":"https:\/\/pornmate.com\/de\/wp-json\/wp\/v2\/users\/1"}],"replies":[{"embeddable":true,"href":"https:\/\/pornmate.com\/de\/wp-json\/wp\/v2\/comments?post=7556"}],"version-history":[{"count":0,"href":"https:\/\/pornmate.com\/de\/wp-json\/wp\/v2\/pages\/7556\/revisions"}],"wp:attachment":[{"href":"https:\/\/pornmate.com\/de\/wp-json\/wp\/v2\/media?parent=7556"}],"curies":[{"name":"wp","href":"https:\/\/api.w.org\/{rel}","templated":true}]}}