{"id":7558,"date":"2020-03-24T12:26:46","date_gmt":"2020-03-24T12:26:46","guid":{"rendered":"https:\/\/pornmate.com\/?page_id=7558"},"modified":"2020-03-24T12:26:46","modified_gmt":"2020-03-24T12:26:46","slug":"youav","status":"publish","type":"page","link":"https:\/\/pornmate.com\/de\/youav","title":{"rendered":"youav.com"},"content":{"rendered":"<p>YouAV.com dient Ihnen vollst\u00e4ndig. Welche japanischen Pornovideos m\u00f6chtest du dir ansehen? YouAV.com hat wahrscheinlich eine endg\u00fcltige Antwort auf diese Frage. Sie k\u00f6nnen dieses Video in den vielen Kategorien von Genres durchsuchen, die diese Website bietet, und es scheint, dass die Genreauswahl im Laufe der Zeit nur erweitert wird. Und was lieben die Leute so sehr an YouAV.com, dass sie immer wieder zur\u00fcckkommen? Vielleicht liegt der Grund f\u00fcr dieses Interesse darin, dass es v\u00f6llig kostenlose Inhalte hat. Sie m\u00fcssen keinen einzigen Cent f\u00fcr die Website bezahlen und YouAV.com ver\u00f6ffentlicht st\u00e4ndig neue Videos zu Ihrem Vergn\u00fcgen. Nun, wenn Sie VIELE kostenlose Inhalte wollen, nicht nur kostenlose Inhalte, YouAV.com hat Sie wieder einmal abgedeckt. Hier gibt es endlose Videos und jedes Mal, wenn Sie zur\u00fcckkommen, k\u00f6nnen Sie davon ausgehen, dass brandneue japanische Pornofilme hier hochgeladen werden. Es gibt unter anderem eine gro\u00dfe Auswahl an Inhalten, sowohl zensierte als auch unzensierte, aber alle sind sich einig, dass wir alle etwas mehr Abwechslung in unserem Leben gebrauchen k\u00f6nnten. Wann immer Sie etwas Neues und Aufregendes tun m\u00f6chten, m\u00fcssen Sie nur zu YouAV.com gehen und dabei mitreden. W\u00e4hlen Sie ein beliebiges Video aus, das Ihnen ins Auge f\u00e4llt, und genie\u00dfen Sie es von Anfang bis Ende ohne Unterbrechungen oder andere potenzielle St\u00f6rungen.<\/p>\n","protected":false},"excerpt":{"rendered":"<p>YouAV.com dient Ihnen vollst\u00e4ndig. Welche japanischen Pornovideos m\u00f6chtest du dir ansehen? YouAV.com hat wahrscheinlich eine endg\u00fcltige Antwort auf diese Frage. Sie k\u00f6nnen dieses Video in den vielen Kategorien von Genres durchsuchen, die diese Website bietet, und es scheint, dass die Genreauswahl im Laufe der Zeit nur erweitert wird. Und was lieben die Leute so sehr [&hellip;]<\/p>\n","protected":false},"author":1,"featured_media":0,"parent":0,"menu_order":0,"comment_status":"closed","ping_status":"closed","template":"page-star-stil.php","meta":{"footnotes":""},"class_list":["post-7558","page","type-page","status-publish","hentry"],"yoast_head":"<!-- This site is optimized with the Yoast SEO plugin v27.2 - https:\/\/yoast.com\/product\/yoast-seo-wordpress\/ -->\n<title>youav.com und Liste der besten Pornoseiten | PornMate<\/title>\n<meta name=\"description\" content=\"YouAV.com dient Ihnen vollst\u00e4ndig. Welche japanischen Pornovideos m\u00f6chtest du dir ansehen? YouAV.com hat wahrscheinlich eine endg\u00fcltige Antwort auf diese Frage. Sie k\u00f6nnen dieses Video in den vielen Kategorien von Genres durchsuchen, die diese Website bietet, und es scheint, dass die Genreauswahl im Laufe der Zeit nur erweitert wird.\" \/>\n<meta name=\"robots\" content=\"index, follow, max-snippet:-1, max-image-preview:large, max-video-preview:-1\" \/>\n<link rel=\"canonical\" href=\"https:\/\/pornmate.com\/de\/youav\" \/>\n<meta property=\"og:locale\" content=\"de_DE\" \/>\n<meta property=\"og:type\" content=\"article\" \/>\n<meta property=\"og:title\" content=\"youav.com und Liste der besten Pornoseiten | PornMate\" \/>\n<meta property=\"og:description\" content=\"YouAV.com dient Ihnen vollst\u00e4ndig. Welche japanischen Pornovideos m\u00f6chtest du dir ansehen? YouAV.com hat wahrscheinlich eine endg\u00fcltige Antwort auf diese Frage. Sie k\u00f6nnen dieses Video in den vielen Kategorien von Genres durchsuchen, die diese Website bietet, und es scheint, dass die Genreauswahl im Laufe der Zeit nur erweitert wird.\" \/>\n<meta property=\"og:url\" content=\"https:\/\/pornmate.com\/de\/youav\" \/>\n<meta property=\"og:site_name\" content=\"Besten Pornoseiten - Kostenlose Deutsche Pornos | PornMate.com\" \/>\n<meta name=\"twitter:card\" content=\"summary_large_image\" \/>\n<meta name=\"twitter:label1\" content=\"Gesch\u00e4tzte Lesezeit\" \/>\n\t<meta name=\"twitter:data1\" content=\"2\u00a0Minuten\" \/>\n<script type=\"application\/ld+json\" class=\"yoast-schema-graph\">{\"@context\":\"https:\/\/schema.org\",\"@graph\":[{\"@type\":\"WebPage\",\"@id\":\"https:\/\/pornmate.com\/de\/youav\",\"url\":\"https:\/\/pornmate.com\/de\/youav\",\"name\":\"youav.com und Liste der besten Pornoseiten | PornMate\",\"isPartOf\":{\"@id\":\"https:\/\/pornmate.com\/de\/#website\"},\"datePublished\":\"2020-03-24T12:26:46+00:00\",\"description\":\"YouAV.com dient Ihnen vollst\u00e4ndig. Welche japanischen Pornovideos m\u00f6chtest du dir ansehen? YouAV.com hat wahrscheinlich eine endg\u00fcltige Antwort auf diese Frage. Sie k\u00f6nnen dieses Video in den vielen Kategorien von Genres durchsuchen, die diese Website bietet, und es scheint, dass die Genreauswahl im Laufe der Zeit nur erweitert wird.\",\"breadcrumb\":{\"@id\":\"https:\/\/pornmate.com\/de\/youav#breadcrumb\"},\"inLanguage\":\"de\",\"potentialAction\":[{\"@type\":\"ReadAction\",\"target\":[\"https:\/\/pornmate.com\/de\/youav\"]}]},{\"@type\":\"BreadcrumbList\",\"@id\":\"https:\/\/pornmate.com\/de\/youav#breadcrumb\",\"itemListElement\":[{\"@type\":\"ListItem\",\"position\":1,\"name\":\"Startseite\",\"item\":\"https:\/\/pornmate.com\/de\"},{\"@type\":\"ListItem\",\"position\":2,\"name\":\"youav.com\"}]},{\"@type\":\"WebSite\",\"@id\":\"https:\/\/pornmate.com\/de\/#website\",\"url\":\"https:\/\/pornmate.com\/de\/\",\"name\":\"Besten Pornoseiten - Kostenlose Deutsche Pornos | PornMate.com\",\"description\":\"Kostenlose Pornos, ist Ihr Combo-Verzeichnis der besten gratis Pornoseiten, die Sie finden k\u00f6nnen, und das fantastische Seitenbewertungen, Kostenlose Deutsche sex Biografien von Pornostars und ihre xxx Freie Porno videos unter einem Dach pr\u00e4sentiert.\",\"publisher\":{\"@id\":\"https:\/\/pornmate.com\/de\/#organization\"},\"potentialAction\":[{\"@type\":\"SearchAction\",\"target\":{\"@type\":\"EntryPoint\",\"urlTemplate\":\"https:\/\/pornmate.com\/de\/?s={search_term_string}\"},\"query-input\":{\"@type\":\"PropertyValueSpecification\",\"valueRequired\":true,\"valueName\":\"search_term_string\"}}],\"inLanguage\":\"de\"},{\"@type\":\"Organization\",\"@id\":\"https:\/\/pornmate.com\/de\/#organization\",\"name\":\"Besten Pornoseiten - Kostenlose Deutsche Pornos | PornMate.com\",\"url\":\"https:\/\/pornmate.com\/de\/\",\"logo\":{\"@type\":\"ImageObject\",\"inLanguage\":\"de\",\"@id\":\"https:\/\/pornmate.com\/de\/#\/schema\/logo\/image\/\",\"url\":\"https:\/\/pornmate.com\/de\/wp-content\/uploads\/2022\/11\/pornmate-1.png\",\"contentUrl\":\"https:\/\/pornmate.com\/de\/wp-content\/uploads\/2022\/11\/pornmate-1.png\",\"width\":203,\"height\":200,\"caption\":\"Besten Pornoseiten - Kostenlose Deutsche Pornos | PornMate.com\"},\"image\":{\"@id\":\"https:\/\/pornmate.com\/de\/#\/schema\/logo\/image\/\"}}]}<\/script>\n<!-- \/ Yoast SEO plugin. -->","yoast_head_json":{"title":"youav.com und Liste der besten Pornoseiten | PornMate","description":"YouAV.com dient Ihnen vollst\u00e4ndig. Welche japanischen Pornovideos m\u00f6chtest du dir ansehen? YouAV.com hat wahrscheinlich eine endg\u00fcltige Antwort auf diese Frage. Sie k\u00f6nnen dieses Video in den vielen Kategorien von Genres durchsuchen, die diese Website bietet, und es scheint, dass die Genreauswahl im Laufe der Zeit nur erweitert wird.","robots":{"index":"index","follow":"follow","max-snippet":"max-snippet:-1","max-image-preview":"max-image-preview:large","max-video-preview":"max-video-preview:-1"},"canonical":"https:\/\/pornmate.com\/de\/youav","og_locale":"de_DE","og_type":"article","og_title":"youav.com und Liste der besten Pornoseiten | PornMate","og_description":"YouAV.com dient Ihnen vollst\u00e4ndig. Welche japanischen Pornovideos m\u00f6chtest du dir ansehen? YouAV.com hat wahrscheinlich eine endg\u00fcltige Antwort auf diese Frage. Sie k\u00f6nnen dieses Video in den vielen Kategorien von Genres durchsuchen, die diese Website bietet, und es scheint, dass die Genreauswahl im Laufe der Zeit nur erweitert wird.","og_url":"https:\/\/pornmate.com\/de\/youav","og_site_name":"Besten Pornoseiten - Kostenlose Deutsche Pornos | PornMate.com","twitter_card":"summary_large_image","twitter_misc":{"Gesch\u00e4tzte Lesezeit":"2\u00a0Minuten"},"schema":{"@context":"https:\/\/schema.org","@graph":[{"@type":"WebPage","@id":"https:\/\/pornmate.com\/de\/youav","url":"https:\/\/pornmate.com\/de\/youav","name":"youav.com und Liste der besten Pornoseiten | PornMate","isPartOf":{"@id":"https:\/\/pornmate.com\/de\/#website"},"datePublished":"2020-03-24T12:26:46+00:00","description":"YouAV.com dient Ihnen vollst\u00e4ndig. Welche japanischen Pornovideos m\u00f6chtest du dir ansehen? YouAV.com hat wahrscheinlich eine endg\u00fcltige Antwort auf diese Frage. Sie k\u00f6nnen dieses Video in den vielen Kategorien von Genres durchsuchen, die diese Website bietet, und es scheint, dass die Genreauswahl im Laufe der Zeit nur erweitert wird.","breadcrumb":{"@id":"https:\/\/pornmate.com\/de\/youav#breadcrumb"},"inLanguage":"de","potentialAction":[{"@type":"ReadAction","target":["https:\/\/pornmate.com\/de\/youav"]}]},{"@type":"BreadcrumbList","@id":"https:\/\/pornmate.com\/de\/youav#breadcrumb","itemListElement":[{"@type":"ListItem","position":1,"name":"Startseite","item":"https:\/\/pornmate.com\/de"},{"@type":"ListItem","position":2,"name":"youav.com"}]},{"@type":"WebSite","@id":"https:\/\/pornmate.com\/de\/#website","url":"https:\/\/pornmate.com\/de\/","name":"Besten Pornoseiten - Kostenlose Deutsche Pornos | PornMate.com","description":"Kostenlose Pornos, ist Ihr Combo-Verzeichnis der besten gratis Pornoseiten, die Sie finden k\u00f6nnen, und das fantastische Seitenbewertungen, Kostenlose Deutsche sex Biografien von Pornostars und ihre xxx Freie Porno videos unter einem Dach pr\u00e4sentiert.","publisher":{"@id":"https:\/\/pornmate.com\/de\/#organization"},"potentialAction":[{"@type":"SearchAction","target":{"@type":"EntryPoint","urlTemplate":"https:\/\/pornmate.com\/de\/?s={search_term_string}"},"query-input":{"@type":"PropertyValueSpecification","valueRequired":true,"valueName":"search_term_string"}}],"inLanguage":"de"},{"@type":"Organization","@id":"https:\/\/pornmate.com\/de\/#organization","name":"Besten Pornoseiten - Kostenlose Deutsche Pornos | PornMate.com","url":"https:\/\/pornmate.com\/de\/","logo":{"@type":"ImageObject","inLanguage":"de","@id":"https:\/\/pornmate.com\/de\/#\/schema\/logo\/image\/","url":"https:\/\/pornmate.com\/de\/wp-content\/uploads\/2022\/11\/pornmate-1.png","contentUrl":"https:\/\/pornmate.com\/de\/wp-content\/uploads\/2022\/11\/pornmate-1.png","width":203,"height":200,"caption":"Besten Pornoseiten - Kostenlose Deutsche Pornos | PornMate.com"},"image":{"@id":"https:\/\/pornmate.com\/de\/#\/schema\/logo\/image\/"}}]}},"_links":{"self":[{"href":"https:\/\/pornmate.com\/de\/wp-json\/wp\/v2\/pages\/7558","targetHints":{"allow":["GET"]}}],"collection":[{"href":"https:\/\/pornmate.com\/de\/wp-json\/wp\/v2\/pages"}],"about":[{"href":"https:\/\/pornmate.com\/de\/wp-json\/wp\/v2\/types\/page"}],"author":[{"embeddable":true,"href":"https:\/\/pornmate.com\/de\/wp-json\/wp\/v2\/users\/1"}],"replies":[{"embeddable":true,"href":"https:\/\/pornmate.com\/de\/wp-json\/wp\/v2\/comments?post=7558"}],"version-history":[{"count":0,"href":"https:\/\/pornmate.com\/de\/wp-json\/wp\/v2\/pages\/7558\/revisions"}],"wp:attachment":[{"href":"https:\/\/pornmate.com\/de\/wp-json\/wp\/v2\/media?parent=7558"}],"curies":[{"name":"wp","href":"https:\/\/api.w.org\/{rel}","templated":true}]}}