{"id":7560,"date":"2020-03-24T12:31:10","date_gmt":"2020-03-24T12:31:10","guid":{"rendered":"https:\/\/pornmate.com\/?page_id=7560"},"modified":"2020-03-24T12:31:10","modified_gmt":"2020-03-24T12:31:10","slug":"javmost","status":"publish","type":"page","link":"https:\/\/pornmate.com\/de\/javmost","title":{"rendered":"javmost.com"},"content":{"rendered":"<p>Ein paar kostenlose Pornoinhalte auf Ihrem Handy zu haben, reicht nicht aus, um Menschen zu beeinflussen, aber das!<br \/>\n.JAVmost.com ist die stilvolle Position, wenn Sie sich nach einer s\u00fc\u00dfen japanischen Muschi sehnen.<br \/>\nAlle Videos sind dann nicht nur voll funktionsf\u00e4hig und von hoher Qualit\u00e4t, sondern auch v\u00f6llig kostenlos.<br \/>\nEs gibt daher viele hei\u00dfe Videos, die Sie auf dieser Website aufrufen k\u00f6nnen, aber das Gute ist, dass Sie in der Lage sind, zu erkennen, welche Art von Aktion Sie feststellen, wenn Sie auf dieser Website sind.<br \/>\nJAVmost.com wird Sie ununterbrochen benachrichtigen, wenn Sie Inhalte erhalten, die Sie ansehen k\u00f6nnen.<br \/>\nGelegentlich kann man zwar die Ersten sein, die sich Videos ansehen, aber die Wahrheit ist, dass sich wirklich jeder dieses Zeug anschaut.<br \/>\nJapanische Pornofilme geh\u00f6ren zu den stilvollen Inhalten, und es ist keine Sorge, dass folglich viele Menschen diese Art von Inhalten verstehen. Es gibt viele Leute, die das haben m\u00f6chten, was JAVmost.com Ihnen heute bietet, folglich verbessern Sie Ihre M\u00f6glichkeiten dann.<br \/>\nEs ist, als g\u00e4be es kein Argument daf\u00fcr, f\u00fcr den Rest Ihres Lebens zu einer anderen Website zu gehen!<br \/>\nEs ist auch so, wie alle deine Gebete gewesen sind<br \/>\nSie k\u00f6nnen sich dann alle gew\u00fcnschten japanischen Videos f\u00fcr Erwachsene ansehen, ohne ein einziges geben zu m\u00fcssen, und das sollten Sie ber\u00fccksichtigen, wenn Sie entscheiden, welcher Website Sie beitreten m\u00f6chten.<br \/>\nJAVmost.com gewinnt jedes Mal!<\/p>\n","protected":false},"excerpt":{"rendered":"<p>Ein paar kostenlose Pornoinhalte auf Ihrem Handy zu haben, reicht nicht aus, um Menschen zu beeinflussen, aber das! .JAVmost.com ist die stilvolle Position, wenn Sie sich nach einer s\u00fc\u00dfen japanischen Muschi sehnen. Alle Videos sind dann nicht nur voll funktionsf\u00e4hig und von hoher Qualit\u00e4t, sondern auch v\u00f6llig kostenlos. Es gibt daher viele hei\u00dfe Videos, die [&hellip;]<\/p>\n","protected":false},"author":1,"featured_media":0,"parent":0,"menu_order":0,"comment_status":"closed","ping_status":"closed","template":"page-star-stil.php","meta":{"footnotes":""},"class_list":["post-7560","page","type-page","status-publish","hentry"],"yoast_head":"<!-- This site is optimized with the Yoast SEO plugin v27.2 - https:\/\/yoast.com\/product\/yoast-seo-wordpress\/ -->\n<title>javmost.com und Liste der besten Pornoseiten | PornMate<\/title>\n<meta name=\"description\" content=\"Ein paar kostenlose Pornoinhalte auf Ihrem Handy zu haben, reicht nicht aus, um Menschen zu beeinflussen, aber das!.JAVmost.com ist die stilvolle Position, wenn Sie sich nach einer s\u00fc\u00dfen japanischen Muschi sehnen.Alle Videos sind dann nicht nur voll funktionsf\u00e4hig und von hoher Qualit\u00e4t, sondern auch v\u00f6llig kostenlos.Es gibt daher viele hei\u00dfe Videos, die Sie auf dieser Website aufrufen k\u00f6nnen, aber das Gute ist, dass Sie in der Lage sind, zu erkennen, welche Art von Aktion Sie feststellen, wenn Sie auf dieser Website sind.\" \/>\n<meta name=\"robots\" content=\"index, follow, max-snippet:-1, max-image-preview:large, max-video-preview:-1\" \/>\n<link rel=\"canonical\" href=\"https:\/\/pornmate.com\/de\/javmost\" \/>\n<meta property=\"og:locale\" content=\"de_DE\" \/>\n<meta property=\"og:type\" content=\"article\" \/>\n<meta property=\"og:title\" content=\"javmost.com und Liste der besten Pornoseiten | PornMate\" \/>\n<meta property=\"og:description\" content=\"Ein paar kostenlose Pornoinhalte auf Ihrem Handy zu haben, reicht nicht aus, um Menschen zu beeinflussen, aber das!.JAVmost.com ist die stilvolle Position, wenn Sie sich nach einer s\u00fc\u00dfen japanischen Muschi sehnen.Alle Videos sind dann nicht nur voll funktionsf\u00e4hig und von hoher Qualit\u00e4t, sondern auch v\u00f6llig kostenlos.Es gibt daher viele hei\u00dfe Videos, die Sie auf dieser Website aufrufen k\u00f6nnen, aber das Gute ist, dass Sie in der Lage sind, zu erkennen, welche Art von Aktion Sie feststellen, wenn Sie auf dieser Website sind.\" \/>\n<meta property=\"og:url\" content=\"https:\/\/pornmate.com\/de\/javmost\" \/>\n<meta property=\"og:site_name\" content=\"Besten Pornoseiten - Kostenlose Deutsche Pornos | PornMate.com\" \/>\n<meta name=\"twitter:card\" content=\"summary_large_image\" \/>\n<meta name=\"twitter:label1\" content=\"Gesch\u00e4tzte Lesezeit\" \/>\n\t<meta name=\"twitter:data1\" content=\"2\u00a0Minuten\" \/>\n<script type=\"application\/ld+json\" class=\"yoast-schema-graph\">{\"@context\":\"https:\/\/schema.org\",\"@graph\":[{\"@type\":\"WebPage\",\"@id\":\"https:\/\/pornmate.com\/de\/javmost\",\"url\":\"https:\/\/pornmate.com\/de\/javmost\",\"name\":\"javmost.com und Liste der besten Pornoseiten | PornMate\",\"isPartOf\":{\"@id\":\"https:\/\/pornmate.com\/de\/#website\"},\"datePublished\":\"2020-03-24T12:31:10+00:00\",\"description\":\"Ein paar kostenlose Pornoinhalte auf Ihrem Handy zu haben, reicht nicht aus, um Menschen zu beeinflussen, aber das!.JAVmost.com ist die stilvolle Position, wenn Sie sich nach einer s\u00fc\u00dfen japanischen Muschi sehnen.Alle Videos sind dann nicht nur voll funktionsf\u00e4hig und von hoher Qualit\u00e4t, sondern auch v\u00f6llig kostenlos.Es gibt daher viele hei\u00dfe Videos, die Sie auf dieser Website aufrufen k\u00f6nnen, aber das Gute ist, dass Sie in der Lage sind, zu erkennen, welche Art von Aktion Sie feststellen, wenn Sie auf dieser Website sind.\",\"breadcrumb\":{\"@id\":\"https:\/\/pornmate.com\/de\/javmost#breadcrumb\"},\"inLanguage\":\"de\",\"potentialAction\":[{\"@type\":\"ReadAction\",\"target\":[\"https:\/\/pornmate.com\/de\/javmost\"]}]},{\"@type\":\"BreadcrumbList\",\"@id\":\"https:\/\/pornmate.com\/de\/javmost#breadcrumb\",\"itemListElement\":[{\"@type\":\"ListItem\",\"position\":1,\"name\":\"Startseite\",\"item\":\"https:\/\/pornmate.com\/de\"},{\"@type\":\"ListItem\",\"position\":2,\"name\":\"javmost.com\"}]},{\"@type\":\"WebSite\",\"@id\":\"https:\/\/pornmate.com\/de\/#website\",\"url\":\"https:\/\/pornmate.com\/de\/\",\"name\":\"Besten Pornoseiten - Kostenlose Deutsche Pornos | PornMate.com\",\"description\":\"Kostenlose Pornos, ist Ihr Combo-Verzeichnis der besten gratis Pornoseiten, die Sie finden k\u00f6nnen, und das fantastische Seitenbewertungen, Kostenlose Deutsche sex Biografien von Pornostars und ihre xxx Freie Porno videos unter einem Dach pr\u00e4sentiert.\",\"publisher\":{\"@id\":\"https:\/\/pornmate.com\/de\/#organization\"},\"potentialAction\":[{\"@type\":\"SearchAction\",\"target\":{\"@type\":\"EntryPoint\",\"urlTemplate\":\"https:\/\/pornmate.com\/de\/?s={search_term_string}\"},\"query-input\":{\"@type\":\"PropertyValueSpecification\",\"valueRequired\":true,\"valueName\":\"search_term_string\"}}],\"inLanguage\":\"de\"},{\"@type\":\"Organization\",\"@id\":\"https:\/\/pornmate.com\/de\/#organization\",\"name\":\"Besten Pornoseiten - Kostenlose Deutsche Pornos | PornMate.com\",\"url\":\"https:\/\/pornmate.com\/de\/\",\"logo\":{\"@type\":\"ImageObject\",\"inLanguage\":\"de\",\"@id\":\"https:\/\/pornmate.com\/de\/#\/schema\/logo\/image\/\",\"url\":\"https:\/\/pornmate.com\/de\/wp-content\/uploads\/2022\/11\/pornmate-1.png\",\"contentUrl\":\"https:\/\/pornmate.com\/de\/wp-content\/uploads\/2022\/11\/pornmate-1.png\",\"width\":203,\"height\":200,\"caption\":\"Besten Pornoseiten - Kostenlose Deutsche Pornos | PornMate.com\"},\"image\":{\"@id\":\"https:\/\/pornmate.com\/de\/#\/schema\/logo\/image\/\"}}]}<\/script>\n<!-- \/ Yoast SEO plugin. -->","yoast_head_json":{"title":"javmost.com und Liste der besten Pornoseiten | PornMate","description":"Ein paar kostenlose Pornoinhalte auf Ihrem Handy zu haben, reicht nicht aus, um Menschen zu beeinflussen, aber das!.JAVmost.com ist die stilvolle Position, wenn Sie sich nach einer s\u00fc\u00dfen japanischen Muschi sehnen.Alle Videos sind dann nicht nur voll funktionsf\u00e4hig und von hoher Qualit\u00e4t, sondern auch v\u00f6llig kostenlos.Es gibt daher viele hei\u00dfe Videos, die Sie auf dieser Website aufrufen k\u00f6nnen, aber das Gute ist, dass Sie in der Lage sind, zu erkennen, welche Art von Aktion Sie feststellen, wenn Sie auf dieser Website sind.","robots":{"index":"index","follow":"follow","max-snippet":"max-snippet:-1","max-image-preview":"max-image-preview:large","max-video-preview":"max-video-preview:-1"},"canonical":"https:\/\/pornmate.com\/de\/javmost","og_locale":"de_DE","og_type":"article","og_title":"javmost.com und Liste der besten Pornoseiten | PornMate","og_description":"Ein paar kostenlose Pornoinhalte auf Ihrem Handy zu haben, reicht nicht aus, um Menschen zu beeinflussen, aber das!.JAVmost.com ist die stilvolle Position, wenn Sie sich nach einer s\u00fc\u00dfen japanischen Muschi sehnen.Alle Videos sind dann nicht nur voll funktionsf\u00e4hig und von hoher Qualit\u00e4t, sondern auch v\u00f6llig kostenlos.Es gibt daher viele hei\u00dfe Videos, die Sie auf dieser Website aufrufen k\u00f6nnen, aber das Gute ist, dass Sie in der Lage sind, zu erkennen, welche Art von Aktion Sie feststellen, wenn Sie auf dieser Website sind.","og_url":"https:\/\/pornmate.com\/de\/javmost","og_site_name":"Besten Pornoseiten - Kostenlose Deutsche Pornos | PornMate.com","twitter_card":"summary_large_image","twitter_misc":{"Gesch\u00e4tzte Lesezeit":"2\u00a0Minuten"},"schema":{"@context":"https:\/\/schema.org","@graph":[{"@type":"WebPage","@id":"https:\/\/pornmate.com\/de\/javmost","url":"https:\/\/pornmate.com\/de\/javmost","name":"javmost.com und Liste der besten Pornoseiten | PornMate","isPartOf":{"@id":"https:\/\/pornmate.com\/de\/#website"},"datePublished":"2020-03-24T12:31:10+00:00","description":"Ein paar kostenlose Pornoinhalte auf Ihrem Handy zu haben, reicht nicht aus, um Menschen zu beeinflussen, aber das!.JAVmost.com ist die stilvolle Position, wenn Sie sich nach einer s\u00fc\u00dfen japanischen Muschi sehnen.Alle Videos sind dann nicht nur voll funktionsf\u00e4hig und von hoher Qualit\u00e4t, sondern auch v\u00f6llig kostenlos.Es gibt daher viele hei\u00dfe Videos, die Sie auf dieser Website aufrufen k\u00f6nnen, aber das Gute ist, dass Sie in der Lage sind, zu erkennen, welche Art von Aktion Sie feststellen, wenn Sie auf dieser Website sind.","breadcrumb":{"@id":"https:\/\/pornmate.com\/de\/javmost#breadcrumb"},"inLanguage":"de","potentialAction":[{"@type":"ReadAction","target":["https:\/\/pornmate.com\/de\/javmost"]}]},{"@type":"BreadcrumbList","@id":"https:\/\/pornmate.com\/de\/javmost#breadcrumb","itemListElement":[{"@type":"ListItem","position":1,"name":"Startseite","item":"https:\/\/pornmate.com\/de"},{"@type":"ListItem","position":2,"name":"javmost.com"}]},{"@type":"WebSite","@id":"https:\/\/pornmate.com\/de\/#website","url":"https:\/\/pornmate.com\/de\/","name":"Besten Pornoseiten - Kostenlose Deutsche Pornos | PornMate.com","description":"Kostenlose Pornos, ist Ihr Combo-Verzeichnis der besten gratis Pornoseiten, die Sie finden k\u00f6nnen, und das fantastische Seitenbewertungen, Kostenlose Deutsche sex Biografien von Pornostars und ihre xxx Freie Porno videos unter einem Dach pr\u00e4sentiert.","publisher":{"@id":"https:\/\/pornmate.com\/de\/#organization"},"potentialAction":[{"@type":"SearchAction","target":{"@type":"EntryPoint","urlTemplate":"https:\/\/pornmate.com\/de\/?s={search_term_string}"},"query-input":{"@type":"PropertyValueSpecification","valueRequired":true,"valueName":"search_term_string"}}],"inLanguage":"de"},{"@type":"Organization","@id":"https:\/\/pornmate.com\/de\/#organization","name":"Besten Pornoseiten - Kostenlose Deutsche Pornos | PornMate.com","url":"https:\/\/pornmate.com\/de\/","logo":{"@type":"ImageObject","inLanguage":"de","@id":"https:\/\/pornmate.com\/de\/#\/schema\/logo\/image\/","url":"https:\/\/pornmate.com\/de\/wp-content\/uploads\/2022\/11\/pornmate-1.png","contentUrl":"https:\/\/pornmate.com\/de\/wp-content\/uploads\/2022\/11\/pornmate-1.png","width":203,"height":200,"caption":"Besten Pornoseiten - Kostenlose Deutsche Pornos | PornMate.com"},"image":{"@id":"https:\/\/pornmate.com\/de\/#\/schema\/logo\/image\/"}}]}},"_links":{"self":[{"href":"https:\/\/pornmate.com\/de\/wp-json\/wp\/v2\/pages\/7560","targetHints":{"allow":["GET"]}}],"collection":[{"href":"https:\/\/pornmate.com\/de\/wp-json\/wp\/v2\/pages"}],"about":[{"href":"https:\/\/pornmate.com\/de\/wp-json\/wp\/v2\/types\/page"}],"author":[{"embeddable":true,"href":"https:\/\/pornmate.com\/de\/wp-json\/wp\/v2\/users\/1"}],"replies":[{"embeddable":true,"href":"https:\/\/pornmate.com\/de\/wp-json\/wp\/v2\/comments?post=7560"}],"version-history":[{"count":0,"href":"https:\/\/pornmate.com\/de\/wp-json\/wp\/v2\/pages\/7560\/revisions"}],"wp:attachment":[{"href":"https:\/\/pornmate.com\/de\/wp-json\/wp\/v2\/media?parent=7560"}],"curies":[{"name":"wp","href":"https:\/\/api.w.org\/{rel}","templated":true}]}}