{"id":7562,"date":"2020-03-24T12:35:12","date_gmt":"2020-03-24T12:35:12","guid":{"rendered":"https:\/\/pornmate.com\/?page_id=7562"},"modified":"2020-03-24T12:35:12","modified_gmt":"2020-03-24T12:35:12","slug":"vlxx","status":"publish","type":"page","link":"https:\/\/pornmate.com\/de\/vlxx","title":{"rendered":"vlxx.com"},"content":{"rendered":"<p>Einige Leute denken vielleicht, dass VLXX.tv nur eine normale Pornoseite wie jede andere Seite ist, aber das stimmt nicht. Es gibt immer Leute da drau\u00dfen, die nach den besten asiatischen Pornoinhalten suchen, und es ist kein Zufall, dass sie st\u00e4ndig VLXX.tv besuchen. Der wichtigste Grund, warum die Leute hierher kommen, ist, dass die Videos alle v\u00f6llig kostenlos und unterhaltsam sind. Sie k\u00f6nnen alle Pornos der Welt so oft ansehen, wie Sie wollen, ohne etwas zu bezahlen. Und das ist nicht alles! Au\u00dferdem gibt es hier fast keine Werbung, sodass Sie jedes Mal, wenn Sie auf ein Video klicken, sehr schnell damit beginnen k\u00f6nnen, es anzusehen und sich zu am\u00fcsieren. Sie m\u00fcssen auf nichts warten, da Videos sehr schnell geladen und noch schneller gepuffert werden. Auf einigen Websites m\u00fcssen Sie alle paar Sekunden warten, da das Video weiter gepuffert wird. Auf VLXX.tv ist f\u00fcr solche Wartezeiten kein Platz. Dieser Ort bietet einige der schnellsten Bearbeitungen japanischer Videos f\u00fcr Erwachsene. Andere kostenlose Pornoseiten k\u00f6nnen dieser Seite nicht einmal nahe kommen. Wenn Sie auf der Suche nach einem rasanten Porno-Erlebnis mit einigen der besten Videos f\u00fcr Erwachsene auf dem Markt sind, dann ist VLXX.tv Ihre Anlaufstelle. Hier werden st\u00e4ndig neue Videos in hoher Qualit\u00e4t und in voller L\u00e4nge hochgeladen. Zus\u00e4tzlich zu all dem erhalten Sie ein stilvolles und sexy modernes und sehr komfortables Design, das Sie dabei unterst\u00fctzt, die beste Wahl f\u00fcr die Benutzeroberfl\u00e4che zu treffen!<\/p>\n","protected":false},"excerpt":{"rendered":"<p>Einige Leute denken vielleicht, dass VLXX.tv nur eine normale Pornoseite wie jede andere Seite ist, aber das stimmt nicht. Es gibt immer Leute da drau\u00dfen, die nach den besten asiatischen Pornoinhalten suchen, und es ist kein Zufall, dass sie st\u00e4ndig VLXX.tv besuchen. Der wichtigste Grund, warum die Leute hierher kommen, ist, dass die Videos alle [&hellip;]<\/p>\n","protected":false},"author":1,"featured_media":0,"parent":0,"menu_order":0,"comment_status":"closed","ping_status":"closed","template":"page-star-stil.php","meta":{"footnotes":""},"class_list":["post-7562","page","type-page","status-publish","hentry"],"yoast_head":"<!-- This site is optimized with the Yoast SEO plugin v27.2 - https:\/\/yoast.com\/product\/yoast-seo-wordpress\/ -->\n<title>vlxx.com und Liste der besten Pornoseiten | PornMate<\/title>\n<meta name=\"description\" content=\"Einige Leute denken vielleicht, dass VLXX.tv nur eine normale Pornoseite wie jede andere Seite ist, aber das stimmt nicht. Es gibt immer Leute da drau\u00dfen, die nach den besten asiatischen Pornoinhalten suchen, und es ist kein Zufall, dass sie st\u00e4ndig VLXX.tv besuchen.\" \/>\n<meta name=\"robots\" content=\"index, follow, max-snippet:-1, max-image-preview:large, max-video-preview:-1\" \/>\n<link rel=\"canonical\" href=\"https:\/\/pornmate.com\/de\/vlxx\" \/>\n<meta property=\"og:locale\" content=\"de_DE\" \/>\n<meta property=\"og:type\" content=\"article\" \/>\n<meta property=\"og:title\" content=\"vlxx.com und Liste der besten Pornoseiten | PornMate\" \/>\n<meta property=\"og:description\" content=\"Einige Leute denken vielleicht, dass VLXX.tv nur eine normale Pornoseite wie jede andere Seite ist, aber das stimmt nicht. Es gibt immer Leute da drau\u00dfen, die nach den besten asiatischen Pornoinhalten suchen, und es ist kein Zufall, dass sie st\u00e4ndig VLXX.tv besuchen.\" \/>\n<meta property=\"og:url\" content=\"https:\/\/pornmate.com\/de\/vlxx\" \/>\n<meta property=\"og:site_name\" content=\"Besten Pornoseiten - Kostenlose Deutsche Pornos | PornMate.com\" \/>\n<meta name=\"twitter:card\" content=\"summary_large_image\" \/>\n<meta name=\"twitter:label1\" content=\"Gesch\u00e4tzte Lesezeit\" \/>\n\t<meta name=\"twitter:data1\" content=\"2\u00a0Minuten\" \/>\n<script type=\"application\/ld+json\" class=\"yoast-schema-graph\">{\"@context\":\"https:\/\/schema.org\",\"@graph\":[{\"@type\":\"WebPage\",\"@id\":\"https:\/\/pornmate.com\/de\/vlxx\",\"url\":\"https:\/\/pornmate.com\/de\/vlxx\",\"name\":\"vlxx.com und Liste der besten Pornoseiten | PornMate\",\"isPartOf\":{\"@id\":\"https:\/\/pornmate.com\/de\/#website\"},\"datePublished\":\"2020-03-24T12:35:12+00:00\",\"description\":\"Einige Leute denken vielleicht, dass VLXX.tv nur eine normale Pornoseite wie jede andere Seite ist, aber das stimmt nicht. Es gibt immer Leute da drau\u00dfen, die nach den besten asiatischen Pornoinhalten suchen, und es ist kein Zufall, dass sie st\u00e4ndig VLXX.tv besuchen.\",\"breadcrumb\":{\"@id\":\"https:\/\/pornmate.com\/de\/vlxx#breadcrumb\"},\"inLanguage\":\"de\",\"potentialAction\":[{\"@type\":\"ReadAction\",\"target\":[\"https:\/\/pornmate.com\/de\/vlxx\"]}]},{\"@type\":\"BreadcrumbList\",\"@id\":\"https:\/\/pornmate.com\/de\/vlxx#breadcrumb\",\"itemListElement\":[{\"@type\":\"ListItem\",\"position\":1,\"name\":\"Startseite\",\"item\":\"https:\/\/pornmate.com\/de\"},{\"@type\":\"ListItem\",\"position\":2,\"name\":\"vlxx.com\"}]},{\"@type\":\"WebSite\",\"@id\":\"https:\/\/pornmate.com\/de\/#website\",\"url\":\"https:\/\/pornmate.com\/de\/\",\"name\":\"Besten Pornoseiten - Kostenlose Deutsche Pornos | PornMate.com\",\"description\":\"Kostenlose Pornos, ist Ihr Combo-Verzeichnis der besten gratis Pornoseiten, die Sie finden k\u00f6nnen, und das fantastische Seitenbewertungen, Kostenlose Deutsche sex Biografien von Pornostars und ihre xxx Freie Porno videos unter einem Dach pr\u00e4sentiert.\",\"publisher\":{\"@id\":\"https:\/\/pornmate.com\/de\/#organization\"},\"potentialAction\":[{\"@type\":\"SearchAction\",\"target\":{\"@type\":\"EntryPoint\",\"urlTemplate\":\"https:\/\/pornmate.com\/de\/?s={search_term_string}\"},\"query-input\":{\"@type\":\"PropertyValueSpecification\",\"valueRequired\":true,\"valueName\":\"search_term_string\"}}],\"inLanguage\":\"de\"},{\"@type\":\"Organization\",\"@id\":\"https:\/\/pornmate.com\/de\/#organization\",\"name\":\"Besten Pornoseiten - Kostenlose Deutsche Pornos | PornMate.com\",\"url\":\"https:\/\/pornmate.com\/de\/\",\"logo\":{\"@type\":\"ImageObject\",\"inLanguage\":\"de\",\"@id\":\"https:\/\/pornmate.com\/de\/#\/schema\/logo\/image\/\",\"url\":\"https:\/\/pornmate.com\/de\/wp-content\/uploads\/2022\/11\/pornmate-1.png\",\"contentUrl\":\"https:\/\/pornmate.com\/de\/wp-content\/uploads\/2022\/11\/pornmate-1.png\",\"width\":203,\"height\":200,\"caption\":\"Besten Pornoseiten - Kostenlose Deutsche Pornos | PornMate.com\"},\"image\":{\"@id\":\"https:\/\/pornmate.com\/de\/#\/schema\/logo\/image\/\"}}]}<\/script>\n<!-- \/ Yoast SEO plugin. -->","yoast_head_json":{"title":"vlxx.com und Liste der besten Pornoseiten | PornMate","description":"Einige Leute denken vielleicht, dass VLXX.tv nur eine normale Pornoseite wie jede andere Seite ist, aber das stimmt nicht. Es gibt immer Leute da drau\u00dfen, die nach den besten asiatischen Pornoinhalten suchen, und es ist kein Zufall, dass sie st\u00e4ndig VLXX.tv besuchen.","robots":{"index":"index","follow":"follow","max-snippet":"max-snippet:-1","max-image-preview":"max-image-preview:large","max-video-preview":"max-video-preview:-1"},"canonical":"https:\/\/pornmate.com\/de\/vlxx","og_locale":"de_DE","og_type":"article","og_title":"vlxx.com und Liste der besten Pornoseiten | PornMate","og_description":"Einige Leute denken vielleicht, dass VLXX.tv nur eine normale Pornoseite wie jede andere Seite ist, aber das stimmt nicht. Es gibt immer Leute da drau\u00dfen, die nach den besten asiatischen Pornoinhalten suchen, und es ist kein Zufall, dass sie st\u00e4ndig VLXX.tv besuchen.","og_url":"https:\/\/pornmate.com\/de\/vlxx","og_site_name":"Besten Pornoseiten - Kostenlose Deutsche Pornos | PornMate.com","twitter_card":"summary_large_image","twitter_misc":{"Gesch\u00e4tzte Lesezeit":"2\u00a0Minuten"},"schema":{"@context":"https:\/\/schema.org","@graph":[{"@type":"WebPage","@id":"https:\/\/pornmate.com\/de\/vlxx","url":"https:\/\/pornmate.com\/de\/vlxx","name":"vlxx.com und Liste der besten Pornoseiten | PornMate","isPartOf":{"@id":"https:\/\/pornmate.com\/de\/#website"},"datePublished":"2020-03-24T12:35:12+00:00","description":"Einige Leute denken vielleicht, dass VLXX.tv nur eine normale Pornoseite wie jede andere Seite ist, aber das stimmt nicht. Es gibt immer Leute da drau\u00dfen, die nach den besten asiatischen Pornoinhalten suchen, und es ist kein Zufall, dass sie st\u00e4ndig VLXX.tv besuchen.","breadcrumb":{"@id":"https:\/\/pornmate.com\/de\/vlxx#breadcrumb"},"inLanguage":"de","potentialAction":[{"@type":"ReadAction","target":["https:\/\/pornmate.com\/de\/vlxx"]}]},{"@type":"BreadcrumbList","@id":"https:\/\/pornmate.com\/de\/vlxx#breadcrumb","itemListElement":[{"@type":"ListItem","position":1,"name":"Startseite","item":"https:\/\/pornmate.com\/de"},{"@type":"ListItem","position":2,"name":"vlxx.com"}]},{"@type":"WebSite","@id":"https:\/\/pornmate.com\/de\/#website","url":"https:\/\/pornmate.com\/de\/","name":"Besten Pornoseiten - Kostenlose Deutsche Pornos | PornMate.com","description":"Kostenlose Pornos, ist Ihr Combo-Verzeichnis der besten gratis Pornoseiten, die Sie finden k\u00f6nnen, und das fantastische Seitenbewertungen, Kostenlose Deutsche sex Biografien von Pornostars und ihre xxx Freie Porno videos unter einem Dach pr\u00e4sentiert.","publisher":{"@id":"https:\/\/pornmate.com\/de\/#organization"},"potentialAction":[{"@type":"SearchAction","target":{"@type":"EntryPoint","urlTemplate":"https:\/\/pornmate.com\/de\/?s={search_term_string}"},"query-input":{"@type":"PropertyValueSpecification","valueRequired":true,"valueName":"search_term_string"}}],"inLanguage":"de"},{"@type":"Organization","@id":"https:\/\/pornmate.com\/de\/#organization","name":"Besten Pornoseiten - Kostenlose Deutsche Pornos | PornMate.com","url":"https:\/\/pornmate.com\/de\/","logo":{"@type":"ImageObject","inLanguage":"de","@id":"https:\/\/pornmate.com\/de\/#\/schema\/logo\/image\/","url":"https:\/\/pornmate.com\/de\/wp-content\/uploads\/2022\/11\/pornmate-1.png","contentUrl":"https:\/\/pornmate.com\/de\/wp-content\/uploads\/2022\/11\/pornmate-1.png","width":203,"height":200,"caption":"Besten Pornoseiten - Kostenlose Deutsche Pornos | PornMate.com"},"image":{"@id":"https:\/\/pornmate.com\/de\/#\/schema\/logo\/image\/"}}]}},"_links":{"self":[{"href":"https:\/\/pornmate.com\/de\/wp-json\/wp\/v2\/pages\/7562","targetHints":{"allow":["GET"]}}],"collection":[{"href":"https:\/\/pornmate.com\/de\/wp-json\/wp\/v2\/pages"}],"about":[{"href":"https:\/\/pornmate.com\/de\/wp-json\/wp\/v2\/types\/page"}],"author":[{"embeddable":true,"href":"https:\/\/pornmate.com\/de\/wp-json\/wp\/v2\/users\/1"}],"replies":[{"embeddable":true,"href":"https:\/\/pornmate.com\/de\/wp-json\/wp\/v2\/comments?post=7562"}],"version-history":[{"count":0,"href":"https:\/\/pornmate.com\/de\/wp-json\/wp\/v2\/pages\/7562\/revisions"}],"wp:attachment":[{"href":"https:\/\/pornmate.com\/de\/wp-json\/wp\/v2\/media?parent=7562"}],"curies":[{"name":"wp","href":"https:\/\/api.w.org\/{rel}","templated":true}]}}