{"id":7594,"date":"2020-03-26T08:43:03","date_gmt":"2020-03-26T08:43:03","guid":{"rendered":"https:\/\/pornmate.com\/?page_id=7594"},"modified":"2022-11-23T14:31:28","modified_gmt":"2022-11-23T13:31:28","slug":"xvideos","status":"publish","type":"page","link":"https:\/\/pornmate.com\/de\/xvideos","title":{"rendered":"Xvideos"},"content":{"rendered":"<p>XVideos.com ist eine ausgezeichnete Pornoseite. Hier finden Sie absolut alle Arten von Videos. Es teilt haupts\u00e4chlich kostenlose Pornos und es gibt keine Begrenzung daf\u00fcr. Wenn es um heterosexuelle Pornos geht, finden Sie jede Kategorie und jedes Modell da drau\u00dfen. Au\u00dferdem k\u00f6nnen Sie hier leicht jeden Fetisch finden, den Sie haben. In XVideos k\u00f6nnen Sie alles ausw\u00e4hlen, was Sie interessiert, und sofort Tausende von Videos mit diesem Ding finden. Auch wenn Sie andere Pr\u00e4ferenzen haben, k\u00f6nnen Sie diese finden. Hier gibt es auch jede Menge LGBT-Pornos, und die Seite hat mehrere Aufrufe. Sie k\u00f6nnen beispielsweise auf XVideos.com die Hetero-, Schwulen- oder Transgender-Versionen durchsuchen. Also, auch wenn Sie M\u00e4dchen mit etwas Extra in der Hose m\u00f6gen, k\u00f6nnen Sie es auch finden. Zusammenfassend ist diese Website voll von normalen Pornovideos, aber Sie k\u00f6nnen hier auch Videos im Hentai-Stil finden. Dabei spielt es keine Rolle, ob Poison ein animiertes Catgirl oder ein Pornostar wie Asa Akira ist. Hier werden Ihre W\u00fcnsche vollumf\u00e4nglich erf\u00fcllt. Und es ist eine Tatsache, also schauen Sie sich unbedingt diese ausgezeichnete Website an! Du wirst es definitiv nicht bereuen.<\/p>\n","protected":false},"excerpt":{"rendered":"<p>XVideos.com ist eine ausgezeichnete Pornoseite. Hier finden Sie absolut alle Arten von Videos. Es teilt haupts\u00e4chlich kostenlose Pornos und es gibt keine Begrenzung daf\u00fcr. Wenn es um heterosexuelle Pornos geht, finden Sie jede Kategorie und jedes Modell da drau\u00dfen. Au\u00dferdem k\u00f6nnen Sie hier leicht jeden Fetisch finden, den Sie haben. In XVideos k\u00f6nnen Sie alles [&hellip;]<\/p>\n","protected":false},"author":1,"featured_media":0,"parent":0,"menu_order":0,"comment_status":"closed","ping_status":"closed","template":"page-star-stil.php","meta":{"footnotes":""},"class_list":["post-7594","page","type-page","status-publish","hentry"],"yoast_head":"<!-- This site is optimized with the Yoast SEO plugin v27.2 - https:\/\/yoast.com\/product\/yoast-seo-wordpress\/ -->\n<title>Xvideos und Liste der besten Pornoseiten | PornMate<\/title>\n<meta name=\"description\" content=\"XVideos.com ist eine ausgezeichnete Pornoseite. Hier finden Sie absolut alle Arten von Videos. Es teilt haupts\u00e4chlich kostenlose Pornos und es gibt keine Begrenzung daf\u00fcr. Wenn es um heterosexuelle Pornos geht, finden Sie jede Kategorie und jedes Modell da drau\u00dfen.\" \/>\n<meta name=\"robots\" content=\"index, follow, max-snippet:-1, max-image-preview:large, max-video-preview:-1\" \/>\n<link rel=\"canonical\" href=\"https:\/\/pornmate.com\/de\/xvideos\" \/>\n<meta property=\"og:locale\" content=\"de_DE\" \/>\n<meta property=\"og:type\" content=\"article\" \/>\n<meta property=\"og:title\" content=\"Xvideos und Liste der besten Pornoseiten | PornMate\" \/>\n<meta property=\"og:description\" content=\"XVideos.com ist eine ausgezeichnete Pornoseite. Hier finden Sie absolut alle Arten von Videos. Es teilt haupts\u00e4chlich kostenlose Pornos und es gibt keine Begrenzung daf\u00fcr. Wenn es um heterosexuelle Pornos geht, finden Sie jede Kategorie und jedes Modell da drau\u00dfen.\" \/>\n<meta property=\"og:url\" content=\"https:\/\/pornmate.com\/de\/xvideos\" \/>\n<meta property=\"og:site_name\" content=\"Besten Pornoseiten - Kostenlose Deutsche Pornos | PornMate.com\" \/>\n<meta property=\"article:modified_time\" content=\"2022-11-23T13:31:28+00:00\" \/>\n<meta name=\"twitter:card\" content=\"summary_large_image\" \/>\n<meta name=\"twitter:label1\" content=\"Gesch\u00e4tzte Lesezeit\" \/>\n\t<meta name=\"twitter:data1\" content=\"1\u00a0Minute\" \/>\n<script type=\"application\/ld+json\" class=\"yoast-schema-graph\">{\"@context\":\"https:\/\/schema.org\",\"@graph\":[{\"@type\":\"WebPage\",\"@id\":\"https:\/\/pornmate.com\/de\/xvideos\",\"url\":\"https:\/\/pornmate.com\/de\/xvideos\",\"name\":\"Xvideos und Liste der besten Pornoseiten | PornMate\",\"isPartOf\":{\"@id\":\"https:\/\/pornmate.com\/de\/#website\"},\"datePublished\":\"2020-03-26T08:43:03+00:00\",\"dateModified\":\"2022-11-23T13:31:28+00:00\",\"description\":\"XVideos.com ist eine ausgezeichnete Pornoseite. Hier finden Sie absolut alle Arten von Videos. Es teilt haupts\u00e4chlich kostenlose Pornos und es gibt keine Begrenzung daf\u00fcr. Wenn es um heterosexuelle Pornos geht, finden Sie jede Kategorie und jedes Modell da drau\u00dfen.\",\"breadcrumb\":{\"@id\":\"https:\/\/pornmate.com\/de\/xvideos#breadcrumb\"},\"inLanguage\":\"de\",\"potentialAction\":[{\"@type\":\"ReadAction\",\"target\":[\"https:\/\/pornmate.com\/de\/xvideos\"]}]},{\"@type\":\"BreadcrumbList\",\"@id\":\"https:\/\/pornmate.com\/de\/xvideos#breadcrumb\",\"itemListElement\":[{\"@type\":\"ListItem\",\"position\":1,\"name\":\"Startseite\",\"item\":\"https:\/\/pornmate.com\/de\"},{\"@type\":\"ListItem\",\"position\":2,\"name\":\"Xvideos\"}]},{\"@type\":\"WebSite\",\"@id\":\"https:\/\/pornmate.com\/de\/#website\",\"url\":\"https:\/\/pornmate.com\/de\/\",\"name\":\"Besten Pornoseiten - Kostenlose Deutsche Pornos | PornMate.com\",\"description\":\"Kostenlose Pornos, ist Ihr Combo-Verzeichnis der besten gratis Pornoseiten, die Sie finden k\u00f6nnen, und das fantastische Seitenbewertungen, Kostenlose Deutsche sex Biografien von Pornostars und ihre xxx Freie Porno videos unter einem Dach pr\u00e4sentiert.\",\"publisher\":{\"@id\":\"https:\/\/pornmate.com\/de\/#organization\"},\"potentialAction\":[{\"@type\":\"SearchAction\",\"target\":{\"@type\":\"EntryPoint\",\"urlTemplate\":\"https:\/\/pornmate.com\/de\/?s={search_term_string}\"},\"query-input\":{\"@type\":\"PropertyValueSpecification\",\"valueRequired\":true,\"valueName\":\"search_term_string\"}}],\"inLanguage\":\"de\"},{\"@type\":\"Organization\",\"@id\":\"https:\/\/pornmate.com\/de\/#organization\",\"name\":\"Besten Pornoseiten - Kostenlose Deutsche Pornos | PornMate.com\",\"url\":\"https:\/\/pornmate.com\/de\/\",\"logo\":{\"@type\":\"ImageObject\",\"inLanguage\":\"de\",\"@id\":\"https:\/\/pornmate.com\/de\/#\/schema\/logo\/image\/\",\"url\":\"https:\/\/pornmate.com\/de\/wp-content\/uploads\/2022\/11\/pornmate-1.png\",\"contentUrl\":\"https:\/\/pornmate.com\/de\/wp-content\/uploads\/2022\/11\/pornmate-1.png\",\"width\":203,\"height\":200,\"caption\":\"Besten Pornoseiten - Kostenlose Deutsche Pornos | PornMate.com\"},\"image\":{\"@id\":\"https:\/\/pornmate.com\/de\/#\/schema\/logo\/image\/\"}}]}<\/script>\n<!-- \/ Yoast SEO plugin. -->","yoast_head_json":{"title":"Xvideos und Liste der besten Pornoseiten | PornMate","description":"XVideos.com ist eine ausgezeichnete Pornoseite. Hier finden Sie absolut alle Arten von Videos. Es teilt haupts\u00e4chlich kostenlose Pornos und es gibt keine Begrenzung daf\u00fcr. Wenn es um heterosexuelle Pornos geht, finden Sie jede Kategorie und jedes Modell da drau\u00dfen.","robots":{"index":"index","follow":"follow","max-snippet":"max-snippet:-1","max-image-preview":"max-image-preview:large","max-video-preview":"max-video-preview:-1"},"canonical":"https:\/\/pornmate.com\/de\/xvideos","og_locale":"de_DE","og_type":"article","og_title":"Xvideos und Liste der besten Pornoseiten | PornMate","og_description":"XVideos.com ist eine ausgezeichnete Pornoseite. Hier finden Sie absolut alle Arten von Videos. Es teilt haupts\u00e4chlich kostenlose Pornos und es gibt keine Begrenzung daf\u00fcr. Wenn es um heterosexuelle Pornos geht, finden Sie jede Kategorie und jedes Modell da drau\u00dfen.","og_url":"https:\/\/pornmate.com\/de\/xvideos","og_site_name":"Besten Pornoseiten - Kostenlose Deutsche Pornos | PornMate.com","article_modified_time":"2022-11-23T13:31:28+00:00","twitter_card":"summary_large_image","twitter_misc":{"Gesch\u00e4tzte Lesezeit":"1\u00a0Minute"},"schema":{"@context":"https:\/\/schema.org","@graph":[{"@type":"WebPage","@id":"https:\/\/pornmate.com\/de\/xvideos","url":"https:\/\/pornmate.com\/de\/xvideos","name":"Xvideos und Liste der besten Pornoseiten | PornMate","isPartOf":{"@id":"https:\/\/pornmate.com\/de\/#website"},"datePublished":"2020-03-26T08:43:03+00:00","dateModified":"2022-11-23T13:31:28+00:00","description":"XVideos.com ist eine ausgezeichnete Pornoseite. Hier finden Sie absolut alle Arten von Videos. Es teilt haupts\u00e4chlich kostenlose Pornos und es gibt keine Begrenzung daf\u00fcr. Wenn es um heterosexuelle Pornos geht, finden Sie jede Kategorie und jedes Modell da drau\u00dfen.","breadcrumb":{"@id":"https:\/\/pornmate.com\/de\/xvideos#breadcrumb"},"inLanguage":"de","potentialAction":[{"@type":"ReadAction","target":["https:\/\/pornmate.com\/de\/xvideos"]}]},{"@type":"BreadcrumbList","@id":"https:\/\/pornmate.com\/de\/xvideos#breadcrumb","itemListElement":[{"@type":"ListItem","position":1,"name":"Startseite","item":"https:\/\/pornmate.com\/de"},{"@type":"ListItem","position":2,"name":"Xvideos"}]},{"@type":"WebSite","@id":"https:\/\/pornmate.com\/de\/#website","url":"https:\/\/pornmate.com\/de\/","name":"Besten Pornoseiten - Kostenlose Deutsche Pornos | PornMate.com","description":"Kostenlose Pornos, ist Ihr Combo-Verzeichnis der besten gratis Pornoseiten, die Sie finden k\u00f6nnen, und das fantastische Seitenbewertungen, Kostenlose Deutsche sex Biografien von Pornostars und ihre xxx Freie Porno videos unter einem Dach pr\u00e4sentiert.","publisher":{"@id":"https:\/\/pornmate.com\/de\/#organization"},"potentialAction":[{"@type":"SearchAction","target":{"@type":"EntryPoint","urlTemplate":"https:\/\/pornmate.com\/de\/?s={search_term_string}"},"query-input":{"@type":"PropertyValueSpecification","valueRequired":true,"valueName":"search_term_string"}}],"inLanguage":"de"},{"@type":"Organization","@id":"https:\/\/pornmate.com\/de\/#organization","name":"Besten Pornoseiten - Kostenlose Deutsche Pornos | PornMate.com","url":"https:\/\/pornmate.com\/de\/","logo":{"@type":"ImageObject","inLanguage":"de","@id":"https:\/\/pornmate.com\/de\/#\/schema\/logo\/image\/","url":"https:\/\/pornmate.com\/de\/wp-content\/uploads\/2022\/11\/pornmate-1.png","contentUrl":"https:\/\/pornmate.com\/de\/wp-content\/uploads\/2022\/11\/pornmate-1.png","width":203,"height":200,"caption":"Besten Pornoseiten - Kostenlose Deutsche Pornos | PornMate.com"},"image":{"@id":"https:\/\/pornmate.com\/de\/#\/schema\/logo\/image\/"}}]}},"_links":{"self":[{"href":"https:\/\/pornmate.com\/de\/wp-json\/wp\/v2\/pages\/7594","targetHints":{"allow":["GET"]}}],"collection":[{"href":"https:\/\/pornmate.com\/de\/wp-json\/wp\/v2\/pages"}],"about":[{"href":"https:\/\/pornmate.com\/de\/wp-json\/wp\/v2\/types\/page"}],"author":[{"embeddable":true,"href":"https:\/\/pornmate.com\/de\/wp-json\/wp\/v2\/users\/1"}],"replies":[{"embeddable":true,"href":"https:\/\/pornmate.com\/de\/wp-json\/wp\/v2\/comments?post=7594"}],"version-history":[{"count":0,"href":"https:\/\/pornmate.com\/de\/wp-json\/wp\/v2\/pages\/7594\/revisions"}],"wp:attachment":[{"href":"https:\/\/pornmate.com\/de\/wp-json\/wp\/v2\/media?parent=7594"}],"curies":[{"name":"wp","href":"https:\/\/api.w.org\/{rel}","templated":true}]}}