{"id":7596,"date":"2020-03-26T08:47:37","date_gmt":"2020-03-26T08:47:37","guid":{"rendered":"https:\/\/pornmate.com\/?page_id=7596"},"modified":"2022-11-24T12:34:18","modified_gmt":"2022-11-24T11:34:18","slug":"teamskeet","status":"publish","type":"page","link":"https:\/\/pornmate.com\/de\/teamskeet","title":{"rendered":"Teamskeet"},"content":{"rendered":"<p>TeamSkeet.com ist eine herausragende Premium-Pornoseite. Sehnen Sie sich nach exzellenten Pornostars, die sehen, was sie tun? Suchen Sie nicht weiter, denn Sie k\u00f6nnen es jetzt. Dann ist diese ausgezeichnete Seite, die all Ihre W\u00fcnsche erf\u00fcllen wird Es ist voll von verschiedenen jugendlichen Pornostars, die dann faszinierende Pornos aufnehmen sollen. Diese Seite ist immer noch eine Premium-Seite, Sie m\u00fcssen f\u00fcr den Inhalt bezahlen.<br \/>\nAber rate mal was? Es lohnt sich, denn bei TeamSkeet ist das erstaunlich. Au\u00dferdem ist TeamSkeet.com auch ein Netzwerk. Daher werden Sie geeignet sein, ihre Modelle und ihre Serien zu entdecken. Und jede Menge Videos!<br \/>\nZahlreiche Premiumseiten f\u00fcr Amateurpornos geh\u00f6ren zum Netzwerk. Abgesehen davon ist diese Website auch voller toller Pornostars. Zum Beispiel haben Sie Riley Reid, und jeder wei\u00df, wer sie ist. Sie ist auch in Videos dazu aufgetreten und Sie werden es lieben, sie kennenzulernen. Schauen Sie sich also diese Website an, w\u00e4hrend Sie in jeden Artikel gehen. Reinschauen lohnt sich und man wei\u00df dann Bescheid. Trotzdem geben Sie diesem Ort einen Daumen nach oben! Wenn Sie leer sind f\u00fcr Premium-Inhalte.<\/p>\n","protected":false},"excerpt":{"rendered":"<p>TeamSkeet.com ist eine herausragende Premium-Pornoseite. Sehnen Sie sich nach exzellenten Pornostars, die sehen, was sie tun? Suchen Sie nicht weiter, denn Sie k\u00f6nnen es jetzt. Dann ist diese ausgezeichnete Seite, die all Ihre W\u00fcnsche erf\u00fcllen wird Es ist voll von verschiedenen jugendlichen Pornostars, die dann faszinierende Pornos aufnehmen sollen. Diese Seite ist immer noch eine [&hellip;]<\/p>\n","protected":false},"author":1,"featured_media":0,"parent":0,"menu_order":0,"comment_status":"closed","ping_status":"closed","template":"page-star-stil.php","meta":{"footnotes":""},"class_list":["post-7596","page","type-page","status-publish","hentry"],"yoast_head":"<!-- This site is optimized with the Yoast SEO plugin v27.2 - https:\/\/yoast.com\/product\/yoast-seo-wordpress\/ -->\n<title>Teamskeet und Liste der besten Pornoseiten | PornMate<\/title>\n<meta name=\"description\" content=\"TeamSkeet.com ist eine herausragende Premium-Pornoseite.\" \/>\n<meta name=\"robots\" content=\"index, follow, max-snippet:-1, max-image-preview:large, max-video-preview:-1\" \/>\n<link rel=\"canonical\" href=\"https:\/\/pornmate.com\/de\/teamskeet\" \/>\n<meta property=\"og:locale\" content=\"de_DE\" \/>\n<meta property=\"og:type\" content=\"article\" \/>\n<meta property=\"og:title\" content=\"Teamskeet und Liste der besten Pornoseiten | PornMate\" \/>\n<meta property=\"og:description\" content=\"TeamSkeet.com ist eine herausragende Premium-Pornoseite.\" \/>\n<meta property=\"og:url\" content=\"https:\/\/pornmate.com\/de\/teamskeet\" \/>\n<meta property=\"og:site_name\" content=\"Besten Pornoseiten - Kostenlose Deutsche Pornos | PornMate.com\" \/>\n<meta property=\"article:modified_time\" content=\"2022-11-24T11:34:18+00:00\" \/>\n<meta name=\"twitter:card\" content=\"summary_large_image\" \/>\n<meta name=\"twitter:label1\" content=\"Gesch\u00e4tzte Lesezeit\" \/>\n\t<meta name=\"twitter:data1\" content=\"1\u00a0Minute\" \/>\n<script type=\"application\/ld+json\" class=\"yoast-schema-graph\">{\"@context\":\"https:\/\/schema.org\",\"@graph\":[{\"@type\":\"WebPage\",\"@id\":\"https:\/\/pornmate.com\/de\/teamskeet\",\"url\":\"https:\/\/pornmate.com\/de\/teamskeet\",\"name\":\"Teamskeet und Liste der besten Pornoseiten | PornMate\",\"isPartOf\":{\"@id\":\"https:\/\/pornmate.com\/de\/#website\"},\"datePublished\":\"2020-03-26T08:47:37+00:00\",\"dateModified\":\"2022-11-24T11:34:18+00:00\",\"description\":\"TeamSkeet.com ist eine herausragende Premium-Pornoseite.\",\"breadcrumb\":{\"@id\":\"https:\/\/pornmate.com\/de\/teamskeet#breadcrumb\"},\"inLanguage\":\"de\",\"potentialAction\":[{\"@type\":\"ReadAction\",\"target\":[\"https:\/\/pornmate.com\/de\/teamskeet\"]}]},{\"@type\":\"BreadcrumbList\",\"@id\":\"https:\/\/pornmate.com\/de\/teamskeet#breadcrumb\",\"itemListElement\":[{\"@type\":\"ListItem\",\"position\":1,\"name\":\"Startseite\",\"item\":\"https:\/\/pornmate.com\/de\"},{\"@type\":\"ListItem\",\"position\":2,\"name\":\"Teamskeet\"}]},{\"@type\":\"WebSite\",\"@id\":\"https:\/\/pornmate.com\/de\/#website\",\"url\":\"https:\/\/pornmate.com\/de\/\",\"name\":\"Besten Pornoseiten - Kostenlose Deutsche Pornos | PornMate.com\",\"description\":\"Kostenlose Pornos, ist Ihr Combo-Verzeichnis der besten gratis Pornoseiten, die Sie finden k\u00f6nnen, und das fantastische Seitenbewertungen, Kostenlose Deutsche sex Biografien von Pornostars und ihre xxx Freie Porno videos unter einem Dach pr\u00e4sentiert.\",\"publisher\":{\"@id\":\"https:\/\/pornmate.com\/de\/#organization\"},\"potentialAction\":[{\"@type\":\"SearchAction\",\"target\":{\"@type\":\"EntryPoint\",\"urlTemplate\":\"https:\/\/pornmate.com\/de\/?s={search_term_string}\"},\"query-input\":{\"@type\":\"PropertyValueSpecification\",\"valueRequired\":true,\"valueName\":\"search_term_string\"}}],\"inLanguage\":\"de\"},{\"@type\":\"Organization\",\"@id\":\"https:\/\/pornmate.com\/de\/#organization\",\"name\":\"Besten Pornoseiten - Kostenlose Deutsche Pornos | PornMate.com\",\"url\":\"https:\/\/pornmate.com\/de\/\",\"logo\":{\"@type\":\"ImageObject\",\"inLanguage\":\"de\",\"@id\":\"https:\/\/pornmate.com\/de\/#\/schema\/logo\/image\/\",\"url\":\"https:\/\/pornmate.com\/de\/wp-content\/uploads\/2022\/11\/pornmate-1.png\",\"contentUrl\":\"https:\/\/pornmate.com\/de\/wp-content\/uploads\/2022\/11\/pornmate-1.png\",\"width\":203,\"height\":200,\"caption\":\"Besten Pornoseiten - Kostenlose Deutsche Pornos | PornMate.com\"},\"image\":{\"@id\":\"https:\/\/pornmate.com\/de\/#\/schema\/logo\/image\/\"}}]}<\/script>\n<!-- \/ Yoast SEO plugin. -->","yoast_head_json":{"title":"Teamskeet und Liste der besten Pornoseiten | PornMate","description":"TeamSkeet.com ist eine herausragende Premium-Pornoseite.","robots":{"index":"index","follow":"follow","max-snippet":"max-snippet:-1","max-image-preview":"max-image-preview:large","max-video-preview":"max-video-preview:-1"},"canonical":"https:\/\/pornmate.com\/de\/teamskeet","og_locale":"de_DE","og_type":"article","og_title":"Teamskeet und Liste der besten Pornoseiten | PornMate","og_description":"TeamSkeet.com ist eine herausragende Premium-Pornoseite.","og_url":"https:\/\/pornmate.com\/de\/teamskeet","og_site_name":"Besten Pornoseiten - Kostenlose Deutsche Pornos | PornMate.com","article_modified_time":"2022-11-24T11:34:18+00:00","twitter_card":"summary_large_image","twitter_misc":{"Gesch\u00e4tzte Lesezeit":"1\u00a0Minute"},"schema":{"@context":"https:\/\/schema.org","@graph":[{"@type":"WebPage","@id":"https:\/\/pornmate.com\/de\/teamskeet","url":"https:\/\/pornmate.com\/de\/teamskeet","name":"Teamskeet und Liste der besten Pornoseiten | PornMate","isPartOf":{"@id":"https:\/\/pornmate.com\/de\/#website"},"datePublished":"2020-03-26T08:47:37+00:00","dateModified":"2022-11-24T11:34:18+00:00","description":"TeamSkeet.com ist eine herausragende Premium-Pornoseite.","breadcrumb":{"@id":"https:\/\/pornmate.com\/de\/teamskeet#breadcrumb"},"inLanguage":"de","potentialAction":[{"@type":"ReadAction","target":["https:\/\/pornmate.com\/de\/teamskeet"]}]},{"@type":"BreadcrumbList","@id":"https:\/\/pornmate.com\/de\/teamskeet#breadcrumb","itemListElement":[{"@type":"ListItem","position":1,"name":"Startseite","item":"https:\/\/pornmate.com\/de"},{"@type":"ListItem","position":2,"name":"Teamskeet"}]},{"@type":"WebSite","@id":"https:\/\/pornmate.com\/de\/#website","url":"https:\/\/pornmate.com\/de\/","name":"Besten Pornoseiten - Kostenlose Deutsche Pornos | PornMate.com","description":"Kostenlose Pornos, ist Ihr Combo-Verzeichnis der besten gratis Pornoseiten, die Sie finden k\u00f6nnen, und das fantastische Seitenbewertungen, Kostenlose Deutsche sex Biografien von Pornostars und ihre xxx Freie Porno videos unter einem Dach pr\u00e4sentiert.","publisher":{"@id":"https:\/\/pornmate.com\/de\/#organization"},"potentialAction":[{"@type":"SearchAction","target":{"@type":"EntryPoint","urlTemplate":"https:\/\/pornmate.com\/de\/?s={search_term_string}"},"query-input":{"@type":"PropertyValueSpecification","valueRequired":true,"valueName":"search_term_string"}}],"inLanguage":"de"},{"@type":"Organization","@id":"https:\/\/pornmate.com\/de\/#organization","name":"Besten Pornoseiten - Kostenlose Deutsche Pornos | PornMate.com","url":"https:\/\/pornmate.com\/de\/","logo":{"@type":"ImageObject","inLanguage":"de","@id":"https:\/\/pornmate.com\/de\/#\/schema\/logo\/image\/","url":"https:\/\/pornmate.com\/de\/wp-content\/uploads\/2022\/11\/pornmate-1.png","contentUrl":"https:\/\/pornmate.com\/de\/wp-content\/uploads\/2022\/11\/pornmate-1.png","width":203,"height":200,"caption":"Besten Pornoseiten - Kostenlose Deutsche Pornos | PornMate.com"},"image":{"@id":"https:\/\/pornmate.com\/de\/#\/schema\/logo\/image\/"}}]}},"_links":{"self":[{"href":"https:\/\/pornmate.com\/de\/wp-json\/wp\/v2\/pages\/7596","targetHints":{"allow":["GET"]}}],"collection":[{"href":"https:\/\/pornmate.com\/de\/wp-json\/wp\/v2\/pages"}],"about":[{"href":"https:\/\/pornmate.com\/de\/wp-json\/wp\/v2\/types\/page"}],"author":[{"embeddable":true,"href":"https:\/\/pornmate.com\/de\/wp-json\/wp\/v2\/users\/1"}],"replies":[{"embeddable":true,"href":"https:\/\/pornmate.com\/de\/wp-json\/wp\/v2\/comments?post=7596"}],"version-history":[{"count":0,"href":"https:\/\/pornmate.com\/de\/wp-json\/wp\/v2\/pages\/7596\/revisions"}],"wp:attachment":[{"href":"https:\/\/pornmate.com\/de\/wp-json\/wp\/v2\/media?parent=7596"}],"curies":[{"name":"wp","href":"https:\/\/api.w.org\/{rel}","templated":true}]}}