{"id":7598,"date":"2020-03-26T08:50:16","date_gmt":"2020-03-26T08:50:16","guid":{"rendered":"https:\/\/pornmate.com\/?page_id=7598"},"modified":"2022-11-23T13:48:20","modified_gmt":"2022-11-23T12:48:20","slug":"drtuber","status":"publish","type":"page","link":"https:\/\/pornmate.com\/de\/drtuber","title":{"rendered":"Drtuber"},"content":{"rendered":"<p>DRTuber.com ist f\u00fcr Sie, wenn Sie nach neuen und anderen Pornos suchen. Und wenn Sie diese kostenlos suchen, sind Sie bei uns genau richtig! Denn hier finden Sie gro\u00dfartige Filme, die auf DRTuber verf\u00fcgbar sind.Es ist eine Porno-Tube-Site mit kostenlosen Videos mit einigen Ausnahmen. Es ist also keine dieser schlechten Seiten, die jeder hasst. Wenn Sie nach einer Explosion von Vanille suchen, k\u00f6nnen Sie sie finden. Wenn Sie jedoch eine grobe F\u00fcllung ben\u00f6tigen, ist dies ebenfalls verf\u00fcgbar. Abgesehen davon gibt es hier so viele s\u00fc\u00dfe Pornostars, wie Sie wollen. Neben Ebenholz- und asiatischen K\u00fcken k\u00f6nnen Sie s\u00fc\u00dfe wei\u00dfe K\u00fcken finden, die Sie verwirren. Au\u00dferdem spielt es auf DRTuber.com keine Rolle, ob Sie es mit d\u00fcnnen oder pummeligen Babys zu tun haben. Die Videos aller Stars sind auf solchen Pornoseiten verf\u00fcgbar. Und ja, dazu geh\u00f6ren Leah Gotti und andere. Probieren Sie diese Website also aus! Dies ist das Beste f\u00fcr Sie, insbesondere in diesen Zeiten, in denen die Menschen angewiesen sind, zu Hause zu bleiben. Und was k\u00f6nnte daf\u00fcr besser sein als eine Tonne Porno?<\/p>\n","protected":false},"excerpt":{"rendered":"<p>DRTuber.com ist f\u00fcr Sie, wenn Sie nach neuen und anderen Pornos suchen. Und wenn Sie diese kostenlos suchen, sind Sie bei uns genau richtig! Denn hier finden Sie gro\u00dfartige Filme, die auf DRTuber verf\u00fcgbar sind.Es ist eine Porno-Tube-Site mit kostenlosen Videos mit einigen Ausnahmen. Es ist also keine dieser schlechten Seiten, die jeder hasst. Wenn [&hellip;]<\/p>\n","protected":false},"author":1,"featured_media":0,"parent":0,"menu_order":0,"comment_status":"closed","ping_status":"closed","template":"page-star-stil.php","meta":{"footnotes":""},"class_list":["post-7598","page","type-page","status-publish","hentry"],"yoast_head":"<!-- This site is optimized with the Yoast SEO plugin v27.2 - https:\/\/yoast.com\/product\/yoast-seo-wordpress\/ -->\n<title>Drtuber und Liste der besten Pornoseiten | PornMate<\/title>\n<meta name=\"description\" content=\"DRTuber.com ist f\u00fcr Sie, wenn Sie nach neuen und anderen Pornos suchen. Und wenn Sie diese kostenlos suchen, sind Sie bei uns genau richtig! Denn hier finden Sie gro\u00dfartige Filme, die auf DRTuber verf\u00fcgbar sind.Es ist eine Porno-Tube-Site mit kostenlosen Videos mit einigen Ausnahmen.\" \/>\n<meta name=\"robots\" content=\"index, follow, max-snippet:-1, max-image-preview:large, max-video-preview:-1\" \/>\n<link rel=\"canonical\" href=\"https:\/\/pornmate.com\/de\/drtuber\" \/>\n<meta property=\"og:locale\" content=\"de_DE\" \/>\n<meta property=\"og:type\" content=\"article\" \/>\n<meta property=\"og:title\" content=\"Drtuber und Liste der besten Pornoseiten | PornMate\" \/>\n<meta property=\"og:description\" content=\"DRTuber.com ist f\u00fcr Sie, wenn Sie nach neuen und anderen Pornos suchen. Und wenn Sie diese kostenlos suchen, sind Sie bei uns genau richtig! Denn hier finden Sie gro\u00dfartige Filme, die auf DRTuber verf\u00fcgbar sind.Es ist eine Porno-Tube-Site mit kostenlosen Videos mit einigen Ausnahmen.\" \/>\n<meta property=\"og:url\" content=\"https:\/\/pornmate.com\/de\/drtuber\" \/>\n<meta property=\"og:site_name\" content=\"Besten Pornoseiten - Kostenlose Deutsche Pornos | PornMate.com\" \/>\n<meta property=\"article:modified_time\" content=\"2022-11-23T12:48:20+00:00\" \/>\n<meta name=\"twitter:card\" content=\"summary_large_image\" \/>\n<meta name=\"twitter:label1\" content=\"Gesch\u00e4tzte Lesezeit\" \/>\n\t<meta name=\"twitter:data1\" content=\"1\u00a0Minute\" \/>\n<script type=\"application\/ld+json\" class=\"yoast-schema-graph\">{\"@context\":\"https:\/\/schema.org\",\"@graph\":[{\"@type\":\"WebPage\",\"@id\":\"https:\/\/pornmate.com\/de\/drtuber\",\"url\":\"https:\/\/pornmate.com\/de\/drtuber\",\"name\":\"Drtuber und Liste der besten Pornoseiten | PornMate\",\"isPartOf\":{\"@id\":\"https:\/\/pornmate.com\/de\/#website\"},\"datePublished\":\"2020-03-26T08:50:16+00:00\",\"dateModified\":\"2022-11-23T12:48:20+00:00\",\"description\":\"DRTuber.com ist f\u00fcr Sie, wenn Sie nach neuen und anderen Pornos suchen. Und wenn Sie diese kostenlos suchen, sind Sie bei uns genau richtig! Denn hier finden Sie gro\u00dfartige Filme, die auf DRTuber verf\u00fcgbar sind.Es ist eine Porno-Tube-Site mit kostenlosen Videos mit einigen Ausnahmen.\",\"breadcrumb\":{\"@id\":\"https:\/\/pornmate.com\/de\/drtuber#breadcrumb\"},\"inLanguage\":\"de\",\"potentialAction\":[{\"@type\":\"ReadAction\",\"target\":[\"https:\/\/pornmate.com\/de\/drtuber\"]}]},{\"@type\":\"BreadcrumbList\",\"@id\":\"https:\/\/pornmate.com\/de\/drtuber#breadcrumb\",\"itemListElement\":[{\"@type\":\"ListItem\",\"position\":1,\"name\":\"Startseite\",\"item\":\"https:\/\/pornmate.com\/de\"},{\"@type\":\"ListItem\",\"position\":2,\"name\":\"Drtuber\"}]},{\"@type\":\"WebSite\",\"@id\":\"https:\/\/pornmate.com\/de\/#website\",\"url\":\"https:\/\/pornmate.com\/de\/\",\"name\":\"Besten Pornoseiten - Kostenlose Deutsche Pornos | PornMate.com\",\"description\":\"Kostenlose Pornos, ist Ihr Combo-Verzeichnis der besten gratis Pornoseiten, die Sie finden k\u00f6nnen, und das fantastische Seitenbewertungen, Kostenlose Deutsche sex Biografien von Pornostars und ihre xxx Freie Porno videos unter einem Dach pr\u00e4sentiert.\",\"publisher\":{\"@id\":\"https:\/\/pornmate.com\/de\/#organization\"},\"potentialAction\":[{\"@type\":\"SearchAction\",\"target\":{\"@type\":\"EntryPoint\",\"urlTemplate\":\"https:\/\/pornmate.com\/de\/?s={search_term_string}\"},\"query-input\":{\"@type\":\"PropertyValueSpecification\",\"valueRequired\":true,\"valueName\":\"search_term_string\"}}],\"inLanguage\":\"de\"},{\"@type\":\"Organization\",\"@id\":\"https:\/\/pornmate.com\/de\/#organization\",\"name\":\"Besten Pornoseiten - Kostenlose Deutsche Pornos | PornMate.com\",\"url\":\"https:\/\/pornmate.com\/de\/\",\"logo\":{\"@type\":\"ImageObject\",\"inLanguage\":\"de\",\"@id\":\"https:\/\/pornmate.com\/de\/#\/schema\/logo\/image\/\",\"url\":\"https:\/\/pornmate.com\/de\/wp-content\/uploads\/2022\/11\/pornmate-1.png\",\"contentUrl\":\"https:\/\/pornmate.com\/de\/wp-content\/uploads\/2022\/11\/pornmate-1.png\",\"width\":203,\"height\":200,\"caption\":\"Besten Pornoseiten - Kostenlose Deutsche Pornos | PornMate.com\"},\"image\":{\"@id\":\"https:\/\/pornmate.com\/de\/#\/schema\/logo\/image\/\"}}]}<\/script>\n<!-- \/ Yoast SEO plugin. -->","yoast_head_json":{"title":"Drtuber und Liste der besten Pornoseiten | PornMate","description":"DRTuber.com ist f\u00fcr Sie, wenn Sie nach neuen und anderen Pornos suchen. Und wenn Sie diese kostenlos suchen, sind Sie bei uns genau richtig! Denn hier finden Sie gro\u00dfartige Filme, die auf DRTuber verf\u00fcgbar sind.Es ist eine Porno-Tube-Site mit kostenlosen Videos mit einigen Ausnahmen.","robots":{"index":"index","follow":"follow","max-snippet":"max-snippet:-1","max-image-preview":"max-image-preview:large","max-video-preview":"max-video-preview:-1"},"canonical":"https:\/\/pornmate.com\/de\/drtuber","og_locale":"de_DE","og_type":"article","og_title":"Drtuber und Liste der besten Pornoseiten | PornMate","og_description":"DRTuber.com ist f\u00fcr Sie, wenn Sie nach neuen und anderen Pornos suchen. Und wenn Sie diese kostenlos suchen, sind Sie bei uns genau richtig! Denn hier finden Sie gro\u00dfartige Filme, die auf DRTuber verf\u00fcgbar sind.Es ist eine Porno-Tube-Site mit kostenlosen Videos mit einigen Ausnahmen.","og_url":"https:\/\/pornmate.com\/de\/drtuber","og_site_name":"Besten Pornoseiten - Kostenlose Deutsche Pornos | PornMate.com","article_modified_time":"2022-11-23T12:48:20+00:00","twitter_card":"summary_large_image","twitter_misc":{"Gesch\u00e4tzte Lesezeit":"1\u00a0Minute"},"schema":{"@context":"https:\/\/schema.org","@graph":[{"@type":"WebPage","@id":"https:\/\/pornmate.com\/de\/drtuber","url":"https:\/\/pornmate.com\/de\/drtuber","name":"Drtuber und Liste der besten Pornoseiten | PornMate","isPartOf":{"@id":"https:\/\/pornmate.com\/de\/#website"},"datePublished":"2020-03-26T08:50:16+00:00","dateModified":"2022-11-23T12:48:20+00:00","description":"DRTuber.com ist f\u00fcr Sie, wenn Sie nach neuen und anderen Pornos suchen. Und wenn Sie diese kostenlos suchen, sind Sie bei uns genau richtig! Denn hier finden Sie gro\u00dfartige Filme, die auf DRTuber verf\u00fcgbar sind.Es ist eine Porno-Tube-Site mit kostenlosen Videos mit einigen Ausnahmen.","breadcrumb":{"@id":"https:\/\/pornmate.com\/de\/drtuber#breadcrumb"},"inLanguage":"de","potentialAction":[{"@type":"ReadAction","target":["https:\/\/pornmate.com\/de\/drtuber"]}]},{"@type":"BreadcrumbList","@id":"https:\/\/pornmate.com\/de\/drtuber#breadcrumb","itemListElement":[{"@type":"ListItem","position":1,"name":"Startseite","item":"https:\/\/pornmate.com\/de"},{"@type":"ListItem","position":2,"name":"Drtuber"}]},{"@type":"WebSite","@id":"https:\/\/pornmate.com\/de\/#website","url":"https:\/\/pornmate.com\/de\/","name":"Besten Pornoseiten - Kostenlose Deutsche Pornos | PornMate.com","description":"Kostenlose Pornos, ist Ihr Combo-Verzeichnis der besten gratis Pornoseiten, die Sie finden k\u00f6nnen, und das fantastische Seitenbewertungen, Kostenlose Deutsche sex Biografien von Pornostars und ihre xxx Freie Porno videos unter einem Dach pr\u00e4sentiert.","publisher":{"@id":"https:\/\/pornmate.com\/de\/#organization"},"potentialAction":[{"@type":"SearchAction","target":{"@type":"EntryPoint","urlTemplate":"https:\/\/pornmate.com\/de\/?s={search_term_string}"},"query-input":{"@type":"PropertyValueSpecification","valueRequired":true,"valueName":"search_term_string"}}],"inLanguage":"de"},{"@type":"Organization","@id":"https:\/\/pornmate.com\/de\/#organization","name":"Besten Pornoseiten - Kostenlose Deutsche Pornos | PornMate.com","url":"https:\/\/pornmate.com\/de\/","logo":{"@type":"ImageObject","inLanguage":"de","@id":"https:\/\/pornmate.com\/de\/#\/schema\/logo\/image\/","url":"https:\/\/pornmate.com\/de\/wp-content\/uploads\/2022\/11\/pornmate-1.png","contentUrl":"https:\/\/pornmate.com\/de\/wp-content\/uploads\/2022\/11\/pornmate-1.png","width":203,"height":200,"caption":"Besten Pornoseiten - Kostenlose Deutsche Pornos | PornMate.com"},"image":{"@id":"https:\/\/pornmate.com\/de\/#\/schema\/logo\/image\/"}}]}},"_links":{"self":[{"href":"https:\/\/pornmate.com\/de\/wp-json\/wp\/v2\/pages\/7598","targetHints":{"allow":["GET"]}}],"collection":[{"href":"https:\/\/pornmate.com\/de\/wp-json\/wp\/v2\/pages"}],"about":[{"href":"https:\/\/pornmate.com\/de\/wp-json\/wp\/v2\/types\/page"}],"author":[{"embeddable":true,"href":"https:\/\/pornmate.com\/de\/wp-json\/wp\/v2\/users\/1"}],"replies":[{"embeddable":true,"href":"https:\/\/pornmate.com\/de\/wp-json\/wp\/v2\/comments?post=7598"}],"version-history":[{"count":0,"href":"https:\/\/pornmate.com\/de\/wp-json\/wp\/v2\/pages\/7598\/revisions"}],"wp:attachment":[{"href":"https:\/\/pornmate.com\/de\/wp-json\/wp\/v2\/media?parent=7598"}],"curies":[{"name":"wp","href":"https:\/\/api.w.org\/{rel}","templated":true}]}}