{"id":7600,"date":"2020-03-26T08:52:44","date_gmt":"2020-03-26T08:52:44","guid":{"rendered":"https:\/\/pornmate.com\/?page_id=7600"},"modified":"2022-11-23T13:37:37","modified_gmt":"2022-11-23T12:37:37","slug":"redtube","status":"publish","type":"page","link":"https:\/\/pornmate.com\/de\/redtube","title":{"rendered":"Redtube"},"content":{"rendered":"<p>RedTube.com ist eine so ber\u00fcchtigte und exzellente Pornoseite, dass es keinen Sinn macht, \u00fcberhaupt dar\u00fcber zu schreiben. Es ist seit Generationen f\u00fcr uns da und die Leute nutzen es noch heute, um die Welt des Pornos zu entdecken. Was macht RedTube also besser? Zun\u00e4chst einmal ist dies eine gro\u00dfartige kostenlose Pornoseite. Allerdings finden Sie hier alle Arten von Pornos. magst du gro\u00dfe frauen? Kein Problem. Bevorzugen Sie Ebenholzm\u00e4dchen oder asiatische Prinzessinnen? Sie k\u00f6nnen es auch hier finden. Und es ist wie mit allem anderen. RedTube.com ist besser als die meisten Websites, weil es alles hat. Es gibt auch Pornostars aller Art, und Sie k\u00f6nnen hier immer bekannte Namen sehen. Zum Beispiel ist Dillion Harper die beliebteste s\u00fc\u00dfe F\u00fcchsin aller, und Sie finden hier auch viele ihrer Videos. Dar\u00fcber hinaus hat dieser Ort auch viele Hentai-Pornovideos. Alles in allem, wenn Sie gute kostenlose Pornos m\u00f6gen, werden Sie diesen Ort lieben. Probieren Sie es also aus und wir garantieren Ihnen, dass Sie sofort von seinem erstaunlichen Inhalt begeistert sein werden.<\/p>\n","protected":false},"excerpt":{"rendered":"<p>RedTube.com ist eine so ber\u00fcchtigte und exzellente Pornoseite, dass es keinen Sinn macht, \u00fcberhaupt dar\u00fcber zu schreiben. Es ist seit Generationen f\u00fcr uns da und die Leute nutzen es noch heute, um die Welt des Pornos zu entdecken. Was macht RedTube also besser? Zun\u00e4chst einmal ist dies eine gro\u00dfartige kostenlose Pornoseite. Allerdings finden Sie hier [&hellip;]<\/p>\n","protected":false},"author":1,"featured_media":0,"parent":0,"menu_order":0,"comment_status":"closed","ping_status":"closed","template":"page-star-stil.php","meta":{"footnotes":""},"class_list":["post-7600","page","type-page","status-publish","hentry"],"yoast_head":"<!-- This site is optimized with the Yoast SEO plugin v27.2 - https:\/\/yoast.com\/product\/yoast-seo-wordpress\/ -->\n<title>Redtube und Liste der besten Pornoseiten | PornMate<\/title>\n<meta name=\"description\" content=\"RedTube.com is an excellent porn site that&#039;s so infamous that even writing this is pointless.\" \/>\n<meta name=\"robots\" content=\"index, follow, max-snippet:-1, max-image-preview:large, max-video-preview:-1\" \/>\n<link rel=\"canonical\" href=\"https:\/\/pornmate.com\/de\/redtube\" \/>\n<meta property=\"og:locale\" content=\"de_DE\" \/>\n<meta property=\"og:type\" content=\"article\" \/>\n<meta property=\"og:title\" content=\"Redtube und Liste der besten Pornoseiten | PornMate\" \/>\n<meta property=\"og:description\" content=\"RedTube.com is an excellent porn site that&#039;s so infamous that even writing this is pointless.\" \/>\n<meta property=\"og:url\" content=\"https:\/\/pornmate.com\/de\/redtube\" \/>\n<meta property=\"og:site_name\" content=\"Besten Pornoseiten - Kostenlose Deutsche Pornos | PornMate.com\" \/>\n<meta property=\"article:modified_time\" content=\"2022-11-23T12:37:37+00:00\" \/>\n<meta name=\"twitter:card\" content=\"summary_large_image\" \/>\n<meta name=\"twitter:label1\" content=\"Gesch\u00e4tzte Lesezeit\" \/>\n\t<meta name=\"twitter:data1\" content=\"1\u00a0Minute\" \/>\n<script type=\"application\/ld+json\" class=\"yoast-schema-graph\">{\"@context\":\"https:\/\/schema.org\",\"@graph\":[{\"@type\":\"WebPage\",\"@id\":\"https:\/\/pornmate.com\/de\/redtube\",\"url\":\"https:\/\/pornmate.com\/de\/redtube\",\"name\":\"Redtube und Liste der besten Pornoseiten | PornMate\",\"isPartOf\":{\"@id\":\"https:\/\/pornmate.com\/de\/#website\"},\"datePublished\":\"2020-03-26T08:52:44+00:00\",\"dateModified\":\"2022-11-23T12:37:37+00:00\",\"description\":\"RedTube.com is an excellent porn site that's so infamous that even writing this is pointless.\",\"breadcrumb\":{\"@id\":\"https:\/\/pornmate.com\/de\/redtube#breadcrumb\"},\"inLanguage\":\"de\",\"potentialAction\":[{\"@type\":\"ReadAction\",\"target\":[\"https:\/\/pornmate.com\/de\/redtube\"]}]},{\"@type\":\"BreadcrumbList\",\"@id\":\"https:\/\/pornmate.com\/de\/redtube#breadcrumb\",\"itemListElement\":[{\"@type\":\"ListItem\",\"position\":1,\"name\":\"Startseite\",\"item\":\"https:\/\/pornmate.com\/de\"},{\"@type\":\"ListItem\",\"position\":2,\"name\":\"Redtube\"}]},{\"@type\":\"WebSite\",\"@id\":\"https:\/\/pornmate.com\/de\/#website\",\"url\":\"https:\/\/pornmate.com\/de\/\",\"name\":\"Besten Pornoseiten - Kostenlose Deutsche Pornos | PornMate.com\",\"description\":\"Kostenlose Pornos, ist Ihr Combo-Verzeichnis der besten gratis Pornoseiten, die Sie finden k\u00f6nnen, und das fantastische Seitenbewertungen, Kostenlose Deutsche sex Biografien von Pornostars und ihre xxx Freie Porno videos unter einem Dach pr\u00e4sentiert.\",\"publisher\":{\"@id\":\"https:\/\/pornmate.com\/de\/#organization\"},\"potentialAction\":[{\"@type\":\"SearchAction\",\"target\":{\"@type\":\"EntryPoint\",\"urlTemplate\":\"https:\/\/pornmate.com\/de\/?s={search_term_string}\"},\"query-input\":{\"@type\":\"PropertyValueSpecification\",\"valueRequired\":true,\"valueName\":\"search_term_string\"}}],\"inLanguage\":\"de\"},{\"@type\":\"Organization\",\"@id\":\"https:\/\/pornmate.com\/de\/#organization\",\"name\":\"Besten Pornoseiten - Kostenlose Deutsche Pornos | PornMate.com\",\"url\":\"https:\/\/pornmate.com\/de\/\",\"logo\":{\"@type\":\"ImageObject\",\"inLanguage\":\"de\",\"@id\":\"https:\/\/pornmate.com\/de\/#\/schema\/logo\/image\/\",\"url\":\"https:\/\/pornmate.com\/de\/wp-content\/uploads\/2022\/11\/pornmate-1.png\",\"contentUrl\":\"https:\/\/pornmate.com\/de\/wp-content\/uploads\/2022\/11\/pornmate-1.png\",\"width\":203,\"height\":200,\"caption\":\"Besten Pornoseiten - Kostenlose Deutsche Pornos | PornMate.com\"},\"image\":{\"@id\":\"https:\/\/pornmate.com\/de\/#\/schema\/logo\/image\/\"}}]}<\/script>\n<!-- \/ Yoast SEO plugin. -->","yoast_head_json":{"title":"Redtube und Liste der besten Pornoseiten | PornMate","description":"RedTube.com is an excellent porn site that's so infamous that even writing this is pointless.","robots":{"index":"index","follow":"follow","max-snippet":"max-snippet:-1","max-image-preview":"max-image-preview:large","max-video-preview":"max-video-preview:-1"},"canonical":"https:\/\/pornmate.com\/de\/redtube","og_locale":"de_DE","og_type":"article","og_title":"Redtube und Liste der besten Pornoseiten | PornMate","og_description":"RedTube.com is an excellent porn site that's so infamous that even writing this is pointless.","og_url":"https:\/\/pornmate.com\/de\/redtube","og_site_name":"Besten Pornoseiten - Kostenlose Deutsche Pornos | PornMate.com","article_modified_time":"2022-11-23T12:37:37+00:00","twitter_card":"summary_large_image","twitter_misc":{"Gesch\u00e4tzte Lesezeit":"1\u00a0Minute"},"schema":{"@context":"https:\/\/schema.org","@graph":[{"@type":"WebPage","@id":"https:\/\/pornmate.com\/de\/redtube","url":"https:\/\/pornmate.com\/de\/redtube","name":"Redtube und Liste der besten Pornoseiten | PornMate","isPartOf":{"@id":"https:\/\/pornmate.com\/de\/#website"},"datePublished":"2020-03-26T08:52:44+00:00","dateModified":"2022-11-23T12:37:37+00:00","description":"RedTube.com is an excellent porn site that's so infamous that even writing this is pointless.","breadcrumb":{"@id":"https:\/\/pornmate.com\/de\/redtube#breadcrumb"},"inLanguage":"de","potentialAction":[{"@type":"ReadAction","target":["https:\/\/pornmate.com\/de\/redtube"]}]},{"@type":"BreadcrumbList","@id":"https:\/\/pornmate.com\/de\/redtube#breadcrumb","itemListElement":[{"@type":"ListItem","position":1,"name":"Startseite","item":"https:\/\/pornmate.com\/de"},{"@type":"ListItem","position":2,"name":"Redtube"}]},{"@type":"WebSite","@id":"https:\/\/pornmate.com\/de\/#website","url":"https:\/\/pornmate.com\/de\/","name":"Besten Pornoseiten - Kostenlose Deutsche Pornos | PornMate.com","description":"Kostenlose Pornos, ist Ihr Combo-Verzeichnis der besten gratis Pornoseiten, die Sie finden k\u00f6nnen, und das fantastische Seitenbewertungen, Kostenlose Deutsche sex Biografien von Pornostars und ihre xxx Freie Porno videos unter einem Dach pr\u00e4sentiert.","publisher":{"@id":"https:\/\/pornmate.com\/de\/#organization"},"potentialAction":[{"@type":"SearchAction","target":{"@type":"EntryPoint","urlTemplate":"https:\/\/pornmate.com\/de\/?s={search_term_string}"},"query-input":{"@type":"PropertyValueSpecification","valueRequired":true,"valueName":"search_term_string"}}],"inLanguage":"de"},{"@type":"Organization","@id":"https:\/\/pornmate.com\/de\/#organization","name":"Besten Pornoseiten - Kostenlose Deutsche Pornos | PornMate.com","url":"https:\/\/pornmate.com\/de\/","logo":{"@type":"ImageObject","inLanguage":"de","@id":"https:\/\/pornmate.com\/de\/#\/schema\/logo\/image\/","url":"https:\/\/pornmate.com\/de\/wp-content\/uploads\/2022\/11\/pornmate-1.png","contentUrl":"https:\/\/pornmate.com\/de\/wp-content\/uploads\/2022\/11\/pornmate-1.png","width":203,"height":200,"caption":"Besten Pornoseiten - Kostenlose Deutsche Pornos | PornMate.com"},"image":{"@id":"https:\/\/pornmate.com\/de\/#\/schema\/logo\/image\/"}}]}},"_links":{"self":[{"href":"https:\/\/pornmate.com\/de\/wp-json\/wp\/v2\/pages\/7600","targetHints":{"allow":["GET"]}}],"collection":[{"href":"https:\/\/pornmate.com\/de\/wp-json\/wp\/v2\/pages"}],"about":[{"href":"https:\/\/pornmate.com\/de\/wp-json\/wp\/v2\/types\/page"}],"author":[{"embeddable":true,"href":"https:\/\/pornmate.com\/de\/wp-json\/wp\/v2\/users\/1"}],"replies":[{"embeddable":true,"href":"https:\/\/pornmate.com\/de\/wp-json\/wp\/v2\/comments?post=7600"}],"version-history":[{"count":0,"href":"https:\/\/pornmate.com\/de\/wp-json\/wp\/v2\/pages\/7600\/revisions"}],"wp:attachment":[{"href":"https:\/\/pornmate.com\/de\/wp-json\/wp\/v2\/media?parent=7600"}],"curies":[{"name":"wp","href":"https:\/\/api.w.org\/{rel}","templated":true}]}}