{"id":7602,"date":"2020-03-26T08:56:54","date_gmt":"2020-03-26T08:56:54","guid":{"rendered":"https:\/\/pornmate.com\/?page_id=7602"},"modified":"2024-11-03T23:00:32","modified_gmt":"2024-11-03T22:00:32","slug":"amateure-pornos","status":"publish","type":"page","link":"https:\/\/pornmate.com\/de\/amateure-pornos","title":{"rendered":"Amateure Porno"},"content":{"rendered":"<p>Wenn Sie nach perfekten hausgemachten Inhalten suchen, ist dies die richtige Website f\u00fcr Sie. Viele Leute sind es jetzt leid, regelm\u00e4\u00dfig Pornos zu sehen. In normalen Pornos gibt es immer Mietvillen, Autos und falsche Br\u00fcste und mehr. Es stellt eine Welt dar, in der keiner von uns jemals leben k\u00f6nnte, und deshalb hassen die Leute es. Aus diesen Gr\u00fcnden wenden sich viele Menschen Amateurpornos oder hausgemachten Pornos zu. Und Homemade hat genau diese Art von Inhalten. Wenn Sie nach echten Paaren suchen, die vor Leidenschaft brennen, ist dies der perfekte Ort. Sie k\u00f6nnen alle Arten von Sexakten mit Damen aller Rassen, Formen und Gr\u00f6\u00dfen sehen. Und sie haben alle gerne Sex mit ihren Frauen zu Hause. Aus diesem Grund z\u00e4hlt Homemade zu den besten Pornoseiten der Branche. Sie werden hier keine bekannten Pornostars sehen. Das hei\u00dft, es gibt keine Aletta Ocean und Kelsi Monroe. Sie werden jedoch neue, langsam leuchtende K\u00fcken mit einem un\u00fcbertroffenen Hunger nach Sex sehen. Schauen Sie sich diese Seite an, denn Sie werden jeden Amateurclip auf dieser Seite lieben. Und das ist sicher!<\/p>\n","protected":false},"excerpt":{"rendered":"<p>Wenn Sie nach perfekten hausgemachten Inhalten suchen, ist dies die richtige Website f\u00fcr Sie. Viele Leute sind es jetzt leid, regelm\u00e4\u00dfig Pornos zu sehen. In normalen Pornos gibt es immer Mietvillen, Autos und falsche Br\u00fcste und mehr. Es stellt eine Welt dar, in der keiner von uns jemals leben k\u00f6nnte, und deshalb hassen die Leute [&hellip;]<\/p>\n","protected":false},"author":1,"featured_media":0,"parent":0,"menu_order":0,"comment_status":"closed","ping_status":"closed","template":"page-star-stil.php","meta":{"footnotes":""},"class_list":["post-7602","page","type-page","status-publish","hentry"],"yoast_head":"<!-- This site is optimized with the Yoast SEO plugin v27.2 - https:\/\/yoast.com\/product\/yoast-seo-wordpress\/ -->\n<title>Amateure Porno und Liste der besten Pornoseiten | PornMate<\/title>\n<meta name=\"description\" content=\"Wenn Sie nach perfekten hausgemachten Inhalten suchen, ist dies die richtige Website f\u00fcr Sie. Viele Leute sind es jetzt leid, regelm\u00e4\u00dfig Pornos zu sehen. In normalen Pornos gibt es immer Mietvillen, Autos und falsche Br\u00fcste und mehr.\" \/>\n<meta name=\"robots\" content=\"index, follow, max-snippet:-1, max-image-preview:large, max-video-preview:-1\" \/>\n<link rel=\"canonical\" href=\"https:\/\/pornmate.com\/de\/amateure-pornos\" \/>\n<meta property=\"og:locale\" content=\"de_DE\" \/>\n<meta property=\"og:type\" content=\"article\" \/>\n<meta property=\"og:title\" content=\"Amateure Porno und Liste der besten Pornoseiten | PornMate\" \/>\n<meta property=\"og:description\" content=\"Wenn Sie nach perfekten hausgemachten Inhalten suchen, ist dies die richtige Website f\u00fcr Sie. Viele Leute sind es jetzt leid, regelm\u00e4\u00dfig Pornos zu sehen. In normalen Pornos gibt es immer Mietvillen, Autos und falsche Br\u00fcste und mehr.\" \/>\n<meta property=\"og:url\" content=\"https:\/\/pornmate.com\/de\/amateure-pornos\" \/>\n<meta property=\"og:site_name\" content=\"Besten Pornoseiten - Kostenlose Deutsche Pornos | PornMate.com\" \/>\n<meta property=\"article:modified_time\" content=\"2024-11-03T22:00:32+00:00\" \/>\n<meta name=\"twitter:card\" content=\"summary_large_image\" \/>\n<meta name=\"twitter:label1\" content=\"Gesch\u00e4tzte Lesezeit\" \/>\n\t<meta name=\"twitter:data1\" content=\"1\u00a0Minute\" \/>\n<script type=\"application\/ld+json\" class=\"yoast-schema-graph\">{\"@context\":\"https:\/\/schema.org\",\"@graph\":[{\"@type\":\"WebPage\",\"@id\":\"https:\/\/pornmate.com\/de\/amateure-pornos\",\"url\":\"https:\/\/pornmate.com\/de\/amateure-pornos\",\"name\":\"Amateure Porno und Liste der besten Pornoseiten | PornMate\",\"isPartOf\":{\"@id\":\"https:\/\/pornmate.com\/de\/#website\"},\"datePublished\":\"2020-03-26T08:56:54+00:00\",\"dateModified\":\"2024-11-03T22:00:32+00:00\",\"description\":\"Wenn Sie nach perfekten hausgemachten Inhalten suchen, ist dies die richtige Website f\u00fcr Sie. Viele Leute sind es jetzt leid, regelm\u00e4\u00dfig Pornos zu sehen. In normalen Pornos gibt es immer Mietvillen, Autos und falsche Br\u00fcste und mehr.\",\"breadcrumb\":{\"@id\":\"https:\/\/pornmate.com\/de\/amateure-pornos#breadcrumb\"},\"inLanguage\":\"de\",\"potentialAction\":[{\"@type\":\"ReadAction\",\"target\":[\"https:\/\/pornmate.com\/de\/amateure-pornos\"]}]},{\"@type\":\"BreadcrumbList\",\"@id\":\"https:\/\/pornmate.com\/de\/amateure-pornos#breadcrumb\",\"itemListElement\":[{\"@type\":\"ListItem\",\"position\":1,\"name\":\"Startseite\",\"item\":\"https:\/\/pornmate.com\/de\"},{\"@type\":\"ListItem\",\"position\":2,\"name\":\"Amateure Porno\"}]},{\"@type\":\"WebSite\",\"@id\":\"https:\/\/pornmate.com\/de\/#website\",\"url\":\"https:\/\/pornmate.com\/de\/\",\"name\":\"Besten Pornoseiten - Kostenlose Deutsche Pornos | PornMate.com\",\"description\":\"Kostenlose Pornos, ist Ihr Combo-Verzeichnis der besten gratis Pornoseiten, die Sie finden k\u00f6nnen, und das fantastische Seitenbewertungen, Kostenlose Deutsche sex Biografien von Pornostars und ihre xxx Freie Porno videos unter einem Dach pr\u00e4sentiert.\",\"publisher\":{\"@id\":\"https:\/\/pornmate.com\/de\/#organization\"},\"potentialAction\":[{\"@type\":\"SearchAction\",\"target\":{\"@type\":\"EntryPoint\",\"urlTemplate\":\"https:\/\/pornmate.com\/de\/?s={search_term_string}\"},\"query-input\":{\"@type\":\"PropertyValueSpecification\",\"valueRequired\":true,\"valueName\":\"search_term_string\"}}],\"inLanguage\":\"de\"},{\"@type\":\"Organization\",\"@id\":\"https:\/\/pornmate.com\/de\/#organization\",\"name\":\"Besten Pornoseiten - Kostenlose Deutsche Pornos | PornMate.com\",\"url\":\"https:\/\/pornmate.com\/de\/\",\"logo\":{\"@type\":\"ImageObject\",\"inLanguage\":\"de\",\"@id\":\"https:\/\/pornmate.com\/de\/#\/schema\/logo\/image\/\",\"url\":\"https:\/\/pornmate.com\/de\/wp-content\/uploads\/2022\/11\/pornmate-1.png\",\"contentUrl\":\"https:\/\/pornmate.com\/de\/wp-content\/uploads\/2022\/11\/pornmate-1.png\",\"width\":203,\"height\":200,\"caption\":\"Besten Pornoseiten - Kostenlose Deutsche Pornos | PornMate.com\"},\"image\":{\"@id\":\"https:\/\/pornmate.com\/de\/#\/schema\/logo\/image\/\"}}]}<\/script>\n<!-- \/ Yoast SEO plugin. -->","yoast_head_json":{"title":"Amateure Porno und Liste der besten Pornoseiten | PornMate","description":"Wenn Sie nach perfekten hausgemachten Inhalten suchen, ist dies die richtige Website f\u00fcr Sie. Viele Leute sind es jetzt leid, regelm\u00e4\u00dfig Pornos zu sehen. In normalen Pornos gibt es immer Mietvillen, Autos und falsche Br\u00fcste und mehr.","robots":{"index":"index","follow":"follow","max-snippet":"max-snippet:-1","max-image-preview":"max-image-preview:large","max-video-preview":"max-video-preview:-1"},"canonical":"https:\/\/pornmate.com\/de\/amateure-pornos","og_locale":"de_DE","og_type":"article","og_title":"Amateure Porno und Liste der besten Pornoseiten | PornMate","og_description":"Wenn Sie nach perfekten hausgemachten Inhalten suchen, ist dies die richtige Website f\u00fcr Sie. Viele Leute sind es jetzt leid, regelm\u00e4\u00dfig Pornos zu sehen. In normalen Pornos gibt es immer Mietvillen, Autos und falsche Br\u00fcste und mehr.","og_url":"https:\/\/pornmate.com\/de\/amateure-pornos","og_site_name":"Besten Pornoseiten - Kostenlose Deutsche Pornos | PornMate.com","article_modified_time":"2024-11-03T22:00:32+00:00","twitter_card":"summary_large_image","twitter_misc":{"Gesch\u00e4tzte Lesezeit":"1\u00a0Minute"},"schema":{"@context":"https:\/\/schema.org","@graph":[{"@type":"WebPage","@id":"https:\/\/pornmate.com\/de\/amateure-pornos","url":"https:\/\/pornmate.com\/de\/amateure-pornos","name":"Amateure Porno und Liste der besten Pornoseiten | PornMate","isPartOf":{"@id":"https:\/\/pornmate.com\/de\/#website"},"datePublished":"2020-03-26T08:56:54+00:00","dateModified":"2024-11-03T22:00:32+00:00","description":"Wenn Sie nach perfekten hausgemachten Inhalten suchen, ist dies die richtige Website f\u00fcr Sie. Viele Leute sind es jetzt leid, regelm\u00e4\u00dfig Pornos zu sehen. In normalen Pornos gibt es immer Mietvillen, Autos und falsche Br\u00fcste und mehr.","breadcrumb":{"@id":"https:\/\/pornmate.com\/de\/amateure-pornos#breadcrumb"},"inLanguage":"de","potentialAction":[{"@type":"ReadAction","target":["https:\/\/pornmate.com\/de\/amateure-pornos"]}]},{"@type":"BreadcrumbList","@id":"https:\/\/pornmate.com\/de\/amateure-pornos#breadcrumb","itemListElement":[{"@type":"ListItem","position":1,"name":"Startseite","item":"https:\/\/pornmate.com\/de"},{"@type":"ListItem","position":2,"name":"Amateure Porno"}]},{"@type":"WebSite","@id":"https:\/\/pornmate.com\/de\/#website","url":"https:\/\/pornmate.com\/de\/","name":"Besten Pornoseiten - Kostenlose Deutsche Pornos | PornMate.com","description":"Kostenlose Pornos, ist Ihr Combo-Verzeichnis der besten gratis Pornoseiten, die Sie finden k\u00f6nnen, und das fantastische Seitenbewertungen, Kostenlose Deutsche sex Biografien von Pornostars und ihre xxx Freie Porno videos unter einem Dach pr\u00e4sentiert.","publisher":{"@id":"https:\/\/pornmate.com\/de\/#organization"},"potentialAction":[{"@type":"SearchAction","target":{"@type":"EntryPoint","urlTemplate":"https:\/\/pornmate.com\/de\/?s={search_term_string}"},"query-input":{"@type":"PropertyValueSpecification","valueRequired":true,"valueName":"search_term_string"}}],"inLanguage":"de"},{"@type":"Organization","@id":"https:\/\/pornmate.com\/de\/#organization","name":"Besten Pornoseiten - Kostenlose Deutsche Pornos | PornMate.com","url":"https:\/\/pornmate.com\/de\/","logo":{"@type":"ImageObject","inLanguage":"de","@id":"https:\/\/pornmate.com\/de\/#\/schema\/logo\/image\/","url":"https:\/\/pornmate.com\/de\/wp-content\/uploads\/2022\/11\/pornmate-1.png","contentUrl":"https:\/\/pornmate.com\/de\/wp-content\/uploads\/2022\/11\/pornmate-1.png","width":203,"height":200,"caption":"Besten Pornoseiten - Kostenlose Deutsche Pornos | PornMate.com"},"image":{"@id":"https:\/\/pornmate.com\/de\/#\/schema\/logo\/image\/"}}]}},"_links":{"self":[{"href":"https:\/\/pornmate.com\/de\/wp-json\/wp\/v2\/pages\/7602","targetHints":{"allow":["GET"]}}],"collection":[{"href":"https:\/\/pornmate.com\/de\/wp-json\/wp\/v2\/pages"}],"about":[{"href":"https:\/\/pornmate.com\/de\/wp-json\/wp\/v2\/types\/page"}],"author":[{"embeddable":true,"href":"https:\/\/pornmate.com\/de\/wp-json\/wp\/v2\/users\/1"}],"replies":[{"embeddable":true,"href":"https:\/\/pornmate.com\/de\/wp-json\/wp\/v2\/comments?post=7602"}],"version-history":[{"count":0,"href":"https:\/\/pornmate.com\/de\/wp-json\/wp\/v2\/pages\/7602\/revisions"}],"wp:attachment":[{"href":"https:\/\/pornmate.com\/de\/wp-json\/wp\/v2\/media?parent=7602"}],"curies":[{"name":"wp","href":"https:\/\/api.w.org\/{rel}","templated":true}]}}