{"id":7604,"date":"2020-03-26T08:59:57","date_gmt":"2020-03-26T08:59:57","guid":{"rendered":"https:\/\/pornmate.com\/?page_id=7604"},"modified":"2022-11-25T10:17:46","modified_gmt":"2022-11-25T09:17:46","slug":"daft-porn","status":"publish","type":"page","link":"https:\/\/pornmate.com\/de\/daft-porn","title":{"rendered":"daft porn"},"content":{"rendered":"<p>Daft Porn verfolgt eine andere Herangehensweise an Pornos. Vom Design bis zu den bereitgestellten Inhalten wollen sie sich von anderen Websites abheben. Wenn Sie denken, dass Sie Lana Rhoads, Abella Danger, Kendra Lust, Dakota Skye oder andere Pornostars in ihren Galerien finden, liegen Sie falsch. Denn die meisten von ihnen sind Amateure. Aber das bedeutet nicht, dass Sie hier keinen Spa\u00df haben k\u00f6nnen; das genaue Gegenteil. Sie k\u00f6nnen sich nur vorstellen, welche Art von unkonventionellem Porno sich auf DaftPorn.com mit Tags wie Funny, Fail, Machines, Selfsuck, Dwarf, Squirt, Wtf und anderen versteckt. Die Homepage bietet Ihnen sofortigen Zugriff auf die neuesten Videos, und jedes hat einen Titel und eine kurze Beschreibung, damit Sie besser lernen k\u00f6nnen, bevor Sie sich entscheiden, was Sie ansehen m\u00f6chten. Nat\u00fcrlich k\u00f6nnen Sie nach etwas Spezifischerem suchen, indem Sie Schl\u00fcsselw\u00f6rter in eine Suchleiste eingeben oder die umfangreiche Liste der oben erw\u00e4hnten Tags durchsuchen. Neben den Videos gibt es auch eine Bildergalerie mit ebenso lustigen wie sexy Inhalten. Hier k\u00f6nnen Sie Spa\u00df haben. Wenn Sie noch mehr involviert sein m\u00f6chten, k\u00f6nnen Sie ihre animierten Inhalte durchsuchen oder sogar Ihre eigenen hochladen.<\/p>\n","protected":false},"excerpt":{"rendered":"<p>Daft Porn verfolgt eine andere Herangehensweise an Pornos. Vom Design bis zu den bereitgestellten Inhalten wollen sie sich von anderen Websites abheben. Wenn Sie denken, dass Sie Lana Rhoads, Abella Danger, Kendra Lust, Dakota Skye oder andere Pornostars in ihren Galerien finden, liegen Sie falsch. Denn die meisten von ihnen sind Amateure. Aber das bedeutet [&hellip;]<\/p>\n","protected":false},"author":1,"featured_media":0,"parent":0,"menu_order":0,"comment_status":"closed","ping_status":"closed","template":"page-star-stil.php","meta":{"footnotes":""},"class_list":["post-7604","page","type-page","status-publish","hentry"],"yoast_head":"<!-- This site is optimized with the Yoast SEO plugin v27.2 - https:\/\/yoast.com\/product\/yoast-seo-wordpress\/ -->\n<title>daft porn und Liste der besten Pornoseiten | PornMate<\/title>\n<meta name=\"description\" content=\"Daft Porn verfolgt eine andere Herangehensweise an Pornos. Vom Design bis zu den bereitgestellten Inhalten wollen sie sich von anderen Websites abheben. Wenn Sie denken, dass Sie Lana Rhoads, Abella Danger, Kendra Lust, Dakota Skye oder andere Pornostars in ihren Galerien finden, liegen Sie falsch.\" \/>\n<meta name=\"robots\" content=\"index, follow, max-snippet:-1, max-image-preview:large, max-video-preview:-1\" \/>\n<link rel=\"canonical\" href=\"https:\/\/pornmate.com\/de\/daft-porn\" \/>\n<meta property=\"og:locale\" content=\"de_DE\" \/>\n<meta property=\"og:type\" content=\"article\" \/>\n<meta property=\"og:title\" content=\"daft porn und Liste der besten Pornoseiten | PornMate\" \/>\n<meta property=\"og:description\" content=\"Daft Porn verfolgt eine andere Herangehensweise an Pornos. Vom Design bis zu den bereitgestellten Inhalten wollen sie sich von anderen Websites abheben. Wenn Sie denken, dass Sie Lana Rhoads, Abella Danger, Kendra Lust, Dakota Skye oder andere Pornostars in ihren Galerien finden, liegen Sie falsch.\" \/>\n<meta property=\"og:url\" content=\"https:\/\/pornmate.com\/de\/daft-porn\" \/>\n<meta property=\"og:site_name\" content=\"Besten Pornoseiten - Kostenlose Deutsche Pornos | PornMate.com\" \/>\n<meta property=\"article:modified_time\" content=\"2022-11-25T09:17:46+00:00\" \/>\n<meta name=\"twitter:card\" content=\"summary_large_image\" \/>\n<meta name=\"twitter:label1\" content=\"Gesch\u00e4tzte Lesezeit\" \/>\n\t<meta name=\"twitter:data1\" content=\"2\u00a0Minuten\" \/>\n<script type=\"application\/ld+json\" class=\"yoast-schema-graph\">{\"@context\":\"https:\/\/schema.org\",\"@graph\":[{\"@type\":\"WebPage\",\"@id\":\"https:\/\/pornmate.com\/de\/daft-porn\",\"url\":\"https:\/\/pornmate.com\/de\/daft-porn\",\"name\":\"daft porn und Liste der besten Pornoseiten | PornMate\",\"isPartOf\":{\"@id\":\"https:\/\/pornmate.com\/de\/#website\"},\"datePublished\":\"2020-03-26T08:59:57+00:00\",\"dateModified\":\"2022-11-25T09:17:46+00:00\",\"description\":\"Daft Porn verfolgt eine andere Herangehensweise an Pornos. Vom Design bis zu den bereitgestellten Inhalten wollen sie sich von anderen Websites abheben. Wenn Sie denken, dass Sie Lana Rhoads, Abella Danger, Kendra Lust, Dakota Skye oder andere Pornostars in ihren Galerien finden, liegen Sie falsch.\",\"breadcrumb\":{\"@id\":\"https:\/\/pornmate.com\/de\/daft-porn#breadcrumb\"},\"inLanguage\":\"de\",\"potentialAction\":[{\"@type\":\"ReadAction\",\"target\":[\"https:\/\/pornmate.com\/de\/daft-porn\"]}]},{\"@type\":\"BreadcrumbList\",\"@id\":\"https:\/\/pornmate.com\/de\/daft-porn#breadcrumb\",\"itemListElement\":[{\"@type\":\"ListItem\",\"position\":1,\"name\":\"Startseite\",\"item\":\"https:\/\/pornmate.com\/de\"},{\"@type\":\"ListItem\",\"position\":2,\"name\":\"daft porn\"}]},{\"@type\":\"WebSite\",\"@id\":\"https:\/\/pornmate.com\/de\/#website\",\"url\":\"https:\/\/pornmate.com\/de\/\",\"name\":\"Besten Pornoseiten - Kostenlose Deutsche Pornos | PornMate.com\",\"description\":\"Kostenlose Pornos, ist Ihr Combo-Verzeichnis der besten gratis Pornoseiten, die Sie finden k\u00f6nnen, und das fantastische Seitenbewertungen, Kostenlose Deutsche sex Biografien von Pornostars und ihre xxx Freie Porno videos unter einem Dach pr\u00e4sentiert.\",\"publisher\":{\"@id\":\"https:\/\/pornmate.com\/de\/#organization\"},\"potentialAction\":[{\"@type\":\"SearchAction\",\"target\":{\"@type\":\"EntryPoint\",\"urlTemplate\":\"https:\/\/pornmate.com\/de\/?s={search_term_string}\"},\"query-input\":{\"@type\":\"PropertyValueSpecification\",\"valueRequired\":true,\"valueName\":\"search_term_string\"}}],\"inLanguage\":\"de\"},{\"@type\":\"Organization\",\"@id\":\"https:\/\/pornmate.com\/de\/#organization\",\"name\":\"Besten Pornoseiten - Kostenlose Deutsche Pornos | PornMate.com\",\"url\":\"https:\/\/pornmate.com\/de\/\",\"logo\":{\"@type\":\"ImageObject\",\"inLanguage\":\"de\",\"@id\":\"https:\/\/pornmate.com\/de\/#\/schema\/logo\/image\/\",\"url\":\"https:\/\/pornmate.com\/de\/wp-content\/uploads\/2022\/11\/pornmate-1.png\",\"contentUrl\":\"https:\/\/pornmate.com\/de\/wp-content\/uploads\/2022\/11\/pornmate-1.png\",\"width\":203,\"height\":200,\"caption\":\"Besten Pornoseiten - Kostenlose Deutsche Pornos | PornMate.com\"},\"image\":{\"@id\":\"https:\/\/pornmate.com\/de\/#\/schema\/logo\/image\/\"}}]}<\/script>\n<!-- \/ Yoast SEO plugin. -->","yoast_head_json":{"title":"daft porn und Liste der besten Pornoseiten | PornMate","description":"Daft Porn verfolgt eine andere Herangehensweise an Pornos. Vom Design bis zu den bereitgestellten Inhalten wollen sie sich von anderen Websites abheben. Wenn Sie denken, dass Sie Lana Rhoads, Abella Danger, Kendra Lust, Dakota Skye oder andere Pornostars in ihren Galerien finden, liegen Sie falsch.","robots":{"index":"index","follow":"follow","max-snippet":"max-snippet:-1","max-image-preview":"max-image-preview:large","max-video-preview":"max-video-preview:-1"},"canonical":"https:\/\/pornmate.com\/de\/daft-porn","og_locale":"de_DE","og_type":"article","og_title":"daft porn und Liste der besten Pornoseiten | PornMate","og_description":"Daft Porn verfolgt eine andere Herangehensweise an Pornos. Vom Design bis zu den bereitgestellten Inhalten wollen sie sich von anderen Websites abheben. Wenn Sie denken, dass Sie Lana Rhoads, Abella Danger, Kendra Lust, Dakota Skye oder andere Pornostars in ihren Galerien finden, liegen Sie falsch.","og_url":"https:\/\/pornmate.com\/de\/daft-porn","og_site_name":"Besten Pornoseiten - Kostenlose Deutsche Pornos | PornMate.com","article_modified_time":"2022-11-25T09:17:46+00:00","twitter_card":"summary_large_image","twitter_misc":{"Gesch\u00e4tzte Lesezeit":"2\u00a0Minuten"},"schema":{"@context":"https:\/\/schema.org","@graph":[{"@type":"WebPage","@id":"https:\/\/pornmate.com\/de\/daft-porn","url":"https:\/\/pornmate.com\/de\/daft-porn","name":"daft porn und Liste der besten Pornoseiten | PornMate","isPartOf":{"@id":"https:\/\/pornmate.com\/de\/#website"},"datePublished":"2020-03-26T08:59:57+00:00","dateModified":"2022-11-25T09:17:46+00:00","description":"Daft Porn verfolgt eine andere Herangehensweise an Pornos. Vom Design bis zu den bereitgestellten Inhalten wollen sie sich von anderen Websites abheben. Wenn Sie denken, dass Sie Lana Rhoads, Abella Danger, Kendra Lust, Dakota Skye oder andere Pornostars in ihren Galerien finden, liegen Sie falsch.","breadcrumb":{"@id":"https:\/\/pornmate.com\/de\/daft-porn#breadcrumb"},"inLanguage":"de","potentialAction":[{"@type":"ReadAction","target":["https:\/\/pornmate.com\/de\/daft-porn"]}]},{"@type":"BreadcrumbList","@id":"https:\/\/pornmate.com\/de\/daft-porn#breadcrumb","itemListElement":[{"@type":"ListItem","position":1,"name":"Startseite","item":"https:\/\/pornmate.com\/de"},{"@type":"ListItem","position":2,"name":"daft porn"}]},{"@type":"WebSite","@id":"https:\/\/pornmate.com\/de\/#website","url":"https:\/\/pornmate.com\/de\/","name":"Besten Pornoseiten - Kostenlose Deutsche Pornos | PornMate.com","description":"Kostenlose Pornos, ist Ihr Combo-Verzeichnis der besten gratis Pornoseiten, die Sie finden k\u00f6nnen, und das fantastische Seitenbewertungen, Kostenlose Deutsche sex Biografien von Pornostars und ihre xxx Freie Porno videos unter einem Dach pr\u00e4sentiert.","publisher":{"@id":"https:\/\/pornmate.com\/de\/#organization"},"potentialAction":[{"@type":"SearchAction","target":{"@type":"EntryPoint","urlTemplate":"https:\/\/pornmate.com\/de\/?s={search_term_string}"},"query-input":{"@type":"PropertyValueSpecification","valueRequired":true,"valueName":"search_term_string"}}],"inLanguage":"de"},{"@type":"Organization","@id":"https:\/\/pornmate.com\/de\/#organization","name":"Besten Pornoseiten - Kostenlose Deutsche Pornos | PornMate.com","url":"https:\/\/pornmate.com\/de\/","logo":{"@type":"ImageObject","inLanguage":"de","@id":"https:\/\/pornmate.com\/de\/#\/schema\/logo\/image\/","url":"https:\/\/pornmate.com\/de\/wp-content\/uploads\/2022\/11\/pornmate-1.png","contentUrl":"https:\/\/pornmate.com\/de\/wp-content\/uploads\/2022\/11\/pornmate-1.png","width":203,"height":200,"caption":"Besten Pornoseiten - Kostenlose Deutsche Pornos | PornMate.com"},"image":{"@id":"https:\/\/pornmate.com\/de\/#\/schema\/logo\/image\/"}}]}},"_links":{"self":[{"href":"https:\/\/pornmate.com\/de\/wp-json\/wp\/v2\/pages\/7604","targetHints":{"allow":["GET"]}}],"collection":[{"href":"https:\/\/pornmate.com\/de\/wp-json\/wp\/v2\/pages"}],"about":[{"href":"https:\/\/pornmate.com\/de\/wp-json\/wp\/v2\/types\/page"}],"author":[{"embeddable":true,"href":"https:\/\/pornmate.com\/de\/wp-json\/wp\/v2\/users\/1"}],"replies":[{"embeddable":true,"href":"https:\/\/pornmate.com\/de\/wp-json\/wp\/v2\/comments?post=7604"}],"version-history":[{"count":0,"href":"https:\/\/pornmate.com\/de\/wp-json\/wp\/v2\/pages\/7604\/revisions"}],"wp:attachment":[{"href":"https:\/\/pornmate.com\/de\/wp-json\/wp\/v2\/media?parent=7604"}],"curies":[{"name":"wp","href":"https:\/\/api.w.org\/{rel}","templated":true}]}}