{"id":7606,"date":"2020-03-26T09:02:59","date_gmt":"2020-03-26T09:02:59","guid":{"rendered":"https:\/\/pornmate.com\/?page_id=7606"},"modified":"2020-03-26T09:02:59","modified_gmt":"2020-03-26T09:02:59","slug":"youramateurporn","status":"publish","type":"page","link":"https:\/\/pornmate.com\/de\/youramateurporn","title":{"rendered":"Youramateurporn"},"content":{"rendered":"<p>YourAmateurPorn hat einen ausreichend selbsterkl\u00e4renden Namen.<br \/>\nWenn Sie auf der Suche nach einigen der hei\u00dfesten Amateure des Internets in der hei\u00dfesten und tiefsten Action sind, werden Sie nichts falsch machen, wenn Sie diesen Ort besuchen.<br \/>\nWas Amateur-Pornoseiten angeht, steht diese mit ihrer Einfachheit und Ultramoderne \u00fcber den anderen.<br \/>\nDie Zielseite ist mit einer Vielzahl interaktiver Miniaturansichten gef\u00fcllt, von denen jede hei\u00dfer als die n\u00e4chste ist.<br \/>\nDiese f\u00fchren zu den einzelnen Videos, sobald Sie sie \u00fcbersteigen.<br \/>\nIn Anbetracht dessen, dass YourAmateurPorn.com kostenlos ist, gelangen einige Anzeigen auf die Schnellstra\u00dfe und k\u00f6nnen problemlos vermieden werden.<br \/>\nDennoch k\u00f6nnen Sie die lange Liste der Kategorien durchsuchen und eingrenzen, wenn Sie nicht erkennen k\u00f6nnen, was Ihnen an der Zielseite gef\u00e4llt, oder wenn Sie nach etwas Besonderem suchen.<br \/>\nErwarten Sie nicht, viele Namen wie Madison Ivy, Valentina Nappi, Allie Haze oder Katrina Jade zu kennen, schlie\u00dflich ist dies eine Hobbyseite. Dennoch k\u00f6nnten Sie auf einige ihrer Videos sto\u00dfen, die von Laien produziert wurden.<br \/>\nSie haben auch die M\u00f6glichkeit, Ihre Videos hochzuladen und sind mit mehreren Sexspielseiten verbunden und befinden sich an Cam-Standorten, an denen Sie auch teilnehmen k\u00f6nnen<\/p>\n","protected":false},"excerpt":{"rendered":"<p>YourAmateurPorn hat einen ausreichend selbsterkl\u00e4renden Namen. Wenn Sie auf der Suche nach einigen der hei\u00dfesten Amateure des Internets in der hei\u00dfesten und tiefsten Action sind, werden Sie nichts falsch machen, wenn Sie diesen Ort besuchen. Was Amateur-Pornoseiten angeht, steht diese mit ihrer Einfachheit und Ultramoderne \u00fcber den anderen. Die Zielseite ist mit einer Vielzahl interaktiver [&hellip;]<\/p>\n","protected":false},"author":1,"featured_media":0,"parent":0,"menu_order":0,"comment_status":"closed","ping_status":"closed","template":"page-star-stil.php","meta":{"footnotes":""},"class_list":["post-7606","page","type-page","status-publish","hentry"],"yoast_head":"<!-- This site is optimized with the Yoast SEO plugin v27.4 - https:\/\/yoast.com\/product\/yoast-seo-wordpress\/ -->\n<title>Youramateurporn und Liste der besten Pornoseiten | PornMate<\/title>\n<meta name=\"description\" content=\"YourAmateurPorn hat einen ausreichend selbsterkl\u00e4renden Namen.Wenn Sie auf der Suche nach einigen der hei\u00dfesten Amateure des Internets in der hei\u00dfesten und tiefsten Action sind, werden Sie nichts falsch machen, wenn Sie diesen Ort besuchen.\" \/>\n<meta name=\"robots\" content=\"index, follow, max-snippet:-1, max-image-preview:large, max-video-preview:-1\" \/>\n<link rel=\"canonical\" href=\"https:\/\/pornmate.com\/de\/youramateurporn\" \/>\n<meta property=\"og:locale\" content=\"de_DE\" \/>\n<meta property=\"og:type\" content=\"article\" \/>\n<meta property=\"og:title\" content=\"Youramateurporn und Liste der besten Pornoseiten | PornMate\" \/>\n<meta property=\"og:description\" content=\"YourAmateurPorn hat einen ausreichend selbsterkl\u00e4renden Namen.Wenn Sie auf der Suche nach einigen der hei\u00dfesten Amateure des Internets in der hei\u00dfesten und tiefsten Action sind, werden Sie nichts falsch machen, wenn Sie diesen Ort besuchen.\" \/>\n<meta property=\"og:url\" content=\"https:\/\/pornmate.com\/de\/youramateurporn\" \/>\n<meta property=\"og:site_name\" content=\"Besten Pornoseiten - Kostenlose Deutsche Pornos | PornMate.com\" \/>\n<meta name=\"twitter:card\" content=\"summary_large_image\" \/>\n<meta name=\"twitter:label1\" content=\"Gesch\u00e4tzte Lesezeit\" \/>\n\t<meta name=\"twitter:data1\" content=\"2\u00a0Minuten\" \/>\n<script type=\"application\/ld+json\" class=\"yoast-schema-graph\">{\"@context\":\"https:\\\/\\\/schema.org\",\"@graph\":[{\"@type\":\"WebPage\",\"@id\":\"https:\\\/\\\/pornmate.com\\\/de\\\/youramateurporn\",\"url\":\"https:\\\/\\\/pornmate.com\\\/de\\\/youramateurporn\",\"name\":\"Youramateurporn und Liste der besten Pornoseiten | PornMate\",\"isPartOf\":{\"@id\":\"https:\\\/\\\/pornmate.com\\\/de\\\/#website\"},\"datePublished\":\"2020-03-26T09:02:59+00:00\",\"description\":\"YourAmateurPorn hat einen ausreichend selbsterkl\u00e4renden Namen.Wenn Sie auf der Suche nach einigen der hei\u00dfesten Amateure des Internets in der hei\u00dfesten und tiefsten Action sind, werden Sie nichts falsch machen, wenn Sie diesen Ort besuchen.\",\"breadcrumb\":{\"@id\":\"https:\\\/\\\/pornmate.com\\\/de\\\/youramateurporn#breadcrumb\"},\"inLanguage\":\"de\",\"potentialAction\":[{\"@type\":\"ReadAction\",\"target\":[\"https:\\\/\\\/pornmate.com\\\/de\\\/youramateurporn\"]}]},{\"@type\":\"BreadcrumbList\",\"@id\":\"https:\\\/\\\/pornmate.com\\\/de\\\/youramateurporn#breadcrumb\",\"itemListElement\":[{\"@type\":\"ListItem\",\"position\":1,\"name\":\"Startseite\",\"item\":\"https:\\\/\\\/pornmate.com\\\/de\"},{\"@type\":\"ListItem\",\"position\":2,\"name\":\"Youramateurporn\"}]},{\"@type\":\"WebSite\",\"@id\":\"https:\\\/\\\/pornmate.com\\\/de\\\/#website\",\"url\":\"https:\\\/\\\/pornmate.com\\\/de\\\/\",\"name\":\"Besten Pornoseiten - Kostenlose Deutsche Pornos | PornMate.com\",\"description\":\"Kostenlose Pornos, ist Ihr Combo-Verzeichnis der besten gratis Pornoseiten, die Sie finden k\u00f6nnen, und das fantastische Seitenbewertungen, Kostenlose Deutsche sex Biografien von Pornostars und ihre xxx Freie Porno videos unter einem Dach pr\u00e4sentiert.\",\"publisher\":{\"@id\":\"https:\\\/\\\/pornmate.com\\\/de\\\/#organization\"},\"potentialAction\":[{\"@type\":\"SearchAction\",\"target\":{\"@type\":\"EntryPoint\",\"urlTemplate\":\"https:\\\/\\\/pornmate.com\\\/de\\\/?s={search_term_string}\"},\"query-input\":{\"@type\":\"PropertyValueSpecification\",\"valueRequired\":true,\"valueName\":\"search_term_string\"}}],\"inLanguage\":\"de\"},{\"@type\":\"Organization\",\"@id\":\"https:\\\/\\\/pornmate.com\\\/de\\\/#organization\",\"name\":\"Besten Pornoseiten - Kostenlose Deutsche Pornos | PornMate.com\",\"url\":\"https:\\\/\\\/pornmate.com\\\/de\\\/\",\"logo\":{\"@type\":\"ImageObject\",\"inLanguage\":\"de\",\"@id\":\"https:\\\/\\\/pornmate.com\\\/de\\\/#\\\/schema\\\/logo\\\/image\\\/\",\"url\":\"https:\\\/\\\/pornmate.com\\\/de\\\/wp-content\\\/uploads\\\/2022\\\/11\\\/pornmate-1.png\",\"contentUrl\":\"https:\\\/\\\/pornmate.com\\\/de\\\/wp-content\\\/uploads\\\/2022\\\/11\\\/pornmate-1.png\",\"width\":203,\"height\":200,\"caption\":\"Besten Pornoseiten - Kostenlose Deutsche Pornos | PornMate.com\"},\"image\":{\"@id\":\"https:\\\/\\\/pornmate.com\\\/de\\\/#\\\/schema\\\/logo\\\/image\\\/\"}}]}<\/script>\n<!-- \/ Yoast SEO plugin. -->","yoast_head_json":{"title":"Youramateurporn und Liste der besten Pornoseiten | PornMate","description":"YourAmateurPorn hat einen ausreichend selbsterkl\u00e4renden Namen.Wenn Sie auf der Suche nach einigen der hei\u00dfesten Amateure des Internets in der hei\u00dfesten und tiefsten Action sind, werden Sie nichts falsch machen, wenn Sie diesen Ort besuchen.","robots":{"index":"index","follow":"follow","max-snippet":"max-snippet:-1","max-image-preview":"max-image-preview:large","max-video-preview":"max-video-preview:-1"},"canonical":"https:\/\/pornmate.com\/de\/youramateurporn","og_locale":"de_DE","og_type":"article","og_title":"Youramateurporn und Liste der besten Pornoseiten | PornMate","og_description":"YourAmateurPorn hat einen ausreichend selbsterkl\u00e4renden Namen.Wenn Sie auf der Suche nach einigen der hei\u00dfesten Amateure des Internets in der hei\u00dfesten und tiefsten Action sind, werden Sie nichts falsch machen, wenn Sie diesen Ort besuchen.","og_url":"https:\/\/pornmate.com\/de\/youramateurporn","og_site_name":"Besten Pornoseiten - Kostenlose Deutsche Pornos | PornMate.com","twitter_card":"summary_large_image","twitter_misc":{"Gesch\u00e4tzte Lesezeit":"2\u00a0Minuten"},"schema":{"@context":"https:\/\/schema.org","@graph":[{"@type":"WebPage","@id":"https:\/\/pornmate.com\/de\/youramateurporn","url":"https:\/\/pornmate.com\/de\/youramateurporn","name":"Youramateurporn und Liste der besten Pornoseiten | PornMate","isPartOf":{"@id":"https:\/\/pornmate.com\/de\/#website"},"datePublished":"2020-03-26T09:02:59+00:00","description":"YourAmateurPorn hat einen ausreichend selbsterkl\u00e4renden Namen.Wenn Sie auf der Suche nach einigen der hei\u00dfesten Amateure des Internets in der hei\u00dfesten und tiefsten Action sind, werden Sie nichts falsch machen, wenn Sie diesen Ort besuchen.","breadcrumb":{"@id":"https:\/\/pornmate.com\/de\/youramateurporn#breadcrumb"},"inLanguage":"de","potentialAction":[{"@type":"ReadAction","target":["https:\/\/pornmate.com\/de\/youramateurporn"]}]},{"@type":"BreadcrumbList","@id":"https:\/\/pornmate.com\/de\/youramateurporn#breadcrumb","itemListElement":[{"@type":"ListItem","position":1,"name":"Startseite","item":"https:\/\/pornmate.com\/de"},{"@type":"ListItem","position":2,"name":"Youramateurporn"}]},{"@type":"WebSite","@id":"https:\/\/pornmate.com\/de\/#website","url":"https:\/\/pornmate.com\/de\/","name":"Besten Pornoseiten - Kostenlose Deutsche Pornos | PornMate.com","description":"Kostenlose Pornos, ist Ihr Combo-Verzeichnis der besten gratis Pornoseiten, die Sie finden k\u00f6nnen, und das fantastische Seitenbewertungen, Kostenlose Deutsche sex Biografien von Pornostars und ihre xxx Freie Porno videos unter einem Dach pr\u00e4sentiert.","publisher":{"@id":"https:\/\/pornmate.com\/de\/#organization"},"potentialAction":[{"@type":"SearchAction","target":{"@type":"EntryPoint","urlTemplate":"https:\/\/pornmate.com\/de\/?s={search_term_string}"},"query-input":{"@type":"PropertyValueSpecification","valueRequired":true,"valueName":"search_term_string"}}],"inLanguage":"de"},{"@type":"Organization","@id":"https:\/\/pornmate.com\/de\/#organization","name":"Besten Pornoseiten - Kostenlose Deutsche Pornos | PornMate.com","url":"https:\/\/pornmate.com\/de\/","logo":{"@type":"ImageObject","inLanguage":"de","@id":"https:\/\/pornmate.com\/de\/#\/schema\/logo\/image\/","url":"https:\/\/pornmate.com\/de\/wp-content\/uploads\/2022\/11\/pornmate-1.png","contentUrl":"https:\/\/pornmate.com\/de\/wp-content\/uploads\/2022\/11\/pornmate-1.png","width":203,"height":200,"caption":"Besten Pornoseiten - Kostenlose Deutsche Pornos | PornMate.com"},"image":{"@id":"https:\/\/pornmate.com\/de\/#\/schema\/logo\/image\/"}}]}},"_links":{"self":[{"href":"https:\/\/pornmate.com\/de\/wp-json\/wp\/v2\/pages\/7606","targetHints":{"allow":["GET"]}}],"collection":[{"href":"https:\/\/pornmate.com\/de\/wp-json\/wp\/v2\/pages"}],"about":[{"href":"https:\/\/pornmate.com\/de\/wp-json\/wp\/v2\/types\/page"}],"author":[{"embeddable":true,"href":"https:\/\/pornmate.com\/de\/wp-json\/wp\/v2\/users\/1"}],"replies":[{"embeddable":true,"href":"https:\/\/pornmate.com\/de\/wp-json\/wp\/v2\/comments?post=7606"}],"version-history":[{"count":0,"href":"https:\/\/pornmate.com\/de\/wp-json\/wp\/v2\/pages\/7606\/revisions"}],"wp:attachment":[{"href":"https:\/\/pornmate.com\/de\/wp-json\/wp\/v2\/media?parent=7606"}],"curies":[{"name":"wp","href":"https:\/\/api.w.org\/{rel}","templated":true}]}}