{"id":7608,"date":"2020-03-26T09:05:03","date_gmt":"2020-03-26T09:05:03","guid":{"rendered":"https:\/\/pornmate.com\/?page_id=7608"},"modified":"2022-11-24T13:45:12","modified_gmt":"2022-11-24T12:45:12","slug":"imlive","status":"publish","type":"page","link":"https:\/\/pornmate.com\/de\/imlive","title":{"rendered":"Imlive"},"content":{"rendered":"<p>Imlive ist eine der anspruchsvolleren und modernsten Camgirl-Websites. Sie erweitern eine Menge Funktionen, die jeweils eine ganz neue Position bringen. Da Sie immer mit echten Menschen chatten k\u00f6nnen, k\u00f6nnen Sie zwischen kostenlos und interessant w\u00e4hlen oder kostenpflichtiger privater Chat. Dar\u00fcber hinaus bieten sie 50 kostenlose Credits bei Ihrer ersten Anmeldung, damit Sie etwas bekommen k\u00f6nnen. Sobald Sie den betreten, k\u00f6nnen Sie den Vibrator des M\u00e4dchens steuern, ihr virtuelle Geschenke machen, Gruppen-Cams ansehen oder Cam-to- Erlebnis-Cam mit einer Frau deiner Wahl. Imlive.com bietet exklusive Events mit Porno-Partyshows. und bunte Videos, die monatelang erscheinen. Und tats\u00e4chlich, wenn Ihr Lieblingsm\u00e4dchen gerade nicht auftaucht, werden alle von riesigen Lounges mit aufgezeichneten und Live-Videos unterhalten.<\/p>\n","protected":false},"excerpt":{"rendered":"<p>Imlive ist eine der anspruchsvolleren und modernsten Camgirl-Websites. Sie erweitern eine Menge Funktionen, die jeweils eine ganz neue Position bringen. Da Sie immer mit echten Menschen chatten k\u00f6nnen, k\u00f6nnen Sie zwischen kostenlos und interessant w\u00e4hlen oder kostenpflichtiger privater Chat. Dar\u00fcber hinaus bieten sie 50 kostenlose Credits bei Ihrer ersten Anmeldung, damit Sie etwas bekommen k\u00f6nnen. [&hellip;]<\/p>\n","protected":false},"author":1,"featured_media":0,"parent":0,"menu_order":0,"comment_status":"closed","ping_status":"closed","template":"page-star-stil.php","meta":{"footnotes":""},"class_list":["post-7608","page","type-page","status-publish","hentry"],"yoast_head":"<!-- This site is optimized with the Yoast SEO plugin v27.2 - https:\/\/yoast.com\/product\/yoast-seo-wordpress\/ -->\n<title>Imlive und Liste der besten Pornoseiten | PornMate<\/title>\n<meta name=\"description\" content=\"Imlive ist eine der anspruchsvolleren und modernsten Camgirl-Websites. Sie erweitern eine Menge Funktionen, die jeweils eine ganz neue Position bringen.\" \/>\n<meta name=\"robots\" content=\"index, follow, max-snippet:-1, max-image-preview:large, max-video-preview:-1\" \/>\n<link rel=\"canonical\" href=\"https:\/\/pornmate.com\/de\/imlive\" \/>\n<meta property=\"og:locale\" content=\"de_DE\" \/>\n<meta property=\"og:type\" content=\"article\" \/>\n<meta property=\"og:title\" content=\"Imlive und Liste der besten Pornoseiten | PornMate\" \/>\n<meta property=\"og:description\" content=\"Imlive ist eine der anspruchsvolleren und modernsten Camgirl-Websites. Sie erweitern eine Menge Funktionen, die jeweils eine ganz neue Position bringen.\" \/>\n<meta property=\"og:url\" content=\"https:\/\/pornmate.com\/de\/imlive\" \/>\n<meta property=\"og:site_name\" content=\"Besten Pornoseiten - Kostenlose Deutsche Pornos | PornMate.com\" \/>\n<meta property=\"article:modified_time\" content=\"2022-11-24T12:45:12+00:00\" \/>\n<meta name=\"twitter:card\" content=\"summary_large_image\" \/>\n<meta name=\"twitter:label1\" content=\"Gesch\u00e4tzte Lesezeit\" \/>\n\t<meta name=\"twitter:data1\" content=\"1\u00a0Minute\" \/>\n<script type=\"application\/ld+json\" class=\"yoast-schema-graph\">{\"@context\":\"https:\/\/schema.org\",\"@graph\":[{\"@type\":\"WebPage\",\"@id\":\"https:\/\/pornmate.com\/de\/imlive\",\"url\":\"https:\/\/pornmate.com\/de\/imlive\",\"name\":\"Imlive und Liste der besten Pornoseiten | PornMate\",\"isPartOf\":{\"@id\":\"https:\/\/pornmate.com\/de\/#website\"},\"datePublished\":\"2020-03-26T09:05:03+00:00\",\"dateModified\":\"2022-11-24T12:45:12+00:00\",\"description\":\"Imlive ist eine der anspruchsvolleren und modernsten Camgirl-Websites. Sie erweitern eine Menge Funktionen, die jeweils eine ganz neue Position bringen.\",\"breadcrumb\":{\"@id\":\"https:\/\/pornmate.com\/de\/imlive#breadcrumb\"},\"inLanguage\":\"de\",\"potentialAction\":[{\"@type\":\"ReadAction\",\"target\":[\"https:\/\/pornmate.com\/de\/imlive\"]}]},{\"@type\":\"BreadcrumbList\",\"@id\":\"https:\/\/pornmate.com\/de\/imlive#breadcrumb\",\"itemListElement\":[{\"@type\":\"ListItem\",\"position\":1,\"name\":\"Startseite\",\"item\":\"https:\/\/pornmate.com\/de\"},{\"@type\":\"ListItem\",\"position\":2,\"name\":\"Imlive\"}]},{\"@type\":\"WebSite\",\"@id\":\"https:\/\/pornmate.com\/de\/#website\",\"url\":\"https:\/\/pornmate.com\/de\/\",\"name\":\"Besten Pornoseiten - Kostenlose Deutsche Pornos | PornMate.com\",\"description\":\"Kostenlose Pornos, ist Ihr Combo-Verzeichnis der besten gratis Pornoseiten, die Sie finden k\u00f6nnen, und das fantastische Seitenbewertungen, Kostenlose Deutsche sex Biografien von Pornostars und ihre xxx Freie Porno videos unter einem Dach pr\u00e4sentiert.\",\"publisher\":{\"@id\":\"https:\/\/pornmate.com\/de\/#organization\"},\"potentialAction\":[{\"@type\":\"SearchAction\",\"target\":{\"@type\":\"EntryPoint\",\"urlTemplate\":\"https:\/\/pornmate.com\/de\/?s={search_term_string}\"},\"query-input\":{\"@type\":\"PropertyValueSpecification\",\"valueRequired\":true,\"valueName\":\"search_term_string\"}}],\"inLanguage\":\"de\"},{\"@type\":\"Organization\",\"@id\":\"https:\/\/pornmate.com\/de\/#organization\",\"name\":\"Besten Pornoseiten - Kostenlose Deutsche Pornos | PornMate.com\",\"url\":\"https:\/\/pornmate.com\/de\/\",\"logo\":{\"@type\":\"ImageObject\",\"inLanguage\":\"de\",\"@id\":\"https:\/\/pornmate.com\/de\/#\/schema\/logo\/image\/\",\"url\":\"https:\/\/pornmate.com\/de\/wp-content\/uploads\/2022\/11\/pornmate-1.png\",\"contentUrl\":\"https:\/\/pornmate.com\/de\/wp-content\/uploads\/2022\/11\/pornmate-1.png\",\"width\":203,\"height\":200,\"caption\":\"Besten Pornoseiten - Kostenlose Deutsche Pornos | PornMate.com\"},\"image\":{\"@id\":\"https:\/\/pornmate.com\/de\/#\/schema\/logo\/image\/\"}}]}<\/script>\n<!-- \/ Yoast SEO plugin. -->","yoast_head_json":{"title":"Imlive und Liste der besten Pornoseiten | PornMate","description":"Imlive ist eine der anspruchsvolleren und modernsten Camgirl-Websites. Sie erweitern eine Menge Funktionen, die jeweils eine ganz neue Position bringen.","robots":{"index":"index","follow":"follow","max-snippet":"max-snippet:-1","max-image-preview":"max-image-preview:large","max-video-preview":"max-video-preview:-1"},"canonical":"https:\/\/pornmate.com\/de\/imlive","og_locale":"de_DE","og_type":"article","og_title":"Imlive und Liste der besten Pornoseiten | PornMate","og_description":"Imlive ist eine der anspruchsvolleren und modernsten Camgirl-Websites. Sie erweitern eine Menge Funktionen, die jeweils eine ganz neue Position bringen.","og_url":"https:\/\/pornmate.com\/de\/imlive","og_site_name":"Besten Pornoseiten - Kostenlose Deutsche Pornos | PornMate.com","article_modified_time":"2022-11-24T12:45:12+00:00","twitter_card":"summary_large_image","twitter_misc":{"Gesch\u00e4tzte Lesezeit":"1\u00a0Minute"},"schema":{"@context":"https:\/\/schema.org","@graph":[{"@type":"WebPage","@id":"https:\/\/pornmate.com\/de\/imlive","url":"https:\/\/pornmate.com\/de\/imlive","name":"Imlive und Liste der besten Pornoseiten | PornMate","isPartOf":{"@id":"https:\/\/pornmate.com\/de\/#website"},"datePublished":"2020-03-26T09:05:03+00:00","dateModified":"2022-11-24T12:45:12+00:00","description":"Imlive ist eine der anspruchsvolleren und modernsten Camgirl-Websites. Sie erweitern eine Menge Funktionen, die jeweils eine ganz neue Position bringen.","breadcrumb":{"@id":"https:\/\/pornmate.com\/de\/imlive#breadcrumb"},"inLanguage":"de","potentialAction":[{"@type":"ReadAction","target":["https:\/\/pornmate.com\/de\/imlive"]}]},{"@type":"BreadcrumbList","@id":"https:\/\/pornmate.com\/de\/imlive#breadcrumb","itemListElement":[{"@type":"ListItem","position":1,"name":"Startseite","item":"https:\/\/pornmate.com\/de"},{"@type":"ListItem","position":2,"name":"Imlive"}]},{"@type":"WebSite","@id":"https:\/\/pornmate.com\/de\/#website","url":"https:\/\/pornmate.com\/de\/","name":"Besten Pornoseiten - Kostenlose Deutsche Pornos | PornMate.com","description":"Kostenlose Pornos, ist Ihr Combo-Verzeichnis der besten gratis Pornoseiten, die Sie finden k\u00f6nnen, und das fantastische Seitenbewertungen, Kostenlose Deutsche sex Biografien von Pornostars und ihre xxx Freie Porno videos unter einem Dach pr\u00e4sentiert.","publisher":{"@id":"https:\/\/pornmate.com\/de\/#organization"},"potentialAction":[{"@type":"SearchAction","target":{"@type":"EntryPoint","urlTemplate":"https:\/\/pornmate.com\/de\/?s={search_term_string}"},"query-input":{"@type":"PropertyValueSpecification","valueRequired":true,"valueName":"search_term_string"}}],"inLanguage":"de"},{"@type":"Organization","@id":"https:\/\/pornmate.com\/de\/#organization","name":"Besten Pornoseiten - Kostenlose Deutsche Pornos | PornMate.com","url":"https:\/\/pornmate.com\/de\/","logo":{"@type":"ImageObject","inLanguage":"de","@id":"https:\/\/pornmate.com\/de\/#\/schema\/logo\/image\/","url":"https:\/\/pornmate.com\/de\/wp-content\/uploads\/2022\/11\/pornmate-1.png","contentUrl":"https:\/\/pornmate.com\/de\/wp-content\/uploads\/2022\/11\/pornmate-1.png","width":203,"height":200,"caption":"Besten Pornoseiten - Kostenlose Deutsche Pornos | PornMate.com"},"image":{"@id":"https:\/\/pornmate.com\/de\/#\/schema\/logo\/image\/"}}]}},"_links":{"self":[{"href":"https:\/\/pornmate.com\/de\/wp-json\/wp\/v2\/pages\/7608","targetHints":{"allow":["GET"]}}],"collection":[{"href":"https:\/\/pornmate.com\/de\/wp-json\/wp\/v2\/pages"}],"about":[{"href":"https:\/\/pornmate.com\/de\/wp-json\/wp\/v2\/types\/page"}],"author":[{"embeddable":true,"href":"https:\/\/pornmate.com\/de\/wp-json\/wp\/v2\/users\/1"}],"replies":[{"embeddable":true,"href":"https:\/\/pornmate.com\/de\/wp-json\/wp\/v2\/comments?post=7608"}],"version-history":[{"count":0,"href":"https:\/\/pornmate.com\/de\/wp-json\/wp\/v2\/pages\/7608\/revisions"}],"wp:attachment":[{"href":"https:\/\/pornmate.com\/de\/wp-json\/wp\/v2\/media?parent=7608"}],"curies":[{"name":"wp","href":"https:\/\/api.w.org\/{rel}","templated":true}]}}