{"id":7610,"date":"2020-03-26T09:07:13","date_gmt":"2020-03-26T09:07:13","guid":{"rendered":"https:\/\/pornmate.com\/?page_id=7610"},"modified":"2022-11-24T14:46:57","modified_gmt":"2022-11-24T13:46:57","slug":"camster","status":"publish","type":"page","link":"https:\/\/pornmate.com\/de\/camster","title":{"rendered":"Camster"},"content":{"rendered":"<p>Mit Camster k\u00f6nnen Sie hei\u00dfe M\u00e4dchen und ihre Shows kostenlos mit Live-Cams ansehen. Das Design der Seite ist recht einfach, da es sich um eine inhaltsorientierte Seite handelt. Die Zielseite sieht schlicht und minimalistisch aus und macht es einfach, sich interaktive Miniaturansichten von Sch\u00f6nheiten anzusehen, jede neu und erdnussartig. Die Erdn\u00fcsse sind hier so reichlich vorhanden, dass f\u00fcr jeden Geschmack etwas dabei ist. Camster.com bietet jedoch auch mehrere M\u00f6glichkeiten, Inhalte zu durchsuchen und Ihre Suche zu verfeinern. Derzeit befinden sich die beliebtesten Tags direkt \u00fcber dem Thumbnail-Bereich f\u00fcr einen einfachen Zugriff, und wenn selbst das nicht ausreicht, k\u00f6nnen Sie nach der gew\u00fcnschten Person nach Schl\u00fcsselw\u00f6rtern suchen. Obwohl es nicht viele ber\u00fchmte Pornostars wie Abella Anderson oder Jasmine Jae gibt, sind diese M\u00e4dchen auch h\u00fcbsch und beeindruckend. Eine Sache, die diese Live-Sex-Cam-Site von anderen unterscheidet, ist ihre Herangehensweise an Mitgliedschaften. Auch wenn Sie nur als Gast kommen, k\u00f6nnen Sie jede Person nach Belieben und auf unbestimmte Zeit kostenlos beobachten. Dar\u00fcber hinaus k\u00f6nnen Sie mit der kostenlosen Registrierung auch mit ihnen chatten. Diejenigen, die Premium-Mitglieder werden und bezahlen m\u00f6chten, k\u00f6nnen noch mehr bekommen und dann gibt es VIP-Mitglieder, bei denen nichts unbegrenzt ist.<\/p>\n","protected":false},"excerpt":{"rendered":"<p>Mit Camster k\u00f6nnen Sie hei\u00dfe M\u00e4dchen und ihre Shows kostenlos mit Live-Cams ansehen. Das Design der Seite ist recht einfach, da es sich um eine inhaltsorientierte Seite handelt. Die Zielseite sieht schlicht und minimalistisch aus und macht es einfach, sich interaktive Miniaturansichten von Sch\u00f6nheiten anzusehen, jede neu und erdnussartig. Die Erdn\u00fcsse sind hier so reichlich [&hellip;]<\/p>\n","protected":false},"author":1,"featured_media":0,"parent":0,"menu_order":0,"comment_status":"closed","ping_status":"closed","template":"page-star-stil.php","meta":{"footnotes":""},"class_list":["post-7610","page","type-page","status-publish","hentry"],"yoast_head":"<!-- This site is optimized with the Yoast SEO plugin v27.2 - https:\/\/yoast.com\/product\/yoast-seo-wordpress\/ -->\n<title>Camster und Liste der besten Pornoseiten | PornMate<\/title>\n<meta name=\"description\" content=\"Mit Camster k\u00f6nnen Sie hei\u00dfe M\u00e4dchen und ihre Shows kostenlos mit Live-Cams ansehen. Das Design der Seite ist recht einfach, da es sich um eine inhaltsorientierte Seite handelt.\" \/>\n<meta name=\"robots\" content=\"index, follow, max-snippet:-1, max-image-preview:large, max-video-preview:-1\" \/>\n<link rel=\"canonical\" href=\"https:\/\/pornmate.com\/de\/camster\" \/>\n<meta property=\"og:locale\" content=\"de_DE\" \/>\n<meta property=\"og:type\" content=\"article\" \/>\n<meta property=\"og:title\" content=\"Camster und Liste der besten Pornoseiten | PornMate\" \/>\n<meta property=\"og:description\" content=\"Mit Camster k\u00f6nnen Sie hei\u00dfe M\u00e4dchen und ihre Shows kostenlos mit Live-Cams ansehen. Das Design der Seite ist recht einfach, da es sich um eine inhaltsorientierte Seite handelt.\" \/>\n<meta property=\"og:url\" content=\"https:\/\/pornmate.com\/de\/camster\" \/>\n<meta property=\"og:site_name\" content=\"Besten Pornoseiten - Kostenlose Deutsche Pornos | PornMate.com\" \/>\n<meta property=\"article:modified_time\" content=\"2022-11-24T13:46:57+00:00\" \/>\n<meta name=\"twitter:card\" content=\"summary_large_image\" \/>\n<meta name=\"twitter:label1\" content=\"Gesch\u00e4tzte Lesezeit\" \/>\n\t<meta name=\"twitter:data1\" content=\"2\u00a0Minuten\" \/>\n<script type=\"application\/ld+json\" class=\"yoast-schema-graph\">{\"@context\":\"https:\/\/schema.org\",\"@graph\":[{\"@type\":\"WebPage\",\"@id\":\"https:\/\/pornmate.com\/de\/camster\",\"url\":\"https:\/\/pornmate.com\/de\/camster\",\"name\":\"Camster und Liste der besten Pornoseiten | PornMate\",\"isPartOf\":{\"@id\":\"https:\/\/pornmate.com\/de\/#website\"},\"datePublished\":\"2020-03-26T09:07:13+00:00\",\"dateModified\":\"2022-11-24T13:46:57+00:00\",\"description\":\"Mit Camster k\u00f6nnen Sie hei\u00dfe M\u00e4dchen und ihre Shows kostenlos mit Live-Cams ansehen. Das Design der Seite ist recht einfach, da es sich um eine inhaltsorientierte Seite handelt.\",\"breadcrumb\":{\"@id\":\"https:\/\/pornmate.com\/de\/camster#breadcrumb\"},\"inLanguage\":\"de\",\"potentialAction\":[{\"@type\":\"ReadAction\",\"target\":[\"https:\/\/pornmate.com\/de\/camster\"]}]},{\"@type\":\"BreadcrumbList\",\"@id\":\"https:\/\/pornmate.com\/de\/camster#breadcrumb\",\"itemListElement\":[{\"@type\":\"ListItem\",\"position\":1,\"name\":\"Startseite\",\"item\":\"https:\/\/pornmate.com\/de\"},{\"@type\":\"ListItem\",\"position\":2,\"name\":\"Camster\"}]},{\"@type\":\"WebSite\",\"@id\":\"https:\/\/pornmate.com\/de\/#website\",\"url\":\"https:\/\/pornmate.com\/de\/\",\"name\":\"Besten Pornoseiten - Kostenlose Deutsche Pornos | PornMate.com\",\"description\":\"Kostenlose Pornos, ist Ihr Combo-Verzeichnis der besten gratis Pornoseiten, die Sie finden k\u00f6nnen, und das fantastische Seitenbewertungen, Kostenlose Deutsche sex Biografien von Pornostars und ihre xxx Freie Porno videos unter einem Dach pr\u00e4sentiert.\",\"publisher\":{\"@id\":\"https:\/\/pornmate.com\/de\/#organization\"},\"potentialAction\":[{\"@type\":\"SearchAction\",\"target\":{\"@type\":\"EntryPoint\",\"urlTemplate\":\"https:\/\/pornmate.com\/de\/?s={search_term_string}\"},\"query-input\":{\"@type\":\"PropertyValueSpecification\",\"valueRequired\":true,\"valueName\":\"search_term_string\"}}],\"inLanguage\":\"de\"},{\"@type\":\"Organization\",\"@id\":\"https:\/\/pornmate.com\/de\/#organization\",\"name\":\"Besten Pornoseiten - Kostenlose Deutsche Pornos | PornMate.com\",\"url\":\"https:\/\/pornmate.com\/de\/\",\"logo\":{\"@type\":\"ImageObject\",\"inLanguage\":\"de\",\"@id\":\"https:\/\/pornmate.com\/de\/#\/schema\/logo\/image\/\",\"url\":\"https:\/\/pornmate.com\/de\/wp-content\/uploads\/2022\/11\/pornmate-1.png\",\"contentUrl\":\"https:\/\/pornmate.com\/de\/wp-content\/uploads\/2022\/11\/pornmate-1.png\",\"width\":203,\"height\":200,\"caption\":\"Besten Pornoseiten - Kostenlose Deutsche Pornos | PornMate.com\"},\"image\":{\"@id\":\"https:\/\/pornmate.com\/de\/#\/schema\/logo\/image\/\"}}]}<\/script>\n<!-- \/ Yoast SEO plugin. -->","yoast_head_json":{"title":"Camster und Liste der besten Pornoseiten | PornMate","description":"Mit Camster k\u00f6nnen Sie hei\u00dfe M\u00e4dchen und ihre Shows kostenlos mit Live-Cams ansehen. Das Design der Seite ist recht einfach, da es sich um eine inhaltsorientierte Seite handelt.","robots":{"index":"index","follow":"follow","max-snippet":"max-snippet:-1","max-image-preview":"max-image-preview:large","max-video-preview":"max-video-preview:-1"},"canonical":"https:\/\/pornmate.com\/de\/camster","og_locale":"de_DE","og_type":"article","og_title":"Camster und Liste der besten Pornoseiten | PornMate","og_description":"Mit Camster k\u00f6nnen Sie hei\u00dfe M\u00e4dchen und ihre Shows kostenlos mit Live-Cams ansehen. Das Design der Seite ist recht einfach, da es sich um eine inhaltsorientierte Seite handelt.","og_url":"https:\/\/pornmate.com\/de\/camster","og_site_name":"Besten Pornoseiten - Kostenlose Deutsche Pornos | PornMate.com","article_modified_time":"2022-11-24T13:46:57+00:00","twitter_card":"summary_large_image","twitter_misc":{"Gesch\u00e4tzte Lesezeit":"2\u00a0Minuten"},"schema":{"@context":"https:\/\/schema.org","@graph":[{"@type":"WebPage","@id":"https:\/\/pornmate.com\/de\/camster","url":"https:\/\/pornmate.com\/de\/camster","name":"Camster und Liste der besten Pornoseiten | PornMate","isPartOf":{"@id":"https:\/\/pornmate.com\/de\/#website"},"datePublished":"2020-03-26T09:07:13+00:00","dateModified":"2022-11-24T13:46:57+00:00","description":"Mit Camster k\u00f6nnen Sie hei\u00dfe M\u00e4dchen und ihre Shows kostenlos mit Live-Cams ansehen. Das Design der Seite ist recht einfach, da es sich um eine inhaltsorientierte Seite handelt.","breadcrumb":{"@id":"https:\/\/pornmate.com\/de\/camster#breadcrumb"},"inLanguage":"de","potentialAction":[{"@type":"ReadAction","target":["https:\/\/pornmate.com\/de\/camster"]}]},{"@type":"BreadcrumbList","@id":"https:\/\/pornmate.com\/de\/camster#breadcrumb","itemListElement":[{"@type":"ListItem","position":1,"name":"Startseite","item":"https:\/\/pornmate.com\/de"},{"@type":"ListItem","position":2,"name":"Camster"}]},{"@type":"WebSite","@id":"https:\/\/pornmate.com\/de\/#website","url":"https:\/\/pornmate.com\/de\/","name":"Besten Pornoseiten - Kostenlose Deutsche Pornos | PornMate.com","description":"Kostenlose Pornos, ist Ihr Combo-Verzeichnis der besten gratis Pornoseiten, die Sie finden k\u00f6nnen, und das fantastische Seitenbewertungen, Kostenlose Deutsche sex Biografien von Pornostars und ihre xxx Freie Porno videos unter einem Dach pr\u00e4sentiert.","publisher":{"@id":"https:\/\/pornmate.com\/de\/#organization"},"potentialAction":[{"@type":"SearchAction","target":{"@type":"EntryPoint","urlTemplate":"https:\/\/pornmate.com\/de\/?s={search_term_string}"},"query-input":{"@type":"PropertyValueSpecification","valueRequired":true,"valueName":"search_term_string"}}],"inLanguage":"de"},{"@type":"Organization","@id":"https:\/\/pornmate.com\/de\/#organization","name":"Besten Pornoseiten - Kostenlose Deutsche Pornos | PornMate.com","url":"https:\/\/pornmate.com\/de\/","logo":{"@type":"ImageObject","inLanguage":"de","@id":"https:\/\/pornmate.com\/de\/#\/schema\/logo\/image\/","url":"https:\/\/pornmate.com\/de\/wp-content\/uploads\/2022\/11\/pornmate-1.png","contentUrl":"https:\/\/pornmate.com\/de\/wp-content\/uploads\/2022\/11\/pornmate-1.png","width":203,"height":200,"caption":"Besten Pornoseiten - Kostenlose Deutsche Pornos | PornMate.com"},"image":{"@id":"https:\/\/pornmate.com\/de\/#\/schema\/logo\/image\/"}}]}},"_links":{"self":[{"href":"https:\/\/pornmate.com\/de\/wp-json\/wp\/v2\/pages\/7610","targetHints":{"allow":["GET"]}}],"collection":[{"href":"https:\/\/pornmate.com\/de\/wp-json\/wp\/v2\/pages"}],"about":[{"href":"https:\/\/pornmate.com\/de\/wp-json\/wp\/v2\/types\/page"}],"author":[{"embeddable":true,"href":"https:\/\/pornmate.com\/de\/wp-json\/wp\/v2\/users\/1"}],"replies":[{"embeddable":true,"href":"https:\/\/pornmate.com\/de\/wp-json\/wp\/v2\/comments?post=7610"}],"version-history":[{"count":0,"href":"https:\/\/pornmate.com\/de\/wp-json\/wp\/v2\/pages\/7610\/revisions"}],"wp:attachment":[{"href":"https:\/\/pornmate.com\/de\/wp-json\/wp\/v2\/media?parent=7610"}],"curies":[{"name":"wp","href":"https:\/\/api.w.org\/{rel}","templated":true}]}}