{"id":7612,"date":"2020-03-26T09:09:35","date_gmt":"2020-03-26T09:09:35","guid":{"rendered":"https:\/\/pornmate.com\/?page_id=7612"},"modified":"2022-11-24T12:31:54","modified_gmt":"2022-11-24T11:31:54","slug":"hustler","status":"publish","type":"page","link":"https:\/\/pornmate.com\/de\/hustler","title":{"rendered":"Hustler"},"content":{"rendered":"<p>Hustler hat einen herausragenden Platz in der Branche der Online-Inhalte f\u00fcr Erwachsene, und das aus gutem Grund. Diese Premium-Pornoseite mit exklusivem Inhalt hat alles, was Sie brauchen und suchen. Jeder halbwegs beliebte Pornostar hat mindestens einmal mit ihnen gearbeitet, daher sollte es nicht \u00fcberraschen, Namen wie Elsa Jean, Lana Rhoades, Adriana Chechik, Mia Malkova oder Asa Akira zu sehen. Die umfangreiche Videogalerie auf Hustler.com enth\u00e4lt Tausende von Videos in allen erdenklichen Genres oder Kategorien. Sie k\u00f6nnen jeden Inhalt sogar nach Datum und Beliebtheit sortieren und sogar die umfangreiche Such- und Sortierfunktion nutzen. Neben der beachtlichen Anzahl an Videos sind die Fotogalerien ebenso beeindruckend. Einige Dinge stellen diesen Ort jedoch vor andere Premium-Pornoseiten. Neben den Bildern und Videos ist Hustler f\u00fcr die Zeitschriften bekannt, die sie seit \u00fcber einem Jahrzehnt herausgeben. Auf der Seite k\u00f6nnen Sie auch Live-Girls auf vielf\u00e4ltige Weise genie\u00dfen, und sie haben sogar einen Shop mit verschiedenen Sexspielzeugen. Dar\u00fcber hinaus ist der Preis absolut erschwinglich. Sie k\u00f6nnen eine zweit\u00e4gige Testversion f\u00fcr nur 2 US-Dollar erhalten, und das Jahresabonnement kostet nur 0,33 US-Dollar pro Tag.<\/p>\n","protected":false},"excerpt":{"rendered":"<p>Hustler hat einen herausragenden Platz in der Branche der Online-Inhalte f\u00fcr Erwachsene, und das aus gutem Grund. Diese Premium-Pornoseite mit exklusivem Inhalt hat alles, was Sie brauchen und suchen. Jeder halbwegs beliebte Pornostar hat mindestens einmal mit ihnen gearbeitet, daher sollte es nicht \u00fcberraschen, Namen wie Elsa Jean, Lana Rhoades, Adriana Chechik, Mia Malkova oder [&hellip;]<\/p>\n","protected":false},"author":1,"featured_media":0,"parent":0,"menu_order":0,"comment_status":"closed","ping_status":"closed","template":"page-star-stil.php","meta":{"footnotes":""},"class_list":["post-7612","page","type-page","status-publish","hentry"],"yoast_head":"<!-- This site is optimized with the Yoast SEO plugin v27.4 - https:\/\/yoast.com\/product\/yoast-seo-wordpress\/ -->\n<title>Hustler und Liste der besten Pornoseiten | PornMate<\/title>\n<meta name=\"description\" content=\"Hustler hat einen herausragenden Platz in der Branche der Online-Inhalte f\u00fcr Erwachsene, und das aus gutem Grund. Diese Premium-Pornoseite mit exklusivem Inhalt hat alles, was Sie brauchen und suchen.\" \/>\n<meta name=\"robots\" content=\"index, follow, max-snippet:-1, max-image-preview:large, max-video-preview:-1\" \/>\n<link rel=\"canonical\" href=\"https:\/\/pornmate.com\/de\/hustler\" \/>\n<meta property=\"og:locale\" content=\"de_DE\" \/>\n<meta property=\"og:type\" content=\"article\" \/>\n<meta property=\"og:title\" content=\"Hustler und Liste der besten Pornoseiten | PornMate\" \/>\n<meta property=\"og:description\" content=\"Hustler hat einen herausragenden Platz in der Branche der Online-Inhalte f\u00fcr Erwachsene, und das aus gutem Grund. Diese Premium-Pornoseite mit exklusivem Inhalt hat alles, was Sie brauchen und suchen.\" \/>\n<meta property=\"og:url\" content=\"https:\/\/pornmate.com\/de\/hustler\" \/>\n<meta property=\"og:site_name\" content=\"Besten Pornoseiten - Kostenlose Deutsche Pornos | PornMate.com\" \/>\n<meta property=\"article:modified_time\" content=\"2022-11-24T11:31:54+00:00\" \/>\n<meta name=\"twitter:card\" content=\"summary_large_image\" \/>\n<meta name=\"twitter:label1\" content=\"Gesch\u00e4tzte Lesezeit\" \/>\n\t<meta name=\"twitter:data1\" content=\"1\u00a0Minute\" \/>\n<script type=\"application\/ld+json\" class=\"yoast-schema-graph\">{\"@context\":\"https:\\\/\\\/schema.org\",\"@graph\":[{\"@type\":\"WebPage\",\"@id\":\"https:\\\/\\\/pornmate.com\\\/de\\\/hustler\",\"url\":\"https:\\\/\\\/pornmate.com\\\/de\\\/hustler\",\"name\":\"Hustler und Liste der besten Pornoseiten | PornMate\",\"isPartOf\":{\"@id\":\"https:\\\/\\\/pornmate.com\\\/de\\\/#website\"},\"datePublished\":\"2020-03-26T09:09:35+00:00\",\"dateModified\":\"2022-11-24T11:31:54+00:00\",\"description\":\"Hustler hat einen herausragenden Platz in der Branche der Online-Inhalte f\u00fcr Erwachsene, und das aus gutem Grund. Diese Premium-Pornoseite mit exklusivem Inhalt hat alles, was Sie brauchen und suchen.\",\"breadcrumb\":{\"@id\":\"https:\\\/\\\/pornmate.com\\\/de\\\/hustler#breadcrumb\"},\"inLanguage\":\"de\",\"potentialAction\":[{\"@type\":\"ReadAction\",\"target\":[\"https:\\\/\\\/pornmate.com\\\/de\\\/hustler\"]}]},{\"@type\":\"BreadcrumbList\",\"@id\":\"https:\\\/\\\/pornmate.com\\\/de\\\/hustler#breadcrumb\",\"itemListElement\":[{\"@type\":\"ListItem\",\"position\":1,\"name\":\"Startseite\",\"item\":\"https:\\\/\\\/pornmate.com\\\/de\"},{\"@type\":\"ListItem\",\"position\":2,\"name\":\"Hustler\"}]},{\"@type\":\"WebSite\",\"@id\":\"https:\\\/\\\/pornmate.com\\\/de\\\/#website\",\"url\":\"https:\\\/\\\/pornmate.com\\\/de\\\/\",\"name\":\"Besten Pornoseiten - Kostenlose Deutsche Pornos | PornMate.com\",\"description\":\"Kostenlose Pornos, ist Ihr Combo-Verzeichnis der besten gratis Pornoseiten, die Sie finden k\u00f6nnen, und das fantastische Seitenbewertungen, Kostenlose Deutsche sex Biografien von Pornostars und ihre xxx Freie Porno videos unter einem Dach pr\u00e4sentiert.\",\"publisher\":{\"@id\":\"https:\\\/\\\/pornmate.com\\\/de\\\/#organization\"},\"potentialAction\":[{\"@type\":\"SearchAction\",\"target\":{\"@type\":\"EntryPoint\",\"urlTemplate\":\"https:\\\/\\\/pornmate.com\\\/de\\\/?s={search_term_string}\"},\"query-input\":{\"@type\":\"PropertyValueSpecification\",\"valueRequired\":true,\"valueName\":\"search_term_string\"}}],\"inLanguage\":\"de\"},{\"@type\":\"Organization\",\"@id\":\"https:\\\/\\\/pornmate.com\\\/de\\\/#organization\",\"name\":\"Besten Pornoseiten - Kostenlose Deutsche Pornos | PornMate.com\",\"url\":\"https:\\\/\\\/pornmate.com\\\/de\\\/\",\"logo\":{\"@type\":\"ImageObject\",\"inLanguage\":\"de\",\"@id\":\"https:\\\/\\\/pornmate.com\\\/de\\\/#\\\/schema\\\/logo\\\/image\\\/\",\"url\":\"https:\\\/\\\/pornmate.com\\\/de\\\/wp-content\\\/uploads\\\/2022\\\/11\\\/pornmate-1.png\",\"contentUrl\":\"https:\\\/\\\/pornmate.com\\\/de\\\/wp-content\\\/uploads\\\/2022\\\/11\\\/pornmate-1.png\",\"width\":203,\"height\":200,\"caption\":\"Besten Pornoseiten - Kostenlose Deutsche Pornos | PornMate.com\"},\"image\":{\"@id\":\"https:\\\/\\\/pornmate.com\\\/de\\\/#\\\/schema\\\/logo\\\/image\\\/\"}}]}<\/script>\n<!-- \/ Yoast SEO plugin. -->","yoast_head_json":{"title":"Hustler und Liste der besten Pornoseiten | PornMate","description":"Hustler hat einen herausragenden Platz in der Branche der Online-Inhalte f\u00fcr Erwachsene, und das aus gutem Grund. Diese Premium-Pornoseite mit exklusivem Inhalt hat alles, was Sie brauchen und suchen.","robots":{"index":"index","follow":"follow","max-snippet":"max-snippet:-1","max-image-preview":"max-image-preview:large","max-video-preview":"max-video-preview:-1"},"canonical":"https:\/\/pornmate.com\/de\/hustler","og_locale":"de_DE","og_type":"article","og_title":"Hustler und Liste der besten Pornoseiten | PornMate","og_description":"Hustler hat einen herausragenden Platz in der Branche der Online-Inhalte f\u00fcr Erwachsene, und das aus gutem Grund. Diese Premium-Pornoseite mit exklusivem Inhalt hat alles, was Sie brauchen und suchen.","og_url":"https:\/\/pornmate.com\/de\/hustler","og_site_name":"Besten Pornoseiten - Kostenlose Deutsche Pornos | PornMate.com","article_modified_time":"2022-11-24T11:31:54+00:00","twitter_card":"summary_large_image","twitter_misc":{"Gesch\u00e4tzte Lesezeit":"1\u00a0Minute"},"schema":{"@context":"https:\/\/schema.org","@graph":[{"@type":"WebPage","@id":"https:\/\/pornmate.com\/de\/hustler","url":"https:\/\/pornmate.com\/de\/hustler","name":"Hustler und Liste der besten Pornoseiten | PornMate","isPartOf":{"@id":"https:\/\/pornmate.com\/de\/#website"},"datePublished":"2020-03-26T09:09:35+00:00","dateModified":"2022-11-24T11:31:54+00:00","description":"Hustler hat einen herausragenden Platz in der Branche der Online-Inhalte f\u00fcr Erwachsene, und das aus gutem Grund. Diese Premium-Pornoseite mit exklusivem Inhalt hat alles, was Sie brauchen und suchen.","breadcrumb":{"@id":"https:\/\/pornmate.com\/de\/hustler#breadcrumb"},"inLanguage":"de","potentialAction":[{"@type":"ReadAction","target":["https:\/\/pornmate.com\/de\/hustler"]}]},{"@type":"BreadcrumbList","@id":"https:\/\/pornmate.com\/de\/hustler#breadcrumb","itemListElement":[{"@type":"ListItem","position":1,"name":"Startseite","item":"https:\/\/pornmate.com\/de"},{"@type":"ListItem","position":2,"name":"Hustler"}]},{"@type":"WebSite","@id":"https:\/\/pornmate.com\/de\/#website","url":"https:\/\/pornmate.com\/de\/","name":"Besten Pornoseiten - Kostenlose Deutsche Pornos | PornMate.com","description":"Kostenlose Pornos, ist Ihr Combo-Verzeichnis der besten gratis Pornoseiten, die Sie finden k\u00f6nnen, und das fantastische Seitenbewertungen, Kostenlose Deutsche sex Biografien von Pornostars und ihre xxx Freie Porno videos unter einem Dach pr\u00e4sentiert.","publisher":{"@id":"https:\/\/pornmate.com\/de\/#organization"},"potentialAction":[{"@type":"SearchAction","target":{"@type":"EntryPoint","urlTemplate":"https:\/\/pornmate.com\/de\/?s={search_term_string}"},"query-input":{"@type":"PropertyValueSpecification","valueRequired":true,"valueName":"search_term_string"}}],"inLanguage":"de"},{"@type":"Organization","@id":"https:\/\/pornmate.com\/de\/#organization","name":"Besten Pornoseiten - Kostenlose Deutsche Pornos | PornMate.com","url":"https:\/\/pornmate.com\/de\/","logo":{"@type":"ImageObject","inLanguage":"de","@id":"https:\/\/pornmate.com\/de\/#\/schema\/logo\/image\/","url":"https:\/\/pornmate.com\/de\/wp-content\/uploads\/2022\/11\/pornmate-1.png","contentUrl":"https:\/\/pornmate.com\/de\/wp-content\/uploads\/2022\/11\/pornmate-1.png","width":203,"height":200,"caption":"Besten Pornoseiten - Kostenlose Deutsche Pornos | PornMate.com"},"image":{"@id":"https:\/\/pornmate.com\/de\/#\/schema\/logo\/image\/"}}]}},"_links":{"self":[{"href":"https:\/\/pornmate.com\/de\/wp-json\/wp\/v2\/pages\/7612","targetHints":{"allow":["GET"]}}],"collection":[{"href":"https:\/\/pornmate.com\/de\/wp-json\/wp\/v2\/pages"}],"about":[{"href":"https:\/\/pornmate.com\/de\/wp-json\/wp\/v2\/types\/page"}],"author":[{"embeddable":true,"href":"https:\/\/pornmate.com\/de\/wp-json\/wp\/v2\/users\/1"}],"replies":[{"embeddable":true,"href":"https:\/\/pornmate.com\/de\/wp-json\/wp\/v2\/comments?post=7612"}],"version-history":[{"count":0,"href":"https:\/\/pornmate.com\/de\/wp-json\/wp\/v2\/pages\/7612\/revisions"}],"wp:attachment":[{"href":"https:\/\/pornmate.com\/de\/wp-json\/wp\/v2\/media?parent=7612"}],"curies":[{"name":"wp","href":"https:\/\/api.w.org\/{rel}","templated":true}]}}