{"id":7614,"date":"2020-03-26T09:12:11","date_gmt":"2020-03-26T09:12:11","guid":{"rendered":"https:\/\/pornmate.com\/?page_id=7614"},"modified":"2022-11-24T12:30:53","modified_gmt":"2022-11-24T11:30:53","slug":"javhd","status":"publish","type":"page","link":"https:\/\/pornmate.com\/de\/javhd","title":{"rendered":"Javhd"},"content":{"rendered":"<p>JAVHD.com ist eine gro\u00dfartige Seite f\u00fcr alle japanischen Pornofans. Falls Sie es nicht wissen, JAV japanische Videos f\u00fcr Erwachsene. Und es ist nicht einmal n\u00f6tig, was HD zu erkl\u00e4ren, zum Gl\u00fcck!Also, was ist auf dieser Seite? Auf JAVHD finden Sie viele Videos, die all die japanischen Sch\u00f6nheiten zeigen, nach denen Sie sich jeden Tag sehnen. Hier sind sie bereit, alles zu tun, was Sie sich vorstellen k\u00f6nnen. Und Sie k\u00f6nnen all dies in diesen Premium genie\u00dfen! Diese Seite enth\u00e4lt mehr als zweitausend Filme , Models und hunderttausend Bilder! Dar\u00fcber hinaus haben Sie bei JAVHD.com etwa vier Terabyte an Inhalten. Das sollte Sie zufrieden stellen, vor allem wegen der g\u00fcnstigen Preise. Auf asiatischen Pornoseiten wie dieser z\u00e4hlen nur Sie finden Sie gro\u00dfartige Inhalte f\u00fcr Plus, Sie werden hier keine verwestlichten asiatischen Stars wie Asa Akira finden. Stattdessen werden Sie echte Frauen in ihrer ganzen Pracht sehen k\u00f6nnen. Und das Wichtigste ist, dass sie wissen, wie man einem dient<br \/>\nUnd sie lieben auch das Gef\u00fchl, in ihnen zu sein, was gro\u00dfartig ist!<\/p>\n","protected":false},"excerpt":{"rendered":"<p>JAVHD.com ist eine gro\u00dfartige Seite f\u00fcr alle japanischen Pornofans. Falls Sie es nicht wissen, JAV japanische Videos f\u00fcr Erwachsene. Und es ist nicht einmal n\u00f6tig, was HD zu erkl\u00e4ren, zum Gl\u00fcck!Also, was ist auf dieser Seite? Auf JAVHD finden Sie viele Videos, die all die japanischen Sch\u00f6nheiten zeigen, nach denen Sie sich jeden Tag sehnen. [&hellip;]<\/p>\n","protected":false},"author":1,"featured_media":0,"parent":0,"menu_order":0,"comment_status":"closed","ping_status":"closed","template":"page-star-stil.php","meta":{"footnotes":""},"class_list":["post-7614","page","type-page","status-publish","hentry"],"yoast_head":"<!-- This site is optimized with the Yoast SEO plugin v27.2 - https:\/\/yoast.com\/product\/yoast-seo-wordpress\/ -->\n<title>Javhd und Liste der besten Pornoseiten | PornMate<\/title>\n<meta name=\"description\" content=\"JAVHD.com ist eine gro\u00dfartige Seite f\u00fcr alle japanischen Pornofans.Falls Sie es nicht wissen, JAV japanische Videos f\u00fcr Erwachsene.\" \/>\n<meta name=\"robots\" content=\"index, follow, max-snippet:-1, max-image-preview:large, max-video-preview:-1\" \/>\n<link rel=\"canonical\" href=\"https:\/\/pornmate.com\/de\/javhd\" \/>\n<meta property=\"og:locale\" content=\"de_DE\" \/>\n<meta property=\"og:type\" content=\"article\" \/>\n<meta property=\"og:title\" content=\"Javhd und Liste der besten Pornoseiten | PornMate\" \/>\n<meta property=\"og:description\" content=\"JAVHD.com ist eine gro\u00dfartige Seite f\u00fcr alle japanischen Pornofans.Falls Sie es nicht wissen, JAV japanische Videos f\u00fcr Erwachsene.\" \/>\n<meta property=\"og:url\" content=\"https:\/\/pornmate.com\/de\/javhd\" \/>\n<meta property=\"og:site_name\" content=\"Besten Pornoseiten - Kostenlose Deutsche Pornos | PornMate.com\" \/>\n<meta property=\"article:modified_time\" content=\"2022-11-24T11:30:53+00:00\" \/>\n<meta name=\"twitter:card\" content=\"summary_large_image\" \/>\n<meta name=\"twitter:label1\" content=\"Gesch\u00e4tzte Lesezeit\" \/>\n\t<meta name=\"twitter:data1\" content=\"1\u00a0Minute\" \/>\n<script type=\"application\/ld+json\" class=\"yoast-schema-graph\">{\"@context\":\"https:\/\/schema.org\",\"@graph\":[{\"@type\":\"WebPage\",\"@id\":\"https:\/\/pornmate.com\/de\/javhd\",\"url\":\"https:\/\/pornmate.com\/de\/javhd\",\"name\":\"Javhd und Liste der besten Pornoseiten | PornMate\",\"isPartOf\":{\"@id\":\"https:\/\/pornmate.com\/de\/#website\"},\"datePublished\":\"2020-03-26T09:12:11+00:00\",\"dateModified\":\"2022-11-24T11:30:53+00:00\",\"description\":\"JAVHD.com ist eine gro\u00dfartige Seite f\u00fcr alle japanischen Pornofans.Falls Sie es nicht wissen, JAV japanische Videos f\u00fcr Erwachsene.\",\"breadcrumb\":{\"@id\":\"https:\/\/pornmate.com\/de\/javhd#breadcrumb\"},\"inLanguage\":\"de\",\"potentialAction\":[{\"@type\":\"ReadAction\",\"target\":[\"https:\/\/pornmate.com\/de\/javhd\"]}]},{\"@type\":\"BreadcrumbList\",\"@id\":\"https:\/\/pornmate.com\/de\/javhd#breadcrumb\",\"itemListElement\":[{\"@type\":\"ListItem\",\"position\":1,\"name\":\"Startseite\",\"item\":\"https:\/\/pornmate.com\/de\"},{\"@type\":\"ListItem\",\"position\":2,\"name\":\"Javhd\"}]},{\"@type\":\"WebSite\",\"@id\":\"https:\/\/pornmate.com\/de\/#website\",\"url\":\"https:\/\/pornmate.com\/de\/\",\"name\":\"Besten Pornoseiten - Kostenlose Deutsche Pornos | PornMate.com\",\"description\":\"Kostenlose Pornos, ist Ihr Combo-Verzeichnis der besten gratis Pornoseiten, die Sie finden k\u00f6nnen, und das fantastische Seitenbewertungen, Kostenlose Deutsche sex Biografien von Pornostars und ihre xxx Freie Porno videos unter einem Dach pr\u00e4sentiert.\",\"publisher\":{\"@id\":\"https:\/\/pornmate.com\/de\/#organization\"},\"potentialAction\":[{\"@type\":\"SearchAction\",\"target\":{\"@type\":\"EntryPoint\",\"urlTemplate\":\"https:\/\/pornmate.com\/de\/?s={search_term_string}\"},\"query-input\":{\"@type\":\"PropertyValueSpecification\",\"valueRequired\":true,\"valueName\":\"search_term_string\"}}],\"inLanguage\":\"de\"},{\"@type\":\"Organization\",\"@id\":\"https:\/\/pornmate.com\/de\/#organization\",\"name\":\"Besten Pornoseiten - Kostenlose Deutsche Pornos | PornMate.com\",\"url\":\"https:\/\/pornmate.com\/de\/\",\"logo\":{\"@type\":\"ImageObject\",\"inLanguage\":\"de\",\"@id\":\"https:\/\/pornmate.com\/de\/#\/schema\/logo\/image\/\",\"url\":\"https:\/\/pornmate.com\/de\/wp-content\/uploads\/2022\/11\/pornmate-1.png\",\"contentUrl\":\"https:\/\/pornmate.com\/de\/wp-content\/uploads\/2022\/11\/pornmate-1.png\",\"width\":203,\"height\":200,\"caption\":\"Besten Pornoseiten - Kostenlose Deutsche Pornos | PornMate.com\"},\"image\":{\"@id\":\"https:\/\/pornmate.com\/de\/#\/schema\/logo\/image\/\"}}]}<\/script>\n<!-- \/ Yoast SEO plugin. -->","yoast_head_json":{"title":"Javhd und Liste der besten Pornoseiten | PornMate","description":"JAVHD.com ist eine gro\u00dfartige Seite f\u00fcr alle japanischen Pornofans.Falls Sie es nicht wissen, JAV japanische Videos f\u00fcr Erwachsene.","robots":{"index":"index","follow":"follow","max-snippet":"max-snippet:-1","max-image-preview":"max-image-preview:large","max-video-preview":"max-video-preview:-1"},"canonical":"https:\/\/pornmate.com\/de\/javhd","og_locale":"de_DE","og_type":"article","og_title":"Javhd und Liste der besten Pornoseiten | PornMate","og_description":"JAVHD.com ist eine gro\u00dfartige Seite f\u00fcr alle japanischen Pornofans.Falls Sie es nicht wissen, JAV japanische Videos f\u00fcr Erwachsene.","og_url":"https:\/\/pornmate.com\/de\/javhd","og_site_name":"Besten Pornoseiten - Kostenlose Deutsche Pornos | PornMate.com","article_modified_time":"2022-11-24T11:30:53+00:00","twitter_card":"summary_large_image","twitter_misc":{"Gesch\u00e4tzte Lesezeit":"1\u00a0Minute"},"schema":{"@context":"https:\/\/schema.org","@graph":[{"@type":"WebPage","@id":"https:\/\/pornmate.com\/de\/javhd","url":"https:\/\/pornmate.com\/de\/javhd","name":"Javhd und Liste der besten Pornoseiten | PornMate","isPartOf":{"@id":"https:\/\/pornmate.com\/de\/#website"},"datePublished":"2020-03-26T09:12:11+00:00","dateModified":"2022-11-24T11:30:53+00:00","description":"JAVHD.com ist eine gro\u00dfartige Seite f\u00fcr alle japanischen Pornofans.Falls Sie es nicht wissen, JAV japanische Videos f\u00fcr Erwachsene.","breadcrumb":{"@id":"https:\/\/pornmate.com\/de\/javhd#breadcrumb"},"inLanguage":"de","potentialAction":[{"@type":"ReadAction","target":["https:\/\/pornmate.com\/de\/javhd"]}]},{"@type":"BreadcrumbList","@id":"https:\/\/pornmate.com\/de\/javhd#breadcrumb","itemListElement":[{"@type":"ListItem","position":1,"name":"Startseite","item":"https:\/\/pornmate.com\/de"},{"@type":"ListItem","position":2,"name":"Javhd"}]},{"@type":"WebSite","@id":"https:\/\/pornmate.com\/de\/#website","url":"https:\/\/pornmate.com\/de\/","name":"Besten Pornoseiten - Kostenlose Deutsche Pornos | PornMate.com","description":"Kostenlose Pornos, ist Ihr Combo-Verzeichnis der besten gratis Pornoseiten, die Sie finden k\u00f6nnen, und das fantastische Seitenbewertungen, Kostenlose Deutsche sex Biografien von Pornostars und ihre xxx Freie Porno videos unter einem Dach pr\u00e4sentiert.","publisher":{"@id":"https:\/\/pornmate.com\/de\/#organization"},"potentialAction":[{"@type":"SearchAction","target":{"@type":"EntryPoint","urlTemplate":"https:\/\/pornmate.com\/de\/?s={search_term_string}"},"query-input":{"@type":"PropertyValueSpecification","valueRequired":true,"valueName":"search_term_string"}}],"inLanguage":"de"},{"@type":"Organization","@id":"https:\/\/pornmate.com\/de\/#organization","name":"Besten Pornoseiten - Kostenlose Deutsche Pornos | PornMate.com","url":"https:\/\/pornmate.com\/de\/","logo":{"@type":"ImageObject","inLanguage":"de","@id":"https:\/\/pornmate.com\/de\/#\/schema\/logo\/image\/","url":"https:\/\/pornmate.com\/de\/wp-content\/uploads\/2022\/11\/pornmate-1.png","contentUrl":"https:\/\/pornmate.com\/de\/wp-content\/uploads\/2022\/11\/pornmate-1.png","width":203,"height":200,"caption":"Besten Pornoseiten - Kostenlose Deutsche Pornos | PornMate.com"},"image":{"@id":"https:\/\/pornmate.com\/de\/#\/schema\/logo\/image\/"}}]}},"_links":{"self":[{"href":"https:\/\/pornmate.com\/de\/wp-json\/wp\/v2\/pages\/7614","targetHints":{"allow":["GET"]}}],"collection":[{"href":"https:\/\/pornmate.com\/de\/wp-json\/wp\/v2\/pages"}],"about":[{"href":"https:\/\/pornmate.com\/de\/wp-json\/wp\/v2\/types\/page"}],"author":[{"embeddable":true,"href":"https:\/\/pornmate.com\/de\/wp-json\/wp\/v2\/users\/1"}],"replies":[{"embeddable":true,"href":"https:\/\/pornmate.com\/de\/wp-json\/wp\/v2\/comments?post=7614"}],"version-history":[{"count":0,"href":"https:\/\/pornmate.com\/de\/wp-json\/wp\/v2\/pages\/7614\/revisions"}],"wp:attachment":[{"href":"https:\/\/pornmate.com\/de\/wp-json\/wp\/v2\/media?parent=7614"}],"curies":[{"name":"wp","href":"https:\/\/api.w.org\/{rel}","templated":true}]}}