{"id":7616,"date":"2020-03-26T09:14:37","date_gmt":"2020-03-26T09:14:37","guid":{"rendered":"https:\/\/pornmate.com\/?page_id=7616"},"modified":"2022-11-24T12:29:40","modified_gmt":"2022-11-24T11:29:40","slug":"newsensations","status":"publish","type":"page","link":"https:\/\/pornmate.com\/de\/newsensations","title":{"rendered":"Newsensations"},"content":{"rendered":"<p>Wenn Sie Videos in Premium-Qualit\u00e4t suchen, ist NewSensations.com genau das Richtige f\u00fcr Sie! Hier finden Sie fast alles, was Sie suchen. Wenn Sie sich fragen, was diese Website besonders macht, hier ist es. Vor allem werden die Publikationen f\u00fcr Sie st\u00e4ndig aktuell gehalten, sodass Ihnen der Inhalt nie langweilig wird. Als n\u00e4chstes stehen mehr als siebeneinhalbtausend Videos f\u00fcr Sie bereit! Sie haben mit mehr als zweieinhalbtausend Sternen unterschrieben und haben nicht die Absicht, aufzugeben. Bei NewSensations haben Sie nur Filme in 4K-Qualit\u00e4t und es gibt mehrere M\u00f6glichkeiten, sie anzusehen und herunterzuladen. Alles in allem, wenn Sie Premium-Pornoseiten m\u00f6gen, ist NewSensations.com die Seite, nach der Sie suchen. Es wird Sie gl\u00fccklich machen, das ist sicher, also m\u00fcssen Sie sich nicht einmal Sorgen machen. Au\u00dferdem ist der Ort voller ber\u00fchmter Stars. Zum Beispiel gibt es neben Abella Danger noch viele andere, die du kennst und absolut liebst. Wenn Sie nach Damen suchen, die es lieben, Schw\u00e4nze zu befriedigen, dann werfen Sie einen Blick auf diese Seite. Endlich werden alle Ihre sexuellen Tr\u00e4ume wahr und Sie werden bis ans Ende Ihrer Tage gl\u00fccklich sein!<\/p>\n","protected":false},"excerpt":{"rendered":"<p>Wenn Sie Videos in Premium-Qualit\u00e4t suchen, ist NewSensations.com genau das Richtige f\u00fcr Sie! Hier finden Sie fast alles, was Sie suchen. Wenn Sie sich fragen, was diese Website besonders macht, hier ist es. Vor allem werden die Publikationen f\u00fcr Sie st\u00e4ndig aktuell gehalten, sodass Ihnen der Inhalt nie langweilig wird. Als n\u00e4chstes stehen mehr als [&hellip;]<\/p>\n","protected":false},"author":1,"featured_media":0,"parent":0,"menu_order":0,"comment_status":"closed","ping_status":"closed","template":"page-star-stil.php","meta":{"footnotes":""},"class_list":["post-7616","page","type-page","status-publish","hentry"],"yoast_head":"<!-- This site is optimized with the Yoast SEO plugin v27.2 - https:\/\/yoast.com\/product\/yoast-seo-wordpress\/ -->\n<title>Newsensations und Liste der besten Pornoseiten | PornMate<\/title>\n<meta name=\"description\" content=\"Wenn Sie Videos in Premium-Qualit\u00e4t suchen, ist NewSensations.com genau das Richtige f\u00fcr Sie! Hier finden Sie fast alles, was Sie suchen. Wenn Sie sich fragen, was diese Website besonders macht, hier ist es. Vor allem werden die Publikationen f\u00fcr Sie st\u00e4ndig aktuell gehalten, sodass Ihnen der Inhalt nie langweilig wird.\" \/>\n<meta name=\"robots\" content=\"index, follow, max-snippet:-1, max-image-preview:large, max-video-preview:-1\" \/>\n<link rel=\"canonical\" href=\"https:\/\/pornmate.com\/de\/newsensations\" \/>\n<meta property=\"og:locale\" content=\"de_DE\" \/>\n<meta property=\"og:type\" content=\"article\" \/>\n<meta property=\"og:title\" content=\"Newsensations und Liste der besten Pornoseiten | PornMate\" \/>\n<meta property=\"og:description\" content=\"Wenn Sie Videos in Premium-Qualit\u00e4t suchen, ist NewSensations.com genau das Richtige f\u00fcr Sie! Hier finden Sie fast alles, was Sie suchen. Wenn Sie sich fragen, was diese Website besonders macht, hier ist es. Vor allem werden die Publikationen f\u00fcr Sie st\u00e4ndig aktuell gehalten, sodass Ihnen der Inhalt nie langweilig wird.\" \/>\n<meta property=\"og:url\" content=\"https:\/\/pornmate.com\/de\/newsensations\" \/>\n<meta property=\"og:site_name\" content=\"Besten Pornoseiten - Kostenlose Deutsche Pornos | PornMate.com\" \/>\n<meta property=\"article:modified_time\" content=\"2022-11-24T11:29:40+00:00\" \/>\n<meta name=\"twitter:card\" content=\"summary_large_image\" \/>\n<meta name=\"twitter:label1\" content=\"Gesch\u00e4tzte Lesezeit\" \/>\n\t<meta name=\"twitter:data1\" content=\"2\u00a0Minuten\" \/>\n<script type=\"application\/ld+json\" class=\"yoast-schema-graph\">{\"@context\":\"https:\/\/schema.org\",\"@graph\":[{\"@type\":\"WebPage\",\"@id\":\"https:\/\/pornmate.com\/de\/newsensations\",\"url\":\"https:\/\/pornmate.com\/de\/newsensations\",\"name\":\"Newsensations und Liste der besten Pornoseiten | PornMate\",\"isPartOf\":{\"@id\":\"https:\/\/pornmate.com\/de\/#website\"},\"datePublished\":\"2020-03-26T09:14:37+00:00\",\"dateModified\":\"2022-11-24T11:29:40+00:00\",\"description\":\"Wenn Sie Videos in Premium-Qualit\u00e4t suchen, ist NewSensations.com genau das Richtige f\u00fcr Sie! Hier finden Sie fast alles, was Sie suchen. Wenn Sie sich fragen, was diese Website besonders macht, hier ist es. Vor allem werden die Publikationen f\u00fcr Sie st\u00e4ndig aktuell gehalten, sodass Ihnen der Inhalt nie langweilig wird.\",\"breadcrumb\":{\"@id\":\"https:\/\/pornmate.com\/de\/newsensations#breadcrumb\"},\"inLanguage\":\"de\",\"potentialAction\":[{\"@type\":\"ReadAction\",\"target\":[\"https:\/\/pornmate.com\/de\/newsensations\"]}]},{\"@type\":\"BreadcrumbList\",\"@id\":\"https:\/\/pornmate.com\/de\/newsensations#breadcrumb\",\"itemListElement\":[{\"@type\":\"ListItem\",\"position\":1,\"name\":\"Startseite\",\"item\":\"https:\/\/pornmate.com\/de\"},{\"@type\":\"ListItem\",\"position\":2,\"name\":\"Newsensations\"}]},{\"@type\":\"WebSite\",\"@id\":\"https:\/\/pornmate.com\/de\/#website\",\"url\":\"https:\/\/pornmate.com\/de\/\",\"name\":\"Besten Pornoseiten - Kostenlose Deutsche Pornos | PornMate.com\",\"description\":\"Kostenlose Pornos, ist Ihr Combo-Verzeichnis der besten gratis Pornoseiten, die Sie finden k\u00f6nnen, und das fantastische Seitenbewertungen, Kostenlose Deutsche sex Biografien von Pornostars und ihre xxx Freie Porno videos unter einem Dach pr\u00e4sentiert.\",\"publisher\":{\"@id\":\"https:\/\/pornmate.com\/de\/#organization\"},\"potentialAction\":[{\"@type\":\"SearchAction\",\"target\":{\"@type\":\"EntryPoint\",\"urlTemplate\":\"https:\/\/pornmate.com\/de\/?s={search_term_string}\"},\"query-input\":{\"@type\":\"PropertyValueSpecification\",\"valueRequired\":true,\"valueName\":\"search_term_string\"}}],\"inLanguage\":\"de\"},{\"@type\":\"Organization\",\"@id\":\"https:\/\/pornmate.com\/de\/#organization\",\"name\":\"Besten Pornoseiten - Kostenlose Deutsche Pornos | PornMate.com\",\"url\":\"https:\/\/pornmate.com\/de\/\",\"logo\":{\"@type\":\"ImageObject\",\"inLanguage\":\"de\",\"@id\":\"https:\/\/pornmate.com\/de\/#\/schema\/logo\/image\/\",\"url\":\"https:\/\/pornmate.com\/de\/wp-content\/uploads\/2022\/11\/pornmate-1.png\",\"contentUrl\":\"https:\/\/pornmate.com\/de\/wp-content\/uploads\/2022\/11\/pornmate-1.png\",\"width\":203,\"height\":200,\"caption\":\"Besten Pornoseiten - Kostenlose Deutsche Pornos | PornMate.com\"},\"image\":{\"@id\":\"https:\/\/pornmate.com\/de\/#\/schema\/logo\/image\/\"}}]}<\/script>\n<!-- \/ Yoast SEO plugin. -->","yoast_head_json":{"title":"Newsensations und Liste der besten Pornoseiten | PornMate","description":"Wenn Sie Videos in Premium-Qualit\u00e4t suchen, ist NewSensations.com genau das Richtige f\u00fcr Sie! Hier finden Sie fast alles, was Sie suchen. Wenn Sie sich fragen, was diese Website besonders macht, hier ist es. Vor allem werden die Publikationen f\u00fcr Sie st\u00e4ndig aktuell gehalten, sodass Ihnen der Inhalt nie langweilig wird.","robots":{"index":"index","follow":"follow","max-snippet":"max-snippet:-1","max-image-preview":"max-image-preview:large","max-video-preview":"max-video-preview:-1"},"canonical":"https:\/\/pornmate.com\/de\/newsensations","og_locale":"de_DE","og_type":"article","og_title":"Newsensations und Liste der besten Pornoseiten | PornMate","og_description":"Wenn Sie Videos in Premium-Qualit\u00e4t suchen, ist NewSensations.com genau das Richtige f\u00fcr Sie! Hier finden Sie fast alles, was Sie suchen. Wenn Sie sich fragen, was diese Website besonders macht, hier ist es. Vor allem werden die Publikationen f\u00fcr Sie st\u00e4ndig aktuell gehalten, sodass Ihnen der Inhalt nie langweilig wird.","og_url":"https:\/\/pornmate.com\/de\/newsensations","og_site_name":"Besten Pornoseiten - Kostenlose Deutsche Pornos | PornMate.com","article_modified_time":"2022-11-24T11:29:40+00:00","twitter_card":"summary_large_image","twitter_misc":{"Gesch\u00e4tzte Lesezeit":"2\u00a0Minuten"},"schema":{"@context":"https:\/\/schema.org","@graph":[{"@type":"WebPage","@id":"https:\/\/pornmate.com\/de\/newsensations","url":"https:\/\/pornmate.com\/de\/newsensations","name":"Newsensations und Liste der besten Pornoseiten | PornMate","isPartOf":{"@id":"https:\/\/pornmate.com\/de\/#website"},"datePublished":"2020-03-26T09:14:37+00:00","dateModified":"2022-11-24T11:29:40+00:00","description":"Wenn Sie Videos in Premium-Qualit\u00e4t suchen, ist NewSensations.com genau das Richtige f\u00fcr Sie! Hier finden Sie fast alles, was Sie suchen. Wenn Sie sich fragen, was diese Website besonders macht, hier ist es. Vor allem werden die Publikationen f\u00fcr Sie st\u00e4ndig aktuell gehalten, sodass Ihnen der Inhalt nie langweilig wird.","breadcrumb":{"@id":"https:\/\/pornmate.com\/de\/newsensations#breadcrumb"},"inLanguage":"de","potentialAction":[{"@type":"ReadAction","target":["https:\/\/pornmate.com\/de\/newsensations"]}]},{"@type":"BreadcrumbList","@id":"https:\/\/pornmate.com\/de\/newsensations#breadcrumb","itemListElement":[{"@type":"ListItem","position":1,"name":"Startseite","item":"https:\/\/pornmate.com\/de"},{"@type":"ListItem","position":2,"name":"Newsensations"}]},{"@type":"WebSite","@id":"https:\/\/pornmate.com\/de\/#website","url":"https:\/\/pornmate.com\/de\/","name":"Besten Pornoseiten - Kostenlose Deutsche Pornos | PornMate.com","description":"Kostenlose Pornos, ist Ihr Combo-Verzeichnis der besten gratis Pornoseiten, die Sie finden k\u00f6nnen, und das fantastische Seitenbewertungen, Kostenlose Deutsche sex Biografien von Pornostars und ihre xxx Freie Porno videos unter einem Dach pr\u00e4sentiert.","publisher":{"@id":"https:\/\/pornmate.com\/de\/#organization"},"potentialAction":[{"@type":"SearchAction","target":{"@type":"EntryPoint","urlTemplate":"https:\/\/pornmate.com\/de\/?s={search_term_string}"},"query-input":{"@type":"PropertyValueSpecification","valueRequired":true,"valueName":"search_term_string"}}],"inLanguage":"de"},{"@type":"Organization","@id":"https:\/\/pornmate.com\/de\/#organization","name":"Besten Pornoseiten - Kostenlose Deutsche Pornos | PornMate.com","url":"https:\/\/pornmate.com\/de\/","logo":{"@type":"ImageObject","inLanguage":"de","@id":"https:\/\/pornmate.com\/de\/#\/schema\/logo\/image\/","url":"https:\/\/pornmate.com\/de\/wp-content\/uploads\/2022\/11\/pornmate-1.png","contentUrl":"https:\/\/pornmate.com\/de\/wp-content\/uploads\/2022\/11\/pornmate-1.png","width":203,"height":200,"caption":"Besten Pornoseiten - Kostenlose Deutsche Pornos | PornMate.com"},"image":{"@id":"https:\/\/pornmate.com\/de\/#\/schema\/logo\/image\/"}}]}},"_links":{"self":[{"href":"https:\/\/pornmate.com\/de\/wp-json\/wp\/v2\/pages\/7616","targetHints":{"allow":["GET"]}}],"collection":[{"href":"https:\/\/pornmate.com\/de\/wp-json\/wp\/v2\/pages"}],"about":[{"href":"https:\/\/pornmate.com\/de\/wp-json\/wp\/v2\/types\/page"}],"author":[{"embeddable":true,"href":"https:\/\/pornmate.com\/de\/wp-json\/wp\/v2\/users\/1"}],"replies":[{"embeddable":true,"href":"https:\/\/pornmate.com\/de\/wp-json\/wp\/v2\/comments?post=7616"}],"version-history":[{"count":0,"href":"https:\/\/pornmate.com\/de\/wp-json\/wp\/v2\/pages\/7616\/revisions"}],"wp:attachment":[{"href":"https:\/\/pornmate.com\/de\/wp-json\/wp\/v2\/media?parent=7616"}],"curies":[{"name":"wp","href":"https:\/\/api.w.org\/{rel}","templated":true}]}}