{"id":7618,"date":"2020-03-26T09:16:56","date_gmt":"2020-03-26T09:16:56","guid":{"rendered":"https:\/\/pornmate.com\/?page_id=7618"},"modified":"2022-11-24T12:28:39","modified_gmt":"2022-11-24T11:28:39","slug":"dogfartnetwork","status":"publish","type":"page","link":"https:\/\/pornmate.com\/de\/dogfartnetwork","title":{"rendered":"Dogfartnetwork"},"content":{"rendered":"<p>DogFartNetwork.com ist keine Seite, mit der Sie herumspielen m\u00f6chten, auch wenn sie einen lustigen Namen hat. Es liegt einfach daran, dass DogFartNetwork auch nicht das ist, was Sie denken. Der Name mag seltsam klingen, aber das Thema dieser Seite ist eigentlich ein allgemeines Ereignis. Hey, auf dieser Seite findest du einige der besten Interracial-Pornos. Gemeint sind geile, verzweifelte wei\u00dfe Frauen, die schon immer schwarze Schw\u00e4nze ausprobieren wollten. Nun, hier tun sie es endlich. Auf DogFartNetwork.com finden Sie unschuldige T\u00f6chter, ungezogene M\u00fctter, Pizzaboten und mehr. Sie wollen nur noch ein letztes Mal diese niedliche schwarze Mamba probieren. Und nat\u00fcrlich kannst du sie nicht aufhalten! Schauen Sie sich diese Seite an, denn sie ist besser als alle anderen Fetisch-Pornoseiten. Auch sein Fetisch ist nicht schrecklich. Wenn \u00fcberhaupt, genie\u00dfen es verschiedene Pornostars, schwarz zu sein, wie Adriana Chechik. Wenn Sie also nach exotischen Pornostars mit riesigen Schw\u00e4nzen suchen, probieren Sie diese Seite aus. Sie wird Ihr Sexualleben f\u00fcr immer ver\u00e4ndern und Sie werden endlich mit den Pornos zufrieden sein, die Sie online bekommen, denke ich!<\/p>\n","protected":false},"excerpt":{"rendered":"<p>DogFartNetwork.com ist keine Seite, mit der Sie herumspielen m\u00f6chten, auch wenn sie einen lustigen Namen hat. Es liegt einfach daran, dass DogFartNetwork auch nicht das ist, was Sie denken. Der Name mag seltsam klingen, aber das Thema dieser Seite ist eigentlich ein allgemeines Ereignis. Hey, auf dieser Seite findest du einige der besten Interracial-Pornos. Gemeint [&hellip;]<\/p>\n","protected":false},"author":1,"featured_media":0,"parent":0,"menu_order":0,"comment_status":"closed","ping_status":"closed","template":"page-star-stil.php","meta":{"footnotes":""},"class_list":["post-7618","page","type-page","status-publish","hentry"],"yoast_head":"<!-- This site is optimized with the Yoast SEO plugin v27.2 - https:\/\/yoast.com\/product\/yoast-seo-wordpress\/ -->\n<title>Dogfartnetwork und Liste der besten Pornoseiten | PornMate<\/title>\n<meta name=\"description\" content=\"DogFartNetwork.com isn&#039;t a site that you&#039;d want to mess with, even though it has a funny name.\" \/>\n<meta name=\"robots\" content=\"index, follow, max-snippet:-1, max-image-preview:large, max-video-preview:-1\" \/>\n<link rel=\"canonical\" href=\"https:\/\/pornmate.com\/de\/dogfartnetwork\" \/>\n<meta property=\"og:locale\" content=\"de_DE\" \/>\n<meta property=\"og:type\" content=\"article\" \/>\n<meta property=\"og:title\" content=\"Dogfartnetwork und Liste der besten Pornoseiten | PornMate\" \/>\n<meta property=\"og:description\" content=\"DogFartNetwork.com isn&#039;t a site that you&#039;d want to mess with, even though it has a funny name.\" \/>\n<meta property=\"og:url\" content=\"https:\/\/pornmate.com\/de\/dogfartnetwork\" \/>\n<meta property=\"og:site_name\" content=\"Besten Pornoseiten - Kostenlose Deutsche Pornos | PornMate.com\" \/>\n<meta property=\"article:modified_time\" content=\"2022-11-24T11:28:39+00:00\" \/>\n<meta name=\"twitter:card\" content=\"summary_large_image\" \/>\n<meta name=\"twitter:label1\" content=\"Gesch\u00e4tzte Lesezeit\" \/>\n\t<meta name=\"twitter:data1\" content=\"1\u00a0Minute\" \/>\n<script type=\"application\/ld+json\" class=\"yoast-schema-graph\">{\"@context\":\"https:\/\/schema.org\",\"@graph\":[{\"@type\":\"WebPage\",\"@id\":\"https:\/\/pornmate.com\/de\/dogfartnetwork\",\"url\":\"https:\/\/pornmate.com\/de\/dogfartnetwork\",\"name\":\"Dogfartnetwork und Liste der besten Pornoseiten | PornMate\",\"isPartOf\":{\"@id\":\"https:\/\/pornmate.com\/de\/#website\"},\"datePublished\":\"2020-03-26T09:16:56+00:00\",\"dateModified\":\"2022-11-24T11:28:39+00:00\",\"description\":\"DogFartNetwork.com isn't a site that you'd want to mess with, even though it has a funny name.\",\"breadcrumb\":{\"@id\":\"https:\/\/pornmate.com\/de\/dogfartnetwork#breadcrumb\"},\"inLanguage\":\"de\",\"potentialAction\":[{\"@type\":\"ReadAction\",\"target\":[\"https:\/\/pornmate.com\/de\/dogfartnetwork\"]}]},{\"@type\":\"BreadcrumbList\",\"@id\":\"https:\/\/pornmate.com\/de\/dogfartnetwork#breadcrumb\",\"itemListElement\":[{\"@type\":\"ListItem\",\"position\":1,\"name\":\"Startseite\",\"item\":\"https:\/\/pornmate.com\/de\"},{\"@type\":\"ListItem\",\"position\":2,\"name\":\"Dogfartnetwork\"}]},{\"@type\":\"WebSite\",\"@id\":\"https:\/\/pornmate.com\/de\/#website\",\"url\":\"https:\/\/pornmate.com\/de\/\",\"name\":\"Besten Pornoseiten - Kostenlose Deutsche Pornos | PornMate.com\",\"description\":\"Kostenlose Pornos, ist Ihr Combo-Verzeichnis der besten gratis Pornoseiten, die Sie finden k\u00f6nnen, und das fantastische Seitenbewertungen, Kostenlose Deutsche sex Biografien von Pornostars und ihre xxx Freie Porno videos unter einem Dach pr\u00e4sentiert.\",\"publisher\":{\"@id\":\"https:\/\/pornmate.com\/de\/#organization\"},\"potentialAction\":[{\"@type\":\"SearchAction\",\"target\":{\"@type\":\"EntryPoint\",\"urlTemplate\":\"https:\/\/pornmate.com\/de\/?s={search_term_string}\"},\"query-input\":{\"@type\":\"PropertyValueSpecification\",\"valueRequired\":true,\"valueName\":\"search_term_string\"}}],\"inLanguage\":\"de\"},{\"@type\":\"Organization\",\"@id\":\"https:\/\/pornmate.com\/de\/#organization\",\"name\":\"Besten Pornoseiten - Kostenlose Deutsche Pornos | PornMate.com\",\"url\":\"https:\/\/pornmate.com\/de\/\",\"logo\":{\"@type\":\"ImageObject\",\"inLanguage\":\"de\",\"@id\":\"https:\/\/pornmate.com\/de\/#\/schema\/logo\/image\/\",\"url\":\"https:\/\/pornmate.com\/de\/wp-content\/uploads\/2022\/11\/pornmate-1.png\",\"contentUrl\":\"https:\/\/pornmate.com\/de\/wp-content\/uploads\/2022\/11\/pornmate-1.png\",\"width\":203,\"height\":200,\"caption\":\"Besten Pornoseiten - Kostenlose Deutsche Pornos | PornMate.com\"},\"image\":{\"@id\":\"https:\/\/pornmate.com\/de\/#\/schema\/logo\/image\/\"}}]}<\/script>\n<!-- \/ Yoast SEO plugin. -->","yoast_head_json":{"title":"Dogfartnetwork und Liste der besten Pornoseiten | PornMate","description":"DogFartNetwork.com isn't a site that you'd want to mess with, even though it has a funny name.","robots":{"index":"index","follow":"follow","max-snippet":"max-snippet:-1","max-image-preview":"max-image-preview:large","max-video-preview":"max-video-preview:-1"},"canonical":"https:\/\/pornmate.com\/de\/dogfartnetwork","og_locale":"de_DE","og_type":"article","og_title":"Dogfartnetwork und Liste der besten Pornoseiten | PornMate","og_description":"DogFartNetwork.com isn't a site that you'd want to mess with, even though it has a funny name.","og_url":"https:\/\/pornmate.com\/de\/dogfartnetwork","og_site_name":"Besten Pornoseiten - Kostenlose Deutsche Pornos | PornMate.com","article_modified_time":"2022-11-24T11:28:39+00:00","twitter_card":"summary_large_image","twitter_misc":{"Gesch\u00e4tzte Lesezeit":"1\u00a0Minute"},"schema":{"@context":"https:\/\/schema.org","@graph":[{"@type":"WebPage","@id":"https:\/\/pornmate.com\/de\/dogfartnetwork","url":"https:\/\/pornmate.com\/de\/dogfartnetwork","name":"Dogfartnetwork und Liste der besten Pornoseiten | PornMate","isPartOf":{"@id":"https:\/\/pornmate.com\/de\/#website"},"datePublished":"2020-03-26T09:16:56+00:00","dateModified":"2022-11-24T11:28:39+00:00","description":"DogFartNetwork.com isn't a site that you'd want to mess with, even though it has a funny name.","breadcrumb":{"@id":"https:\/\/pornmate.com\/de\/dogfartnetwork#breadcrumb"},"inLanguage":"de","potentialAction":[{"@type":"ReadAction","target":["https:\/\/pornmate.com\/de\/dogfartnetwork"]}]},{"@type":"BreadcrumbList","@id":"https:\/\/pornmate.com\/de\/dogfartnetwork#breadcrumb","itemListElement":[{"@type":"ListItem","position":1,"name":"Startseite","item":"https:\/\/pornmate.com\/de"},{"@type":"ListItem","position":2,"name":"Dogfartnetwork"}]},{"@type":"WebSite","@id":"https:\/\/pornmate.com\/de\/#website","url":"https:\/\/pornmate.com\/de\/","name":"Besten Pornoseiten - Kostenlose Deutsche Pornos | PornMate.com","description":"Kostenlose Pornos, ist Ihr Combo-Verzeichnis der besten gratis Pornoseiten, die Sie finden k\u00f6nnen, und das fantastische Seitenbewertungen, Kostenlose Deutsche sex Biografien von Pornostars und ihre xxx Freie Porno videos unter einem Dach pr\u00e4sentiert.","publisher":{"@id":"https:\/\/pornmate.com\/de\/#organization"},"potentialAction":[{"@type":"SearchAction","target":{"@type":"EntryPoint","urlTemplate":"https:\/\/pornmate.com\/de\/?s={search_term_string}"},"query-input":{"@type":"PropertyValueSpecification","valueRequired":true,"valueName":"search_term_string"}}],"inLanguage":"de"},{"@type":"Organization","@id":"https:\/\/pornmate.com\/de\/#organization","name":"Besten Pornoseiten - Kostenlose Deutsche Pornos | PornMate.com","url":"https:\/\/pornmate.com\/de\/","logo":{"@type":"ImageObject","inLanguage":"de","@id":"https:\/\/pornmate.com\/de\/#\/schema\/logo\/image\/","url":"https:\/\/pornmate.com\/de\/wp-content\/uploads\/2022\/11\/pornmate-1.png","contentUrl":"https:\/\/pornmate.com\/de\/wp-content\/uploads\/2022\/11\/pornmate-1.png","width":203,"height":200,"caption":"Besten Pornoseiten - Kostenlose Deutsche Pornos | PornMate.com"},"image":{"@id":"https:\/\/pornmate.com\/de\/#\/schema\/logo\/image\/"}}]}},"_links":{"self":[{"href":"https:\/\/pornmate.com\/de\/wp-json\/wp\/v2\/pages\/7618","targetHints":{"allow":["GET"]}}],"collection":[{"href":"https:\/\/pornmate.com\/de\/wp-json\/wp\/v2\/pages"}],"about":[{"href":"https:\/\/pornmate.com\/de\/wp-json\/wp\/v2\/types\/page"}],"author":[{"embeddable":true,"href":"https:\/\/pornmate.com\/de\/wp-json\/wp\/v2\/users\/1"}],"replies":[{"embeddable":true,"href":"https:\/\/pornmate.com\/de\/wp-json\/wp\/v2\/comments?post=7618"}],"version-history":[{"count":0,"href":"https:\/\/pornmate.com\/de\/wp-json\/wp\/v2\/pages\/7618\/revisions"}],"wp:attachment":[{"href":"https:\/\/pornmate.com\/de\/wp-json\/wp\/v2\/media?parent=7618"}],"curies":[{"name":"wp","href":"https:\/\/api.w.org\/{rel}","templated":true}]}}