{"id":7620,"date":"2020-03-26T09:19:47","date_gmt":"2020-03-26T09:19:47","guid":{"rendered":"https:\/\/pornmate.com\/?page_id=7620"},"modified":"2022-11-24T12:00:51","modified_gmt":"2022-11-24T11:00:51","slug":"asstraffic","status":"publish","type":"page","link":"https:\/\/pornmate.com\/de\/asstraffic","title":{"rendered":"Asstraffic"},"content":{"rendered":"<p>AssTraffic.com ist genau das, was Sie in Ihrem Leben brauchen! Zuallererst, wer liebt keine gute Analsex-Session? Die richtige Antwort ist niemand. Wir alle lieben sie, die Mutter, und wir wissen, wie aufregend und angenehm sie auch in der heutigen Zeit ist. Der Akt, in den Arsch einer Frau zu steigen, ist von Natur aus aufregend. Und jetzt k\u00f6nnen Sie auf dieser Seite endlich ausgezeichnete Filme rund um dieses Thema sehen. Sie haben keinen Job mehr mit fehlgeschlagenen erb\u00e4rmlichen kostenlosen pixeligen Videos online. Stattdessen finden Sie auf AssTraffic HD-Inhalte in bestm\u00f6glicher Qualit\u00e4t. Er hat bereits Tonnen von verschiedenen Filmen. Sie haben jedoch mit einer Menge bekannter Pornostars zusammengearbeitet. Was immer eine angenehme \u00dcberraschung f\u00fcr alle ist. Um ein Beispiel zu nennen, alle Pornostars lieben Analsex in ihrem Kern, wie Ava Addams. Probieren Sie es jetzt auf jeden Fall mit AssTraffic.com aus. Sie werden feststellen, dass es besser ist als die meisten anderen Analpornoseiten, oder mehr als neunzig Prozent, um es zu bewerten! Und ich bin sicher, Sie werden froh sein, dass Sie sich diesen Ort angesehen haben. Dar\u00fcber hinaus sind die Mitgliedspreise durchaus angemessen. In Anbetracht der Tatsache, dass Sie Qualit\u00e4tsmaterial erhalten, lohnt es sich, daf\u00fcr zu bezahlen. Also los und viel Spa\u00df auf dieser exzellenten Website \u00fcber Analsex!<\/p>\n","protected":false},"excerpt":{"rendered":"<p>AssTraffic.com ist genau das, was Sie in Ihrem Leben brauchen! Zuallererst, wer liebt keine gute Analsex-Session? Die richtige Antwort ist niemand. Wir alle lieben sie, die Mutter, und wir wissen, wie aufregend und angenehm sie auch in der heutigen Zeit ist. Der Akt, in den Arsch einer Frau zu steigen, ist von Natur aus aufregend. [&hellip;]<\/p>\n","protected":false},"author":1,"featured_media":0,"parent":0,"menu_order":0,"comment_status":"closed","ping_status":"closed","template":"page-star-stil.php","meta":{"footnotes":""},"class_list":["post-7620","page","type-page","status-publish","hentry"],"yoast_head":"<!-- This site is optimized with the Yoast SEO plugin v27.2 - https:\/\/yoast.com\/product\/yoast-seo-wordpress\/ -->\n<title>Asstraffic und Liste der besten Pornoseiten | PornMate<\/title>\n<meta name=\"description\" content=\"AssTraffic.com ist genau das, was Sie in Ihrem Leben brauchen! Zuallererst, wer liebt keine gute Analsex-Session? Die richtige Antwort ist niemand. Wir alle lieben sie, die Mutter, und wir wissen, wie aufregend und angenehm sie auch in der heutigen Zeit ist. Der Akt, in den Arsch einer Frau zu steigen, ist von Natur aus aufregend.\" \/>\n<meta name=\"robots\" content=\"index, follow, max-snippet:-1, max-image-preview:large, max-video-preview:-1\" \/>\n<link rel=\"canonical\" href=\"https:\/\/pornmate.com\/de\/asstraffic\" \/>\n<meta property=\"og:locale\" content=\"de_DE\" \/>\n<meta property=\"og:type\" content=\"article\" \/>\n<meta property=\"og:title\" content=\"Asstraffic und Liste der besten Pornoseiten | PornMate\" \/>\n<meta property=\"og:description\" content=\"AssTraffic.com ist genau das, was Sie in Ihrem Leben brauchen! Zuallererst, wer liebt keine gute Analsex-Session? Die richtige Antwort ist niemand. Wir alle lieben sie, die Mutter, und wir wissen, wie aufregend und angenehm sie auch in der heutigen Zeit ist. Der Akt, in den Arsch einer Frau zu steigen, ist von Natur aus aufregend.\" \/>\n<meta property=\"og:url\" content=\"https:\/\/pornmate.com\/de\/asstraffic\" \/>\n<meta property=\"og:site_name\" content=\"Besten Pornoseiten - Kostenlose Deutsche Pornos | PornMate.com\" \/>\n<meta property=\"article:modified_time\" content=\"2022-11-24T11:00:51+00:00\" \/>\n<meta name=\"twitter:card\" content=\"summary_large_image\" \/>\n<meta name=\"twitter:label1\" content=\"Gesch\u00e4tzte Lesezeit\" \/>\n\t<meta name=\"twitter:data1\" content=\"2\u00a0Minuten\" \/>\n<script type=\"application\/ld+json\" class=\"yoast-schema-graph\">{\"@context\":\"https:\/\/schema.org\",\"@graph\":[{\"@type\":\"WebPage\",\"@id\":\"https:\/\/pornmate.com\/de\/asstraffic\",\"url\":\"https:\/\/pornmate.com\/de\/asstraffic\",\"name\":\"Asstraffic und Liste der besten Pornoseiten | PornMate\",\"isPartOf\":{\"@id\":\"https:\/\/pornmate.com\/de\/#website\"},\"datePublished\":\"2020-03-26T09:19:47+00:00\",\"dateModified\":\"2022-11-24T11:00:51+00:00\",\"description\":\"AssTraffic.com ist genau das, was Sie in Ihrem Leben brauchen! Zuallererst, wer liebt keine gute Analsex-Session? Die richtige Antwort ist niemand. Wir alle lieben sie, die Mutter, und wir wissen, wie aufregend und angenehm sie auch in der heutigen Zeit ist. Der Akt, in den Arsch einer Frau zu steigen, ist von Natur aus aufregend.\",\"breadcrumb\":{\"@id\":\"https:\/\/pornmate.com\/de\/asstraffic#breadcrumb\"},\"inLanguage\":\"de\",\"potentialAction\":[{\"@type\":\"ReadAction\",\"target\":[\"https:\/\/pornmate.com\/de\/asstraffic\"]}]},{\"@type\":\"BreadcrumbList\",\"@id\":\"https:\/\/pornmate.com\/de\/asstraffic#breadcrumb\",\"itemListElement\":[{\"@type\":\"ListItem\",\"position\":1,\"name\":\"Startseite\",\"item\":\"https:\/\/pornmate.com\/de\"},{\"@type\":\"ListItem\",\"position\":2,\"name\":\"Asstraffic\"}]},{\"@type\":\"WebSite\",\"@id\":\"https:\/\/pornmate.com\/de\/#website\",\"url\":\"https:\/\/pornmate.com\/de\/\",\"name\":\"Besten Pornoseiten - Kostenlose Deutsche Pornos | PornMate.com\",\"description\":\"Kostenlose Pornos, ist Ihr Combo-Verzeichnis der besten gratis Pornoseiten, die Sie finden k\u00f6nnen, und das fantastische Seitenbewertungen, Kostenlose Deutsche sex Biografien von Pornostars und ihre xxx Freie Porno videos unter einem Dach pr\u00e4sentiert.\",\"publisher\":{\"@id\":\"https:\/\/pornmate.com\/de\/#organization\"},\"potentialAction\":[{\"@type\":\"SearchAction\",\"target\":{\"@type\":\"EntryPoint\",\"urlTemplate\":\"https:\/\/pornmate.com\/de\/?s={search_term_string}\"},\"query-input\":{\"@type\":\"PropertyValueSpecification\",\"valueRequired\":true,\"valueName\":\"search_term_string\"}}],\"inLanguage\":\"de\"},{\"@type\":\"Organization\",\"@id\":\"https:\/\/pornmate.com\/de\/#organization\",\"name\":\"Besten Pornoseiten - Kostenlose Deutsche Pornos | PornMate.com\",\"url\":\"https:\/\/pornmate.com\/de\/\",\"logo\":{\"@type\":\"ImageObject\",\"inLanguage\":\"de\",\"@id\":\"https:\/\/pornmate.com\/de\/#\/schema\/logo\/image\/\",\"url\":\"https:\/\/pornmate.com\/de\/wp-content\/uploads\/2022\/11\/pornmate-1.png\",\"contentUrl\":\"https:\/\/pornmate.com\/de\/wp-content\/uploads\/2022\/11\/pornmate-1.png\",\"width\":203,\"height\":200,\"caption\":\"Besten Pornoseiten - Kostenlose Deutsche Pornos | PornMate.com\"},\"image\":{\"@id\":\"https:\/\/pornmate.com\/de\/#\/schema\/logo\/image\/\"}}]}<\/script>\n<!-- \/ Yoast SEO plugin. -->","yoast_head_json":{"title":"Asstraffic und Liste der besten Pornoseiten | PornMate","description":"AssTraffic.com ist genau das, was Sie in Ihrem Leben brauchen! Zuallererst, wer liebt keine gute Analsex-Session? Die richtige Antwort ist niemand. Wir alle lieben sie, die Mutter, und wir wissen, wie aufregend und angenehm sie auch in der heutigen Zeit ist. Der Akt, in den Arsch einer Frau zu steigen, ist von Natur aus aufregend.","robots":{"index":"index","follow":"follow","max-snippet":"max-snippet:-1","max-image-preview":"max-image-preview:large","max-video-preview":"max-video-preview:-1"},"canonical":"https:\/\/pornmate.com\/de\/asstraffic","og_locale":"de_DE","og_type":"article","og_title":"Asstraffic und Liste der besten Pornoseiten | PornMate","og_description":"AssTraffic.com ist genau das, was Sie in Ihrem Leben brauchen! Zuallererst, wer liebt keine gute Analsex-Session? Die richtige Antwort ist niemand. Wir alle lieben sie, die Mutter, und wir wissen, wie aufregend und angenehm sie auch in der heutigen Zeit ist. Der Akt, in den Arsch einer Frau zu steigen, ist von Natur aus aufregend.","og_url":"https:\/\/pornmate.com\/de\/asstraffic","og_site_name":"Besten Pornoseiten - Kostenlose Deutsche Pornos | PornMate.com","article_modified_time":"2022-11-24T11:00:51+00:00","twitter_card":"summary_large_image","twitter_misc":{"Gesch\u00e4tzte Lesezeit":"2\u00a0Minuten"},"schema":{"@context":"https:\/\/schema.org","@graph":[{"@type":"WebPage","@id":"https:\/\/pornmate.com\/de\/asstraffic","url":"https:\/\/pornmate.com\/de\/asstraffic","name":"Asstraffic und Liste der besten Pornoseiten | PornMate","isPartOf":{"@id":"https:\/\/pornmate.com\/de\/#website"},"datePublished":"2020-03-26T09:19:47+00:00","dateModified":"2022-11-24T11:00:51+00:00","description":"AssTraffic.com ist genau das, was Sie in Ihrem Leben brauchen! Zuallererst, wer liebt keine gute Analsex-Session? Die richtige Antwort ist niemand. Wir alle lieben sie, die Mutter, und wir wissen, wie aufregend und angenehm sie auch in der heutigen Zeit ist. Der Akt, in den Arsch einer Frau zu steigen, ist von Natur aus aufregend.","breadcrumb":{"@id":"https:\/\/pornmate.com\/de\/asstraffic#breadcrumb"},"inLanguage":"de","potentialAction":[{"@type":"ReadAction","target":["https:\/\/pornmate.com\/de\/asstraffic"]}]},{"@type":"BreadcrumbList","@id":"https:\/\/pornmate.com\/de\/asstraffic#breadcrumb","itemListElement":[{"@type":"ListItem","position":1,"name":"Startseite","item":"https:\/\/pornmate.com\/de"},{"@type":"ListItem","position":2,"name":"Asstraffic"}]},{"@type":"WebSite","@id":"https:\/\/pornmate.com\/de\/#website","url":"https:\/\/pornmate.com\/de\/","name":"Besten Pornoseiten - Kostenlose Deutsche Pornos | PornMate.com","description":"Kostenlose Pornos, ist Ihr Combo-Verzeichnis der besten gratis Pornoseiten, die Sie finden k\u00f6nnen, und das fantastische Seitenbewertungen, Kostenlose Deutsche sex Biografien von Pornostars und ihre xxx Freie Porno videos unter einem Dach pr\u00e4sentiert.","publisher":{"@id":"https:\/\/pornmate.com\/de\/#organization"},"potentialAction":[{"@type":"SearchAction","target":{"@type":"EntryPoint","urlTemplate":"https:\/\/pornmate.com\/de\/?s={search_term_string}"},"query-input":{"@type":"PropertyValueSpecification","valueRequired":true,"valueName":"search_term_string"}}],"inLanguage":"de"},{"@type":"Organization","@id":"https:\/\/pornmate.com\/de\/#organization","name":"Besten Pornoseiten - Kostenlose Deutsche Pornos | PornMate.com","url":"https:\/\/pornmate.com\/de\/","logo":{"@type":"ImageObject","inLanguage":"de","@id":"https:\/\/pornmate.com\/de\/#\/schema\/logo\/image\/","url":"https:\/\/pornmate.com\/de\/wp-content\/uploads\/2022\/11\/pornmate-1.png","contentUrl":"https:\/\/pornmate.com\/de\/wp-content\/uploads\/2022\/11\/pornmate-1.png","width":203,"height":200,"caption":"Besten Pornoseiten - Kostenlose Deutsche Pornos | PornMate.com"},"image":{"@id":"https:\/\/pornmate.com\/de\/#\/schema\/logo\/image\/"}}]}},"_links":{"self":[{"href":"https:\/\/pornmate.com\/de\/wp-json\/wp\/v2\/pages\/7620","targetHints":{"allow":["GET"]}}],"collection":[{"href":"https:\/\/pornmate.com\/de\/wp-json\/wp\/v2\/pages"}],"about":[{"href":"https:\/\/pornmate.com\/de\/wp-json\/wp\/v2\/types\/page"}],"author":[{"embeddable":true,"href":"https:\/\/pornmate.com\/de\/wp-json\/wp\/v2\/users\/1"}],"replies":[{"embeddable":true,"href":"https:\/\/pornmate.com\/de\/wp-json\/wp\/v2\/comments?post=7620"}],"version-history":[{"count":0,"href":"https:\/\/pornmate.com\/de\/wp-json\/wp\/v2\/pages\/7620\/revisions"}],"wp:attachment":[{"href":"https:\/\/pornmate.com\/de\/wp-json\/wp\/v2\/media?parent=7620"}],"curies":[{"name":"wp","href":"https:\/\/api.w.org\/{rel}","templated":true}]}}