{"id":7623,"date":"2020-03-26T09:23:00","date_gmt":"2020-03-26T09:23:00","guid":{"rendered":"https:\/\/pornmate.com\/?page_id=7623"},"modified":"2022-11-24T11:59:25","modified_gmt":"2022-11-24T10:59:25","slug":"perfectgonzo","status":"publish","type":"page","link":"https:\/\/pornmate.com\/de\/perfectgonzo","title":{"rendered":"Perfectgonzo"},"content":{"rendered":"<p>PerfectGonzo.com ist genau das, was Sie brauchen. Nochmals, nun, dies ist die komplette Website f\u00fcr. Wenn Sie f\u00fcr eine neue Dosis Porno erscheinen, wird Sie das anmachen, sicherlich sehen Sie alle, was Gonzo ist, wenn Sie es tun, k\u00f6nnen Sie genug werden. Auf dieser Seite k\u00f6nnen Sie viele qualitativ hochwertige Videos finden, was immer das erste ist, was Sie sehen m\u00f6chten. Aber das ist noch nicht alles, was PerfectGonzo hat.Als Erweiterung davon k\u00f6nnen Sie dann nicht identische Pornostars erkennen, und alle tun dies. Daher gibt es auf dieser Seite nur Leidenschaft.Und Sie werden es lieben, was diese Damen mit ihren K\u00f6rpern anstellen k\u00f6nnen.Aus diesem Grund ist PerfectGonzo.com eine der stilvollsten Websites der Welt und Sie werden jedes Detail davon lieben.Dann kannst du viele Pornostars kennen, die du schon einmal gesehen hast, sowie neue und neue.Es gibt keine alten Frauen mehr wie FawxNur neues rohes Fleisch zum Ficken!Und deshalb ist diese Pornoseite besser als andere Pornoseiten! Also mach weiter und gib dem eine Chance, du wirst es \u00fcberhaupt nicht bereuen!<\/p>\n","protected":false},"excerpt":{"rendered":"<p>PerfectGonzo.com ist genau das, was Sie brauchen. Nochmals, nun, dies ist die komplette Website f\u00fcr. Wenn Sie f\u00fcr eine neue Dosis Porno erscheinen, wird Sie das anmachen, sicherlich sehen Sie alle, was Gonzo ist, wenn Sie es tun, k\u00f6nnen Sie genug werden. Auf dieser Seite k\u00f6nnen Sie viele qualitativ hochwertige Videos finden, was immer das [&hellip;]<\/p>\n","protected":false},"author":1,"featured_media":0,"parent":0,"menu_order":0,"comment_status":"closed","ping_status":"closed","template":"page-star-stil.php","meta":{"footnotes":""},"class_list":["post-7623","page","type-page","status-publish","hentry"],"yoast_head":"<!-- This site is optimized with the Yoast SEO plugin v27.2 - https:\/\/yoast.com\/product\/yoast-seo-wordpress\/ -->\n<title>Perfectgonzo und Liste der besten Pornoseiten | PornMate<\/title>\n<meta name=\"description\" content=\"PerfectGonzo.com ist genau das, was Sie brauchen. Nochmals, nun, dies ist die komplette Website f\u00fcr. Wenn Sie f\u00fcr eine neue Dosis Porno erscheinen, wird Sie das anmachen, sicherlich sehen Sie alle, was Gonzo ist, wenn Sie es tun, k\u00f6nnen Sie genug werden.\" \/>\n<meta name=\"robots\" content=\"index, follow, max-snippet:-1, max-image-preview:large, max-video-preview:-1\" \/>\n<link rel=\"canonical\" href=\"https:\/\/pornmate.com\/de\/perfectgonzo\" \/>\n<meta property=\"og:locale\" content=\"de_DE\" \/>\n<meta property=\"og:type\" content=\"article\" \/>\n<meta property=\"og:title\" content=\"Perfectgonzo und Liste der besten Pornoseiten | PornMate\" \/>\n<meta property=\"og:description\" content=\"PerfectGonzo.com ist genau das, was Sie brauchen. Nochmals, nun, dies ist die komplette Website f\u00fcr. Wenn Sie f\u00fcr eine neue Dosis Porno erscheinen, wird Sie das anmachen, sicherlich sehen Sie alle, was Gonzo ist, wenn Sie es tun, k\u00f6nnen Sie genug werden.\" \/>\n<meta property=\"og:url\" content=\"https:\/\/pornmate.com\/de\/perfectgonzo\" \/>\n<meta property=\"og:site_name\" content=\"Besten Pornoseiten - Kostenlose Deutsche Pornos | PornMate.com\" \/>\n<meta property=\"article:modified_time\" content=\"2022-11-24T10:59:25+00:00\" \/>\n<meta name=\"twitter:card\" content=\"summary_large_image\" \/>\n<meta name=\"twitter:label1\" content=\"Gesch\u00e4tzte Lesezeit\" \/>\n\t<meta name=\"twitter:data1\" content=\"1\u00a0Minute\" \/>\n<script type=\"application\/ld+json\" class=\"yoast-schema-graph\">{\"@context\":\"https:\/\/schema.org\",\"@graph\":[{\"@type\":\"WebPage\",\"@id\":\"https:\/\/pornmate.com\/de\/perfectgonzo\",\"url\":\"https:\/\/pornmate.com\/de\/perfectgonzo\",\"name\":\"Perfectgonzo und Liste der besten Pornoseiten | PornMate\",\"isPartOf\":{\"@id\":\"https:\/\/pornmate.com\/de\/#website\"},\"datePublished\":\"2020-03-26T09:23:00+00:00\",\"dateModified\":\"2022-11-24T10:59:25+00:00\",\"description\":\"PerfectGonzo.com ist genau das, was Sie brauchen. Nochmals, nun, dies ist die komplette Website f\u00fcr. Wenn Sie f\u00fcr eine neue Dosis Porno erscheinen, wird Sie das anmachen, sicherlich sehen Sie alle, was Gonzo ist, wenn Sie es tun, k\u00f6nnen Sie genug werden.\",\"breadcrumb\":{\"@id\":\"https:\/\/pornmate.com\/de\/perfectgonzo#breadcrumb\"},\"inLanguage\":\"de\",\"potentialAction\":[{\"@type\":\"ReadAction\",\"target\":[\"https:\/\/pornmate.com\/de\/perfectgonzo\"]}]},{\"@type\":\"BreadcrumbList\",\"@id\":\"https:\/\/pornmate.com\/de\/perfectgonzo#breadcrumb\",\"itemListElement\":[{\"@type\":\"ListItem\",\"position\":1,\"name\":\"Startseite\",\"item\":\"https:\/\/pornmate.com\/de\"},{\"@type\":\"ListItem\",\"position\":2,\"name\":\"Perfectgonzo\"}]},{\"@type\":\"WebSite\",\"@id\":\"https:\/\/pornmate.com\/de\/#website\",\"url\":\"https:\/\/pornmate.com\/de\/\",\"name\":\"Besten Pornoseiten - Kostenlose Deutsche Pornos | PornMate.com\",\"description\":\"Kostenlose Pornos, ist Ihr Combo-Verzeichnis der besten gratis Pornoseiten, die Sie finden k\u00f6nnen, und das fantastische Seitenbewertungen, Kostenlose Deutsche sex Biografien von Pornostars und ihre xxx Freie Porno videos unter einem Dach pr\u00e4sentiert.\",\"publisher\":{\"@id\":\"https:\/\/pornmate.com\/de\/#organization\"},\"potentialAction\":[{\"@type\":\"SearchAction\",\"target\":{\"@type\":\"EntryPoint\",\"urlTemplate\":\"https:\/\/pornmate.com\/de\/?s={search_term_string}\"},\"query-input\":{\"@type\":\"PropertyValueSpecification\",\"valueRequired\":true,\"valueName\":\"search_term_string\"}}],\"inLanguage\":\"de\"},{\"@type\":\"Organization\",\"@id\":\"https:\/\/pornmate.com\/de\/#organization\",\"name\":\"Besten Pornoseiten - Kostenlose Deutsche Pornos | PornMate.com\",\"url\":\"https:\/\/pornmate.com\/de\/\",\"logo\":{\"@type\":\"ImageObject\",\"inLanguage\":\"de\",\"@id\":\"https:\/\/pornmate.com\/de\/#\/schema\/logo\/image\/\",\"url\":\"https:\/\/pornmate.com\/de\/wp-content\/uploads\/2022\/11\/pornmate-1.png\",\"contentUrl\":\"https:\/\/pornmate.com\/de\/wp-content\/uploads\/2022\/11\/pornmate-1.png\",\"width\":203,\"height\":200,\"caption\":\"Besten Pornoseiten - Kostenlose Deutsche Pornos | PornMate.com\"},\"image\":{\"@id\":\"https:\/\/pornmate.com\/de\/#\/schema\/logo\/image\/\"}}]}<\/script>\n<!-- \/ Yoast SEO plugin. -->","yoast_head_json":{"title":"Perfectgonzo und Liste der besten Pornoseiten | PornMate","description":"PerfectGonzo.com ist genau das, was Sie brauchen. Nochmals, nun, dies ist die komplette Website f\u00fcr. Wenn Sie f\u00fcr eine neue Dosis Porno erscheinen, wird Sie das anmachen, sicherlich sehen Sie alle, was Gonzo ist, wenn Sie es tun, k\u00f6nnen Sie genug werden.","robots":{"index":"index","follow":"follow","max-snippet":"max-snippet:-1","max-image-preview":"max-image-preview:large","max-video-preview":"max-video-preview:-1"},"canonical":"https:\/\/pornmate.com\/de\/perfectgonzo","og_locale":"de_DE","og_type":"article","og_title":"Perfectgonzo und Liste der besten Pornoseiten | PornMate","og_description":"PerfectGonzo.com ist genau das, was Sie brauchen. Nochmals, nun, dies ist die komplette Website f\u00fcr. Wenn Sie f\u00fcr eine neue Dosis Porno erscheinen, wird Sie das anmachen, sicherlich sehen Sie alle, was Gonzo ist, wenn Sie es tun, k\u00f6nnen Sie genug werden.","og_url":"https:\/\/pornmate.com\/de\/perfectgonzo","og_site_name":"Besten Pornoseiten - Kostenlose Deutsche Pornos | PornMate.com","article_modified_time":"2022-11-24T10:59:25+00:00","twitter_card":"summary_large_image","twitter_misc":{"Gesch\u00e4tzte Lesezeit":"1\u00a0Minute"},"schema":{"@context":"https:\/\/schema.org","@graph":[{"@type":"WebPage","@id":"https:\/\/pornmate.com\/de\/perfectgonzo","url":"https:\/\/pornmate.com\/de\/perfectgonzo","name":"Perfectgonzo und Liste der besten Pornoseiten | PornMate","isPartOf":{"@id":"https:\/\/pornmate.com\/de\/#website"},"datePublished":"2020-03-26T09:23:00+00:00","dateModified":"2022-11-24T10:59:25+00:00","description":"PerfectGonzo.com ist genau das, was Sie brauchen. Nochmals, nun, dies ist die komplette Website f\u00fcr. Wenn Sie f\u00fcr eine neue Dosis Porno erscheinen, wird Sie das anmachen, sicherlich sehen Sie alle, was Gonzo ist, wenn Sie es tun, k\u00f6nnen Sie genug werden.","breadcrumb":{"@id":"https:\/\/pornmate.com\/de\/perfectgonzo#breadcrumb"},"inLanguage":"de","potentialAction":[{"@type":"ReadAction","target":["https:\/\/pornmate.com\/de\/perfectgonzo"]}]},{"@type":"BreadcrumbList","@id":"https:\/\/pornmate.com\/de\/perfectgonzo#breadcrumb","itemListElement":[{"@type":"ListItem","position":1,"name":"Startseite","item":"https:\/\/pornmate.com\/de"},{"@type":"ListItem","position":2,"name":"Perfectgonzo"}]},{"@type":"WebSite","@id":"https:\/\/pornmate.com\/de\/#website","url":"https:\/\/pornmate.com\/de\/","name":"Besten Pornoseiten - Kostenlose Deutsche Pornos | PornMate.com","description":"Kostenlose Pornos, ist Ihr Combo-Verzeichnis der besten gratis Pornoseiten, die Sie finden k\u00f6nnen, und das fantastische Seitenbewertungen, Kostenlose Deutsche sex Biografien von Pornostars und ihre xxx Freie Porno videos unter einem Dach pr\u00e4sentiert.","publisher":{"@id":"https:\/\/pornmate.com\/de\/#organization"},"potentialAction":[{"@type":"SearchAction","target":{"@type":"EntryPoint","urlTemplate":"https:\/\/pornmate.com\/de\/?s={search_term_string}"},"query-input":{"@type":"PropertyValueSpecification","valueRequired":true,"valueName":"search_term_string"}}],"inLanguage":"de"},{"@type":"Organization","@id":"https:\/\/pornmate.com\/de\/#organization","name":"Besten Pornoseiten - Kostenlose Deutsche Pornos | PornMate.com","url":"https:\/\/pornmate.com\/de\/","logo":{"@type":"ImageObject","inLanguage":"de","@id":"https:\/\/pornmate.com\/de\/#\/schema\/logo\/image\/","url":"https:\/\/pornmate.com\/de\/wp-content\/uploads\/2022\/11\/pornmate-1.png","contentUrl":"https:\/\/pornmate.com\/de\/wp-content\/uploads\/2022\/11\/pornmate-1.png","width":203,"height":200,"caption":"Besten Pornoseiten - Kostenlose Deutsche Pornos | PornMate.com"},"image":{"@id":"https:\/\/pornmate.com\/de\/#\/schema\/logo\/image\/"}}]}},"_links":{"self":[{"href":"https:\/\/pornmate.com\/de\/wp-json\/wp\/v2\/pages\/7623","targetHints":{"allow":["GET"]}}],"collection":[{"href":"https:\/\/pornmate.com\/de\/wp-json\/wp\/v2\/pages"}],"about":[{"href":"https:\/\/pornmate.com\/de\/wp-json\/wp\/v2\/types\/page"}],"author":[{"embeddable":true,"href":"https:\/\/pornmate.com\/de\/wp-json\/wp\/v2\/users\/1"}],"replies":[{"embeddable":true,"href":"https:\/\/pornmate.com\/de\/wp-json\/wp\/v2\/comments?post=7623"}],"version-history":[{"count":0,"href":"https:\/\/pornmate.com\/de\/wp-json\/wp\/v2\/pages\/7623\/revisions"}],"wp:attachment":[{"href":"https:\/\/pornmate.com\/de\/wp-json\/wp\/v2\/media?parent=7623"}],"curies":[{"name":"wp","href":"https:\/\/api.w.org\/{rel}","templated":true}]}}