{"id":7625,"date":"2020-03-26T09:25:02","date_gmt":"2020-03-26T09:25:02","guid":{"rendered":"https:\/\/pornmate.com\/?page_id=7625"},"modified":"2022-11-24T11:55:25","modified_gmt":"2022-11-24T10:55:25","slug":"shoplyfter","status":"publish","type":"page","link":"https:\/\/pornmate.com\/de\/shoplyfter","title":{"rendered":"Shoplyfter"},"content":{"rendered":"<p>Shoplyfter.com ist genau das, was Sie brauchen, wenn Sie nach einer originellen thematischen Porno-Website suchen. Wie Sie wissen, verlieren amerikanische Unternehmen j\u00e4hrlich 45 Milliarden Dollar durch geringf\u00fcgige Diebst\u00e4hle. Die Seite wirbt also damit, dass &#8222;Beamte&#8220; alles tun, um Teenager am Stehlen zu hindern. Dazu geh\u00f6rt nat\u00fcrlich, dass Sie sich den Kopf gegen einen Tisch im hinteren Teil des Ladens schlagen. Die ganze Pr\u00e4misse dieses Ortes ist originell und deshalb werden Sie es lieben. Au\u00dferdem bekommst du bei Shoplyfter nur h\u00fcbsche M\u00e4dchen, die du liebst. Und sie scheinen immer unschuldig zu sein, obwohl sie wissen, dass sie gerne Dinge stehlen. Deshalb m\u00fcssen Sie diesen tapferen Offizieren hier bei Shoplyfter.com eine Lektion erteilen. Hier gibt es viele ber\u00fchmte Teenie-Pornostars, darunter Babes wie Riley Reid. Es ist eine einzigartige Seite, also schau es dir an. Ehrlich gesagt besser als alle anderen Pornoseiten f\u00fcr Teenager. Der Hauptgrund ist, dass Sie hier keine Junk-Videos finden. Es ist alles HD-Zeug mit Babes, von denen Sie schon immer getr\u00e4umt haben. Probieren Sie diesen Ort aus, denn wenn Sie es einmal getan haben, werden Sie f\u00fcr immer s\u00fcchtig sein!<\/p>\n","protected":false},"excerpt":{"rendered":"<p>Shoplyfter.com ist genau das, was Sie brauchen, wenn Sie nach einer originellen thematischen Porno-Website suchen. Wie Sie wissen, verlieren amerikanische Unternehmen j\u00e4hrlich 45 Milliarden Dollar durch geringf\u00fcgige Diebst\u00e4hle. Die Seite wirbt also damit, dass &#8222;Beamte&#8220; alles tun, um Teenager am Stehlen zu hindern. Dazu geh\u00f6rt nat\u00fcrlich, dass Sie sich den Kopf gegen einen Tisch im [&hellip;]<\/p>\n","protected":false},"author":1,"featured_media":0,"parent":0,"menu_order":0,"comment_status":"closed","ping_status":"closed","template":"page-star-stil.php","meta":{"footnotes":""},"class_list":["post-7625","page","type-page","status-publish","hentry"],"yoast_head":"<!-- This site is optimized with the Yoast SEO plugin v27.2 - https:\/\/yoast.com\/product\/yoast-seo-wordpress\/ -->\n<title>Shoplyfter und Liste der besten Pornoseiten | PornMate<\/title>\n<meta name=\"description\" content=\"Shoplyfter.com is what you need if you&#039;re looking for a porn website with an original theme.\" \/>\n<meta name=\"robots\" content=\"index, follow, max-snippet:-1, max-image-preview:large, max-video-preview:-1\" \/>\n<link rel=\"canonical\" href=\"https:\/\/pornmate.com\/de\/shoplyfter\" \/>\n<meta property=\"og:locale\" content=\"de_DE\" \/>\n<meta property=\"og:type\" content=\"article\" \/>\n<meta property=\"og:title\" content=\"Shoplyfter und Liste der besten Pornoseiten | PornMate\" \/>\n<meta property=\"og:description\" content=\"Shoplyfter.com is what you need if you&#039;re looking for a porn website with an original theme.\" \/>\n<meta property=\"og:url\" content=\"https:\/\/pornmate.com\/de\/shoplyfter\" \/>\n<meta property=\"og:site_name\" content=\"Besten Pornoseiten - Kostenlose Deutsche Pornos | PornMate.com\" \/>\n<meta property=\"article:modified_time\" content=\"2022-11-24T10:55:25+00:00\" \/>\n<meta name=\"twitter:card\" content=\"summary_large_image\" \/>\n<meta name=\"twitter:label1\" content=\"Gesch\u00e4tzte Lesezeit\" \/>\n\t<meta name=\"twitter:data1\" content=\"2\u00a0Minuten\" \/>\n<script type=\"application\/ld+json\" class=\"yoast-schema-graph\">{\"@context\":\"https:\/\/schema.org\",\"@graph\":[{\"@type\":\"WebPage\",\"@id\":\"https:\/\/pornmate.com\/de\/shoplyfter\",\"url\":\"https:\/\/pornmate.com\/de\/shoplyfter\",\"name\":\"Shoplyfter und Liste der besten Pornoseiten | PornMate\",\"isPartOf\":{\"@id\":\"https:\/\/pornmate.com\/de\/#website\"},\"datePublished\":\"2020-03-26T09:25:02+00:00\",\"dateModified\":\"2022-11-24T10:55:25+00:00\",\"description\":\"Shoplyfter.com is what you need if you're looking for a porn website with an original theme.\",\"breadcrumb\":{\"@id\":\"https:\/\/pornmate.com\/de\/shoplyfter#breadcrumb\"},\"inLanguage\":\"de\",\"potentialAction\":[{\"@type\":\"ReadAction\",\"target\":[\"https:\/\/pornmate.com\/de\/shoplyfter\"]}]},{\"@type\":\"BreadcrumbList\",\"@id\":\"https:\/\/pornmate.com\/de\/shoplyfter#breadcrumb\",\"itemListElement\":[{\"@type\":\"ListItem\",\"position\":1,\"name\":\"Startseite\",\"item\":\"https:\/\/pornmate.com\/de\"},{\"@type\":\"ListItem\",\"position\":2,\"name\":\"Shoplyfter\"}]},{\"@type\":\"WebSite\",\"@id\":\"https:\/\/pornmate.com\/de\/#website\",\"url\":\"https:\/\/pornmate.com\/de\/\",\"name\":\"Besten Pornoseiten - Kostenlose Deutsche Pornos | PornMate.com\",\"description\":\"Kostenlose Pornos, ist Ihr Combo-Verzeichnis der besten gratis Pornoseiten, die Sie finden k\u00f6nnen, und das fantastische Seitenbewertungen, Kostenlose Deutsche sex Biografien von Pornostars und ihre xxx Freie Porno videos unter einem Dach pr\u00e4sentiert.\",\"publisher\":{\"@id\":\"https:\/\/pornmate.com\/de\/#organization\"},\"potentialAction\":[{\"@type\":\"SearchAction\",\"target\":{\"@type\":\"EntryPoint\",\"urlTemplate\":\"https:\/\/pornmate.com\/de\/?s={search_term_string}\"},\"query-input\":{\"@type\":\"PropertyValueSpecification\",\"valueRequired\":true,\"valueName\":\"search_term_string\"}}],\"inLanguage\":\"de\"},{\"@type\":\"Organization\",\"@id\":\"https:\/\/pornmate.com\/de\/#organization\",\"name\":\"Besten Pornoseiten - Kostenlose Deutsche Pornos | PornMate.com\",\"url\":\"https:\/\/pornmate.com\/de\/\",\"logo\":{\"@type\":\"ImageObject\",\"inLanguage\":\"de\",\"@id\":\"https:\/\/pornmate.com\/de\/#\/schema\/logo\/image\/\",\"url\":\"https:\/\/pornmate.com\/de\/wp-content\/uploads\/2022\/11\/pornmate-1.png\",\"contentUrl\":\"https:\/\/pornmate.com\/de\/wp-content\/uploads\/2022\/11\/pornmate-1.png\",\"width\":203,\"height\":200,\"caption\":\"Besten Pornoseiten - Kostenlose Deutsche Pornos | PornMate.com\"},\"image\":{\"@id\":\"https:\/\/pornmate.com\/de\/#\/schema\/logo\/image\/\"}}]}<\/script>\n<!-- \/ Yoast SEO plugin. -->","yoast_head_json":{"title":"Shoplyfter und Liste der besten Pornoseiten | PornMate","description":"Shoplyfter.com is what you need if you're looking for a porn website with an original theme.","robots":{"index":"index","follow":"follow","max-snippet":"max-snippet:-1","max-image-preview":"max-image-preview:large","max-video-preview":"max-video-preview:-1"},"canonical":"https:\/\/pornmate.com\/de\/shoplyfter","og_locale":"de_DE","og_type":"article","og_title":"Shoplyfter und Liste der besten Pornoseiten | PornMate","og_description":"Shoplyfter.com is what you need if you're looking for a porn website with an original theme.","og_url":"https:\/\/pornmate.com\/de\/shoplyfter","og_site_name":"Besten Pornoseiten - Kostenlose Deutsche Pornos | PornMate.com","article_modified_time":"2022-11-24T10:55:25+00:00","twitter_card":"summary_large_image","twitter_misc":{"Gesch\u00e4tzte Lesezeit":"2\u00a0Minuten"},"schema":{"@context":"https:\/\/schema.org","@graph":[{"@type":"WebPage","@id":"https:\/\/pornmate.com\/de\/shoplyfter","url":"https:\/\/pornmate.com\/de\/shoplyfter","name":"Shoplyfter und Liste der besten Pornoseiten | PornMate","isPartOf":{"@id":"https:\/\/pornmate.com\/de\/#website"},"datePublished":"2020-03-26T09:25:02+00:00","dateModified":"2022-11-24T10:55:25+00:00","description":"Shoplyfter.com is what you need if you're looking for a porn website with an original theme.","breadcrumb":{"@id":"https:\/\/pornmate.com\/de\/shoplyfter#breadcrumb"},"inLanguage":"de","potentialAction":[{"@type":"ReadAction","target":["https:\/\/pornmate.com\/de\/shoplyfter"]}]},{"@type":"BreadcrumbList","@id":"https:\/\/pornmate.com\/de\/shoplyfter#breadcrumb","itemListElement":[{"@type":"ListItem","position":1,"name":"Startseite","item":"https:\/\/pornmate.com\/de"},{"@type":"ListItem","position":2,"name":"Shoplyfter"}]},{"@type":"WebSite","@id":"https:\/\/pornmate.com\/de\/#website","url":"https:\/\/pornmate.com\/de\/","name":"Besten Pornoseiten - Kostenlose Deutsche Pornos | PornMate.com","description":"Kostenlose Pornos, ist Ihr Combo-Verzeichnis der besten gratis Pornoseiten, die Sie finden k\u00f6nnen, und das fantastische Seitenbewertungen, Kostenlose Deutsche sex Biografien von Pornostars und ihre xxx Freie Porno videos unter einem Dach pr\u00e4sentiert.","publisher":{"@id":"https:\/\/pornmate.com\/de\/#organization"},"potentialAction":[{"@type":"SearchAction","target":{"@type":"EntryPoint","urlTemplate":"https:\/\/pornmate.com\/de\/?s={search_term_string}"},"query-input":{"@type":"PropertyValueSpecification","valueRequired":true,"valueName":"search_term_string"}}],"inLanguage":"de"},{"@type":"Organization","@id":"https:\/\/pornmate.com\/de\/#organization","name":"Besten Pornoseiten - Kostenlose Deutsche Pornos | PornMate.com","url":"https:\/\/pornmate.com\/de\/","logo":{"@type":"ImageObject","inLanguage":"de","@id":"https:\/\/pornmate.com\/de\/#\/schema\/logo\/image\/","url":"https:\/\/pornmate.com\/de\/wp-content\/uploads\/2022\/11\/pornmate-1.png","contentUrl":"https:\/\/pornmate.com\/de\/wp-content\/uploads\/2022\/11\/pornmate-1.png","width":203,"height":200,"caption":"Besten Pornoseiten - Kostenlose Deutsche Pornos | PornMate.com"},"image":{"@id":"https:\/\/pornmate.com\/de\/#\/schema\/logo\/image\/"}}]}},"_links":{"self":[{"href":"https:\/\/pornmate.com\/de\/wp-json\/wp\/v2\/pages\/7625","targetHints":{"allow":["GET"]}}],"collection":[{"href":"https:\/\/pornmate.com\/de\/wp-json\/wp\/v2\/pages"}],"about":[{"href":"https:\/\/pornmate.com\/de\/wp-json\/wp\/v2\/types\/page"}],"author":[{"embeddable":true,"href":"https:\/\/pornmate.com\/de\/wp-json\/wp\/v2\/users\/1"}],"replies":[{"embeddable":true,"href":"https:\/\/pornmate.com\/de\/wp-json\/wp\/v2\/comments?post=7625"}],"version-history":[{"count":0,"href":"https:\/\/pornmate.com\/de\/wp-json\/wp\/v2\/pages\/7625\/revisions"}],"wp:attachment":[{"href":"https:\/\/pornmate.com\/de\/wp-json\/wp\/v2\/media?parent=7625"}],"curies":[{"name":"wp","href":"https:\/\/api.w.org\/{rel}","templated":true}]}}