{"id":7627,"date":"2020-03-26T09:27:39","date_gmt":"2020-03-26T09:27:39","guid":{"rendered":"https:\/\/pornmate.com\/?page_id=7627"},"modified":"2022-11-24T11:54:32","modified_gmt":"2022-11-24T10:54:32","slug":"21sextury","status":"publish","type":"page","link":"https:\/\/pornmate.com\/de\/21sextury","title":{"rendered":"21sextury"},"content":{"rendered":"<p>21Sextury.com ist eine der besten Euro-Premium-Pornoseiten, die das Internet zu bieten hat, und ist vollgepackt mit hei\u00dfen Pornostars wie Aleska Diamond, Aletta Ocean, Blue Angel, Valentina Nappi und vielen mehr. Es umfasst Dutzende verschiedener Pornokategorien, um nur einige zu nennen, Arschsperre, Teenager, MILFs, kleine Titten, gro\u00dfe Muschi, Anal, Doppelpenetration, Muschilecken, Blowjobs, Teenager, gro\u00dfe Titten, nat\u00fcrliche Titten und enge Muschi. Neben allen Kategorien hat 21Sextury auch mehr als 30 TV-Serien, 21 Sextreme- und 21 Naturals-Privatstudios. Diejenigen, die sich entscheiden, dieser Website beizutreten, k\u00f6nnen damit rechnen, ein t\u00e4gliches Update mit schlechten Pornovideos von \u00fcber 50 Websites im Internet zu erhalten, und das f\u00fcr nur 19,95 $ pro Monat. Diejenigen, die es zuerst versuchen m\u00f6chten, k\u00f6nnen eine dreit\u00e4gige Testphase f\u00fcr nur 2,95 $ pro Monat haben, w\u00e4hrend diejenigen, die wissen, was sie wollen, eine j\u00e4hrliche Mitgliedschaft f\u00fcr nur 119,40 $ erwerben k\u00f6nnen. Dies w\u00e4re wahrscheinlich das beste Angebot, denn wenn Sie es einmal ausprobiert haben, werden Sie es nie wieder aus der Hand legen k\u00f6nnen.<\/p>\n","protected":false},"excerpt":{"rendered":"<p>21Sextury.com ist eine der besten Euro-Premium-Pornoseiten, die das Internet zu bieten hat, und ist vollgepackt mit hei\u00dfen Pornostars wie Aleska Diamond, Aletta Ocean, Blue Angel, Valentina Nappi und vielen mehr. Es umfasst Dutzende verschiedener Pornokategorien, um nur einige zu nennen, Arschsperre, Teenager, MILFs, kleine Titten, gro\u00dfe Muschi, Anal, Doppelpenetration, Muschilecken, Blowjobs, Teenager, gro\u00dfe Titten, nat\u00fcrliche [&hellip;]<\/p>\n","protected":false},"author":1,"featured_media":0,"parent":0,"menu_order":0,"comment_status":"closed","ping_status":"closed","template":"page-star-stil.php","meta":{"footnotes":""},"class_list":["post-7627","page","type-page","status-publish","hentry"],"yoast_head":"<!-- This site is optimized with the Yoast SEO plugin v27.2 - https:\/\/yoast.com\/product\/yoast-seo-wordpress\/ -->\n<title>21sextury und Liste der besten Pornoseiten | PornMate<\/title>\n<meta name=\"description\" content=\"21Sextury.com ist eine der besten Euro-Premium-Pornoseiten, die das Internet zu bieten hat, und ist vollgepackt mit hei\u00dfen Pornostars wie Aleska Diamond, Aletta Ocean, Blue Angel, Valentina Nappi und vielen mehr.\" \/>\n<meta name=\"robots\" content=\"index, follow, max-snippet:-1, max-image-preview:large, max-video-preview:-1\" \/>\n<link rel=\"canonical\" href=\"https:\/\/pornmate.com\/de\/21sextury\" \/>\n<meta property=\"og:locale\" content=\"de_DE\" \/>\n<meta property=\"og:type\" content=\"article\" \/>\n<meta property=\"og:title\" content=\"21sextury und Liste der besten Pornoseiten | PornMate\" \/>\n<meta property=\"og:description\" content=\"21Sextury.com ist eine der besten Euro-Premium-Pornoseiten, die das Internet zu bieten hat, und ist vollgepackt mit hei\u00dfen Pornostars wie Aleska Diamond, Aletta Ocean, Blue Angel, Valentina Nappi und vielen mehr.\" \/>\n<meta property=\"og:url\" content=\"https:\/\/pornmate.com\/de\/21sextury\" \/>\n<meta property=\"og:site_name\" content=\"Besten Pornoseiten - Kostenlose Deutsche Pornos | PornMate.com\" \/>\n<meta property=\"article:modified_time\" content=\"2022-11-24T10:54:32+00:00\" \/>\n<meta name=\"twitter:card\" content=\"summary_large_image\" \/>\n<meta name=\"twitter:label1\" content=\"Gesch\u00e4tzte Lesezeit\" \/>\n\t<meta name=\"twitter:data1\" content=\"1\u00a0Minute\" \/>\n<script type=\"application\/ld+json\" class=\"yoast-schema-graph\">{\"@context\":\"https:\/\/schema.org\",\"@graph\":[{\"@type\":\"WebPage\",\"@id\":\"https:\/\/pornmate.com\/de\/21sextury\",\"url\":\"https:\/\/pornmate.com\/de\/21sextury\",\"name\":\"21sextury und Liste der besten Pornoseiten | PornMate\",\"isPartOf\":{\"@id\":\"https:\/\/pornmate.com\/de\/#website\"},\"datePublished\":\"2020-03-26T09:27:39+00:00\",\"dateModified\":\"2022-11-24T10:54:32+00:00\",\"description\":\"21Sextury.com ist eine der besten Euro-Premium-Pornoseiten, die das Internet zu bieten hat, und ist vollgepackt mit hei\u00dfen Pornostars wie Aleska Diamond, Aletta Ocean, Blue Angel, Valentina Nappi und vielen mehr.\",\"breadcrumb\":{\"@id\":\"https:\/\/pornmate.com\/de\/21sextury#breadcrumb\"},\"inLanguage\":\"de\",\"potentialAction\":[{\"@type\":\"ReadAction\",\"target\":[\"https:\/\/pornmate.com\/de\/21sextury\"]}]},{\"@type\":\"BreadcrumbList\",\"@id\":\"https:\/\/pornmate.com\/de\/21sextury#breadcrumb\",\"itemListElement\":[{\"@type\":\"ListItem\",\"position\":1,\"name\":\"Startseite\",\"item\":\"https:\/\/pornmate.com\/de\"},{\"@type\":\"ListItem\",\"position\":2,\"name\":\"21sextury\"}]},{\"@type\":\"WebSite\",\"@id\":\"https:\/\/pornmate.com\/de\/#website\",\"url\":\"https:\/\/pornmate.com\/de\/\",\"name\":\"Besten Pornoseiten - Kostenlose Deutsche Pornos | PornMate.com\",\"description\":\"Kostenlose Pornos, ist Ihr Combo-Verzeichnis der besten gratis Pornoseiten, die Sie finden k\u00f6nnen, und das fantastische Seitenbewertungen, Kostenlose Deutsche sex Biografien von Pornostars und ihre xxx Freie Porno videos unter einem Dach pr\u00e4sentiert.\",\"publisher\":{\"@id\":\"https:\/\/pornmate.com\/de\/#organization\"},\"potentialAction\":[{\"@type\":\"SearchAction\",\"target\":{\"@type\":\"EntryPoint\",\"urlTemplate\":\"https:\/\/pornmate.com\/de\/?s={search_term_string}\"},\"query-input\":{\"@type\":\"PropertyValueSpecification\",\"valueRequired\":true,\"valueName\":\"search_term_string\"}}],\"inLanguage\":\"de\"},{\"@type\":\"Organization\",\"@id\":\"https:\/\/pornmate.com\/de\/#organization\",\"name\":\"Besten Pornoseiten - Kostenlose Deutsche Pornos | PornMate.com\",\"url\":\"https:\/\/pornmate.com\/de\/\",\"logo\":{\"@type\":\"ImageObject\",\"inLanguage\":\"de\",\"@id\":\"https:\/\/pornmate.com\/de\/#\/schema\/logo\/image\/\",\"url\":\"https:\/\/pornmate.com\/de\/wp-content\/uploads\/2022\/11\/pornmate-1.png\",\"contentUrl\":\"https:\/\/pornmate.com\/de\/wp-content\/uploads\/2022\/11\/pornmate-1.png\",\"width\":203,\"height\":200,\"caption\":\"Besten Pornoseiten - Kostenlose Deutsche Pornos | PornMate.com\"},\"image\":{\"@id\":\"https:\/\/pornmate.com\/de\/#\/schema\/logo\/image\/\"}}]}<\/script>\n<!-- \/ Yoast SEO plugin. -->","yoast_head_json":{"title":"21sextury und Liste der besten Pornoseiten | PornMate","description":"21Sextury.com ist eine der besten Euro-Premium-Pornoseiten, die das Internet zu bieten hat, und ist vollgepackt mit hei\u00dfen Pornostars wie Aleska Diamond, Aletta Ocean, Blue Angel, Valentina Nappi und vielen mehr.","robots":{"index":"index","follow":"follow","max-snippet":"max-snippet:-1","max-image-preview":"max-image-preview:large","max-video-preview":"max-video-preview:-1"},"canonical":"https:\/\/pornmate.com\/de\/21sextury","og_locale":"de_DE","og_type":"article","og_title":"21sextury und Liste der besten Pornoseiten | PornMate","og_description":"21Sextury.com ist eine der besten Euro-Premium-Pornoseiten, die das Internet zu bieten hat, und ist vollgepackt mit hei\u00dfen Pornostars wie Aleska Diamond, Aletta Ocean, Blue Angel, Valentina Nappi und vielen mehr.","og_url":"https:\/\/pornmate.com\/de\/21sextury","og_site_name":"Besten Pornoseiten - Kostenlose Deutsche Pornos | PornMate.com","article_modified_time":"2022-11-24T10:54:32+00:00","twitter_card":"summary_large_image","twitter_misc":{"Gesch\u00e4tzte Lesezeit":"1\u00a0Minute"},"schema":{"@context":"https:\/\/schema.org","@graph":[{"@type":"WebPage","@id":"https:\/\/pornmate.com\/de\/21sextury","url":"https:\/\/pornmate.com\/de\/21sextury","name":"21sextury und Liste der besten Pornoseiten | PornMate","isPartOf":{"@id":"https:\/\/pornmate.com\/de\/#website"},"datePublished":"2020-03-26T09:27:39+00:00","dateModified":"2022-11-24T10:54:32+00:00","description":"21Sextury.com ist eine der besten Euro-Premium-Pornoseiten, die das Internet zu bieten hat, und ist vollgepackt mit hei\u00dfen Pornostars wie Aleska Diamond, Aletta Ocean, Blue Angel, Valentina Nappi und vielen mehr.","breadcrumb":{"@id":"https:\/\/pornmate.com\/de\/21sextury#breadcrumb"},"inLanguage":"de","potentialAction":[{"@type":"ReadAction","target":["https:\/\/pornmate.com\/de\/21sextury"]}]},{"@type":"BreadcrumbList","@id":"https:\/\/pornmate.com\/de\/21sextury#breadcrumb","itemListElement":[{"@type":"ListItem","position":1,"name":"Startseite","item":"https:\/\/pornmate.com\/de"},{"@type":"ListItem","position":2,"name":"21sextury"}]},{"@type":"WebSite","@id":"https:\/\/pornmate.com\/de\/#website","url":"https:\/\/pornmate.com\/de\/","name":"Besten Pornoseiten - Kostenlose Deutsche Pornos | PornMate.com","description":"Kostenlose Pornos, ist Ihr Combo-Verzeichnis der besten gratis Pornoseiten, die Sie finden k\u00f6nnen, und das fantastische Seitenbewertungen, Kostenlose Deutsche sex Biografien von Pornostars und ihre xxx Freie Porno videos unter einem Dach pr\u00e4sentiert.","publisher":{"@id":"https:\/\/pornmate.com\/de\/#organization"},"potentialAction":[{"@type":"SearchAction","target":{"@type":"EntryPoint","urlTemplate":"https:\/\/pornmate.com\/de\/?s={search_term_string}"},"query-input":{"@type":"PropertyValueSpecification","valueRequired":true,"valueName":"search_term_string"}}],"inLanguage":"de"},{"@type":"Organization","@id":"https:\/\/pornmate.com\/de\/#organization","name":"Besten Pornoseiten - Kostenlose Deutsche Pornos | PornMate.com","url":"https:\/\/pornmate.com\/de\/","logo":{"@type":"ImageObject","inLanguage":"de","@id":"https:\/\/pornmate.com\/de\/#\/schema\/logo\/image\/","url":"https:\/\/pornmate.com\/de\/wp-content\/uploads\/2022\/11\/pornmate-1.png","contentUrl":"https:\/\/pornmate.com\/de\/wp-content\/uploads\/2022\/11\/pornmate-1.png","width":203,"height":200,"caption":"Besten Pornoseiten - Kostenlose Deutsche Pornos | PornMate.com"},"image":{"@id":"https:\/\/pornmate.com\/de\/#\/schema\/logo\/image\/"}}]}},"_links":{"self":[{"href":"https:\/\/pornmate.com\/de\/wp-json\/wp\/v2\/pages\/7627","targetHints":{"allow":["GET"]}}],"collection":[{"href":"https:\/\/pornmate.com\/de\/wp-json\/wp\/v2\/pages"}],"about":[{"href":"https:\/\/pornmate.com\/de\/wp-json\/wp\/v2\/types\/page"}],"author":[{"embeddable":true,"href":"https:\/\/pornmate.com\/de\/wp-json\/wp\/v2\/users\/1"}],"replies":[{"embeddable":true,"href":"https:\/\/pornmate.com\/de\/wp-json\/wp\/v2\/comments?post=7627"}],"version-history":[{"count":0,"href":"https:\/\/pornmate.com\/de\/wp-json\/wp\/v2\/pages\/7627\/revisions"}],"wp:attachment":[{"href":"https:\/\/pornmate.com\/de\/wp-json\/wp\/v2\/media?parent=7627"}],"curies":[{"name":"wp","href":"https:\/\/api.w.org\/{rel}","templated":true}]}}