{"id":7629,"date":"2020-03-26T09:29:50","date_gmt":"2020-03-26T09:29:50","guid":{"rendered":"https:\/\/pornmate.com\/?page_id=7629"},"modified":"2022-11-24T11:53:29","modified_gmt":"2022-11-24T10:53:29","slug":"pornpros","status":"publish","type":"page","link":"https:\/\/pornmate.com\/de\/pornpros","title":{"rendered":"Pornpros"},"content":{"rendered":"<p>PornPros.com ist eine dieser extrem teuren Pornoseiten, auf denen Sie sehen k\u00f6nnen, wie sch\u00f6ne Dienstm\u00e4dchen gefickt werden, im Gegensatz zu zahlreichen anderen Seiten, die ihre Geb\u00fchren von anderen Websites verlangen, auf PornPros filmen sie M\u00e4dchen selbst. Aus diesem Grund hat diese Seite spezielle Inhalte, die nur schwer irgendwo anders auf der Falle zu erkennen sind. F\u00fcr genau 30 US-Dollar im Monat k\u00f6nnen Sie beobachten, wie Pornostars wie Jean sich ausziehen und ihren hei\u00dfen K\u00f6rper erkunden, w\u00e4hrend sie ihre Beine spreizen und wie ein schelmisches Cowgirl einen monumentalen Schwanz reiten. Die Videos auf PornPros.com k\u00f6nnen auf jedem Ger\u00e4t angesehen und heruntergeladen werden, und f\u00fcr alle Effekte, die sie haben k\u00f6nnen, haben sie eine Kundenbindung rund um die Uhr. Wenn Sie Mitglied bei PornPros werden, haben Sie au\u00dferdem Zugriff auf 24 andere Websites sowie Rabatte auf zahlreiche andere Kumpelpl\u00e4tze. Die Szenen bei PornPros.com sind in 33 Kategorien unterteilt. Egal, ob Sie Amateurlehrlingen dabei zusehen m\u00f6chten, wie sie ihre Ungezogenheit zum Ausdruck bringen, oder ob Sie sch\u00e4bigen MILFs einen runterholen, die sich gerne vor einer Webcam ausziehen, Sie k\u00f6nnen sicher sein, dass Sie genau das erkennen, was Sie wollen und was Sie wollen brauchen.<\/p>\n","protected":false},"excerpt":{"rendered":"<p>PornPros.com ist eine dieser extrem teuren Pornoseiten, auf denen Sie sehen k\u00f6nnen, wie sch\u00f6ne Dienstm\u00e4dchen gefickt werden, im Gegensatz zu zahlreichen anderen Seiten, die ihre Geb\u00fchren von anderen Websites verlangen, auf PornPros filmen sie M\u00e4dchen selbst. Aus diesem Grund hat diese Seite spezielle Inhalte, die nur schwer irgendwo anders auf der Falle zu erkennen sind. [&hellip;]<\/p>\n","protected":false},"author":1,"featured_media":0,"parent":0,"menu_order":0,"comment_status":"closed","ping_status":"closed","template":"page-star-stil.php","meta":{"footnotes":""},"class_list":["post-7629","page","type-page","status-publish","hentry"],"yoast_head":"<!-- This site is optimized with the Yoast SEO plugin v27.2 - https:\/\/yoast.com\/product\/yoast-seo-wordpress\/ -->\n<title>Pornpros und Liste der besten Pornoseiten | PornMate<\/title>\n<meta name=\"description\" content=\"PornPros.com ist eine dieser extrem teuren Pornoseiten, auf denen Sie sehen k\u00f6nnen, wie sch\u00f6ne Dienstm\u00e4dchen gefickt werden, im Gegensatz zu zahlreichen anderen Seiten, die ihre Geb\u00fchren von anderen Websites verlangen, auf PornPros filmen sie M\u00e4dchen selbst.\" \/>\n<meta name=\"robots\" content=\"index, follow, max-snippet:-1, max-image-preview:large, max-video-preview:-1\" \/>\n<link rel=\"canonical\" href=\"https:\/\/pornmate.com\/de\/pornpros\" \/>\n<meta property=\"og:locale\" content=\"de_DE\" \/>\n<meta property=\"og:type\" content=\"article\" \/>\n<meta property=\"og:title\" content=\"Pornpros und Liste der besten Pornoseiten | PornMate\" \/>\n<meta property=\"og:description\" content=\"PornPros.com ist eine dieser extrem teuren Pornoseiten, auf denen Sie sehen k\u00f6nnen, wie sch\u00f6ne Dienstm\u00e4dchen gefickt werden, im Gegensatz zu zahlreichen anderen Seiten, die ihre Geb\u00fchren von anderen Websites verlangen, auf PornPros filmen sie M\u00e4dchen selbst.\" \/>\n<meta property=\"og:url\" content=\"https:\/\/pornmate.com\/de\/pornpros\" \/>\n<meta property=\"og:site_name\" content=\"Besten Pornoseiten - Kostenlose Deutsche Pornos | PornMate.com\" \/>\n<meta property=\"article:modified_time\" content=\"2022-11-24T10:53:29+00:00\" \/>\n<meta name=\"twitter:card\" content=\"summary_large_image\" \/>\n<meta name=\"twitter:label1\" content=\"Gesch\u00e4tzte Lesezeit\" \/>\n\t<meta name=\"twitter:data1\" content=\"2\u00a0Minuten\" \/>\n<script type=\"application\/ld+json\" class=\"yoast-schema-graph\">{\"@context\":\"https:\/\/schema.org\",\"@graph\":[{\"@type\":\"WebPage\",\"@id\":\"https:\/\/pornmate.com\/de\/pornpros\",\"url\":\"https:\/\/pornmate.com\/de\/pornpros\",\"name\":\"Pornpros und Liste der besten Pornoseiten | PornMate\",\"isPartOf\":{\"@id\":\"https:\/\/pornmate.com\/de\/#website\"},\"datePublished\":\"2020-03-26T09:29:50+00:00\",\"dateModified\":\"2022-11-24T10:53:29+00:00\",\"description\":\"PornPros.com ist eine dieser extrem teuren Pornoseiten, auf denen Sie sehen k\u00f6nnen, wie sch\u00f6ne Dienstm\u00e4dchen gefickt werden, im Gegensatz zu zahlreichen anderen Seiten, die ihre Geb\u00fchren von anderen Websites verlangen, auf PornPros filmen sie M\u00e4dchen selbst.\",\"breadcrumb\":{\"@id\":\"https:\/\/pornmate.com\/de\/pornpros#breadcrumb\"},\"inLanguage\":\"de\",\"potentialAction\":[{\"@type\":\"ReadAction\",\"target\":[\"https:\/\/pornmate.com\/de\/pornpros\"]}]},{\"@type\":\"BreadcrumbList\",\"@id\":\"https:\/\/pornmate.com\/de\/pornpros#breadcrumb\",\"itemListElement\":[{\"@type\":\"ListItem\",\"position\":1,\"name\":\"Startseite\",\"item\":\"https:\/\/pornmate.com\/de\"},{\"@type\":\"ListItem\",\"position\":2,\"name\":\"Pornpros\"}]},{\"@type\":\"WebSite\",\"@id\":\"https:\/\/pornmate.com\/de\/#website\",\"url\":\"https:\/\/pornmate.com\/de\/\",\"name\":\"Besten Pornoseiten - Kostenlose Deutsche Pornos | PornMate.com\",\"description\":\"Kostenlose Pornos, ist Ihr Combo-Verzeichnis der besten gratis Pornoseiten, die Sie finden k\u00f6nnen, und das fantastische Seitenbewertungen, Kostenlose Deutsche sex Biografien von Pornostars und ihre xxx Freie Porno videos unter einem Dach pr\u00e4sentiert.\",\"publisher\":{\"@id\":\"https:\/\/pornmate.com\/de\/#organization\"},\"potentialAction\":[{\"@type\":\"SearchAction\",\"target\":{\"@type\":\"EntryPoint\",\"urlTemplate\":\"https:\/\/pornmate.com\/de\/?s={search_term_string}\"},\"query-input\":{\"@type\":\"PropertyValueSpecification\",\"valueRequired\":true,\"valueName\":\"search_term_string\"}}],\"inLanguage\":\"de\"},{\"@type\":\"Organization\",\"@id\":\"https:\/\/pornmate.com\/de\/#organization\",\"name\":\"Besten Pornoseiten - Kostenlose Deutsche Pornos | PornMate.com\",\"url\":\"https:\/\/pornmate.com\/de\/\",\"logo\":{\"@type\":\"ImageObject\",\"inLanguage\":\"de\",\"@id\":\"https:\/\/pornmate.com\/de\/#\/schema\/logo\/image\/\",\"url\":\"https:\/\/pornmate.com\/de\/wp-content\/uploads\/2022\/11\/pornmate-1.png\",\"contentUrl\":\"https:\/\/pornmate.com\/de\/wp-content\/uploads\/2022\/11\/pornmate-1.png\",\"width\":203,\"height\":200,\"caption\":\"Besten Pornoseiten - Kostenlose Deutsche Pornos | PornMate.com\"},\"image\":{\"@id\":\"https:\/\/pornmate.com\/de\/#\/schema\/logo\/image\/\"}}]}<\/script>\n<!-- \/ Yoast SEO plugin. -->","yoast_head_json":{"title":"Pornpros und Liste der besten Pornoseiten | PornMate","description":"PornPros.com ist eine dieser extrem teuren Pornoseiten, auf denen Sie sehen k\u00f6nnen, wie sch\u00f6ne Dienstm\u00e4dchen gefickt werden, im Gegensatz zu zahlreichen anderen Seiten, die ihre Geb\u00fchren von anderen Websites verlangen, auf PornPros filmen sie M\u00e4dchen selbst.","robots":{"index":"index","follow":"follow","max-snippet":"max-snippet:-1","max-image-preview":"max-image-preview:large","max-video-preview":"max-video-preview:-1"},"canonical":"https:\/\/pornmate.com\/de\/pornpros","og_locale":"de_DE","og_type":"article","og_title":"Pornpros und Liste der besten Pornoseiten | PornMate","og_description":"PornPros.com ist eine dieser extrem teuren Pornoseiten, auf denen Sie sehen k\u00f6nnen, wie sch\u00f6ne Dienstm\u00e4dchen gefickt werden, im Gegensatz zu zahlreichen anderen Seiten, die ihre Geb\u00fchren von anderen Websites verlangen, auf PornPros filmen sie M\u00e4dchen selbst.","og_url":"https:\/\/pornmate.com\/de\/pornpros","og_site_name":"Besten Pornoseiten - Kostenlose Deutsche Pornos | PornMate.com","article_modified_time":"2022-11-24T10:53:29+00:00","twitter_card":"summary_large_image","twitter_misc":{"Gesch\u00e4tzte Lesezeit":"2\u00a0Minuten"},"schema":{"@context":"https:\/\/schema.org","@graph":[{"@type":"WebPage","@id":"https:\/\/pornmate.com\/de\/pornpros","url":"https:\/\/pornmate.com\/de\/pornpros","name":"Pornpros und Liste der besten Pornoseiten | PornMate","isPartOf":{"@id":"https:\/\/pornmate.com\/de\/#website"},"datePublished":"2020-03-26T09:29:50+00:00","dateModified":"2022-11-24T10:53:29+00:00","description":"PornPros.com ist eine dieser extrem teuren Pornoseiten, auf denen Sie sehen k\u00f6nnen, wie sch\u00f6ne Dienstm\u00e4dchen gefickt werden, im Gegensatz zu zahlreichen anderen Seiten, die ihre Geb\u00fchren von anderen Websites verlangen, auf PornPros filmen sie M\u00e4dchen selbst.","breadcrumb":{"@id":"https:\/\/pornmate.com\/de\/pornpros#breadcrumb"},"inLanguage":"de","potentialAction":[{"@type":"ReadAction","target":["https:\/\/pornmate.com\/de\/pornpros"]}]},{"@type":"BreadcrumbList","@id":"https:\/\/pornmate.com\/de\/pornpros#breadcrumb","itemListElement":[{"@type":"ListItem","position":1,"name":"Startseite","item":"https:\/\/pornmate.com\/de"},{"@type":"ListItem","position":2,"name":"Pornpros"}]},{"@type":"WebSite","@id":"https:\/\/pornmate.com\/de\/#website","url":"https:\/\/pornmate.com\/de\/","name":"Besten Pornoseiten - Kostenlose Deutsche Pornos | PornMate.com","description":"Kostenlose Pornos, ist Ihr Combo-Verzeichnis der besten gratis Pornoseiten, die Sie finden k\u00f6nnen, und das fantastische Seitenbewertungen, Kostenlose Deutsche sex Biografien von Pornostars und ihre xxx Freie Porno videos unter einem Dach pr\u00e4sentiert.","publisher":{"@id":"https:\/\/pornmate.com\/de\/#organization"},"potentialAction":[{"@type":"SearchAction","target":{"@type":"EntryPoint","urlTemplate":"https:\/\/pornmate.com\/de\/?s={search_term_string}"},"query-input":{"@type":"PropertyValueSpecification","valueRequired":true,"valueName":"search_term_string"}}],"inLanguage":"de"},{"@type":"Organization","@id":"https:\/\/pornmate.com\/de\/#organization","name":"Besten Pornoseiten - Kostenlose Deutsche Pornos | PornMate.com","url":"https:\/\/pornmate.com\/de\/","logo":{"@type":"ImageObject","inLanguage":"de","@id":"https:\/\/pornmate.com\/de\/#\/schema\/logo\/image\/","url":"https:\/\/pornmate.com\/de\/wp-content\/uploads\/2022\/11\/pornmate-1.png","contentUrl":"https:\/\/pornmate.com\/de\/wp-content\/uploads\/2022\/11\/pornmate-1.png","width":203,"height":200,"caption":"Besten Pornoseiten - Kostenlose Deutsche Pornos | PornMate.com"},"image":{"@id":"https:\/\/pornmate.com\/de\/#\/schema\/logo\/image\/"}}]}},"_links":{"self":[{"href":"https:\/\/pornmate.com\/de\/wp-json\/wp\/v2\/pages\/7629","targetHints":{"allow":["GET"]}}],"collection":[{"href":"https:\/\/pornmate.com\/de\/wp-json\/wp\/v2\/pages"}],"about":[{"href":"https:\/\/pornmate.com\/de\/wp-json\/wp\/v2\/types\/page"}],"author":[{"embeddable":true,"href":"https:\/\/pornmate.com\/de\/wp-json\/wp\/v2\/users\/1"}],"replies":[{"embeddable":true,"href":"https:\/\/pornmate.com\/de\/wp-json\/wp\/v2\/comments?post=7629"}],"version-history":[{"count":0,"href":"https:\/\/pornmate.com\/de\/wp-json\/wp\/v2\/pages\/7629\/revisions"}],"wp:attachment":[{"href":"https:\/\/pornmate.com\/de\/wp-json\/wp\/v2\/media?parent=7629"}],"curies":[{"name":"wp","href":"https:\/\/api.w.org\/{rel}","templated":true}]}}