{"id":7631,"date":"2020-03-26T09:33:09","date_gmt":"2020-03-26T09:33:09","guid":{"rendered":"https:\/\/pornmate.com\/?page_id=7631"},"modified":"2022-11-25T10:12:58","modified_gmt":"2022-11-25T09:12:58","slug":"realgfporn","status":"publish","type":"page","link":"https:\/\/pornmate.com\/de\/realgfporn","title":{"rendered":"Realgfporn"},"content":{"rendered":"<p>RealGFPorn.com ist eine dieser Amateur-Pornoseiten, auf denen Sie ungezogene M\u00e4dchen kostenlos vor der Kamera sehen k\u00f6nnen. Die meisten M\u00e4dchen, die Sie auf RealGFPorn beim Ficken sehen k\u00f6nnen, sind Amateure, aber es gibt einige echte Pornostars wie Riley Reid. Oben auf der ersten Seite dieser Website befinden sich Registerkarten, die Sie zu Partnerseiten wie PornABC.com, MyGFPorn.com, Pay-Porn.com, Best-Porn-Games.com und WatchMyGF.be f\u00fchren. Der Live-Sex-Tab hat einen Link zu Chaturbate.com, einer der besten Websites, wenn es um Live-Sex-Cams geht. Neben Videos kannst du dir auf RealGFPorn.com auch ein paar versaute Bilder ansehen. Beide sind in 64 verschiedene Kategorien unterteilt, so dass Sie sicher finden, was Sie wollen, was auch immer Ihr Pornogeschmack ist. Wenn Sie Anal lieben, gibt es Hunderte von Hentai-Videos, die nur f\u00fcr Sie erstellt wurden. Ich habe. Wenn Sie Voyeurszenen m\u00f6gen, in denen Sie sich vorstellen, zwei (oder mehr) Personen heimlich beim Sex zuzusehen, hat RealGFPorn auch etwas f\u00fcr Sie. Jeden Tag besuchen immer mehr Leute diese Seite. Bitte sehen Sie, warum wir hier sind.<\/p>\n","protected":false},"excerpt":{"rendered":"<p>RealGFPorn.com ist eine dieser Amateur-Pornoseiten, auf denen Sie ungezogene M\u00e4dchen kostenlos vor der Kamera sehen k\u00f6nnen. Die meisten M\u00e4dchen, die Sie auf RealGFPorn beim Ficken sehen k\u00f6nnen, sind Amateure, aber es gibt einige echte Pornostars wie Riley Reid. Oben auf der ersten Seite dieser Website befinden sich Registerkarten, die Sie zu Partnerseiten wie PornABC.com, MyGFPorn.com, [&hellip;]<\/p>\n","protected":false},"author":1,"featured_media":0,"parent":0,"menu_order":0,"comment_status":"closed","ping_status":"closed","template":"page-star-stil.php","meta":{"footnotes":""},"class_list":["post-7631","page","type-page","status-publish","hentry"],"yoast_head":"<!-- This site is optimized with the Yoast SEO plugin v27.2 - https:\/\/yoast.com\/product\/yoast-seo-wordpress\/ -->\n<title>Realgfporn und Liste der besten Pornoseiten | PornMate<\/title>\n<meta name=\"description\" content=\"RealGFPorn.com is one of the amateur porn sites on which you can enjoy watching naughty girls being dirty in front of the camera for free.\" \/>\n<meta name=\"robots\" content=\"index, follow, max-snippet:-1, max-image-preview:large, max-video-preview:-1\" \/>\n<link rel=\"canonical\" href=\"https:\/\/pornmate.com\/de\/realgfporn\" \/>\n<meta property=\"og:locale\" content=\"de_DE\" \/>\n<meta property=\"og:type\" content=\"article\" \/>\n<meta property=\"og:title\" content=\"Realgfporn und Liste der besten Pornoseiten | PornMate\" \/>\n<meta property=\"og:description\" content=\"RealGFPorn.com is one of the amateur porn sites on which you can enjoy watching naughty girls being dirty in front of the camera for free.\" \/>\n<meta property=\"og:url\" content=\"https:\/\/pornmate.com\/de\/realgfporn\" \/>\n<meta property=\"og:site_name\" content=\"Besten Pornoseiten - Kostenlose Deutsche Pornos | PornMate.com\" \/>\n<meta property=\"article:modified_time\" content=\"2022-11-25T09:12:58+00:00\" \/>\n<meta name=\"twitter:card\" content=\"summary_large_image\" \/>\n<meta name=\"twitter:label1\" content=\"Gesch\u00e4tzte Lesezeit\" \/>\n\t<meta name=\"twitter:data1\" content=\"1\u00a0Minute\" \/>\n<script type=\"application\/ld+json\" class=\"yoast-schema-graph\">{\"@context\":\"https:\/\/schema.org\",\"@graph\":[{\"@type\":\"WebPage\",\"@id\":\"https:\/\/pornmate.com\/de\/realgfporn\",\"url\":\"https:\/\/pornmate.com\/de\/realgfporn\",\"name\":\"Realgfporn und Liste der besten Pornoseiten | PornMate\",\"isPartOf\":{\"@id\":\"https:\/\/pornmate.com\/de\/#website\"},\"datePublished\":\"2020-03-26T09:33:09+00:00\",\"dateModified\":\"2022-11-25T09:12:58+00:00\",\"description\":\"RealGFPorn.com is one of the amateur porn sites on which you can enjoy watching naughty girls being dirty in front of the camera for free.\",\"breadcrumb\":{\"@id\":\"https:\/\/pornmate.com\/de\/realgfporn#breadcrumb\"},\"inLanguage\":\"de\",\"potentialAction\":[{\"@type\":\"ReadAction\",\"target\":[\"https:\/\/pornmate.com\/de\/realgfporn\"]}]},{\"@type\":\"BreadcrumbList\",\"@id\":\"https:\/\/pornmate.com\/de\/realgfporn#breadcrumb\",\"itemListElement\":[{\"@type\":\"ListItem\",\"position\":1,\"name\":\"Startseite\",\"item\":\"https:\/\/pornmate.com\/de\"},{\"@type\":\"ListItem\",\"position\":2,\"name\":\"Realgfporn\"}]},{\"@type\":\"WebSite\",\"@id\":\"https:\/\/pornmate.com\/de\/#website\",\"url\":\"https:\/\/pornmate.com\/de\/\",\"name\":\"Besten Pornoseiten - Kostenlose Deutsche Pornos | PornMate.com\",\"description\":\"Kostenlose Pornos, ist Ihr Combo-Verzeichnis der besten gratis Pornoseiten, die Sie finden k\u00f6nnen, und das fantastische Seitenbewertungen, Kostenlose Deutsche sex Biografien von Pornostars und ihre xxx Freie Porno videos unter einem Dach pr\u00e4sentiert.\",\"publisher\":{\"@id\":\"https:\/\/pornmate.com\/de\/#organization\"},\"potentialAction\":[{\"@type\":\"SearchAction\",\"target\":{\"@type\":\"EntryPoint\",\"urlTemplate\":\"https:\/\/pornmate.com\/de\/?s={search_term_string}\"},\"query-input\":{\"@type\":\"PropertyValueSpecification\",\"valueRequired\":true,\"valueName\":\"search_term_string\"}}],\"inLanguage\":\"de\"},{\"@type\":\"Organization\",\"@id\":\"https:\/\/pornmate.com\/de\/#organization\",\"name\":\"Besten Pornoseiten - Kostenlose Deutsche Pornos | PornMate.com\",\"url\":\"https:\/\/pornmate.com\/de\/\",\"logo\":{\"@type\":\"ImageObject\",\"inLanguage\":\"de\",\"@id\":\"https:\/\/pornmate.com\/de\/#\/schema\/logo\/image\/\",\"url\":\"https:\/\/pornmate.com\/de\/wp-content\/uploads\/2022\/11\/pornmate-1.png\",\"contentUrl\":\"https:\/\/pornmate.com\/de\/wp-content\/uploads\/2022\/11\/pornmate-1.png\",\"width\":203,\"height\":200,\"caption\":\"Besten Pornoseiten - Kostenlose Deutsche Pornos | PornMate.com\"},\"image\":{\"@id\":\"https:\/\/pornmate.com\/de\/#\/schema\/logo\/image\/\"}}]}<\/script>\n<!-- \/ Yoast SEO plugin. -->","yoast_head_json":{"title":"Realgfporn und Liste der besten Pornoseiten | PornMate","description":"RealGFPorn.com is one of the amateur porn sites on which you can enjoy watching naughty girls being dirty in front of the camera for free.","robots":{"index":"index","follow":"follow","max-snippet":"max-snippet:-1","max-image-preview":"max-image-preview:large","max-video-preview":"max-video-preview:-1"},"canonical":"https:\/\/pornmate.com\/de\/realgfporn","og_locale":"de_DE","og_type":"article","og_title":"Realgfporn und Liste der besten Pornoseiten | PornMate","og_description":"RealGFPorn.com is one of the amateur porn sites on which you can enjoy watching naughty girls being dirty in front of the camera for free.","og_url":"https:\/\/pornmate.com\/de\/realgfporn","og_site_name":"Besten Pornoseiten - Kostenlose Deutsche Pornos | PornMate.com","article_modified_time":"2022-11-25T09:12:58+00:00","twitter_card":"summary_large_image","twitter_misc":{"Gesch\u00e4tzte Lesezeit":"1\u00a0Minute"},"schema":{"@context":"https:\/\/schema.org","@graph":[{"@type":"WebPage","@id":"https:\/\/pornmate.com\/de\/realgfporn","url":"https:\/\/pornmate.com\/de\/realgfporn","name":"Realgfporn und Liste der besten Pornoseiten | PornMate","isPartOf":{"@id":"https:\/\/pornmate.com\/de\/#website"},"datePublished":"2020-03-26T09:33:09+00:00","dateModified":"2022-11-25T09:12:58+00:00","description":"RealGFPorn.com is one of the amateur porn sites on which you can enjoy watching naughty girls being dirty in front of the camera for free.","breadcrumb":{"@id":"https:\/\/pornmate.com\/de\/realgfporn#breadcrumb"},"inLanguage":"de","potentialAction":[{"@type":"ReadAction","target":["https:\/\/pornmate.com\/de\/realgfporn"]}]},{"@type":"BreadcrumbList","@id":"https:\/\/pornmate.com\/de\/realgfporn#breadcrumb","itemListElement":[{"@type":"ListItem","position":1,"name":"Startseite","item":"https:\/\/pornmate.com\/de"},{"@type":"ListItem","position":2,"name":"Realgfporn"}]},{"@type":"WebSite","@id":"https:\/\/pornmate.com\/de\/#website","url":"https:\/\/pornmate.com\/de\/","name":"Besten Pornoseiten - Kostenlose Deutsche Pornos | PornMate.com","description":"Kostenlose Pornos, ist Ihr Combo-Verzeichnis der besten gratis Pornoseiten, die Sie finden k\u00f6nnen, und das fantastische Seitenbewertungen, Kostenlose Deutsche sex Biografien von Pornostars und ihre xxx Freie Porno videos unter einem Dach pr\u00e4sentiert.","publisher":{"@id":"https:\/\/pornmate.com\/de\/#organization"},"potentialAction":[{"@type":"SearchAction","target":{"@type":"EntryPoint","urlTemplate":"https:\/\/pornmate.com\/de\/?s={search_term_string}"},"query-input":{"@type":"PropertyValueSpecification","valueRequired":true,"valueName":"search_term_string"}}],"inLanguage":"de"},{"@type":"Organization","@id":"https:\/\/pornmate.com\/de\/#organization","name":"Besten Pornoseiten - Kostenlose Deutsche Pornos | PornMate.com","url":"https:\/\/pornmate.com\/de\/","logo":{"@type":"ImageObject","inLanguage":"de","@id":"https:\/\/pornmate.com\/de\/#\/schema\/logo\/image\/","url":"https:\/\/pornmate.com\/de\/wp-content\/uploads\/2022\/11\/pornmate-1.png","contentUrl":"https:\/\/pornmate.com\/de\/wp-content\/uploads\/2022\/11\/pornmate-1.png","width":203,"height":200,"caption":"Besten Pornoseiten - Kostenlose Deutsche Pornos | PornMate.com"},"image":{"@id":"https:\/\/pornmate.com\/de\/#\/schema\/logo\/image\/"}}]}},"_links":{"self":[{"href":"https:\/\/pornmate.com\/de\/wp-json\/wp\/v2\/pages\/7631","targetHints":{"allow":["GET"]}}],"collection":[{"href":"https:\/\/pornmate.com\/de\/wp-json\/wp\/v2\/pages"}],"about":[{"href":"https:\/\/pornmate.com\/de\/wp-json\/wp\/v2\/types\/page"}],"author":[{"embeddable":true,"href":"https:\/\/pornmate.com\/de\/wp-json\/wp\/v2\/users\/1"}],"replies":[{"embeddable":true,"href":"https:\/\/pornmate.com\/de\/wp-json\/wp\/v2\/comments?post=7631"}],"version-history":[{"count":0,"href":"https:\/\/pornmate.com\/de\/wp-json\/wp\/v2\/pages\/7631\/revisions"}],"wp:attachment":[{"href":"https:\/\/pornmate.com\/de\/wp-json\/wp\/v2\/media?parent=7631"}],"curies":[{"name":"wp","href":"https:\/\/api.w.org\/{rel}","templated":true}]}}