{"id":7633,"date":"2020-03-26T09:36:00","date_gmt":"2020-03-26T09:36:00","guid":{"rendered":"https:\/\/pornmate.com\/?page_id=7633"},"modified":"2020-03-26T09:36:00","modified_gmt":"2020-03-26T09:36:00","slug":"yuvutu","status":"publish","type":"page","link":"https:\/\/pornmate.com\/de\/yuvutu","title":{"rendered":"Yuvutu"},"content":{"rendered":"<p>Yuvutu.com ist eine Amateur-Pornoseite, die Ihnen gewidmet ist und die besten professionellen Amateur-Pornos kostenlos anbietet.<br \/>\nJeden Tag werden Hunderte und Aberhunderte von Nachrichten von Mitgliedern der Website hochgeladen<br \/>\nDennoch ist Yuvutu nicht nur zum Betrachten von Bildern oder Fotos da.<br \/>\nDiese Website bietet auch einen Live-Chat, Menschen kommunizieren miteinander \u00fcber bunte Themen rund um Pornografie, Erotik oder das Leben. Dar\u00fcber hinaus haben es zahlreiche geschafft, eine Zuordnung auf dieser Website zu erkennen.<br \/>\nSt\u00fcck f\u00fcr St\u00fcck davon erlaubt Yuvutu.com auch, erogene Geschichten zu lesen und zu posten, ihre volle Erfahrung, wann immer sie sich dazu entscheiden<br \/>\nDas Stilvolle ist, ob Sie Mack beim Ficken am Pool zusehen oder lesen m\u00f6chten, wie ein fremdes M\u00e4dchen auf Yuvutu einen Hardcore-Fick mit seinem Fitness-Typen im Fitnessstudio hatte. de, ist kostenlos. Auf einer speziellen Registerkarte der Chronik k\u00f6nnen Sie sich die letzten Blogs, Videos oder Drucke aller Mitglieder ansehen. Besuchen Sie auch Yuvutu.com und sehen Sie selbst, wie gut es ist.<\/p>\n","protected":false},"excerpt":{"rendered":"<p>Yuvutu.com ist eine Amateur-Pornoseite, die Ihnen gewidmet ist und die besten professionellen Amateur-Pornos kostenlos anbietet. Jeden Tag werden Hunderte und Aberhunderte von Nachrichten von Mitgliedern der Website hochgeladen Dennoch ist Yuvutu nicht nur zum Betrachten von Bildern oder Fotos da. Diese Website bietet auch einen Live-Chat, Menschen kommunizieren miteinander \u00fcber bunte Themen rund um Pornografie, [&hellip;]<\/p>\n","protected":false},"author":1,"featured_media":0,"parent":0,"menu_order":0,"comment_status":"closed","ping_status":"closed","template":"page-star-stil.php","meta":{"footnotes":""},"class_list":["post-7633","page","type-page","status-publish","hentry"],"yoast_head":"<!-- This site is optimized with the Yoast SEO plugin v27.2 - https:\/\/yoast.com\/product\/yoast-seo-wordpress\/ -->\n<title>Yuvutu und Liste der besten Pornoseiten | PornMate<\/title>\n<meta name=\"description\" content=\"Yuvutu.com ist eine Amateur-Pornoseite, die Ihnen gewidmet ist und die besten professionellen Amateur-Pornos kostenlos anbietet.\" \/>\n<meta name=\"robots\" content=\"index, follow, max-snippet:-1, max-image-preview:large, max-video-preview:-1\" \/>\n<link rel=\"canonical\" href=\"https:\/\/pornmate.com\/de\/yuvutu\" \/>\n<meta property=\"og:locale\" content=\"de_DE\" \/>\n<meta property=\"og:type\" content=\"article\" \/>\n<meta property=\"og:title\" content=\"Yuvutu und Liste der besten Pornoseiten | PornMate\" \/>\n<meta property=\"og:description\" content=\"Yuvutu.com ist eine Amateur-Pornoseite, die Ihnen gewidmet ist und die besten professionellen Amateur-Pornos kostenlos anbietet.\" \/>\n<meta property=\"og:url\" content=\"https:\/\/pornmate.com\/de\/yuvutu\" \/>\n<meta property=\"og:site_name\" content=\"Besten Pornoseiten - Kostenlose Deutsche Pornos | PornMate.com\" \/>\n<meta name=\"twitter:card\" content=\"summary_large_image\" \/>\n<meta name=\"twitter:label1\" content=\"Gesch\u00e4tzte Lesezeit\" \/>\n\t<meta name=\"twitter:data1\" content=\"1\u00a0Minute\" \/>\n<script type=\"application\/ld+json\" class=\"yoast-schema-graph\">{\"@context\":\"https:\/\/schema.org\",\"@graph\":[{\"@type\":\"WebPage\",\"@id\":\"https:\/\/pornmate.com\/de\/yuvutu\",\"url\":\"https:\/\/pornmate.com\/de\/yuvutu\",\"name\":\"Yuvutu und Liste der besten Pornoseiten | PornMate\",\"isPartOf\":{\"@id\":\"https:\/\/pornmate.com\/de\/#website\"},\"datePublished\":\"2020-03-26T09:36:00+00:00\",\"description\":\"Yuvutu.com ist eine Amateur-Pornoseite, die Ihnen gewidmet ist und die besten professionellen Amateur-Pornos kostenlos anbietet.\",\"breadcrumb\":{\"@id\":\"https:\/\/pornmate.com\/de\/yuvutu#breadcrumb\"},\"inLanguage\":\"de\",\"potentialAction\":[{\"@type\":\"ReadAction\",\"target\":[\"https:\/\/pornmate.com\/de\/yuvutu\"]}]},{\"@type\":\"BreadcrumbList\",\"@id\":\"https:\/\/pornmate.com\/de\/yuvutu#breadcrumb\",\"itemListElement\":[{\"@type\":\"ListItem\",\"position\":1,\"name\":\"Startseite\",\"item\":\"https:\/\/pornmate.com\/de\"},{\"@type\":\"ListItem\",\"position\":2,\"name\":\"Yuvutu\"}]},{\"@type\":\"WebSite\",\"@id\":\"https:\/\/pornmate.com\/de\/#website\",\"url\":\"https:\/\/pornmate.com\/de\/\",\"name\":\"Besten Pornoseiten - Kostenlose Deutsche Pornos | PornMate.com\",\"description\":\"Kostenlose Pornos, ist Ihr Combo-Verzeichnis der besten gratis Pornoseiten, die Sie finden k\u00f6nnen, und das fantastische Seitenbewertungen, Kostenlose Deutsche sex Biografien von Pornostars und ihre xxx Freie Porno videos unter einem Dach pr\u00e4sentiert.\",\"publisher\":{\"@id\":\"https:\/\/pornmate.com\/de\/#organization\"},\"potentialAction\":[{\"@type\":\"SearchAction\",\"target\":{\"@type\":\"EntryPoint\",\"urlTemplate\":\"https:\/\/pornmate.com\/de\/?s={search_term_string}\"},\"query-input\":{\"@type\":\"PropertyValueSpecification\",\"valueRequired\":true,\"valueName\":\"search_term_string\"}}],\"inLanguage\":\"de\"},{\"@type\":\"Organization\",\"@id\":\"https:\/\/pornmate.com\/de\/#organization\",\"name\":\"Besten Pornoseiten - Kostenlose Deutsche Pornos | PornMate.com\",\"url\":\"https:\/\/pornmate.com\/de\/\",\"logo\":{\"@type\":\"ImageObject\",\"inLanguage\":\"de\",\"@id\":\"https:\/\/pornmate.com\/de\/#\/schema\/logo\/image\/\",\"url\":\"https:\/\/pornmate.com\/de\/wp-content\/uploads\/2022\/11\/pornmate-1.png\",\"contentUrl\":\"https:\/\/pornmate.com\/de\/wp-content\/uploads\/2022\/11\/pornmate-1.png\",\"width\":203,\"height\":200,\"caption\":\"Besten Pornoseiten - Kostenlose Deutsche Pornos | PornMate.com\"},\"image\":{\"@id\":\"https:\/\/pornmate.com\/de\/#\/schema\/logo\/image\/\"}}]}<\/script>\n<!-- \/ Yoast SEO plugin. -->","yoast_head_json":{"title":"Yuvutu und Liste der besten Pornoseiten | PornMate","description":"Yuvutu.com ist eine Amateur-Pornoseite, die Ihnen gewidmet ist und die besten professionellen Amateur-Pornos kostenlos anbietet.","robots":{"index":"index","follow":"follow","max-snippet":"max-snippet:-1","max-image-preview":"max-image-preview:large","max-video-preview":"max-video-preview:-1"},"canonical":"https:\/\/pornmate.com\/de\/yuvutu","og_locale":"de_DE","og_type":"article","og_title":"Yuvutu und Liste der besten Pornoseiten | PornMate","og_description":"Yuvutu.com ist eine Amateur-Pornoseite, die Ihnen gewidmet ist und die besten professionellen Amateur-Pornos kostenlos anbietet.","og_url":"https:\/\/pornmate.com\/de\/yuvutu","og_site_name":"Besten Pornoseiten - Kostenlose Deutsche Pornos | PornMate.com","twitter_card":"summary_large_image","twitter_misc":{"Gesch\u00e4tzte Lesezeit":"1\u00a0Minute"},"schema":{"@context":"https:\/\/schema.org","@graph":[{"@type":"WebPage","@id":"https:\/\/pornmate.com\/de\/yuvutu","url":"https:\/\/pornmate.com\/de\/yuvutu","name":"Yuvutu und Liste der besten Pornoseiten | PornMate","isPartOf":{"@id":"https:\/\/pornmate.com\/de\/#website"},"datePublished":"2020-03-26T09:36:00+00:00","description":"Yuvutu.com ist eine Amateur-Pornoseite, die Ihnen gewidmet ist und die besten professionellen Amateur-Pornos kostenlos anbietet.","breadcrumb":{"@id":"https:\/\/pornmate.com\/de\/yuvutu#breadcrumb"},"inLanguage":"de","potentialAction":[{"@type":"ReadAction","target":["https:\/\/pornmate.com\/de\/yuvutu"]}]},{"@type":"BreadcrumbList","@id":"https:\/\/pornmate.com\/de\/yuvutu#breadcrumb","itemListElement":[{"@type":"ListItem","position":1,"name":"Startseite","item":"https:\/\/pornmate.com\/de"},{"@type":"ListItem","position":2,"name":"Yuvutu"}]},{"@type":"WebSite","@id":"https:\/\/pornmate.com\/de\/#website","url":"https:\/\/pornmate.com\/de\/","name":"Besten Pornoseiten - Kostenlose Deutsche Pornos | PornMate.com","description":"Kostenlose Pornos, ist Ihr Combo-Verzeichnis der besten gratis Pornoseiten, die Sie finden k\u00f6nnen, und das fantastische Seitenbewertungen, Kostenlose Deutsche sex Biografien von Pornostars und ihre xxx Freie Porno videos unter einem Dach pr\u00e4sentiert.","publisher":{"@id":"https:\/\/pornmate.com\/de\/#organization"},"potentialAction":[{"@type":"SearchAction","target":{"@type":"EntryPoint","urlTemplate":"https:\/\/pornmate.com\/de\/?s={search_term_string}"},"query-input":{"@type":"PropertyValueSpecification","valueRequired":true,"valueName":"search_term_string"}}],"inLanguage":"de"},{"@type":"Organization","@id":"https:\/\/pornmate.com\/de\/#organization","name":"Besten Pornoseiten - Kostenlose Deutsche Pornos | PornMate.com","url":"https:\/\/pornmate.com\/de\/","logo":{"@type":"ImageObject","inLanguage":"de","@id":"https:\/\/pornmate.com\/de\/#\/schema\/logo\/image\/","url":"https:\/\/pornmate.com\/de\/wp-content\/uploads\/2022\/11\/pornmate-1.png","contentUrl":"https:\/\/pornmate.com\/de\/wp-content\/uploads\/2022\/11\/pornmate-1.png","width":203,"height":200,"caption":"Besten Pornoseiten - Kostenlose Deutsche Pornos | PornMate.com"},"image":{"@id":"https:\/\/pornmate.com\/de\/#\/schema\/logo\/image\/"}}]}},"_links":{"self":[{"href":"https:\/\/pornmate.com\/de\/wp-json\/wp\/v2\/pages\/7633","targetHints":{"allow":["GET"]}}],"collection":[{"href":"https:\/\/pornmate.com\/de\/wp-json\/wp\/v2\/pages"}],"about":[{"href":"https:\/\/pornmate.com\/de\/wp-json\/wp\/v2\/types\/page"}],"author":[{"embeddable":true,"href":"https:\/\/pornmate.com\/de\/wp-json\/wp\/v2\/users\/1"}],"replies":[{"embeddable":true,"href":"https:\/\/pornmate.com\/de\/wp-json\/wp\/v2\/comments?post=7633"}],"version-history":[{"count":0,"href":"https:\/\/pornmate.com\/de\/wp-json\/wp\/v2\/pages\/7633\/revisions"}],"wp:attachment":[{"href":"https:\/\/pornmate.com\/de\/wp-json\/wp\/v2\/media?parent=7633"}],"curies":[{"name":"wp","href":"https:\/\/api.w.org\/{rel}","templated":true}]}}