{"id":7639,"date":"2020-03-26T09:45:14","date_gmt":"2020-03-26T09:45:14","guid":{"rendered":"https:\/\/pornmate.com\/?page_id=7639"},"modified":"2022-11-24T11:50:17","modified_gmt":"2022-11-24T10:50:17","slug":"holed","status":"publish","type":"page","link":"https:\/\/pornmate.com\/de\/holed","title":{"rendered":"Holed"},"content":{"rendered":"<p>Holed ist ein Ort, der Frauen gewidmet ist, die den Arsch brutal nehmen und es genie\u00dfen. Analsex ist eines der gr\u00f6\u00dften Vergn\u00fcgen von Frauen auf der Welt und deshalb ist dieser Ort ihm gewidmet. Diese jungen Sch\u00f6nheiten m\u00f6gen zierlich sein, aber Sie erkennen es an dem perfekten L\u00e4cheln auf ihrem Gesicht, wenn sie einen gro\u00dfen Schaft tief in ihrem Rektum haben. Bei Holed.com dreht sich alles um raue Anal-Action, d. h. M\u00e4dchen, die in jeder erdenklichen Position brutal zuschlagen. Ein kaum legales und s\u00fc\u00dfes Baby tief einzutauchen, wird Ihnen den Atem rauben, aber f\u00fcr sie ist es das beste Orgasmusgef\u00fchl der Welt. Die Liste der Models ist unglaublich und umfasst Gr\u00f6\u00dfen wie Haley Reed, Emily Wills, Adriana Chechik oder Emma Hix, damit niemand entt\u00e4uscht wird. Da jede Szene in 4K gedreht wird, ist es nur f\u00fcr Sie, wenn Sie High-End-Produktion m\u00f6gen, und Sie k\u00f6nnen es in der gew\u00fcnschten Qualit\u00e4t auf Ihr Ger\u00e4t herunterladen. Die Suchnavigation ist ausgezeichnet, sodass Sie in dieser riesigen Pornobibliothek leicht finden k\u00f6nnen, wonach Sie suchen. Dies ist eine der besten Premium Analpornoseiten, aber gl\u00fccklicherweise ist sie nicht teuer, wenn man all die Originalinhalte ber\u00fccksichtigt, die sie zu bieten hat. Wenn dich ein harter Analsex mit Teen Girls anmacht, suche nicht weiter!<\/p>\n","protected":false},"excerpt":{"rendered":"<p>Holed ist ein Ort, der Frauen gewidmet ist, die den Arsch brutal nehmen und es genie\u00dfen. Analsex ist eines der gr\u00f6\u00dften Vergn\u00fcgen von Frauen auf der Welt und deshalb ist dieser Ort ihm gewidmet. Diese jungen Sch\u00f6nheiten m\u00f6gen zierlich sein, aber Sie erkennen es an dem perfekten L\u00e4cheln auf ihrem Gesicht, wenn sie einen gro\u00dfen [&hellip;]<\/p>\n","protected":false},"author":1,"featured_media":0,"parent":0,"menu_order":0,"comment_status":"closed","ping_status":"closed","template":"page-star-stil.php","meta":{"footnotes":""},"class_list":["post-7639","page","type-page","status-publish","hentry"],"yoast_head":"<!-- This site is optimized with the Yoast SEO plugin v27.2 - https:\/\/yoast.com\/product\/yoast-seo-wordpress\/ -->\n<title>Holed und Liste der besten Pornoseiten | PornMate<\/title>\n<meta name=\"description\" content=\"Holed ist ein Ort, der Frauen gewidmet ist, die den Arsch brutal nehmen und es genie\u00dfen. Analsex ist eines der gr\u00f6\u00dften Vergn\u00fcgen von Frauen auf der Welt und deshalb ist dieser Ort ihm gewidmet. Diese jungen Sch\u00f6nheiten m\u00f6gen zierlich sein, aber Sie erkennen es an dem perfekten L\u00e4cheln auf ihrem Gesicht, wenn sie einen gro\u00dfen Schaft tief in ihrem Rektum haben.\" \/>\n<meta name=\"robots\" content=\"index, follow, max-snippet:-1, max-image-preview:large, max-video-preview:-1\" \/>\n<link rel=\"canonical\" href=\"https:\/\/pornmate.com\/de\/holed\" \/>\n<meta property=\"og:locale\" content=\"de_DE\" \/>\n<meta property=\"og:type\" content=\"article\" \/>\n<meta property=\"og:title\" content=\"Holed und Liste der besten Pornoseiten | PornMate\" \/>\n<meta property=\"og:description\" content=\"Holed ist ein Ort, der Frauen gewidmet ist, die den Arsch brutal nehmen und es genie\u00dfen. Analsex ist eines der gr\u00f6\u00dften Vergn\u00fcgen von Frauen auf der Welt und deshalb ist dieser Ort ihm gewidmet. Diese jungen Sch\u00f6nheiten m\u00f6gen zierlich sein, aber Sie erkennen es an dem perfekten L\u00e4cheln auf ihrem Gesicht, wenn sie einen gro\u00dfen Schaft tief in ihrem Rektum haben.\" \/>\n<meta property=\"og:url\" content=\"https:\/\/pornmate.com\/de\/holed\" \/>\n<meta property=\"og:site_name\" content=\"Besten Pornoseiten - Kostenlose Deutsche Pornos | PornMate.com\" \/>\n<meta property=\"article:modified_time\" content=\"2022-11-24T10:50:17+00:00\" \/>\n<meta name=\"twitter:card\" content=\"summary_large_image\" \/>\n<meta name=\"twitter:label1\" content=\"Gesch\u00e4tzte Lesezeit\" \/>\n\t<meta name=\"twitter:data1\" content=\"2\u00a0Minuten\" \/>\n<script type=\"application\/ld+json\" class=\"yoast-schema-graph\">{\"@context\":\"https:\/\/schema.org\",\"@graph\":[{\"@type\":\"WebPage\",\"@id\":\"https:\/\/pornmate.com\/de\/holed\",\"url\":\"https:\/\/pornmate.com\/de\/holed\",\"name\":\"Holed und Liste der besten Pornoseiten | PornMate\",\"isPartOf\":{\"@id\":\"https:\/\/pornmate.com\/de\/#website\"},\"datePublished\":\"2020-03-26T09:45:14+00:00\",\"dateModified\":\"2022-11-24T10:50:17+00:00\",\"description\":\"Holed ist ein Ort, der Frauen gewidmet ist, die den Arsch brutal nehmen und es genie\u00dfen. Analsex ist eines der gr\u00f6\u00dften Vergn\u00fcgen von Frauen auf der Welt und deshalb ist dieser Ort ihm gewidmet. Diese jungen Sch\u00f6nheiten m\u00f6gen zierlich sein, aber Sie erkennen es an dem perfekten L\u00e4cheln auf ihrem Gesicht, wenn sie einen gro\u00dfen Schaft tief in ihrem Rektum haben.\",\"breadcrumb\":{\"@id\":\"https:\/\/pornmate.com\/de\/holed#breadcrumb\"},\"inLanguage\":\"de\",\"potentialAction\":[{\"@type\":\"ReadAction\",\"target\":[\"https:\/\/pornmate.com\/de\/holed\"]}]},{\"@type\":\"BreadcrumbList\",\"@id\":\"https:\/\/pornmate.com\/de\/holed#breadcrumb\",\"itemListElement\":[{\"@type\":\"ListItem\",\"position\":1,\"name\":\"Startseite\",\"item\":\"https:\/\/pornmate.com\/de\"},{\"@type\":\"ListItem\",\"position\":2,\"name\":\"Holed\"}]},{\"@type\":\"WebSite\",\"@id\":\"https:\/\/pornmate.com\/de\/#website\",\"url\":\"https:\/\/pornmate.com\/de\/\",\"name\":\"Besten Pornoseiten - Kostenlose Deutsche Pornos | PornMate.com\",\"description\":\"Kostenlose Pornos, ist Ihr Combo-Verzeichnis der besten gratis Pornoseiten, die Sie finden k\u00f6nnen, und das fantastische Seitenbewertungen, Kostenlose Deutsche sex Biografien von Pornostars und ihre xxx Freie Porno videos unter einem Dach pr\u00e4sentiert.\",\"publisher\":{\"@id\":\"https:\/\/pornmate.com\/de\/#organization\"},\"potentialAction\":[{\"@type\":\"SearchAction\",\"target\":{\"@type\":\"EntryPoint\",\"urlTemplate\":\"https:\/\/pornmate.com\/de\/?s={search_term_string}\"},\"query-input\":{\"@type\":\"PropertyValueSpecification\",\"valueRequired\":true,\"valueName\":\"search_term_string\"}}],\"inLanguage\":\"de\"},{\"@type\":\"Organization\",\"@id\":\"https:\/\/pornmate.com\/de\/#organization\",\"name\":\"Besten Pornoseiten - Kostenlose Deutsche Pornos | PornMate.com\",\"url\":\"https:\/\/pornmate.com\/de\/\",\"logo\":{\"@type\":\"ImageObject\",\"inLanguage\":\"de\",\"@id\":\"https:\/\/pornmate.com\/de\/#\/schema\/logo\/image\/\",\"url\":\"https:\/\/pornmate.com\/de\/wp-content\/uploads\/2022\/11\/pornmate-1.png\",\"contentUrl\":\"https:\/\/pornmate.com\/de\/wp-content\/uploads\/2022\/11\/pornmate-1.png\",\"width\":203,\"height\":200,\"caption\":\"Besten Pornoseiten - Kostenlose Deutsche Pornos | PornMate.com\"},\"image\":{\"@id\":\"https:\/\/pornmate.com\/de\/#\/schema\/logo\/image\/\"}}]}<\/script>\n<!-- \/ Yoast SEO plugin. -->","yoast_head_json":{"title":"Holed und Liste der besten Pornoseiten | PornMate","description":"Holed ist ein Ort, der Frauen gewidmet ist, die den Arsch brutal nehmen und es genie\u00dfen. Analsex ist eines der gr\u00f6\u00dften Vergn\u00fcgen von Frauen auf der Welt und deshalb ist dieser Ort ihm gewidmet. Diese jungen Sch\u00f6nheiten m\u00f6gen zierlich sein, aber Sie erkennen es an dem perfekten L\u00e4cheln auf ihrem Gesicht, wenn sie einen gro\u00dfen Schaft tief in ihrem Rektum haben.","robots":{"index":"index","follow":"follow","max-snippet":"max-snippet:-1","max-image-preview":"max-image-preview:large","max-video-preview":"max-video-preview:-1"},"canonical":"https:\/\/pornmate.com\/de\/holed","og_locale":"de_DE","og_type":"article","og_title":"Holed und Liste der besten Pornoseiten | PornMate","og_description":"Holed ist ein Ort, der Frauen gewidmet ist, die den Arsch brutal nehmen und es genie\u00dfen. Analsex ist eines der gr\u00f6\u00dften Vergn\u00fcgen von Frauen auf der Welt und deshalb ist dieser Ort ihm gewidmet. Diese jungen Sch\u00f6nheiten m\u00f6gen zierlich sein, aber Sie erkennen es an dem perfekten L\u00e4cheln auf ihrem Gesicht, wenn sie einen gro\u00dfen Schaft tief in ihrem Rektum haben.","og_url":"https:\/\/pornmate.com\/de\/holed","og_site_name":"Besten Pornoseiten - Kostenlose Deutsche Pornos | PornMate.com","article_modified_time":"2022-11-24T10:50:17+00:00","twitter_card":"summary_large_image","twitter_misc":{"Gesch\u00e4tzte Lesezeit":"2\u00a0Minuten"},"schema":{"@context":"https:\/\/schema.org","@graph":[{"@type":"WebPage","@id":"https:\/\/pornmate.com\/de\/holed","url":"https:\/\/pornmate.com\/de\/holed","name":"Holed und Liste der besten Pornoseiten | PornMate","isPartOf":{"@id":"https:\/\/pornmate.com\/de\/#website"},"datePublished":"2020-03-26T09:45:14+00:00","dateModified":"2022-11-24T10:50:17+00:00","description":"Holed ist ein Ort, der Frauen gewidmet ist, die den Arsch brutal nehmen und es genie\u00dfen. Analsex ist eines der gr\u00f6\u00dften Vergn\u00fcgen von Frauen auf der Welt und deshalb ist dieser Ort ihm gewidmet. Diese jungen Sch\u00f6nheiten m\u00f6gen zierlich sein, aber Sie erkennen es an dem perfekten L\u00e4cheln auf ihrem Gesicht, wenn sie einen gro\u00dfen Schaft tief in ihrem Rektum haben.","breadcrumb":{"@id":"https:\/\/pornmate.com\/de\/holed#breadcrumb"},"inLanguage":"de","potentialAction":[{"@type":"ReadAction","target":["https:\/\/pornmate.com\/de\/holed"]}]},{"@type":"BreadcrumbList","@id":"https:\/\/pornmate.com\/de\/holed#breadcrumb","itemListElement":[{"@type":"ListItem","position":1,"name":"Startseite","item":"https:\/\/pornmate.com\/de"},{"@type":"ListItem","position":2,"name":"Holed"}]},{"@type":"WebSite","@id":"https:\/\/pornmate.com\/de\/#website","url":"https:\/\/pornmate.com\/de\/","name":"Besten Pornoseiten - Kostenlose Deutsche Pornos | PornMate.com","description":"Kostenlose Pornos, ist Ihr Combo-Verzeichnis der besten gratis Pornoseiten, die Sie finden k\u00f6nnen, und das fantastische Seitenbewertungen, Kostenlose Deutsche sex Biografien von Pornostars und ihre xxx Freie Porno videos unter einem Dach pr\u00e4sentiert.","publisher":{"@id":"https:\/\/pornmate.com\/de\/#organization"},"potentialAction":[{"@type":"SearchAction","target":{"@type":"EntryPoint","urlTemplate":"https:\/\/pornmate.com\/de\/?s={search_term_string}"},"query-input":{"@type":"PropertyValueSpecification","valueRequired":true,"valueName":"search_term_string"}}],"inLanguage":"de"},{"@type":"Organization","@id":"https:\/\/pornmate.com\/de\/#organization","name":"Besten Pornoseiten - Kostenlose Deutsche Pornos | PornMate.com","url":"https:\/\/pornmate.com\/de\/","logo":{"@type":"ImageObject","inLanguage":"de","@id":"https:\/\/pornmate.com\/de\/#\/schema\/logo\/image\/","url":"https:\/\/pornmate.com\/de\/wp-content\/uploads\/2022\/11\/pornmate-1.png","contentUrl":"https:\/\/pornmate.com\/de\/wp-content\/uploads\/2022\/11\/pornmate-1.png","width":203,"height":200,"caption":"Besten Pornoseiten - Kostenlose Deutsche Pornos | PornMate.com"},"image":{"@id":"https:\/\/pornmate.com\/de\/#\/schema\/logo\/image\/"}}]}},"_links":{"self":[{"href":"https:\/\/pornmate.com\/de\/wp-json\/wp\/v2\/pages\/7639","targetHints":{"allow":["GET"]}}],"collection":[{"href":"https:\/\/pornmate.com\/de\/wp-json\/wp\/v2\/pages"}],"about":[{"href":"https:\/\/pornmate.com\/de\/wp-json\/wp\/v2\/types\/page"}],"author":[{"embeddable":true,"href":"https:\/\/pornmate.com\/de\/wp-json\/wp\/v2\/users\/1"}],"replies":[{"embeddable":true,"href":"https:\/\/pornmate.com\/de\/wp-json\/wp\/v2\/comments?post=7639"}],"version-history":[{"count":0,"href":"https:\/\/pornmate.com\/de\/wp-json\/wp\/v2\/pages\/7639\/revisions"}],"wp:attachment":[{"href":"https:\/\/pornmate.com\/de\/wp-json\/wp\/v2\/media?parent=7639"}],"curies":[{"name":"wp","href":"https:\/\/api.w.org\/{rel}","templated":true}]}}