{"id":7643,"date":"2020-03-26T09:50:27","date_gmt":"2020-03-26T09:50:27","guid":{"rendered":"https:\/\/pornmate.com\/?page_id=7643"},"modified":"2022-11-24T11:47:59","modified_gmt":"2022-11-24T10:47:59","slug":"teensloveblackcocks","status":"publish","type":"page","link":"https:\/\/pornmate.com\/de\/teensloveblackcocks","title":{"rendered":"Teensloveblackcocks"},"content":{"rendered":"<p>TeensLoveBlackCock gibt uns die Antwort, was passiert, wenn ein riesiger Ebenholzschwanz leicht auf eine Muschi trifft Wir haben vielleicht einen nicht identischen Geschmack, aber die Kombination von massiven schwarzen Stangen mit jugendlichen Dienstm\u00e4dchen ist etwas, das wir alle lieben. Dies ist der ultimative Test, denn diese Schlampen haben eine etwas harte Aufgabe vor sich und werden Schmerzen haben, wenn sie sich bem\u00fchen, tief in die Kehle zu schlagen, bevor nasse Fotzen geh\u00e4mmert werden. Die Szenen sind intensiv dank exzellenter Models, darunter Nora Ivy, Chanel Grey, Aria Lee, Chloe Temple, Adriana und zahlreiche andere. Wie Sie es von einer Premium-Website erwarten k\u00f6nnen, gibt es eine Option zum Herunterladen von Pornos, obwohl Sie den Inhalt in High Definition streamen k\u00f6nnen. Die Szenen dauern etwa 30 Minuten auf mittelschwer, was man als heftig bezeichnen k\u00f6nnte. Die Sammlung von Videos ist anst\u00e4ndig und die Qualit\u00e4t des Produkts ist ausgezeichnet. Sie k\u00f6nnen jeden Schmerz kennen und h\u00f6ren, wenn Teenager steinhart gebissene schwarze Schw\u00e4nze durch ihre M\u00f6sen gleiten lassen. TeensLoveBlackCock ist die ultimative Interracial-Teen-Site f\u00fcr diejenigen, die gewaltt\u00e4tige Action lieben, die dich anmachen wird, sobald du den Play-Aktuator zerschmetterst.<\/p>\n","protected":false},"excerpt":{"rendered":"<p>TeensLoveBlackCock gibt uns die Antwort, was passiert, wenn ein riesiger Ebenholzschwanz leicht auf eine Muschi trifft Wir haben vielleicht einen nicht identischen Geschmack, aber die Kombination von massiven schwarzen Stangen mit jugendlichen Dienstm\u00e4dchen ist etwas, das wir alle lieben. Dies ist der ultimative Test, denn diese Schlampen haben eine etwas harte Aufgabe vor sich und [&hellip;]<\/p>\n","protected":false},"author":1,"featured_media":0,"parent":0,"menu_order":0,"comment_status":"closed","ping_status":"closed","template":"page-star-stil.php","meta":{"footnotes":""},"class_list":["post-7643","page","type-page","status-publish","hentry"],"yoast_head":"<!-- This site is optimized with the Yoast SEO plugin v27.2 - https:\/\/yoast.com\/product\/yoast-seo-wordpress\/ -->\n<title>Teensloveblackcocks und Liste der besten Pornoseiten | PornMate<\/title>\n<meta name=\"description\" content=\"TeensLoveBlackCock gibt uns die Antwort, was passiert, wenn ein riesiger Ebenholzschwanz leicht auf eine Muschi trifftWir haben vielleicht einen nicht identischen Geschmack, aber die Kombination von massiven schwarzen Stangen mit jugendlichen Dienstm\u00e4dchen ist etwas, das wir alle lieben.\" \/>\n<meta name=\"robots\" content=\"index, follow, max-snippet:-1, max-image-preview:large, max-video-preview:-1\" \/>\n<link rel=\"canonical\" href=\"https:\/\/pornmate.com\/de\/teensloveblackcocks\" \/>\n<meta property=\"og:locale\" content=\"de_DE\" \/>\n<meta property=\"og:type\" content=\"article\" \/>\n<meta property=\"og:title\" content=\"Teensloveblackcocks und Liste der besten Pornoseiten | PornMate\" \/>\n<meta property=\"og:description\" content=\"TeensLoveBlackCock gibt uns die Antwort, was passiert, wenn ein riesiger Ebenholzschwanz leicht auf eine Muschi trifftWir haben vielleicht einen nicht identischen Geschmack, aber die Kombination von massiven schwarzen Stangen mit jugendlichen Dienstm\u00e4dchen ist etwas, das wir alle lieben.\" \/>\n<meta property=\"og:url\" content=\"https:\/\/pornmate.com\/de\/teensloveblackcocks\" \/>\n<meta property=\"og:site_name\" content=\"Besten Pornoseiten - Kostenlose Deutsche Pornos | PornMate.com\" \/>\n<meta property=\"article:modified_time\" content=\"2022-11-24T10:47:59+00:00\" \/>\n<meta name=\"twitter:card\" content=\"summary_large_image\" \/>\n<meta name=\"twitter:label1\" content=\"Gesch\u00e4tzte Lesezeit\" \/>\n\t<meta name=\"twitter:data1\" content=\"2\u00a0Minuten\" \/>\n<script type=\"application\/ld+json\" class=\"yoast-schema-graph\">{\"@context\":\"https:\/\/schema.org\",\"@graph\":[{\"@type\":\"WebPage\",\"@id\":\"https:\/\/pornmate.com\/de\/teensloveblackcocks\",\"url\":\"https:\/\/pornmate.com\/de\/teensloveblackcocks\",\"name\":\"Teensloveblackcocks und Liste der besten Pornoseiten | PornMate\",\"isPartOf\":{\"@id\":\"https:\/\/pornmate.com\/de\/#website\"},\"datePublished\":\"2020-03-26T09:50:27+00:00\",\"dateModified\":\"2022-11-24T10:47:59+00:00\",\"description\":\"TeensLoveBlackCock gibt uns die Antwort, was passiert, wenn ein riesiger Ebenholzschwanz leicht auf eine Muschi trifftWir haben vielleicht einen nicht identischen Geschmack, aber die Kombination von massiven schwarzen Stangen mit jugendlichen Dienstm\u00e4dchen ist etwas, das wir alle lieben.\",\"breadcrumb\":{\"@id\":\"https:\/\/pornmate.com\/de\/teensloveblackcocks#breadcrumb\"},\"inLanguage\":\"de\",\"potentialAction\":[{\"@type\":\"ReadAction\",\"target\":[\"https:\/\/pornmate.com\/de\/teensloveblackcocks\"]}]},{\"@type\":\"BreadcrumbList\",\"@id\":\"https:\/\/pornmate.com\/de\/teensloveblackcocks#breadcrumb\",\"itemListElement\":[{\"@type\":\"ListItem\",\"position\":1,\"name\":\"Startseite\",\"item\":\"https:\/\/pornmate.com\/de\"},{\"@type\":\"ListItem\",\"position\":2,\"name\":\"Teensloveblackcocks\"}]},{\"@type\":\"WebSite\",\"@id\":\"https:\/\/pornmate.com\/de\/#website\",\"url\":\"https:\/\/pornmate.com\/de\/\",\"name\":\"Besten Pornoseiten - Kostenlose Deutsche Pornos | PornMate.com\",\"description\":\"Kostenlose Pornos, ist Ihr Combo-Verzeichnis der besten gratis Pornoseiten, die Sie finden k\u00f6nnen, und das fantastische Seitenbewertungen, Kostenlose Deutsche sex Biografien von Pornostars und ihre xxx Freie Porno videos unter einem Dach pr\u00e4sentiert.\",\"publisher\":{\"@id\":\"https:\/\/pornmate.com\/de\/#organization\"},\"potentialAction\":[{\"@type\":\"SearchAction\",\"target\":{\"@type\":\"EntryPoint\",\"urlTemplate\":\"https:\/\/pornmate.com\/de\/?s={search_term_string}\"},\"query-input\":{\"@type\":\"PropertyValueSpecification\",\"valueRequired\":true,\"valueName\":\"search_term_string\"}}],\"inLanguage\":\"de\"},{\"@type\":\"Organization\",\"@id\":\"https:\/\/pornmate.com\/de\/#organization\",\"name\":\"Besten Pornoseiten - Kostenlose Deutsche Pornos | PornMate.com\",\"url\":\"https:\/\/pornmate.com\/de\/\",\"logo\":{\"@type\":\"ImageObject\",\"inLanguage\":\"de\",\"@id\":\"https:\/\/pornmate.com\/de\/#\/schema\/logo\/image\/\",\"url\":\"https:\/\/pornmate.com\/de\/wp-content\/uploads\/2022\/11\/pornmate-1.png\",\"contentUrl\":\"https:\/\/pornmate.com\/de\/wp-content\/uploads\/2022\/11\/pornmate-1.png\",\"width\":203,\"height\":200,\"caption\":\"Besten Pornoseiten - Kostenlose Deutsche Pornos | PornMate.com\"},\"image\":{\"@id\":\"https:\/\/pornmate.com\/de\/#\/schema\/logo\/image\/\"}}]}<\/script>\n<!-- \/ Yoast SEO plugin. -->","yoast_head_json":{"title":"Teensloveblackcocks und Liste der besten Pornoseiten | PornMate","description":"TeensLoveBlackCock gibt uns die Antwort, was passiert, wenn ein riesiger Ebenholzschwanz leicht auf eine Muschi trifftWir haben vielleicht einen nicht identischen Geschmack, aber die Kombination von massiven schwarzen Stangen mit jugendlichen Dienstm\u00e4dchen ist etwas, das wir alle lieben.","robots":{"index":"index","follow":"follow","max-snippet":"max-snippet:-1","max-image-preview":"max-image-preview:large","max-video-preview":"max-video-preview:-1"},"canonical":"https:\/\/pornmate.com\/de\/teensloveblackcocks","og_locale":"de_DE","og_type":"article","og_title":"Teensloveblackcocks und Liste der besten Pornoseiten | PornMate","og_description":"TeensLoveBlackCock gibt uns die Antwort, was passiert, wenn ein riesiger Ebenholzschwanz leicht auf eine Muschi trifftWir haben vielleicht einen nicht identischen Geschmack, aber die Kombination von massiven schwarzen Stangen mit jugendlichen Dienstm\u00e4dchen ist etwas, das wir alle lieben.","og_url":"https:\/\/pornmate.com\/de\/teensloveblackcocks","og_site_name":"Besten Pornoseiten - Kostenlose Deutsche Pornos | PornMate.com","article_modified_time":"2022-11-24T10:47:59+00:00","twitter_card":"summary_large_image","twitter_misc":{"Gesch\u00e4tzte Lesezeit":"2\u00a0Minuten"},"schema":{"@context":"https:\/\/schema.org","@graph":[{"@type":"WebPage","@id":"https:\/\/pornmate.com\/de\/teensloveblackcocks","url":"https:\/\/pornmate.com\/de\/teensloveblackcocks","name":"Teensloveblackcocks und Liste der besten Pornoseiten | PornMate","isPartOf":{"@id":"https:\/\/pornmate.com\/de\/#website"},"datePublished":"2020-03-26T09:50:27+00:00","dateModified":"2022-11-24T10:47:59+00:00","description":"TeensLoveBlackCock gibt uns die Antwort, was passiert, wenn ein riesiger Ebenholzschwanz leicht auf eine Muschi trifftWir haben vielleicht einen nicht identischen Geschmack, aber die Kombination von massiven schwarzen Stangen mit jugendlichen Dienstm\u00e4dchen ist etwas, das wir alle lieben.","breadcrumb":{"@id":"https:\/\/pornmate.com\/de\/teensloveblackcocks#breadcrumb"},"inLanguage":"de","potentialAction":[{"@type":"ReadAction","target":["https:\/\/pornmate.com\/de\/teensloveblackcocks"]}]},{"@type":"BreadcrumbList","@id":"https:\/\/pornmate.com\/de\/teensloveblackcocks#breadcrumb","itemListElement":[{"@type":"ListItem","position":1,"name":"Startseite","item":"https:\/\/pornmate.com\/de"},{"@type":"ListItem","position":2,"name":"Teensloveblackcocks"}]},{"@type":"WebSite","@id":"https:\/\/pornmate.com\/de\/#website","url":"https:\/\/pornmate.com\/de\/","name":"Besten Pornoseiten - Kostenlose Deutsche Pornos | PornMate.com","description":"Kostenlose Pornos, ist Ihr Combo-Verzeichnis der besten gratis Pornoseiten, die Sie finden k\u00f6nnen, und das fantastische Seitenbewertungen, Kostenlose Deutsche sex Biografien von Pornostars und ihre xxx Freie Porno videos unter einem Dach pr\u00e4sentiert.","publisher":{"@id":"https:\/\/pornmate.com\/de\/#organization"},"potentialAction":[{"@type":"SearchAction","target":{"@type":"EntryPoint","urlTemplate":"https:\/\/pornmate.com\/de\/?s={search_term_string}"},"query-input":{"@type":"PropertyValueSpecification","valueRequired":true,"valueName":"search_term_string"}}],"inLanguage":"de"},{"@type":"Organization","@id":"https:\/\/pornmate.com\/de\/#organization","name":"Besten Pornoseiten - Kostenlose Deutsche Pornos | PornMate.com","url":"https:\/\/pornmate.com\/de\/","logo":{"@type":"ImageObject","inLanguage":"de","@id":"https:\/\/pornmate.com\/de\/#\/schema\/logo\/image\/","url":"https:\/\/pornmate.com\/de\/wp-content\/uploads\/2022\/11\/pornmate-1.png","contentUrl":"https:\/\/pornmate.com\/de\/wp-content\/uploads\/2022\/11\/pornmate-1.png","width":203,"height":200,"caption":"Besten Pornoseiten - Kostenlose Deutsche Pornos | PornMate.com"},"image":{"@id":"https:\/\/pornmate.com\/de\/#\/schema\/logo\/image\/"}}]}},"_links":{"self":[{"href":"https:\/\/pornmate.com\/de\/wp-json\/wp\/v2\/pages\/7643","targetHints":{"allow":["GET"]}}],"collection":[{"href":"https:\/\/pornmate.com\/de\/wp-json\/wp\/v2\/pages"}],"about":[{"href":"https:\/\/pornmate.com\/de\/wp-json\/wp\/v2\/types\/page"}],"author":[{"embeddable":true,"href":"https:\/\/pornmate.com\/de\/wp-json\/wp\/v2\/users\/1"}],"replies":[{"embeddable":true,"href":"https:\/\/pornmate.com\/de\/wp-json\/wp\/v2\/comments?post=7643"}],"version-history":[{"count":0,"href":"https:\/\/pornmate.com\/de\/wp-json\/wp\/v2\/pages\/7643\/revisions"}],"wp:attachment":[{"href":"https:\/\/pornmate.com\/de\/wp-json\/wp\/v2\/media?parent=7643"}],"curies":[{"name":"wp","href":"https:\/\/api.w.org\/{rel}","templated":true}]}}