{"id":7645,"date":"2020-03-26T09:52:52","date_gmt":"2020-03-26T09:52:52","guid":{"rendered":"https:\/\/pornmate.com\/?page_id=7645"},"modified":"2022-11-24T11:42:05","modified_gmt":"2022-11-24T10:42:05","slug":"babes","status":"publish","type":"page","link":"https:\/\/pornmate.com\/de\/babes","title":{"rendered":"Babes.com"},"content":{"rendered":"<p>Babes, eine erstklassige Pornoseite, hat eine riesige Sammlung exklusiver Videos. W\u00e4hrend sich die meisten bezahlten Seiten auf ein einzelnes Thema beziehen, hat diese Seite viele Kategorien und Genres. Das eigentliche Problem hier ist definitiv der absolute Fokus, Produktionswerte, da die Szenen an wundersch\u00f6nen Orten und in atemberaubender High Definition gedreht werden, sodass Sie keine Details verpassen. Das Gleiche gilt f\u00fcr Models mit Hunderten von Models, von gro\u00dfbr\u00fcstigen Babys wie Keisha Grey bis hin zu kleinen M\u00e4dchen wie Shrima Malati. Diese Seite hat f\u00fcr fast jeden etwas zu bieten! Alle Inhalte auf Babes.com sind exklusiv und wenn Sie nach einem weiteren Grund suchen, sich dieser Seite anzuschlie\u00dfen, sind Pornorabatte einer davon. Wir freuen uns, Ihnen mitteilen zu k\u00f6nnen, dass die Navigation ausgezeichnet ist, auch wenn es sich um eine riesige Website mit Tausenden von Videos handelt. Beispielsweise k\u00f6nnen Sie Models nach Name, letzter Aktivit\u00e4t, Anzahl der Videos und vielen anderen Kategorien filtern. Sie k\u00f6nnen sogar die Vorschl\u00e4ge anderer Mitglieder anhand ihrer Ansichten und Bewertungen \u00fcberpr\u00fcfen. Diese Seite bietet hochwertige und exklusive Inhalte und ist ma\u00dfgeschneidert f\u00fcr alle, die nach einer generischen Pornoseite suchen.<\/p>\n","protected":false},"excerpt":{"rendered":"<p>Babes, eine erstklassige Pornoseite, hat eine riesige Sammlung exklusiver Videos. W\u00e4hrend sich die meisten bezahlten Seiten auf ein einzelnes Thema beziehen, hat diese Seite viele Kategorien und Genres. Das eigentliche Problem hier ist definitiv der absolute Fokus, Produktionswerte, da die Szenen an wundersch\u00f6nen Orten und in atemberaubender High Definition gedreht werden, sodass Sie keine Details [&hellip;]<\/p>\n","protected":false},"author":1,"featured_media":0,"parent":0,"menu_order":0,"comment_status":"closed","ping_status":"closed","template":"page-star-stil.php","meta":{"footnotes":""},"class_list":["post-7645","page","type-page","status-publish","hentry"],"yoast_head":"<!-- This site is optimized with the Yoast SEO plugin v27.4 - https:\/\/yoast.com\/product\/yoast-seo-wordpress\/ -->\n<title>Babes.com und Liste der besten Pornoseiten | PornMate<\/title>\n<meta name=\"description\" content=\"Babes, eine erstklassige Pornoseite, hat eine riesige Sammlung exklusiver Videos.\" \/>\n<meta name=\"robots\" content=\"index, follow, max-snippet:-1, max-image-preview:large, max-video-preview:-1\" \/>\n<link rel=\"canonical\" href=\"https:\/\/pornmate.com\/de\/babes\" \/>\n<meta property=\"og:locale\" content=\"de_DE\" \/>\n<meta property=\"og:type\" content=\"article\" \/>\n<meta property=\"og:title\" content=\"Babes.com und Liste der besten Pornoseiten | PornMate\" \/>\n<meta property=\"og:description\" content=\"Babes, eine erstklassige Pornoseite, hat eine riesige Sammlung exklusiver Videos.\" \/>\n<meta property=\"og:url\" content=\"https:\/\/pornmate.com\/de\/babes\" \/>\n<meta property=\"og:site_name\" content=\"Besten Pornoseiten - Kostenlose Deutsche Pornos | PornMate.com\" \/>\n<meta property=\"article:modified_time\" content=\"2022-11-24T10:42:05+00:00\" \/>\n<meta name=\"twitter:card\" content=\"summary_large_image\" \/>\n<meta name=\"twitter:label1\" content=\"Gesch\u00e4tzte Lesezeit\" \/>\n\t<meta name=\"twitter:data1\" content=\"2\u00a0Minuten\" \/>\n<script type=\"application\/ld+json\" class=\"yoast-schema-graph\">{\"@context\":\"https:\\\/\\\/schema.org\",\"@graph\":[{\"@type\":\"WebPage\",\"@id\":\"https:\\\/\\\/pornmate.com\\\/de\\\/babes\",\"url\":\"https:\\\/\\\/pornmate.com\\\/de\\\/babes\",\"name\":\"Babes.com und Liste der besten Pornoseiten | PornMate\",\"isPartOf\":{\"@id\":\"https:\\\/\\\/pornmate.com\\\/de\\\/#website\"},\"datePublished\":\"2020-03-26T09:52:52+00:00\",\"dateModified\":\"2022-11-24T10:42:05+00:00\",\"description\":\"Babes, eine erstklassige Pornoseite, hat eine riesige Sammlung exklusiver Videos.\",\"breadcrumb\":{\"@id\":\"https:\\\/\\\/pornmate.com\\\/de\\\/babes#breadcrumb\"},\"inLanguage\":\"de\",\"potentialAction\":[{\"@type\":\"ReadAction\",\"target\":[\"https:\\\/\\\/pornmate.com\\\/de\\\/babes\"]}]},{\"@type\":\"BreadcrumbList\",\"@id\":\"https:\\\/\\\/pornmate.com\\\/de\\\/babes#breadcrumb\",\"itemListElement\":[{\"@type\":\"ListItem\",\"position\":1,\"name\":\"Startseite\",\"item\":\"https:\\\/\\\/pornmate.com\\\/de\"},{\"@type\":\"ListItem\",\"position\":2,\"name\":\"Babes.com\"}]},{\"@type\":\"WebSite\",\"@id\":\"https:\\\/\\\/pornmate.com\\\/de\\\/#website\",\"url\":\"https:\\\/\\\/pornmate.com\\\/de\\\/\",\"name\":\"Besten Pornoseiten - Kostenlose Deutsche Pornos | PornMate.com\",\"description\":\"Kostenlose Pornos, ist Ihr Combo-Verzeichnis der besten gratis Pornoseiten, die Sie finden k\u00f6nnen, und das fantastische Seitenbewertungen, Kostenlose Deutsche sex Biografien von Pornostars und ihre xxx Freie Porno videos unter einem Dach pr\u00e4sentiert.\",\"publisher\":{\"@id\":\"https:\\\/\\\/pornmate.com\\\/de\\\/#organization\"},\"potentialAction\":[{\"@type\":\"SearchAction\",\"target\":{\"@type\":\"EntryPoint\",\"urlTemplate\":\"https:\\\/\\\/pornmate.com\\\/de\\\/?s={search_term_string}\"},\"query-input\":{\"@type\":\"PropertyValueSpecification\",\"valueRequired\":true,\"valueName\":\"search_term_string\"}}],\"inLanguage\":\"de\"},{\"@type\":\"Organization\",\"@id\":\"https:\\\/\\\/pornmate.com\\\/de\\\/#organization\",\"name\":\"Besten Pornoseiten - Kostenlose Deutsche Pornos | PornMate.com\",\"url\":\"https:\\\/\\\/pornmate.com\\\/de\\\/\",\"logo\":{\"@type\":\"ImageObject\",\"inLanguage\":\"de\",\"@id\":\"https:\\\/\\\/pornmate.com\\\/de\\\/#\\\/schema\\\/logo\\\/image\\\/\",\"url\":\"https:\\\/\\\/pornmate.com\\\/de\\\/wp-content\\\/uploads\\\/2022\\\/11\\\/pornmate-1.png\",\"contentUrl\":\"https:\\\/\\\/pornmate.com\\\/de\\\/wp-content\\\/uploads\\\/2022\\\/11\\\/pornmate-1.png\",\"width\":203,\"height\":200,\"caption\":\"Besten Pornoseiten - Kostenlose Deutsche Pornos | PornMate.com\"},\"image\":{\"@id\":\"https:\\\/\\\/pornmate.com\\\/de\\\/#\\\/schema\\\/logo\\\/image\\\/\"}}]}<\/script>\n<!-- \/ Yoast SEO plugin. -->","yoast_head_json":{"title":"Babes.com und Liste der besten Pornoseiten | PornMate","description":"Babes, eine erstklassige Pornoseite, hat eine riesige Sammlung exklusiver Videos.","robots":{"index":"index","follow":"follow","max-snippet":"max-snippet:-1","max-image-preview":"max-image-preview:large","max-video-preview":"max-video-preview:-1"},"canonical":"https:\/\/pornmate.com\/de\/babes","og_locale":"de_DE","og_type":"article","og_title":"Babes.com und Liste der besten Pornoseiten | PornMate","og_description":"Babes, eine erstklassige Pornoseite, hat eine riesige Sammlung exklusiver Videos.","og_url":"https:\/\/pornmate.com\/de\/babes","og_site_name":"Besten Pornoseiten - Kostenlose Deutsche Pornos | PornMate.com","article_modified_time":"2022-11-24T10:42:05+00:00","twitter_card":"summary_large_image","twitter_misc":{"Gesch\u00e4tzte Lesezeit":"2\u00a0Minuten"},"schema":{"@context":"https:\/\/schema.org","@graph":[{"@type":"WebPage","@id":"https:\/\/pornmate.com\/de\/babes","url":"https:\/\/pornmate.com\/de\/babes","name":"Babes.com und Liste der besten Pornoseiten | PornMate","isPartOf":{"@id":"https:\/\/pornmate.com\/de\/#website"},"datePublished":"2020-03-26T09:52:52+00:00","dateModified":"2022-11-24T10:42:05+00:00","description":"Babes, eine erstklassige Pornoseite, hat eine riesige Sammlung exklusiver Videos.","breadcrumb":{"@id":"https:\/\/pornmate.com\/de\/babes#breadcrumb"},"inLanguage":"de","potentialAction":[{"@type":"ReadAction","target":["https:\/\/pornmate.com\/de\/babes"]}]},{"@type":"BreadcrumbList","@id":"https:\/\/pornmate.com\/de\/babes#breadcrumb","itemListElement":[{"@type":"ListItem","position":1,"name":"Startseite","item":"https:\/\/pornmate.com\/de"},{"@type":"ListItem","position":2,"name":"Babes.com"}]},{"@type":"WebSite","@id":"https:\/\/pornmate.com\/de\/#website","url":"https:\/\/pornmate.com\/de\/","name":"Besten Pornoseiten - Kostenlose Deutsche Pornos | PornMate.com","description":"Kostenlose Pornos, ist Ihr Combo-Verzeichnis der besten gratis Pornoseiten, die Sie finden k\u00f6nnen, und das fantastische Seitenbewertungen, Kostenlose Deutsche sex Biografien von Pornostars und ihre xxx Freie Porno videos unter einem Dach pr\u00e4sentiert.","publisher":{"@id":"https:\/\/pornmate.com\/de\/#organization"},"potentialAction":[{"@type":"SearchAction","target":{"@type":"EntryPoint","urlTemplate":"https:\/\/pornmate.com\/de\/?s={search_term_string}"},"query-input":{"@type":"PropertyValueSpecification","valueRequired":true,"valueName":"search_term_string"}}],"inLanguage":"de"},{"@type":"Organization","@id":"https:\/\/pornmate.com\/de\/#organization","name":"Besten Pornoseiten - Kostenlose Deutsche Pornos | PornMate.com","url":"https:\/\/pornmate.com\/de\/","logo":{"@type":"ImageObject","inLanguage":"de","@id":"https:\/\/pornmate.com\/de\/#\/schema\/logo\/image\/","url":"https:\/\/pornmate.com\/de\/wp-content\/uploads\/2022\/11\/pornmate-1.png","contentUrl":"https:\/\/pornmate.com\/de\/wp-content\/uploads\/2022\/11\/pornmate-1.png","width":203,"height":200,"caption":"Besten Pornoseiten - Kostenlose Deutsche Pornos | PornMate.com"},"image":{"@id":"https:\/\/pornmate.com\/de\/#\/schema\/logo\/image\/"}}]}},"_links":{"self":[{"href":"https:\/\/pornmate.com\/de\/wp-json\/wp\/v2\/pages\/7645","targetHints":{"allow":["GET"]}}],"collection":[{"href":"https:\/\/pornmate.com\/de\/wp-json\/wp\/v2\/pages"}],"about":[{"href":"https:\/\/pornmate.com\/de\/wp-json\/wp\/v2\/types\/page"}],"author":[{"embeddable":true,"href":"https:\/\/pornmate.com\/de\/wp-json\/wp\/v2\/users\/1"}],"replies":[{"embeddable":true,"href":"https:\/\/pornmate.com\/de\/wp-json\/wp\/v2\/comments?post=7645"}],"version-history":[{"count":0,"href":"https:\/\/pornmate.com\/de\/wp-json\/wp\/v2\/pages\/7645\/revisions"}],"wp:attachment":[{"href":"https:\/\/pornmate.com\/de\/wp-json\/wp\/v2\/media?parent=7645"}],"curies":[{"name":"wp","href":"https:\/\/api.w.org\/{rel}","templated":true}]}}