{"id":7647,"date":"2020-03-26T09:55:20","date_gmt":"2020-03-26T09:55:20","guid":{"rendered":"https:\/\/pornmate.com\/?page_id=7647"},"modified":"2022-11-24T11:40:54","modified_gmt":"2022-11-24T10:40:54","slug":"wicked","status":"publish","type":"page","link":"https:\/\/pornmate.com\/de\/wicked","title":{"rendered":"Wicked"},"content":{"rendered":"<p>Wicked ist eine exklusive Pornoseite, die Hunderte von ma\u00dfgeschneiderten Videos hostet. Das Anschauen von Pornos ist nicht nur Action f\u00fcr Sie, aber wenn Sie nach hochwertigen Geschichten und Videos mit hoher Produktion suchen, ist dies der richtige Ort f\u00fcr Sie. Hier ist f\u00fcr jeden etwas dabei, von kaum legalen Babes bis hin zu MILFs, und die Action umfasst alle Arten von Videos, von Lesben- bis hin zu Anal- und Interracial-Sex. Wof\u00fcr Sie sich auch entscheiden, die Qualit\u00e4t ist hervorragend und neue Szenen werden in 4K ausgestrahlt. Da Wicked.com seit \u00fcber 25 Jahren online ist, sind die \u00e4ltesten Filme von schlechter Qualit\u00e4t, aber die Tatsache, dass sie immer noch verf\u00fcgbar sind, ist ein gro\u00dfes Plus. Wicked legt auch die Messlatte mit Videos wie Jessicas Fantasien h\u00f6her, bei denen die Fans entscheiden k\u00f6nnen, was sie wollen erwarten von. Sie w\u00fcrde gerne Jessica Drake sehen und einen Einblick in ihr Privatleben bekommen, denn hier gibt es so viele Inhalte, dass es normalerweise lange dauern w\u00fcrde, sie durchzubl\u00e4ttern. Aber es gibt einige ziemlich gute Filterwerkzeuge. Wir hatten keine Probleme, unsere Lieblingsmodels oder B\u00fchnengenres wie Alexis Fawx zu finden, und die Seite wird sogar vorschlagen, was wir uns ansehen sollten. Dies ist eine der besten Premium-Pornoseiten, die Sie jahrelang besch\u00e4ftigen wird.<\/p>\n","protected":false},"excerpt":{"rendered":"<p>Wicked ist eine exklusive Pornoseite, die Hunderte von ma\u00dfgeschneiderten Videos hostet. Das Anschauen von Pornos ist nicht nur Action f\u00fcr Sie, aber wenn Sie nach hochwertigen Geschichten und Videos mit hoher Produktion suchen, ist dies der richtige Ort f\u00fcr Sie. Hier ist f\u00fcr jeden etwas dabei, von kaum legalen Babes bis hin zu MILFs, und [&hellip;]<\/p>\n","protected":false},"author":1,"featured_media":0,"parent":0,"menu_order":0,"comment_status":"closed","ping_status":"closed","template":"page-star-stil.php","meta":{"footnotes":""},"class_list":["post-7647","page","type-page","status-publish","hentry"],"yoast_head":"<!-- This site is optimized with the Yoast SEO plugin v27.2 - https:\/\/yoast.com\/product\/yoast-seo-wordpress\/ -->\n<title>Wicked und Liste der besten Pornoseiten | PornMate<\/title>\n<meta name=\"description\" content=\"Wicked ist eine exklusive Pornoseite, die Hunderte von ma\u00dfgeschneiderten Videos hostet. Das Anschauen von Pornos ist nicht nur Action f\u00fcr Sie, aber wenn Sie nach hochwertigen Geschichten und Videos mit hoher Produktion suchen, ist dies der richtige Ort f\u00fcr Sie.\" \/>\n<meta name=\"robots\" content=\"index, follow, max-snippet:-1, max-image-preview:large, max-video-preview:-1\" \/>\n<link rel=\"canonical\" href=\"https:\/\/pornmate.com\/de\/wicked\" \/>\n<meta property=\"og:locale\" content=\"de_DE\" \/>\n<meta property=\"og:type\" content=\"article\" \/>\n<meta property=\"og:title\" content=\"Wicked und Liste der besten Pornoseiten | PornMate\" \/>\n<meta property=\"og:description\" content=\"Wicked ist eine exklusive Pornoseite, die Hunderte von ma\u00dfgeschneiderten Videos hostet. Das Anschauen von Pornos ist nicht nur Action f\u00fcr Sie, aber wenn Sie nach hochwertigen Geschichten und Videos mit hoher Produktion suchen, ist dies der richtige Ort f\u00fcr Sie.\" \/>\n<meta property=\"og:url\" content=\"https:\/\/pornmate.com\/de\/wicked\" \/>\n<meta property=\"og:site_name\" content=\"Besten Pornoseiten - Kostenlose Deutsche Pornos | PornMate.com\" \/>\n<meta property=\"article:modified_time\" content=\"2022-11-24T10:40:54+00:00\" \/>\n<meta name=\"twitter:card\" content=\"summary_large_image\" \/>\n<meta name=\"twitter:label1\" content=\"Gesch\u00e4tzte Lesezeit\" \/>\n\t<meta name=\"twitter:data1\" content=\"2\u00a0Minuten\" \/>\n<script type=\"application\/ld+json\" class=\"yoast-schema-graph\">{\"@context\":\"https:\/\/schema.org\",\"@graph\":[{\"@type\":\"WebPage\",\"@id\":\"https:\/\/pornmate.com\/de\/wicked\",\"url\":\"https:\/\/pornmate.com\/de\/wicked\",\"name\":\"Wicked und Liste der besten Pornoseiten | PornMate\",\"isPartOf\":{\"@id\":\"https:\/\/pornmate.com\/de\/#website\"},\"datePublished\":\"2020-03-26T09:55:20+00:00\",\"dateModified\":\"2022-11-24T10:40:54+00:00\",\"description\":\"Wicked ist eine exklusive Pornoseite, die Hunderte von ma\u00dfgeschneiderten Videos hostet. Das Anschauen von Pornos ist nicht nur Action f\u00fcr Sie, aber wenn Sie nach hochwertigen Geschichten und Videos mit hoher Produktion suchen, ist dies der richtige Ort f\u00fcr Sie.\",\"breadcrumb\":{\"@id\":\"https:\/\/pornmate.com\/de\/wicked#breadcrumb\"},\"inLanguage\":\"de\",\"potentialAction\":[{\"@type\":\"ReadAction\",\"target\":[\"https:\/\/pornmate.com\/de\/wicked\"]}]},{\"@type\":\"BreadcrumbList\",\"@id\":\"https:\/\/pornmate.com\/de\/wicked#breadcrumb\",\"itemListElement\":[{\"@type\":\"ListItem\",\"position\":1,\"name\":\"Startseite\",\"item\":\"https:\/\/pornmate.com\/de\"},{\"@type\":\"ListItem\",\"position\":2,\"name\":\"Wicked\"}]},{\"@type\":\"WebSite\",\"@id\":\"https:\/\/pornmate.com\/de\/#website\",\"url\":\"https:\/\/pornmate.com\/de\/\",\"name\":\"Besten Pornoseiten - Kostenlose Deutsche Pornos | PornMate.com\",\"description\":\"Kostenlose Pornos, ist Ihr Combo-Verzeichnis der besten gratis Pornoseiten, die Sie finden k\u00f6nnen, und das fantastische Seitenbewertungen, Kostenlose Deutsche sex Biografien von Pornostars und ihre xxx Freie Porno videos unter einem Dach pr\u00e4sentiert.\",\"publisher\":{\"@id\":\"https:\/\/pornmate.com\/de\/#organization\"},\"potentialAction\":[{\"@type\":\"SearchAction\",\"target\":{\"@type\":\"EntryPoint\",\"urlTemplate\":\"https:\/\/pornmate.com\/de\/?s={search_term_string}\"},\"query-input\":{\"@type\":\"PropertyValueSpecification\",\"valueRequired\":true,\"valueName\":\"search_term_string\"}}],\"inLanguage\":\"de\"},{\"@type\":\"Organization\",\"@id\":\"https:\/\/pornmate.com\/de\/#organization\",\"name\":\"Besten Pornoseiten - Kostenlose Deutsche Pornos | PornMate.com\",\"url\":\"https:\/\/pornmate.com\/de\/\",\"logo\":{\"@type\":\"ImageObject\",\"inLanguage\":\"de\",\"@id\":\"https:\/\/pornmate.com\/de\/#\/schema\/logo\/image\/\",\"url\":\"https:\/\/pornmate.com\/de\/wp-content\/uploads\/2022\/11\/pornmate-1.png\",\"contentUrl\":\"https:\/\/pornmate.com\/de\/wp-content\/uploads\/2022\/11\/pornmate-1.png\",\"width\":203,\"height\":200,\"caption\":\"Besten Pornoseiten - Kostenlose Deutsche Pornos | PornMate.com\"},\"image\":{\"@id\":\"https:\/\/pornmate.com\/de\/#\/schema\/logo\/image\/\"}}]}<\/script>\n<!-- \/ Yoast SEO plugin. -->","yoast_head_json":{"title":"Wicked und Liste der besten Pornoseiten | PornMate","description":"Wicked ist eine exklusive Pornoseite, die Hunderte von ma\u00dfgeschneiderten Videos hostet. Das Anschauen von Pornos ist nicht nur Action f\u00fcr Sie, aber wenn Sie nach hochwertigen Geschichten und Videos mit hoher Produktion suchen, ist dies der richtige Ort f\u00fcr Sie.","robots":{"index":"index","follow":"follow","max-snippet":"max-snippet:-1","max-image-preview":"max-image-preview:large","max-video-preview":"max-video-preview:-1"},"canonical":"https:\/\/pornmate.com\/de\/wicked","og_locale":"de_DE","og_type":"article","og_title":"Wicked und Liste der besten Pornoseiten | PornMate","og_description":"Wicked ist eine exklusive Pornoseite, die Hunderte von ma\u00dfgeschneiderten Videos hostet. Das Anschauen von Pornos ist nicht nur Action f\u00fcr Sie, aber wenn Sie nach hochwertigen Geschichten und Videos mit hoher Produktion suchen, ist dies der richtige Ort f\u00fcr Sie.","og_url":"https:\/\/pornmate.com\/de\/wicked","og_site_name":"Besten Pornoseiten - Kostenlose Deutsche Pornos | PornMate.com","article_modified_time":"2022-11-24T10:40:54+00:00","twitter_card":"summary_large_image","twitter_misc":{"Gesch\u00e4tzte Lesezeit":"2\u00a0Minuten"},"schema":{"@context":"https:\/\/schema.org","@graph":[{"@type":"WebPage","@id":"https:\/\/pornmate.com\/de\/wicked","url":"https:\/\/pornmate.com\/de\/wicked","name":"Wicked und Liste der besten Pornoseiten | PornMate","isPartOf":{"@id":"https:\/\/pornmate.com\/de\/#website"},"datePublished":"2020-03-26T09:55:20+00:00","dateModified":"2022-11-24T10:40:54+00:00","description":"Wicked ist eine exklusive Pornoseite, die Hunderte von ma\u00dfgeschneiderten Videos hostet. Das Anschauen von Pornos ist nicht nur Action f\u00fcr Sie, aber wenn Sie nach hochwertigen Geschichten und Videos mit hoher Produktion suchen, ist dies der richtige Ort f\u00fcr Sie.","breadcrumb":{"@id":"https:\/\/pornmate.com\/de\/wicked#breadcrumb"},"inLanguage":"de","potentialAction":[{"@type":"ReadAction","target":["https:\/\/pornmate.com\/de\/wicked"]}]},{"@type":"BreadcrumbList","@id":"https:\/\/pornmate.com\/de\/wicked#breadcrumb","itemListElement":[{"@type":"ListItem","position":1,"name":"Startseite","item":"https:\/\/pornmate.com\/de"},{"@type":"ListItem","position":2,"name":"Wicked"}]},{"@type":"WebSite","@id":"https:\/\/pornmate.com\/de\/#website","url":"https:\/\/pornmate.com\/de\/","name":"Besten Pornoseiten - Kostenlose Deutsche Pornos | PornMate.com","description":"Kostenlose Pornos, ist Ihr Combo-Verzeichnis der besten gratis Pornoseiten, die Sie finden k\u00f6nnen, und das fantastische Seitenbewertungen, Kostenlose Deutsche sex Biografien von Pornostars und ihre xxx Freie Porno videos unter einem Dach pr\u00e4sentiert.","publisher":{"@id":"https:\/\/pornmate.com\/de\/#organization"},"potentialAction":[{"@type":"SearchAction","target":{"@type":"EntryPoint","urlTemplate":"https:\/\/pornmate.com\/de\/?s={search_term_string}"},"query-input":{"@type":"PropertyValueSpecification","valueRequired":true,"valueName":"search_term_string"}}],"inLanguage":"de"},{"@type":"Organization","@id":"https:\/\/pornmate.com\/de\/#organization","name":"Besten Pornoseiten - Kostenlose Deutsche Pornos | PornMate.com","url":"https:\/\/pornmate.com\/de\/","logo":{"@type":"ImageObject","inLanguage":"de","@id":"https:\/\/pornmate.com\/de\/#\/schema\/logo\/image\/","url":"https:\/\/pornmate.com\/de\/wp-content\/uploads\/2022\/11\/pornmate-1.png","contentUrl":"https:\/\/pornmate.com\/de\/wp-content\/uploads\/2022\/11\/pornmate-1.png","width":203,"height":200,"caption":"Besten Pornoseiten - Kostenlose Deutsche Pornos | PornMate.com"},"image":{"@id":"https:\/\/pornmate.com\/de\/#\/schema\/logo\/image\/"}}]}},"_links":{"self":[{"href":"https:\/\/pornmate.com\/de\/wp-json\/wp\/v2\/pages\/7647","targetHints":{"allow":["GET"]}}],"collection":[{"href":"https:\/\/pornmate.com\/de\/wp-json\/wp\/v2\/pages"}],"about":[{"href":"https:\/\/pornmate.com\/de\/wp-json\/wp\/v2\/types\/page"}],"author":[{"embeddable":true,"href":"https:\/\/pornmate.com\/de\/wp-json\/wp\/v2\/users\/1"}],"replies":[{"embeddable":true,"href":"https:\/\/pornmate.com\/de\/wp-json\/wp\/v2\/comments?post=7647"}],"version-history":[{"count":0,"href":"https:\/\/pornmate.com\/de\/wp-json\/wp\/v2\/pages\/7647\/revisions"}],"wp:attachment":[{"href":"https:\/\/pornmate.com\/de\/wp-json\/wp\/v2\/media?parent=7647"}],"curies":[{"name":"wp","href":"https:\/\/api.w.org\/{rel}","templated":true}]}}