{"id":7649,"date":"2020-03-26T09:57:39","date_gmt":"2020-03-26T09:57:39","guid":{"rendered":"https:\/\/pornmate.com\/?page_id=7649"},"modified":"2022-11-24T11:37:59","modified_gmt":"2022-11-24T10:37:59","slug":"digitalplayground","status":"publish","type":"page","link":"https:\/\/pornmate.com\/de\/digitalplayground","title":{"rendered":"Digitalplayground"},"content":{"rendered":"<p>DigitalPlayground.com beherbergt Blockbuster-Videos f\u00fcr Erwachsene in h\u00f6chster Qualit\u00e4t sowie mehrere preisgekr\u00f6nte Sexparodien. Es versammelt einige der wichtigsten Pornostars, darunter Audrey Bitoni, Alexis Fawx und Joanna Angel. Sie werden nicht nur gerne Filme sehen, sondern Seifenopern wie Seifenopern sind mit perversem Sex und Hardcore-Fick gef\u00fcllt, anstatt nur zu weinen und Romantik. Die einzelnen Videos sind denen gewidmet, die von Flixxx, DP Parodies und Raw Cuts abgedeckt werden, und sie zeigen 1.269 Pornostars, die ihre Bewegungen zeigen, und Sie werden es auf jeden Fall genie\u00dfen, sie anzusehen. Filme, Fernsehsendungen und Videos sind in 12 verschiedenen Kategorien zusammengefasst, sodass Sie viele verschiedene Inhalte genie\u00dfen k\u00f6nnen: von schelmischen t\u00e4towierten Teenagern mit diesem teuflischen L\u00e4cheln auf ihren Gesichtern bis hin zu s\u00fc\u00dfen asiatischen M\u00e4dchen, die es lieben, ihre Sexualit\u00e4t zu erforschen. Auf der Registerkarte Store oben auf der ersten Seite bietet Ihnen DigitalPlayground die M\u00f6glichkeit, einen Film oder eine Serie auf DVD zu bestellen und zu Ihrem Vergn\u00fcgen ein paar ungezogene Sexspielzeuge zu kaufen.<\/p>\n","protected":false},"excerpt":{"rendered":"<p>DigitalPlayground.com beherbergt Blockbuster-Videos f\u00fcr Erwachsene in h\u00f6chster Qualit\u00e4t sowie mehrere preisgekr\u00f6nte Sexparodien. Es versammelt einige der wichtigsten Pornostars, darunter Audrey Bitoni, Alexis Fawx und Joanna Angel. Sie werden nicht nur gerne Filme sehen, sondern Seifenopern wie Seifenopern sind mit perversem Sex und Hardcore-Fick gef\u00fcllt, anstatt nur zu weinen und Romantik. Die einzelnen Videos sind denen [&hellip;]<\/p>\n","protected":false},"author":1,"featured_media":0,"parent":0,"menu_order":0,"comment_status":"closed","ping_status":"closed","template":"page-star-stil.php","meta":{"footnotes":""},"class_list":["post-7649","page","type-page","status-publish","hentry"],"yoast_head":"<!-- This site is optimized with the Yoast SEO plugin v27.2 - https:\/\/yoast.com\/product\/yoast-seo-wordpress\/ -->\n<title>Digitalplayground und Liste der besten Pornoseiten | PornMate<\/title>\n<meta name=\"description\" content=\"DigitalPlayground.com beherbergt Blockbuster-Videos f\u00fcr Erwachsene in h\u00f6chster Qualit\u00e4t sowie mehrere preisgekr\u00f6nte Sexparodien. Es versammelt einige der wichtigsten Pornostars, darunter Audrey Bitoni, Alexis Fawx und Joanna Angel.\" \/>\n<meta name=\"robots\" content=\"index, follow, max-snippet:-1, max-image-preview:large, max-video-preview:-1\" \/>\n<link rel=\"canonical\" href=\"https:\/\/pornmate.com\/de\/digitalplayground\" \/>\n<meta property=\"og:locale\" content=\"de_DE\" \/>\n<meta property=\"og:type\" content=\"article\" \/>\n<meta property=\"og:title\" content=\"Digitalplayground und Liste der besten Pornoseiten | PornMate\" \/>\n<meta property=\"og:description\" content=\"DigitalPlayground.com beherbergt Blockbuster-Videos f\u00fcr Erwachsene in h\u00f6chster Qualit\u00e4t sowie mehrere preisgekr\u00f6nte Sexparodien. Es versammelt einige der wichtigsten Pornostars, darunter Audrey Bitoni, Alexis Fawx und Joanna Angel.\" \/>\n<meta property=\"og:url\" content=\"https:\/\/pornmate.com\/de\/digitalplayground\" \/>\n<meta property=\"og:site_name\" content=\"Besten Pornoseiten - Kostenlose Deutsche Pornos | PornMate.com\" \/>\n<meta property=\"article:modified_time\" content=\"2022-11-24T10:37:59+00:00\" \/>\n<meta name=\"twitter:card\" content=\"summary_large_image\" \/>\n<meta name=\"twitter:label1\" content=\"Gesch\u00e4tzte Lesezeit\" \/>\n\t<meta name=\"twitter:data1\" content=\"1\u00a0Minute\" \/>\n<script type=\"application\/ld+json\" class=\"yoast-schema-graph\">{\"@context\":\"https:\/\/schema.org\",\"@graph\":[{\"@type\":\"WebPage\",\"@id\":\"https:\/\/pornmate.com\/de\/digitalplayground\",\"url\":\"https:\/\/pornmate.com\/de\/digitalplayground\",\"name\":\"Digitalplayground und Liste der besten Pornoseiten | PornMate\",\"isPartOf\":{\"@id\":\"https:\/\/pornmate.com\/de\/#website\"},\"datePublished\":\"2020-03-26T09:57:39+00:00\",\"dateModified\":\"2022-11-24T10:37:59+00:00\",\"description\":\"DigitalPlayground.com beherbergt Blockbuster-Videos f\u00fcr Erwachsene in h\u00f6chster Qualit\u00e4t sowie mehrere preisgekr\u00f6nte Sexparodien. Es versammelt einige der wichtigsten Pornostars, darunter Audrey Bitoni, Alexis Fawx und Joanna Angel.\",\"breadcrumb\":{\"@id\":\"https:\/\/pornmate.com\/de\/digitalplayground#breadcrumb\"},\"inLanguage\":\"de\",\"potentialAction\":[{\"@type\":\"ReadAction\",\"target\":[\"https:\/\/pornmate.com\/de\/digitalplayground\"]}]},{\"@type\":\"BreadcrumbList\",\"@id\":\"https:\/\/pornmate.com\/de\/digitalplayground#breadcrumb\",\"itemListElement\":[{\"@type\":\"ListItem\",\"position\":1,\"name\":\"Startseite\",\"item\":\"https:\/\/pornmate.com\/de\"},{\"@type\":\"ListItem\",\"position\":2,\"name\":\"Digitalplayground\"}]},{\"@type\":\"WebSite\",\"@id\":\"https:\/\/pornmate.com\/de\/#website\",\"url\":\"https:\/\/pornmate.com\/de\/\",\"name\":\"Besten Pornoseiten - Kostenlose Deutsche Pornos | PornMate.com\",\"description\":\"Kostenlose Pornos, ist Ihr Combo-Verzeichnis der besten gratis Pornoseiten, die Sie finden k\u00f6nnen, und das fantastische Seitenbewertungen, Kostenlose Deutsche sex Biografien von Pornostars und ihre xxx Freie Porno videos unter einem Dach pr\u00e4sentiert.\",\"publisher\":{\"@id\":\"https:\/\/pornmate.com\/de\/#organization\"},\"potentialAction\":[{\"@type\":\"SearchAction\",\"target\":{\"@type\":\"EntryPoint\",\"urlTemplate\":\"https:\/\/pornmate.com\/de\/?s={search_term_string}\"},\"query-input\":{\"@type\":\"PropertyValueSpecification\",\"valueRequired\":true,\"valueName\":\"search_term_string\"}}],\"inLanguage\":\"de\"},{\"@type\":\"Organization\",\"@id\":\"https:\/\/pornmate.com\/de\/#organization\",\"name\":\"Besten Pornoseiten - Kostenlose Deutsche Pornos | PornMate.com\",\"url\":\"https:\/\/pornmate.com\/de\/\",\"logo\":{\"@type\":\"ImageObject\",\"inLanguage\":\"de\",\"@id\":\"https:\/\/pornmate.com\/de\/#\/schema\/logo\/image\/\",\"url\":\"https:\/\/pornmate.com\/de\/wp-content\/uploads\/2022\/11\/pornmate-1.png\",\"contentUrl\":\"https:\/\/pornmate.com\/de\/wp-content\/uploads\/2022\/11\/pornmate-1.png\",\"width\":203,\"height\":200,\"caption\":\"Besten Pornoseiten - Kostenlose Deutsche Pornos | PornMate.com\"},\"image\":{\"@id\":\"https:\/\/pornmate.com\/de\/#\/schema\/logo\/image\/\"}}]}<\/script>\n<!-- \/ Yoast SEO plugin. -->","yoast_head_json":{"title":"Digitalplayground und Liste der besten Pornoseiten | PornMate","description":"DigitalPlayground.com beherbergt Blockbuster-Videos f\u00fcr Erwachsene in h\u00f6chster Qualit\u00e4t sowie mehrere preisgekr\u00f6nte Sexparodien. Es versammelt einige der wichtigsten Pornostars, darunter Audrey Bitoni, Alexis Fawx und Joanna Angel.","robots":{"index":"index","follow":"follow","max-snippet":"max-snippet:-1","max-image-preview":"max-image-preview:large","max-video-preview":"max-video-preview:-1"},"canonical":"https:\/\/pornmate.com\/de\/digitalplayground","og_locale":"de_DE","og_type":"article","og_title":"Digitalplayground und Liste der besten Pornoseiten | PornMate","og_description":"DigitalPlayground.com beherbergt Blockbuster-Videos f\u00fcr Erwachsene in h\u00f6chster Qualit\u00e4t sowie mehrere preisgekr\u00f6nte Sexparodien. Es versammelt einige der wichtigsten Pornostars, darunter Audrey Bitoni, Alexis Fawx und Joanna Angel.","og_url":"https:\/\/pornmate.com\/de\/digitalplayground","og_site_name":"Besten Pornoseiten - Kostenlose Deutsche Pornos | PornMate.com","article_modified_time":"2022-11-24T10:37:59+00:00","twitter_card":"summary_large_image","twitter_misc":{"Gesch\u00e4tzte Lesezeit":"1\u00a0Minute"},"schema":{"@context":"https:\/\/schema.org","@graph":[{"@type":"WebPage","@id":"https:\/\/pornmate.com\/de\/digitalplayground","url":"https:\/\/pornmate.com\/de\/digitalplayground","name":"Digitalplayground und Liste der besten Pornoseiten | PornMate","isPartOf":{"@id":"https:\/\/pornmate.com\/de\/#website"},"datePublished":"2020-03-26T09:57:39+00:00","dateModified":"2022-11-24T10:37:59+00:00","description":"DigitalPlayground.com beherbergt Blockbuster-Videos f\u00fcr Erwachsene in h\u00f6chster Qualit\u00e4t sowie mehrere preisgekr\u00f6nte Sexparodien. Es versammelt einige der wichtigsten Pornostars, darunter Audrey Bitoni, Alexis Fawx und Joanna Angel.","breadcrumb":{"@id":"https:\/\/pornmate.com\/de\/digitalplayground#breadcrumb"},"inLanguage":"de","potentialAction":[{"@type":"ReadAction","target":["https:\/\/pornmate.com\/de\/digitalplayground"]}]},{"@type":"BreadcrumbList","@id":"https:\/\/pornmate.com\/de\/digitalplayground#breadcrumb","itemListElement":[{"@type":"ListItem","position":1,"name":"Startseite","item":"https:\/\/pornmate.com\/de"},{"@type":"ListItem","position":2,"name":"Digitalplayground"}]},{"@type":"WebSite","@id":"https:\/\/pornmate.com\/de\/#website","url":"https:\/\/pornmate.com\/de\/","name":"Besten Pornoseiten - Kostenlose Deutsche Pornos | PornMate.com","description":"Kostenlose Pornos, ist Ihr Combo-Verzeichnis der besten gratis Pornoseiten, die Sie finden k\u00f6nnen, und das fantastische Seitenbewertungen, Kostenlose Deutsche sex Biografien von Pornostars und ihre xxx Freie Porno videos unter einem Dach pr\u00e4sentiert.","publisher":{"@id":"https:\/\/pornmate.com\/de\/#organization"},"potentialAction":[{"@type":"SearchAction","target":{"@type":"EntryPoint","urlTemplate":"https:\/\/pornmate.com\/de\/?s={search_term_string}"},"query-input":{"@type":"PropertyValueSpecification","valueRequired":true,"valueName":"search_term_string"}}],"inLanguage":"de"},{"@type":"Organization","@id":"https:\/\/pornmate.com\/de\/#organization","name":"Besten Pornoseiten - Kostenlose Deutsche Pornos | PornMate.com","url":"https:\/\/pornmate.com\/de\/","logo":{"@type":"ImageObject","inLanguage":"de","@id":"https:\/\/pornmate.com\/de\/#\/schema\/logo\/image\/","url":"https:\/\/pornmate.com\/de\/wp-content\/uploads\/2022\/11\/pornmate-1.png","contentUrl":"https:\/\/pornmate.com\/de\/wp-content\/uploads\/2022\/11\/pornmate-1.png","width":203,"height":200,"caption":"Besten Pornoseiten - Kostenlose Deutsche Pornos | PornMate.com"},"image":{"@id":"https:\/\/pornmate.com\/de\/#\/schema\/logo\/image\/"}}]}},"_links":{"self":[{"href":"https:\/\/pornmate.com\/de\/wp-json\/wp\/v2\/pages\/7649","targetHints":{"allow":["GET"]}}],"collection":[{"href":"https:\/\/pornmate.com\/de\/wp-json\/wp\/v2\/pages"}],"about":[{"href":"https:\/\/pornmate.com\/de\/wp-json\/wp\/v2\/types\/page"}],"author":[{"embeddable":true,"href":"https:\/\/pornmate.com\/de\/wp-json\/wp\/v2\/users\/1"}],"replies":[{"embeddable":true,"href":"https:\/\/pornmate.com\/de\/wp-json\/wp\/v2\/comments?post=7649"}],"version-history":[{"count":0,"href":"https:\/\/pornmate.com\/de\/wp-json\/wp\/v2\/pages\/7649\/revisions"}],"wp:attachment":[{"href":"https:\/\/pornmate.com\/de\/wp-json\/wp\/v2\/media?parent=7649"}],"curies":[{"name":"wp","href":"https:\/\/api.w.org\/{rel}","templated":true}]}}