{"id":7659,"date":"2020-03-28T09:03:46","date_gmt":"2020-03-28T09:03:46","guid":{"rendered":"https:\/\/pornmate.com\/?page_id=7659"},"modified":"2022-11-23T17:05:51","modified_gmt":"2022-11-23T16:05:51","slug":"povd","status":"publish","type":"page","link":"https:\/\/pornmate.com\/de\/povd","title":{"rendered":"Povd"},"content":{"rendered":"<p>Povd.com ist wahrscheinlich die vollst\u00e4ndige Adresse f\u00fcr die besten, sch\u00f6nsten und eindringlichsten POV-Videos, die jemals in dieser Branche gedreht wurden. Es ist eine der besten Pornoseiten. Es ist nicht gerade so, als w\u00fcrdest du das M\u00e4dchen da dr\u00fcben selbst ficken, aber es kommt uns am n\u00e4chsten. Die h\u00f6chste im Web verf\u00fcgbare Videoqualit\u00e4t, aber auch POVD mit Winkeln, die in der Praxis noch nie zuvor gesehen wurden. Es bietet zweifellos Unterhaltung f\u00fcr Erwachsene. Hast du jemals dar\u00fcber nachgedacht, wie es w\u00e4re, wenn du die Chance h\u00e4ttest, Lisa Ann, Zoe Bloom, Allie Addison oder einen anderen weltber\u00fchmten Pornostar zu ficken? Bei POVD m\u00fcssen Sie sich nur anmelden und auf die Schaltfl\u00e4che Video abspielen klicken. Sie werden sich fast so f\u00fchlen, als w\u00e4ren Sie dabei gewesen. Neue Videos werden zwei- oder dreimal pro Woche hinzugef\u00fcgt. Neben dem Streamen von Videos k\u00f6nnen Sie sie herunterladen und dauerhaft auf Ihrem Telefon oder Computer speichern. Und es ist so g\u00fcnstig, dass all dies f\u00fcr weniger als 30 US-Dollar pro Monat m\u00f6glich ist, aber Sie k\u00f6nnen den monatlichen Preis sparen, indem Sie eine Jahresmitgliedschaft erwerben und noch mehr f\u00fcr Ihr Geld bekommen.<\/p>\n","protected":false},"excerpt":{"rendered":"<p>Povd.com ist wahrscheinlich die vollst\u00e4ndige Adresse f\u00fcr die besten, sch\u00f6nsten und eindringlichsten POV-Videos, die jemals in dieser Branche gedreht wurden. Es ist eine der besten Pornoseiten. Es ist nicht gerade so, als w\u00fcrdest du das M\u00e4dchen da dr\u00fcben selbst ficken, aber es kommt uns am n\u00e4chsten. Die h\u00f6chste im Web verf\u00fcgbare Videoqualit\u00e4t, aber auch POVD [&hellip;]<\/p>\n","protected":false},"author":1,"featured_media":0,"parent":0,"menu_order":0,"comment_status":"closed","ping_status":"closed","template":"page-star-stil.php","meta":{"footnotes":""},"class_list":["post-7659","page","type-page","status-publish","hentry"],"yoast_head":"<!-- This site is optimized with the Yoast SEO plugin v27.2 - https:\/\/yoast.com\/product\/yoast-seo-wordpress\/ -->\n<title>Povd und Liste der besten Pornoseiten | PornMate<\/title>\n<meta name=\"description\" content=\"Povd.com ist wahrscheinlich die vollst\u00e4ndige Adresse f\u00fcr die besten, sch\u00f6nsten und eindringlichsten POV-Videos, die jemals in dieser Branche gedreht wurden. Es ist eine der besten Pornoseiten. Es ist nicht gerade so, als w\u00fcrdest du das M\u00e4dchen da dr\u00fcben selbst ficken, aber es kommt uns am n\u00e4chsten. Die h\u00f6chste im Web verf\u00fcgbare Videoqualit\u00e4t, aber auch POVD mit Winkeln, die in der Praxis noch nie zuvor gesehen wurden.\" \/>\n<meta name=\"robots\" content=\"index, follow, max-snippet:-1, max-image-preview:large, max-video-preview:-1\" \/>\n<link rel=\"canonical\" href=\"https:\/\/pornmate.com\/de\/povd\" \/>\n<meta property=\"og:locale\" content=\"de_DE\" \/>\n<meta property=\"og:type\" content=\"article\" \/>\n<meta property=\"og:title\" content=\"Povd und Liste der besten Pornoseiten | PornMate\" \/>\n<meta property=\"og:description\" content=\"Povd.com ist wahrscheinlich die vollst\u00e4ndige Adresse f\u00fcr die besten, sch\u00f6nsten und eindringlichsten POV-Videos, die jemals in dieser Branche gedreht wurden. Es ist eine der besten Pornoseiten. Es ist nicht gerade so, als w\u00fcrdest du das M\u00e4dchen da dr\u00fcben selbst ficken, aber es kommt uns am n\u00e4chsten. Die h\u00f6chste im Web verf\u00fcgbare Videoqualit\u00e4t, aber auch POVD mit Winkeln, die in der Praxis noch nie zuvor gesehen wurden.\" \/>\n<meta property=\"og:url\" content=\"https:\/\/pornmate.com\/de\/povd\" \/>\n<meta property=\"og:site_name\" content=\"Besten Pornoseiten - Kostenlose Deutsche Pornos | PornMate.com\" \/>\n<meta property=\"article:modified_time\" content=\"2022-11-23T16:05:51+00:00\" \/>\n<meta name=\"twitter:card\" content=\"summary_large_image\" \/>\n<meta name=\"twitter:label1\" content=\"Gesch\u00e4tzte Lesezeit\" \/>\n\t<meta name=\"twitter:data1\" content=\"2\u00a0Minuten\" \/>\n<script type=\"application\/ld+json\" class=\"yoast-schema-graph\">{\"@context\":\"https:\/\/schema.org\",\"@graph\":[{\"@type\":\"WebPage\",\"@id\":\"https:\/\/pornmate.com\/de\/povd\",\"url\":\"https:\/\/pornmate.com\/de\/povd\",\"name\":\"Povd und Liste der besten Pornoseiten | PornMate\",\"isPartOf\":{\"@id\":\"https:\/\/pornmate.com\/de\/#website\"},\"datePublished\":\"2020-03-28T09:03:46+00:00\",\"dateModified\":\"2022-11-23T16:05:51+00:00\",\"description\":\"Povd.com ist wahrscheinlich die vollst\u00e4ndige Adresse f\u00fcr die besten, sch\u00f6nsten und eindringlichsten POV-Videos, die jemals in dieser Branche gedreht wurden. Es ist eine der besten Pornoseiten. Es ist nicht gerade so, als w\u00fcrdest du das M\u00e4dchen da dr\u00fcben selbst ficken, aber es kommt uns am n\u00e4chsten. Die h\u00f6chste im Web verf\u00fcgbare Videoqualit\u00e4t, aber auch POVD mit Winkeln, die in der Praxis noch nie zuvor gesehen wurden.\",\"breadcrumb\":{\"@id\":\"https:\/\/pornmate.com\/de\/povd#breadcrumb\"},\"inLanguage\":\"de\",\"potentialAction\":[{\"@type\":\"ReadAction\",\"target\":[\"https:\/\/pornmate.com\/de\/povd\"]}]},{\"@type\":\"BreadcrumbList\",\"@id\":\"https:\/\/pornmate.com\/de\/povd#breadcrumb\",\"itemListElement\":[{\"@type\":\"ListItem\",\"position\":1,\"name\":\"Startseite\",\"item\":\"https:\/\/pornmate.com\/de\"},{\"@type\":\"ListItem\",\"position\":2,\"name\":\"Povd\"}]},{\"@type\":\"WebSite\",\"@id\":\"https:\/\/pornmate.com\/de\/#website\",\"url\":\"https:\/\/pornmate.com\/de\/\",\"name\":\"Besten Pornoseiten - Kostenlose Deutsche Pornos | PornMate.com\",\"description\":\"Kostenlose Pornos, ist Ihr Combo-Verzeichnis der besten gratis Pornoseiten, die Sie finden k\u00f6nnen, und das fantastische Seitenbewertungen, Kostenlose Deutsche sex Biografien von Pornostars und ihre xxx Freie Porno videos unter einem Dach pr\u00e4sentiert.\",\"publisher\":{\"@id\":\"https:\/\/pornmate.com\/de\/#organization\"},\"potentialAction\":[{\"@type\":\"SearchAction\",\"target\":{\"@type\":\"EntryPoint\",\"urlTemplate\":\"https:\/\/pornmate.com\/de\/?s={search_term_string}\"},\"query-input\":{\"@type\":\"PropertyValueSpecification\",\"valueRequired\":true,\"valueName\":\"search_term_string\"}}],\"inLanguage\":\"de\"},{\"@type\":\"Organization\",\"@id\":\"https:\/\/pornmate.com\/de\/#organization\",\"name\":\"Besten Pornoseiten - Kostenlose Deutsche Pornos | PornMate.com\",\"url\":\"https:\/\/pornmate.com\/de\/\",\"logo\":{\"@type\":\"ImageObject\",\"inLanguage\":\"de\",\"@id\":\"https:\/\/pornmate.com\/de\/#\/schema\/logo\/image\/\",\"url\":\"https:\/\/pornmate.com\/de\/wp-content\/uploads\/2022\/11\/pornmate-1.png\",\"contentUrl\":\"https:\/\/pornmate.com\/de\/wp-content\/uploads\/2022\/11\/pornmate-1.png\",\"width\":203,\"height\":200,\"caption\":\"Besten Pornoseiten - Kostenlose Deutsche Pornos | PornMate.com\"},\"image\":{\"@id\":\"https:\/\/pornmate.com\/de\/#\/schema\/logo\/image\/\"}}]}<\/script>\n<!-- \/ Yoast SEO plugin. -->","yoast_head_json":{"title":"Povd und Liste der besten Pornoseiten | PornMate","description":"Povd.com ist wahrscheinlich die vollst\u00e4ndige Adresse f\u00fcr die besten, sch\u00f6nsten und eindringlichsten POV-Videos, die jemals in dieser Branche gedreht wurden. Es ist eine der besten Pornoseiten. Es ist nicht gerade so, als w\u00fcrdest du das M\u00e4dchen da dr\u00fcben selbst ficken, aber es kommt uns am n\u00e4chsten. Die h\u00f6chste im Web verf\u00fcgbare Videoqualit\u00e4t, aber auch POVD mit Winkeln, die in der Praxis noch nie zuvor gesehen wurden.","robots":{"index":"index","follow":"follow","max-snippet":"max-snippet:-1","max-image-preview":"max-image-preview:large","max-video-preview":"max-video-preview:-1"},"canonical":"https:\/\/pornmate.com\/de\/povd","og_locale":"de_DE","og_type":"article","og_title":"Povd und Liste der besten Pornoseiten | PornMate","og_description":"Povd.com ist wahrscheinlich die vollst\u00e4ndige Adresse f\u00fcr die besten, sch\u00f6nsten und eindringlichsten POV-Videos, die jemals in dieser Branche gedreht wurden. Es ist eine der besten Pornoseiten. Es ist nicht gerade so, als w\u00fcrdest du das M\u00e4dchen da dr\u00fcben selbst ficken, aber es kommt uns am n\u00e4chsten. Die h\u00f6chste im Web verf\u00fcgbare Videoqualit\u00e4t, aber auch POVD mit Winkeln, die in der Praxis noch nie zuvor gesehen wurden.","og_url":"https:\/\/pornmate.com\/de\/povd","og_site_name":"Besten Pornoseiten - Kostenlose Deutsche Pornos | PornMate.com","article_modified_time":"2022-11-23T16:05:51+00:00","twitter_card":"summary_large_image","twitter_misc":{"Gesch\u00e4tzte Lesezeit":"2\u00a0Minuten"},"schema":{"@context":"https:\/\/schema.org","@graph":[{"@type":"WebPage","@id":"https:\/\/pornmate.com\/de\/povd","url":"https:\/\/pornmate.com\/de\/povd","name":"Povd und Liste der besten Pornoseiten | PornMate","isPartOf":{"@id":"https:\/\/pornmate.com\/de\/#website"},"datePublished":"2020-03-28T09:03:46+00:00","dateModified":"2022-11-23T16:05:51+00:00","description":"Povd.com ist wahrscheinlich die vollst\u00e4ndige Adresse f\u00fcr die besten, sch\u00f6nsten und eindringlichsten POV-Videos, die jemals in dieser Branche gedreht wurden. Es ist eine der besten Pornoseiten. Es ist nicht gerade so, als w\u00fcrdest du das M\u00e4dchen da dr\u00fcben selbst ficken, aber es kommt uns am n\u00e4chsten. Die h\u00f6chste im Web verf\u00fcgbare Videoqualit\u00e4t, aber auch POVD mit Winkeln, die in der Praxis noch nie zuvor gesehen wurden.","breadcrumb":{"@id":"https:\/\/pornmate.com\/de\/povd#breadcrumb"},"inLanguage":"de","potentialAction":[{"@type":"ReadAction","target":["https:\/\/pornmate.com\/de\/povd"]}]},{"@type":"BreadcrumbList","@id":"https:\/\/pornmate.com\/de\/povd#breadcrumb","itemListElement":[{"@type":"ListItem","position":1,"name":"Startseite","item":"https:\/\/pornmate.com\/de"},{"@type":"ListItem","position":2,"name":"Povd"}]},{"@type":"WebSite","@id":"https:\/\/pornmate.com\/de\/#website","url":"https:\/\/pornmate.com\/de\/","name":"Besten Pornoseiten - Kostenlose Deutsche Pornos | PornMate.com","description":"Kostenlose Pornos, ist Ihr Combo-Verzeichnis der besten gratis Pornoseiten, die Sie finden k\u00f6nnen, und das fantastische Seitenbewertungen, Kostenlose Deutsche sex Biografien von Pornostars und ihre xxx Freie Porno videos unter einem Dach pr\u00e4sentiert.","publisher":{"@id":"https:\/\/pornmate.com\/de\/#organization"},"potentialAction":[{"@type":"SearchAction","target":{"@type":"EntryPoint","urlTemplate":"https:\/\/pornmate.com\/de\/?s={search_term_string}"},"query-input":{"@type":"PropertyValueSpecification","valueRequired":true,"valueName":"search_term_string"}}],"inLanguage":"de"},{"@type":"Organization","@id":"https:\/\/pornmate.com\/de\/#organization","name":"Besten Pornoseiten - Kostenlose Deutsche Pornos | PornMate.com","url":"https:\/\/pornmate.com\/de\/","logo":{"@type":"ImageObject","inLanguage":"de","@id":"https:\/\/pornmate.com\/de\/#\/schema\/logo\/image\/","url":"https:\/\/pornmate.com\/de\/wp-content\/uploads\/2022\/11\/pornmate-1.png","contentUrl":"https:\/\/pornmate.com\/de\/wp-content\/uploads\/2022\/11\/pornmate-1.png","width":203,"height":200,"caption":"Besten Pornoseiten - Kostenlose Deutsche Pornos | PornMate.com"},"image":{"@id":"https:\/\/pornmate.com\/de\/#\/schema\/logo\/image\/"}}]}},"_links":{"self":[{"href":"https:\/\/pornmate.com\/de\/wp-json\/wp\/v2\/pages\/7659","targetHints":{"allow":["GET"]}}],"collection":[{"href":"https:\/\/pornmate.com\/de\/wp-json\/wp\/v2\/pages"}],"about":[{"href":"https:\/\/pornmate.com\/de\/wp-json\/wp\/v2\/types\/page"}],"author":[{"embeddable":true,"href":"https:\/\/pornmate.com\/de\/wp-json\/wp\/v2\/users\/1"}],"replies":[{"embeddable":true,"href":"https:\/\/pornmate.com\/de\/wp-json\/wp\/v2\/comments?post=7659"}],"version-history":[{"count":0,"href":"https:\/\/pornmate.com\/de\/wp-json\/wp\/v2\/pages\/7659\/revisions"}],"wp:attachment":[{"href":"https:\/\/pornmate.com\/de\/wp-json\/wp\/v2\/media?parent=7659"}],"curies":[{"name":"wp","href":"https:\/\/api.w.org\/{rel}","templated":true}]}}