{"id":7663,"date":"2020-03-28T09:08:45","date_gmt":"2020-03-28T09:08:45","guid":{"rendered":"https:\/\/pornmate.com\/?page_id=7663"},"modified":"2022-11-23T17:02:51","modified_gmt":"2022-11-23T16:02:51","slug":"japanhdv","status":"publish","type":"page","link":"https:\/\/pornmate.com\/de\/japanhdv","title":{"rendered":"Japanhdv"},"content":{"rendered":"<p>JapanHDV.com ist die Nummer eins aller Seiten, wenn es um unzensierte japanische Pornos geht.<br \/>\nEs enth\u00e4lt einige der besten JAV-Vorlagen, die erweitert werden m\u00fcssen, und alles wird in hochwertigen, mosaikfreien Hardcore-Clips angeboten. Auf JapanHDV k\u00f6nnen Sie eine Reihe von Videos ber\u00fchmter japanischer AV-Modelle herunterladen oder streamen. Damit meinen wir nicht erwachsene Vorbilder wie Tanaka, sondern junge, frische Aufsteiger wie Ageha Ai Kamijou oder Aihara Miho. Bukkake, Creampie-Videos, Analficks, Doppelszenen \u2013 das sind nur einige der vielen Pornos, die JapanHDV zu bieten hat Neben den Videos gibt es auch Hunderte von hochaufl\u00f6senden Fotos, auf denen japanische Schlampen zeigen, wie sehr sie sich nach ihrer Unzucht sehnen und ihre K\u00f6rper vor der Kamera erleben. Karriere im Pornos. Besuchen Sie jetzt JapandHDV.com und treffen Sie einige der hei\u00dfesten Frauen all dieser nackten Dienstm\u00e4dchen, denen Sie begegnen k\u00f6nnen.<\/p>\n","protected":false},"excerpt":{"rendered":"<p>JapanHDV.com ist die Nummer eins aller Seiten, wenn es um unzensierte japanische Pornos geht. Es enth\u00e4lt einige der besten JAV-Vorlagen, die erweitert werden m\u00fcssen, und alles wird in hochwertigen, mosaikfreien Hardcore-Clips angeboten. Auf JapanHDV k\u00f6nnen Sie eine Reihe von Videos ber\u00fchmter japanischer AV-Modelle herunterladen oder streamen. Damit meinen wir nicht erwachsene Vorbilder wie Tanaka, sondern [&hellip;]<\/p>\n","protected":false},"author":1,"featured_media":0,"parent":0,"menu_order":0,"comment_status":"closed","ping_status":"closed","template":"page-star-stil.php","meta":{"footnotes":""},"class_list":["post-7663","page","type-page","status-publish","hentry"],"yoast_head":"<!-- This site is optimized with the Yoast SEO plugin v27.2 - https:\/\/yoast.com\/product\/yoast-seo-wordpress\/ -->\n<title>Japanhdv und Liste der besten Pornoseiten | PornMate<\/title>\n<meta name=\"description\" content=\"JapanHDV.com ist die Nummer eins aller Seiten, wenn es um unzensierte japanische Pornos geht.\" \/>\n<meta name=\"robots\" content=\"index, follow, max-snippet:-1, max-image-preview:large, max-video-preview:-1\" \/>\n<link rel=\"canonical\" href=\"https:\/\/pornmate.com\/de\/japanhdv\" \/>\n<meta property=\"og:locale\" content=\"de_DE\" \/>\n<meta property=\"og:type\" content=\"article\" \/>\n<meta property=\"og:title\" content=\"Japanhdv und Liste der besten Pornoseiten | PornMate\" \/>\n<meta property=\"og:description\" content=\"JapanHDV.com ist die Nummer eins aller Seiten, wenn es um unzensierte japanische Pornos geht.\" \/>\n<meta property=\"og:url\" content=\"https:\/\/pornmate.com\/de\/japanhdv\" \/>\n<meta property=\"og:site_name\" content=\"Besten Pornoseiten - Kostenlose Deutsche Pornos | PornMate.com\" \/>\n<meta property=\"article:modified_time\" content=\"2022-11-23T16:02:51+00:00\" \/>\n<meta name=\"twitter:card\" content=\"summary_large_image\" \/>\n<meta name=\"twitter:label1\" content=\"Gesch\u00e4tzte Lesezeit\" \/>\n\t<meta name=\"twitter:data1\" content=\"1\u00a0Minute\" \/>\n<script type=\"application\/ld+json\" class=\"yoast-schema-graph\">{\"@context\":\"https:\/\/schema.org\",\"@graph\":[{\"@type\":\"WebPage\",\"@id\":\"https:\/\/pornmate.com\/de\/japanhdv\",\"url\":\"https:\/\/pornmate.com\/de\/japanhdv\",\"name\":\"Japanhdv und Liste der besten Pornoseiten | PornMate\",\"isPartOf\":{\"@id\":\"https:\/\/pornmate.com\/de\/#website\"},\"datePublished\":\"2020-03-28T09:08:45+00:00\",\"dateModified\":\"2022-11-23T16:02:51+00:00\",\"description\":\"JapanHDV.com ist die Nummer eins aller Seiten, wenn es um unzensierte japanische Pornos geht.\",\"breadcrumb\":{\"@id\":\"https:\/\/pornmate.com\/de\/japanhdv#breadcrumb\"},\"inLanguage\":\"de\",\"potentialAction\":[{\"@type\":\"ReadAction\",\"target\":[\"https:\/\/pornmate.com\/de\/japanhdv\"]}]},{\"@type\":\"BreadcrumbList\",\"@id\":\"https:\/\/pornmate.com\/de\/japanhdv#breadcrumb\",\"itemListElement\":[{\"@type\":\"ListItem\",\"position\":1,\"name\":\"Startseite\",\"item\":\"https:\/\/pornmate.com\/de\"},{\"@type\":\"ListItem\",\"position\":2,\"name\":\"Japanhdv\"}]},{\"@type\":\"WebSite\",\"@id\":\"https:\/\/pornmate.com\/de\/#website\",\"url\":\"https:\/\/pornmate.com\/de\/\",\"name\":\"Besten Pornoseiten - Kostenlose Deutsche Pornos | PornMate.com\",\"description\":\"Kostenlose Pornos, ist Ihr Combo-Verzeichnis der besten gratis Pornoseiten, die Sie finden k\u00f6nnen, und das fantastische Seitenbewertungen, Kostenlose Deutsche sex Biografien von Pornostars und ihre xxx Freie Porno videos unter einem Dach pr\u00e4sentiert.\",\"publisher\":{\"@id\":\"https:\/\/pornmate.com\/de\/#organization\"},\"potentialAction\":[{\"@type\":\"SearchAction\",\"target\":{\"@type\":\"EntryPoint\",\"urlTemplate\":\"https:\/\/pornmate.com\/de\/?s={search_term_string}\"},\"query-input\":{\"@type\":\"PropertyValueSpecification\",\"valueRequired\":true,\"valueName\":\"search_term_string\"}}],\"inLanguage\":\"de\"},{\"@type\":\"Organization\",\"@id\":\"https:\/\/pornmate.com\/de\/#organization\",\"name\":\"Besten Pornoseiten - Kostenlose Deutsche Pornos | PornMate.com\",\"url\":\"https:\/\/pornmate.com\/de\/\",\"logo\":{\"@type\":\"ImageObject\",\"inLanguage\":\"de\",\"@id\":\"https:\/\/pornmate.com\/de\/#\/schema\/logo\/image\/\",\"url\":\"https:\/\/pornmate.com\/de\/wp-content\/uploads\/2022\/11\/pornmate-1.png\",\"contentUrl\":\"https:\/\/pornmate.com\/de\/wp-content\/uploads\/2022\/11\/pornmate-1.png\",\"width\":203,\"height\":200,\"caption\":\"Besten Pornoseiten - Kostenlose Deutsche Pornos | PornMate.com\"},\"image\":{\"@id\":\"https:\/\/pornmate.com\/de\/#\/schema\/logo\/image\/\"}}]}<\/script>\n<!-- \/ Yoast SEO plugin. -->","yoast_head_json":{"title":"Japanhdv und Liste der besten Pornoseiten | PornMate","description":"JapanHDV.com ist die Nummer eins aller Seiten, wenn es um unzensierte japanische Pornos geht.","robots":{"index":"index","follow":"follow","max-snippet":"max-snippet:-1","max-image-preview":"max-image-preview:large","max-video-preview":"max-video-preview:-1"},"canonical":"https:\/\/pornmate.com\/de\/japanhdv","og_locale":"de_DE","og_type":"article","og_title":"Japanhdv und Liste der besten Pornoseiten | PornMate","og_description":"JapanHDV.com ist die Nummer eins aller Seiten, wenn es um unzensierte japanische Pornos geht.","og_url":"https:\/\/pornmate.com\/de\/japanhdv","og_site_name":"Besten Pornoseiten - Kostenlose Deutsche Pornos | PornMate.com","article_modified_time":"2022-11-23T16:02:51+00:00","twitter_card":"summary_large_image","twitter_misc":{"Gesch\u00e4tzte Lesezeit":"1\u00a0Minute"},"schema":{"@context":"https:\/\/schema.org","@graph":[{"@type":"WebPage","@id":"https:\/\/pornmate.com\/de\/japanhdv","url":"https:\/\/pornmate.com\/de\/japanhdv","name":"Japanhdv und Liste der besten Pornoseiten | PornMate","isPartOf":{"@id":"https:\/\/pornmate.com\/de\/#website"},"datePublished":"2020-03-28T09:08:45+00:00","dateModified":"2022-11-23T16:02:51+00:00","description":"JapanHDV.com ist die Nummer eins aller Seiten, wenn es um unzensierte japanische Pornos geht.","breadcrumb":{"@id":"https:\/\/pornmate.com\/de\/japanhdv#breadcrumb"},"inLanguage":"de","potentialAction":[{"@type":"ReadAction","target":["https:\/\/pornmate.com\/de\/japanhdv"]}]},{"@type":"BreadcrumbList","@id":"https:\/\/pornmate.com\/de\/japanhdv#breadcrumb","itemListElement":[{"@type":"ListItem","position":1,"name":"Startseite","item":"https:\/\/pornmate.com\/de"},{"@type":"ListItem","position":2,"name":"Japanhdv"}]},{"@type":"WebSite","@id":"https:\/\/pornmate.com\/de\/#website","url":"https:\/\/pornmate.com\/de\/","name":"Besten Pornoseiten - Kostenlose Deutsche Pornos | PornMate.com","description":"Kostenlose Pornos, ist Ihr Combo-Verzeichnis der besten gratis Pornoseiten, die Sie finden k\u00f6nnen, und das fantastische Seitenbewertungen, Kostenlose Deutsche sex Biografien von Pornostars und ihre xxx Freie Porno videos unter einem Dach pr\u00e4sentiert.","publisher":{"@id":"https:\/\/pornmate.com\/de\/#organization"},"potentialAction":[{"@type":"SearchAction","target":{"@type":"EntryPoint","urlTemplate":"https:\/\/pornmate.com\/de\/?s={search_term_string}"},"query-input":{"@type":"PropertyValueSpecification","valueRequired":true,"valueName":"search_term_string"}}],"inLanguage":"de"},{"@type":"Organization","@id":"https:\/\/pornmate.com\/de\/#organization","name":"Besten Pornoseiten - Kostenlose Deutsche Pornos | PornMate.com","url":"https:\/\/pornmate.com\/de\/","logo":{"@type":"ImageObject","inLanguage":"de","@id":"https:\/\/pornmate.com\/de\/#\/schema\/logo\/image\/","url":"https:\/\/pornmate.com\/de\/wp-content\/uploads\/2022\/11\/pornmate-1.png","contentUrl":"https:\/\/pornmate.com\/de\/wp-content\/uploads\/2022\/11\/pornmate-1.png","width":203,"height":200,"caption":"Besten Pornoseiten - Kostenlose Deutsche Pornos | PornMate.com"},"image":{"@id":"https:\/\/pornmate.com\/de\/#\/schema\/logo\/image\/"}}]}},"_links":{"self":[{"href":"https:\/\/pornmate.com\/de\/wp-json\/wp\/v2\/pages\/7663","targetHints":{"allow":["GET"]}}],"collection":[{"href":"https:\/\/pornmate.com\/de\/wp-json\/wp\/v2\/pages"}],"about":[{"href":"https:\/\/pornmate.com\/de\/wp-json\/wp\/v2\/types\/page"}],"author":[{"embeddable":true,"href":"https:\/\/pornmate.com\/de\/wp-json\/wp\/v2\/users\/1"}],"replies":[{"embeddable":true,"href":"https:\/\/pornmate.com\/de\/wp-json\/wp\/v2\/comments?post=7663"}],"version-history":[{"count":0,"href":"https:\/\/pornmate.com\/de\/wp-json\/wp\/v2\/pages\/7663\/revisions"}],"wp:attachment":[{"href":"https:\/\/pornmate.com\/de\/wp-json\/wp\/v2\/media?parent=7663"}],"curies":[{"name":"wp","href":"https:\/\/api.w.org\/{rel}","templated":true}]}}