{"id":7665,"date":"2020-03-28T09:11:05","date_gmt":"2020-03-28T09:11:05","guid":{"rendered":"https:\/\/pornmate.com\/?page_id=7665"},"modified":"2022-11-23T17:12:20","modified_gmt":"2022-11-23T16:12:20","slug":"stasyq","status":"publish","type":"page","link":"https:\/\/pornmate.com\/de\/stasyq","title":{"rendered":"Stasyq"},"content":{"rendered":"<p>Wenn es um Premium-Pornoseiten geht, neigt diese dazu, sich durch all die Details und das Produktionsniveau jedes Fotosets zu differenzieren. Jedes Video ist bis zur Perfektion ausgefeilt, von den Models und Bewegungen \u00fcber ihre fesselnde Erscheinung und schw\u00fcle Action bis hin zu erstklassigem Filmemachen. Was die Dekoration anbelangt, so neigen Pornospots dazu, sich aufgrund der Detailkonzentration und des Produktniveaus oder des Fotosets zu trennen. Jedes Videoband ist bis zur Perfektion ausgefeilt, von den Specials und Bewegungen, ihren fesselnden Erscheinungen und Aktionen bis hin zu erstklassigem Filmemachen. Schlie\u00dflich haben sie quasi ihr eigenes Produkt<br \/>\nAuf StasyQ.com hat jedes Modell seinen Namen von der Website In der Tat, auch wenn Sie nicht die beliebten Riley Reid, Jada Stevens, Lisa Ann oder Eva treffen, die Dienstm\u00e4dchen sind genauso hei\u00df. Der Punkt ist mit Fotos und Videos gef\u00fcllt, die Sie auffordern, sich anzumelden und mit vollem Zugriff bezahlt zu werden. Sie k\u00f6nnen auch alles nutzen, was sie haben. Nach den regul\u00e4ren Videos gibt es hinter den Kulissen, begehrte Interviews und neue Models, die nur zum Vorschein kommen. Als Sahneh\u00e4ubchen sind einige ihrer Videos in der virtuellen Realit\u00e4t.<\/p>\n","protected":false},"excerpt":{"rendered":"<p>Wenn es um Premium-Pornoseiten geht, neigt diese dazu, sich durch all die Details und das Produktionsniveau jedes Fotosets zu differenzieren. Jedes Video ist bis zur Perfektion ausgefeilt, von den Models und Bewegungen \u00fcber ihre fesselnde Erscheinung und schw\u00fcle Action bis hin zu erstklassigem Filmemachen. Was die Dekoration anbelangt, so neigen Pornospots dazu, sich aufgrund der [&hellip;]<\/p>\n","protected":false},"author":1,"featured_media":0,"parent":0,"menu_order":0,"comment_status":"closed","ping_status":"closed","template":"page-star-stil.php","meta":{"footnotes":""},"class_list":["post-7665","page","type-page","status-publish","hentry"],"yoast_head":"<!-- This site is optimized with the Yoast SEO plugin v27.2 - https:\/\/yoast.com\/product\/yoast-seo-wordpress\/ -->\n<title>Stasyq und Liste der besten Pornoseiten | PornMate<\/title>\n<meta name=\"description\" content=\"Wenn es um Premium-Pornoseiten geht, neigt diese dazu, sich durch all die Details und das Produktionsniveau jedes Fotosets zu differenzieren.\" \/>\n<meta name=\"robots\" content=\"index, follow, max-snippet:-1, max-image-preview:large, max-video-preview:-1\" \/>\n<link rel=\"canonical\" href=\"https:\/\/pornmate.com\/de\/stasyq\" \/>\n<meta property=\"og:locale\" content=\"de_DE\" \/>\n<meta property=\"og:type\" content=\"article\" \/>\n<meta property=\"og:title\" content=\"Stasyq und Liste der besten Pornoseiten | PornMate\" \/>\n<meta property=\"og:description\" content=\"Wenn es um Premium-Pornoseiten geht, neigt diese dazu, sich durch all die Details und das Produktionsniveau jedes Fotosets zu differenzieren.\" \/>\n<meta property=\"og:url\" content=\"https:\/\/pornmate.com\/de\/stasyq\" \/>\n<meta property=\"og:site_name\" content=\"Besten Pornoseiten - Kostenlose Deutsche Pornos | PornMate.com\" \/>\n<meta property=\"article:modified_time\" content=\"2022-11-23T16:12:20+00:00\" \/>\n<meta name=\"twitter:card\" content=\"summary_large_image\" \/>\n<meta name=\"twitter:label1\" content=\"Gesch\u00e4tzte Lesezeit\" \/>\n\t<meta name=\"twitter:data1\" content=\"2\u00a0Minuten\" \/>\n<script type=\"application\/ld+json\" class=\"yoast-schema-graph\">{\"@context\":\"https:\/\/schema.org\",\"@graph\":[{\"@type\":\"WebPage\",\"@id\":\"https:\/\/pornmate.com\/de\/stasyq\",\"url\":\"https:\/\/pornmate.com\/de\/stasyq\",\"name\":\"Stasyq und Liste der besten Pornoseiten | PornMate\",\"isPartOf\":{\"@id\":\"https:\/\/pornmate.com\/de\/#website\"},\"datePublished\":\"2020-03-28T09:11:05+00:00\",\"dateModified\":\"2022-11-23T16:12:20+00:00\",\"description\":\"Wenn es um Premium-Pornoseiten geht, neigt diese dazu, sich durch all die Details und das Produktionsniveau jedes Fotosets zu differenzieren.\",\"breadcrumb\":{\"@id\":\"https:\/\/pornmate.com\/de\/stasyq#breadcrumb\"},\"inLanguage\":\"de\",\"potentialAction\":[{\"@type\":\"ReadAction\",\"target\":[\"https:\/\/pornmate.com\/de\/stasyq\"]}]},{\"@type\":\"BreadcrumbList\",\"@id\":\"https:\/\/pornmate.com\/de\/stasyq#breadcrumb\",\"itemListElement\":[{\"@type\":\"ListItem\",\"position\":1,\"name\":\"Startseite\",\"item\":\"https:\/\/pornmate.com\/de\"},{\"@type\":\"ListItem\",\"position\":2,\"name\":\"Stasyq\"}]},{\"@type\":\"WebSite\",\"@id\":\"https:\/\/pornmate.com\/de\/#website\",\"url\":\"https:\/\/pornmate.com\/de\/\",\"name\":\"Besten Pornoseiten - Kostenlose Deutsche Pornos | PornMate.com\",\"description\":\"Kostenlose Pornos, ist Ihr Combo-Verzeichnis der besten gratis Pornoseiten, die Sie finden k\u00f6nnen, und das fantastische Seitenbewertungen, Kostenlose Deutsche sex Biografien von Pornostars und ihre xxx Freie Porno videos unter einem Dach pr\u00e4sentiert.\",\"publisher\":{\"@id\":\"https:\/\/pornmate.com\/de\/#organization\"},\"potentialAction\":[{\"@type\":\"SearchAction\",\"target\":{\"@type\":\"EntryPoint\",\"urlTemplate\":\"https:\/\/pornmate.com\/de\/?s={search_term_string}\"},\"query-input\":{\"@type\":\"PropertyValueSpecification\",\"valueRequired\":true,\"valueName\":\"search_term_string\"}}],\"inLanguage\":\"de\"},{\"@type\":\"Organization\",\"@id\":\"https:\/\/pornmate.com\/de\/#organization\",\"name\":\"Besten Pornoseiten - Kostenlose Deutsche Pornos | PornMate.com\",\"url\":\"https:\/\/pornmate.com\/de\/\",\"logo\":{\"@type\":\"ImageObject\",\"inLanguage\":\"de\",\"@id\":\"https:\/\/pornmate.com\/de\/#\/schema\/logo\/image\/\",\"url\":\"https:\/\/pornmate.com\/de\/wp-content\/uploads\/2022\/11\/pornmate-1.png\",\"contentUrl\":\"https:\/\/pornmate.com\/de\/wp-content\/uploads\/2022\/11\/pornmate-1.png\",\"width\":203,\"height\":200,\"caption\":\"Besten Pornoseiten - Kostenlose Deutsche Pornos | PornMate.com\"},\"image\":{\"@id\":\"https:\/\/pornmate.com\/de\/#\/schema\/logo\/image\/\"}}]}<\/script>\n<!-- \/ Yoast SEO plugin. -->","yoast_head_json":{"title":"Stasyq und Liste der besten Pornoseiten | PornMate","description":"Wenn es um Premium-Pornoseiten geht, neigt diese dazu, sich durch all die Details und das Produktionsniveau jedes Fotosets zu differenzieren.","robots":{"index":"index","follow":"follow","max-snippet":"max-snippet:-1","max-image-preview":"max-image-preview:large","max-video-preview":"max-video-preview:-1"},"canonical":"https:\/\/pornmate.com\/de\/stasyq","og_locale":"de_DE","og_type":"article","og_title":"Stasyq und Liste der besten Pornoseiten | PornMate","og_description":"Wenn es um Premium-Pornoseiten geht, neigt diese dazu, sich durch all die Details und das Produktionsniveau jedes Fotosets zu differenzieren.","og_url":"https:\/\/pornmate.com\/de\/stasyq","og_site_name":"Besten Pornoseiten - Kostenlose Deutsche Pornos | PornMate.com","article_modified_time":"2022-11-23T16:12:20+00:00","twitter_card":"summary_large_image","twitter_misc":{"Gesch\u00e4tzte Lesezeit":"2\u00a0Minuten"},"schema":{"@context":"https:\/\/schema.org","@graph":[{"@type":"WebPage","@id":"https:\/\/pornmate.com\/de\/stasyq","url":"https:\/\/pornmate.com\/de\/stasyq","name":"Stasyq und Liste der besten Pornoseiten | PornMate","isPartOf":{"@id":"https:\/\/pornmate.com\/de\/#website"},"datePublished":"2020-03-28T09:11:05+00:00","dateModified":"2022-11-23T16:12:20+00:00","description":"Wenn es um Premium-Pornoseiten geht, neigt diese dazu, sich durch all die Details und das Produktionsniveau jedes Fotosets zu differenzieren.","breadcrumb":{"@id":"https:\/\/pornmate.com\/de\/stasyq#breadcrumb"},"inLanguage":"de","potentialAction":[{"@type":"ReadAction","target":["https:\/\/pornmate.com\/de\/stasyq"]}]},{"@type":"BreadcrumbList","@id":"https:\/\/pornmate.com\/de\/stasyq#breadcrumb","itemListElement":[{"@type":"ListItem","position":1,"name":"Startseite","item":"https:\/\/pornmate.com\/de"},{"@type":"ListItem","position":2,"name":"Stasyq"}]},{"@type":"WebSite","@id":"https:\/\/pornmate.com\/de\/#website","url":"https:\/\/pornmate.com\/de\/","name":"Besten Pornoseiten - Kostenlose Deutsche Pornos | PornMate.com","description":"Kostenlose Pornos, ist Ihr Combo-Verzeichnis der besten gratis Pornoseiten, die Sie finden k\u00f6nnen, und das fantastische Seitenbewertungen, Kostenlose Deutsche sex Biografien von Pornostars und ihre xxx Freie Porno videos unter einem Dach pr\u00e4sentiert.","publisher":{"@id":"https:\/\/pornmate.com\/de\/#organization"},"potentialAction":[{"@type":"SearchAction","target":{"@type":"EntryPoint","urlTemplate":"https:\/\/pornmate.com\/de\/?s={search_term_string}"},"query-input":{"@type":"PropertyValueSpecification","valueRequired":true,"valueName":"search_term_string"}}],"inLanguage":"de"},{"@type":"Organization","@id":"https:\/\/pornmate.com\/de\/#organization","name":"Besten Pornoseiten - Kostenlose Deutsche Pornos | PornMate.com","url":"https:\/\/pornmate.com\/de\/","logo":{"@type":"ImageObject","inLanguage":"de","@id":"https:\/\/pornmate.com\/de\/#\/schema\/logo\/image\/","url":"https:\/\/pornmate.com\/de\/wp-content\/uploads\/2022\/11\/pornmate-1.png","contentUrl":"https:\/\/pornmate.com\/de\/wp-content\/uploads\/2022\/11\/pornmate-1.png","width":203,"height":200,"caption":"Besten Pornoseiten - Kostenlose Deutsche Pornos | PornMate.com"},"image":{"@id":"https:\/\/pornmate.com\/de\/#\/schema\/logo\/image\/"}}]}},"_links":{"self":[{"href":"https:\/\/pornmate.com\/de\/wp-json\/wp\/v2\/pages\/7665","targetHints":{"allow":["GET"]}}],"collection":[{"href":"https:\/\/pornmate.com\/de\/wp-json\/wp\/v2\/pages"}],"about":[{"href":"https:\/\/pornmate.com\/de\/wp-json\/wp\/v2\/types\/page"}],"author":[{"embeddable":true,"href":"https:\/\/pornmate.com\/de\/wp-json\/wp\/v2\/users\/1"}],"replies":[{"embeddable":true,"href":"https:\/\/pornmate.com\/de\/wp-json\/wp\/v2\/comments?post=7665"}],"version-history":[{"count":0,"href":"https:\/\/pornmate.com\/de\/wp-json\/wp\/v2\/pages\/7665\/revisions"}],"wp:attachment":[{"href":"https:\/\/pornmate.com\/de\/wp-json\/wp\/v2\/media?parent=7665"}],"curies":[{"name":"wp","href":"https:\/\/api.w.org\/{rel}","templated":true}]}}